{"id":3744,"date":"2025-09-12T08:53:20","date_gmt":"2025-09-12T11:53:20","guid":{"rendered":"http:\/\/150.164.63.212:9000\/portal-novo-test\/?page_id=3744"},"modified":"2025-10-31T10:16:16","modified_gmt":"2025-10-31T13:16:16","slug":"graduacao","status":"publish","type":"page","link":"http:\/\/150.164.63.212:9000\/portal-novo-test\/cursos\/estude-na-ufmg\/graduacao\/","title":{"rendered":"Gradua\u00e7\u00e3o"},"content":{"rendered":"\n<p>A UFMG oferta <a href=\"http:\/\/150.164.63.212:9000\/portal-novo-test\/cursos\/\" target=\"_blank\" rel=\"noreferrer noopener\">97 cursos de gradua\u00e7\u00e3o<\/a> em diversas \u00e1reas do conhecimento e oferece um dos melhores ensinos de gradua\u00e7\u00e3o do pa\u00eds, que visa conferir uma forma\u00e7\u00e3o acad\u00eamico profissional com s\u00f3lida fundamenta\u00e7\u00e3o cient\u00edfica, tecnol\u00f3gica, art\u00edstica e human\u00edstica, de forma a proporcionar aos estudantes autonomia intelectual, capacidade cr\u00edtica e de aprendizagem continuada, fornecendo-lhes a base para o desenvolvimento de uma atua\u00e7\u00e3o \u00e9tica, em conson\u00e2ncia com as necessidades da sociedade.<\/p>\n\n\n\n<div class=\"wp-block-ufmg-cards grid grid-cols-1 lg:grid-cols-cards gap-8\">\n\t<div class=\"flex flex-col gap-6 p-6 md:py-8 border border-neutral-200 rounded-lg\">\n\n\t\t\t\t\t<h2 class=\"pl-2 border-l-2 border-l-primary-400 text-neutral-600 text-xl md:text-2xl font-semibold\">\n\t\t\t\tCursos\t\t\t<\/h2>\n\t\t\n\t\t\t\t\t<p class=\"flex-1 text-base md:text-lg text-neutral-500\">\n\t\t\t\tDescubra todos os cursos que a UFMG oferece.\t\t\t<\/p>\n\t\t\n\t\t\t\t\t<a href=\"http:\/\/150.164.63.212:9000\/portal-novo-test\/cursos\/\" target=\"_blank\" rel=\"noopener noreferrer\"\t\t\t\tclass=\"w-fit ml-auto flex items-center gap-4 text-primary-300 font-lexend font-medium text-base md:text-lg\">\n\t\t\t\tAcesse aqui\t\t\t\t<i class=\"ti ti-chevron-right text-[1rem] md:text-[1.25rem]\"><\/i>\n\t\t\t<\/a>\n\t\t\t<\/div>\n\n\n\n\t<div class=\"flex flex-col gap-6 p-6 md:py-8 border border-neutral-200 rounded-lg\">\n\n\t\t\t\t\t<h2 class=\"pl-2 border-l-2 border-l-primary-400 text-neutral-600 text-xl md:text-2xl font-semibold\">\n\t\t\t\tFormas de ingresso\t\t\t<\/h2>\n\t\t\n\t\t\t\t\t<p class=\"flex-1 text-base md:text-lg text-neutral-500\">\n\t\t\t\tConhe\u00e7a as diferentes formas de ingresso nos cursos de gradua\u00e7\u00e3o da UFMG.\t\t\t<\/p>\n\t\t\n\t\t\t\t\t<a href=\"http:\/\/150.164.63.212:9000\/portal-novo-test\/?page_id=2989&amp;preview=true\" target=\"_blank\" rel=\"noopener noreferrer\"\t\t\t\tclass=\"w-fit ml-auto flex items-center gap-4 text-primary-300 font-lexend font-medium text-base md:text-lg\">\n\t\t\t\tAcesse aqui\t\t\t\t<i class=\"ti ti-chevron-right text-[1rem] md:text-[1.25rem]\"><\/i>\n\t\t\t<\/a>\n\t\t\t<\/div>\n<\/div>\n\n\n\n<h2 class=\"wp-block-heading\">Tipos de gradua\u00e7\u00e3o<\/h2>\n\n\n\n<p>A gradua\u00e7\u00e3o \u00e9 um tipo de curso superior que proporciona diplomas nesse grau. Para ingressar na gradua\u00e7\u00e3o \u00e9 necess\u00e1rio ter conclu\u00eddo o ensino m\u00e9dio ou equivalente e <a href=\"http:\/\/150.164.63.212:9000\/portal-novo-test\/cursos\/formas-de-ingresso\/ingresso-em-graduacao\/\" target=\"_blank\" rel=\"noreferrer noopener\">ser classificado em processo seletivo<\/a>. A gradua\u00e7\u00e3o da UFMG oferece cursos de bacharelado, licenciatura e tecnol\u00f3gico.<\/p>\n\n\n\n<h3 class=\"wp-block-heading\">Bacharelado<\/h3>\n\n\n\n<p>Os cursos de bacharelado s\u00e3o generalistas, de forma\u00e7\u00e3o cient\u00edfica ou human\u00edstica, e conferem ao diplomado as compet\u00eancias necess\u00e1rias para o exerc\u00edcio de atividade profissional, acad\u00eamica ou cultural. Na maior parte dos cursos de bacharelado, \u00e9 expedido o t\u00edtulo de bacharel.<\/p>\n\n\n\n<h3 class=\"wp-block-heading\">Licenciatura<\/h3>\n\n\n\n<p>As licenciaturas habilitam para o exerc\u00edcio da doc\u00eancia em educa\u00e7\u00e3o b\u00e1sica \u2013 da educa\u00e7\u00e3o infantil ao ensino m\u00e9dio. Todos os cursos de licenciatura, nas diferentes \u00e1reas do conhecimento, s\u00e3o considerados cursos de forma\u00e7\u00e3o de professores e profissionais da educa\u00e7\u00e3o para o exerc\u00edcio do magist\u00e9rio, com o grau de licenciado.<\/p>\n\n\n\n<h3 class=\"wp-block-heading\">Tecnol\u00f3gico<\/h3>\n\n\n\n<p>Os cursos tecnol\u00f3gicos oferecem forma\u00e7\u00e3o especializada em \u00e1reas cient\u00edficas e tecnol\u00f3gicas, que conferem ao diplomado compet\u00eancias para atuar em \u00e1reas profissionais espec\u00edficas, caracterizadas por eixos tecnol\u00f3gicos, com o grau de tecn\u00f3logo.<\/p>\n\n\n\n<h2 class=\"wp-block-heading\">Estruturas formativas<\/h2>\n\n\n\n<p>A gradua\u00e7\u00e3o da UFMG articula a investiga\u00e7\u00e3o cient\u00edfica, tecnol\u00f3gica, art\u00edstica e cultural; a intera\u00e7\u00e3o com a realidade social, econ\u00f4mica, cultural e ambiental do pa\u00eds e do mundo; a atualiza\u00e7\u00e3o constante nas \u00e1reas de conhecimento, e a flexibilidade curricular e integra\u00e7\u00e3o entre os diversos cursos. <\/p>\n\n\n\n<h3 class=\"wp-block-heading\">Tronco comum<\/h3>\n\n\n\n<p>Estruturas articuladas em torno de eixos tem\u00e1ticos comuns a cursos de determinado campo do conhecimento, que objetivam propiciar ambientes compartilhados de forma\u00e7\u00e3o de estudantes, provendo atividades acad\u00eamicas curriculares que sejam comuns ou que prevejam atua\u00e7\u00e3o conjunta.<\/p>\n\n\n\n<h3 class=\"wp-block-heading\">Forma\u00e7\u00e3o complementar<\/h3>\n\n\n\n<p>Estruturas dispon\u00edveis para estudantes de cursos diversos, articuladas em torno de eixos tem\u00e1ticos, que propiciem a aquisi\u00e7\u00e3o de conhecimentos, habilidades e atitudes que caracterizem a constitui\u00e7\u00e3o de um campo de compet\u00eancias, devendo ter um projeto e uma estrutura curricular, com regras de integraliza\u00e7\u00e3o pr\u00f3prias.<\/p>\n\n\n\n<h3 class=\"wp-block-heading\">Forma\u00e7\u00e3o transversal<\/h3>\n\n\n\n<p>S\u00e3o estruturas formativas de forma\u00e7\u00e3o complementar organizadas em torno de grandes tem\u00e1ticas, que oportunizam o aprofundamento dos estudos em uma perspectiva cr\u00edtica e multifacetada, envolvendo diversos campos do saber. Ao curs\u00e1-las, os estudantes podem participar de atividades oferecidas por professores de diferentes <a href=\"http:\/\/150.164.63.212:9000\/portal-novo-test\/?page_id=3737&amp;preview=true\" target=\"_blank\" rel=\"noreferrer noopener\">Unidades Acad\u00eamicas da Universidade<\/a>, que trabalham com perspectivas diversificadas e, ao mesmo tempo, convergentes em rela\u00e7\u00e3o \u00e0 tem\u00e1tica da Forma\u00e7\u00e3o.<\/p>\n\n\n\n<p>Mais informa\u00e7\u00f5es sobre as estruturas formativas e os cursos de gradua\u00e7\u00e3o da UFMG podem ser encontradas no site da <a href=\"https:\/\/www.ufmg.br\/prograd\/\" target=\"_blank\" rel=\"noreferrer noopener\">Pr\u00f3-reitoria de Gradua\u00e7\u00e3o<\/a> (Prograd).<\/p>\n\n\n\n<h2 class=\"wp-block-heading\">A pesquisa na gradua\u00e7\u00e3o<\/h2>\n\n\n\n<p>Na UFMG, pesquisa \u00e9 sin\u00f4nimo de excel\u00eancia. O primeiro contato do graduando com a pesquisa \u00e9 atrav\u00e9s da Inicia\u00e7\u00e3o Cient\u00edfica (IC), em que \u00e9 ensinado, na pr\u00e1tica, o procedimento cient\u00edfico em suas t\u00e9cnicas, organiza\u00e7\u00e3o e m\u00e9todos. As atividades de inicia\u00e7\u00e3o cient\u00edfica fazem parte do curr\u00edculo e podem ser realizadas desde o primeiro per\u00edodo do curso, como bolsista ou volunt\u00e1rio. <\/p>\n\n\n\n<p>A UFMG possui grupos de pesquisa, <a href=\"https:\/\/www.ufmg.br\/prpq\/institutos-nacionais-de-ciencia-e-tecnologia-inct\/\" target=\"_blank\" rel=\"noreferrer noopener\">Institutos Nacionais de Ci\u00eancia e Tecnologia<\/a> (INCTs) e <a href=\"https:\/\/www.ufmg.br\/prpq\/i2pq\/\" target=\"_blank\" rel=\"noreferrer noopener\">Infraestruturas Institucionais de Pesquisa<\/a> (I2Pq) que possibilitam a realiza\u00e7\u00e3o de atividades de pesquisa art\u00edstica, cient\u00edfica e tecnol\u00f3gica. <\/p>\n\n\n\n<p>Mais informa\u00e7\u00f5es sobre a pesquisa na UFMG podem ser encontradas no site da <a href=\"https:\/\/www.ufmg.br\/prpq\/\" target=\"_blank\" rel=\"noreferrer noopener\">Pr\u00f3-reitoria de Pesquisa<\/a> (PRPq).<\/p>\n\n\n\n<h2 class=\"wp-block-heading\">Mobilidade Acad\u00eamica (Interc\u00e2mbio)<\/h2>\n\n\n\n<p>A UFMG possui v\u00e1rios programas e <a href=\"https:\/\/www.ufmg.br\/dri\/redes-de-cooperacao\/\" target=\"_blank\" rel=\"noreferrer noopener\">redes de coopera\u00e7\u00e3o<\/a> que possibilitam que o estudante realize parte de seus estudos ou pesquisas em institui\u00e7\u00f5es parceiras, tanto no Brasil quanto no exterior. As informa\u00e7\u00f5es sobre&nbsp;<strong>mobilidade<\/strong>&nbsp;<strong>internacional<\/strong>, como os programas existentes, o edital unificado para o processo de sele\u00e7\u00e3o, dentre outras, podem ser encontradas no site da <a href=\"https:\/\/www.ufmg.br\/dri\/graduacao\/\" target=\"_blank\" rel=\"noreferrer noopener\">Diretoria de Rela\u00e7\u00f5es Internacionais<\/a> (DRI). J\u00e1 as informa\u00e7\u00f5es sobre&nbsp;<strong>mobilidade nacional<\/strong> podem ser encontradas no site da <a href=\"https:\/\/www.ufmg.br\/prograd\/mobilidade-academica\/\" target=\"_blank\" rel=\"noreferrer noopener\">Pr\u00f3-reitoria de Gradua\u00e7\u00e3o<\/a> (Prograd).<\/p>\n\n\n\n<h2 class=\"wp-block-heading\">Bolsas e est\u00e1gios<\/h2>\n\n\n\n<h3 class=\"wp-block-heading\">Est\u00e1gios<\/h3>\n\n\n\n<p>Os discentes de gradua\u00e7\u00e3o podem realizar <a href=\"https:\/\/www.ufmg.br\/prograd\/estagio-2\/\" target=\"_blank\" rel=\"noreferrer noopener\">est\u00e1gios<\/a> durante sua forma\u00e7\u00e3o acad\u00eamica, conforme consta na <a href=\"https:\/\/www.planalto.gov.br\/ccivil_03\/_ato2007-2010\/2008\/lei\/l11788.htm\" target=\"_blank\" rel=\"noreferrer noopener\">Lei 11.788\/08<\/a>; para isso, \u00e9 necess\u00e1rio que o estudante esteja devidamente matriculado no curso \u00a0e cumpra os crit\u00e9rios estabelecidos pelas normas do seu curso. Alguns cursos, como as licenciaturas, possuem est\u00e1gios obrigat\u00f3rios, o que deve constar no <a href=\"https:\/\/www.ufmg.br\/prograd\/projetos-pedagogicos-e-regulamentos\/\" target=\"_blank\" rel=\"noreferrer noopener\">Projeto Pedag\u00f3gico<\/a> do curso.<\/p>\n\n\n\n<h3 class=\"wp-block-heading\">Bolsas<\/h3>\n\n\n\n<p>H\u00e1 a possibilidade, tamb\u00e9m, do discente ser bolsista de projetos e programas de ensino, pesquisa e extens\u00e3o. Os bolsistas s\u00e3o escolhidos mediante processos seletivos concebidos para valorizar o percurso e o desempenho acad\u00eamico dos candidatos.<\/p>\n\n\n\n<h3 class=\"wp-block-heading\">Sistema Perfil UFMG<\/h3>\n\n\n\n<p>\u00c9 uma rede de oportunidades para alunos e ex-alunos de gradua\u00e7\u00e3o e p\u00f3s-gradua\u00e7\u00e3o da UFMG. Por meio do cadastro de sua forma\u00e7\u00e3o acad\u00eamica e profissional, o servi\u00e7o permite que se candidatem a oportunidades de trabalho em organiza\u00e7\u00f5es do terceiro setor e de a\u00e7\u00e3o social, empresas e institui\u00e7\u00f5es p\u00fablicas \u2500 que tamb\u00e9m devem ter o registro no sistema. As oportunidades s\u00e3o para est\u00e1gio, bolsas, emprego, presta\u00e7\u00e3o de servi\u00e7os, trainee e trabalho volunt\u00e1rio.&nbsp;Acesse o <a href=\"https:\/\/sistemas.ufmg.br\/perfil\/home.faces\" target=\"_blank\" rel=\"noreferrer noopener\">Perfil UFMG<\/a>.<\/p>\n\n\n\n<h2 class=\"wp-block-heading\">Saiba mais<\/h2>\n\n\n<?xml encoding=\"utf-8\"?><ul class=\"wp-block-ufmg-hub-links [&amp;&gt;li_a]:flex [&amp;&gt;li_a]:items-center [&amp;&gt;li_a]:justify-between [&amp;&gt;li_a]:bg-neutral-50 [&amp;&gt;li_a]:px-4 [&amp;&gt;li_a]:py-3 md:[&amp;&gt;li_a]:py-5 [&amp;&gt;li_a]:border-b [&amp;&gt;li_a]:border-b-neutral-200 [&amp;&gt;li_a]:text-primary-300 [&amp;&gt;li_a]:text-base md:[&amp;&gt;li_a]:text-lg [&amp;&gt;li_a]:font-lexend [&amp;&gt;li_a]:font-medium [&amp;&gt;li_a]:transition-colors [&amp;&gt;li_a&gt;i]:text-[1rem] md:[&amp;&gt;li_a&gt;i]:text-[1.5rem] hover:[&amp;&gt;li_a]:bg-neutral-100 hover:[&amp;&gt;li_a]:border-b-primary-300\"><li class=\" wp-block-navigation-item wp-block-navigation-link\"><a class=\"wp-block-navigation-item__content\" href=\"http:\/\/150.164.63.212:9000\/portal-novo-test\/?page_id=3648&amp;preview=true\" target=\"_blank\"><span class=\"wp-block-navigation-item__label\">Assist&ecirc;ncia Estudantil<\/span><i class=\"ti ti-chevron-right\"><\/i><\/a><\/li>\n\n<li class=\" wp-block-navigation-item wp-block-navigation-link\"><a class=\"wp-block-navigation-item__content\" href=\"http:\/\/150.164.63.212:9000\/portal-novo-test\/a-universidade\/calendario-escolar\/\" target=\"_blank\"><span class=\"wp-block-navigation-item__label\">Calend&aacute;rio Escolar<\/span><i class=\"ti ti-chevron-right\"><\/i><\/a><\/li>\n\n<li class=\" wp-block-navigation-item wp-block-navigation-link\"><a class=\"wp-block-navigation-item__content\" href=\"http:\/\/150.164.63.212:9000\/portal-novo-test\/a-universidade\/indice\/\" target=\"_blank\"><span class=\"wp-block-navigation-item__label\">&Iacute;ndice A a Z<\/span><i class=\"ti ti-chevron-right\"><\/i><\/a><\/li>\n\n<li class=\" wp-block-navigation-item wp-block-navigation-link\"><a class=\"wp-block-navigation-item__content\" href=\"http:\/\/150.164.63.212:9000\/portal-novo-test\/a-universidade\/informacoes-por-publicos\/informacoes-para-estudantes\/\" target=\"_blank\"><span class=\"wp-block-navigation-item__label\">Informa&ccedil;&otilde;es para Estudantes<\/span><i class=\"ti ti-chevron-right\"><\/i><\/a><\/li>\n\n<li class=\" wp-block-navigation-item wp-block-navigation-link\"><a class=\"wp-block-navigation-item__content\" href=\"https:\/\/www.ufmg.br\/prograd\/normas-gerais-de-graduacao-e-resolucoes\/\" target=\"_blank\"><span class=\"wp-block-navigation-item__label\">Normas Gerais da Gradua&ccedil;&atilde;o<\/span><i class=\"ti ti-chevron-right\"><\/i><\/a><\/li>\n\n<li class=\" wp-block-navigation-item wp-block-navigation-link\"><a class=\"wp-block-navigation-item__content\" href=\"https:\/\/www.ufmg.br\/prograd\/\" target=\"_blank\"><span class=\"wp-block-navigation-item__label\">Pr&oacute;-reitoria de Gradua&ccedil;&atilde;o (Prograd)<\/span><i class=\"ti ti-chevron-right\"><\/i><\/a><\/li>\n\n<li class=\" wp-block-navigation-item wp-block-navigation-link\"><a class=\"wp-block-navigation-item__content\" href=\"http:\/\/150.164.63.212:9000\/portal-novo-test\/vida-academica\/\" target=\"_blank\"><span class=\"wp-block-navigation-item__label\">Vida Acad&ecirc;mica<\/span><i class=\"ti ti-chevron-right\"><\/i><\/a><\/li><\/ul>\n\n\n<?xml encoding=\"utf-8\"?><ul class=\"wp-block-ufmg-hub-links [&amp;&gt;li_a]:flex [&amp;&gt;li_a]:items-center [&amp;&gt;li_a]:justify-between [&amp;&gt;li_a]:bg-neutral-50 [&amp;&gt;li_a]:px-4 [&amp;&gt;li_a]:py-3 md:[&amp;&gt;li_a]:py-5 [&amp;&gt;li_a]:border-b [&amp;&gt;li_a]:border-b-neutral-200 [&amp;&gt;li_a]:text-primary-300 [&amp;&gt;li_a]:text-base md:[&amp;&gt;li_a]:text-lg [&amp;&gt;li_a]:font-lexend [&amp;&gt;li_a]:font-medium [&amp;&gt;li_a]:transition-colors [&amp;&gt;li_a&gt;i]:text-[1rem] md:[&amp;&gt;li_a&gt;i]:text-[1.5rem] hover:[&amp;&gt;li_a]:bg-neutral-100 hover:[&amp;&gt;li_a]:border-b-primary-300\"><\/ul>\n\n\n\n<p><\/p>\n","protected":false},"excerpt":{"rendered":"<p>A UFMG oferta 97 cursos de gradua\u00e7\u00e3o em diversas \u00e1reas do conhecimento e oferece um dos melhores ensinos de gradua\u00e7\u00e3o do pa\u00eds, que visa conferir uma forma\u00e7\u00e3o acad\u00eamico profissional com s\u00f3lida fundamenta\u00e7\u00e3o cient\u00edfica, tecnol\u00f3gica, art\u00edstica e human\u00edstica, de forma a proporcionar aos estudantes autonomia intelectual, capacidade cr\u00edtica e de aprendizagem continuada, fornecendo-lhes a base para [&hellip;]<\/p>\n","protected":false},"author":1,"featured_media":0,"parent":6756,"menu_order":0,"comment_status":"closed","ping_status":"closed","template":"","meta":{"_acf_changed":false,"footnotes":""},"class_list":["post-3744","page","type-page","status-publish","hentry"],"acf":[],"_links":{"self":[{"href":"http:\/\/150.164.63.212:9000\/portal-novo-test\/wp-json\/wp\/v2\/pages\/3744","targetHints":{"allow":["GET"]}}],"collection":[{"href":"http:\/\/150.164.63.212:9000\/portal-novo-test\/wp-json\/wp\/v2\/pages"}],"about":[{"href":"http:\/\/150.164.63.212:9000\/portal-novo-test\/wp-json\/wp\/v2\/types\/page"}],"author":[{"embeddable":true,"href":"http:\/\/150.164.63.212:9000\/portal-novo-test\/wp-json\/wp\/v2\/users\/1"}],"replies":[{"embeddable":true,"href":"http:\/\/150.164.63.212:9000\/portal-novo-test\/wp-json\/wp\/v2\/comments?post=3744"}],"version-history":[{"count":0,"href":"http:\/\/150.164.63.212:9000\/portal-novo-test\/wp-json\/wp\/v2\/pages\/3744\/revisions"}],"up":[{"embeddable":true,"href":"http:\/\/150.164.63.212:9000\/portal-novo-test\/wp-json\/wp\/v2\/pages\/6756"}],"wp:attachment":[{"href":"http:\/\/150.164.63.212:9000\/portal-novo-test\/wp-json\/wp\/v2\/media?parent=3744"}],"curies":[{"name":"wp","href":"https:\/\/api.w.org\/{rel}","templated":true}]}}