{"id":3746,"date":"2025-09-12T08:53:34","date_gmt":"2025-09-12T11:53:34","guid":{"rendered":"http:\/\/150.164.63.212:9000\/portal-novo-test\/?page_id=3746"},"modified":"2025-10-31T10:19:34","modified_gmt":"2025-10-31T13:19:34","slug":"pos-graduacao","status":"publish","type":"page","link":"http:\/\/150.164.63.212:9000\/portal-novo-test\/cursos\/estude-na-ufmg\/pos-graduacao\/","title":{"rendered":"P\u00f3s-gradua\u00e7\u00e3o"},"content":{"rendered":"\n<p>A UFMG oferece programas de p\u00f3s-gradua\u00e7\u00e3o de excel\u00eancia em todas as \u00e1reas do conhecimento, com oportunidades de desenvolvimento acad\u00eamico e profissional. As informa\u00e7\u00f5es sobre cada programa podem ser encotradas em seus respectivos sites e no site da <a href=\"https:\/\/www.ufmg.br\/prpg\/\" target=\"_blank\" rel=\"noreferrer noopener\">Pr\u00f3-reitoria de P\u00f3s-gradua\u00e7\u00e3o<\/a> (PRPG). <\/p>\n\n\n<?xml encoding=\"utf-8\"?><ul class=\"wp-block-ufmg-hub-links [&amp;&gt;li_a]:flex [&amp;&gt;li_a]:items-center [&amp;&gt;li_a]:justify-between [&amp;&gt;li_a]:bg-neutral-50 [&amp;&gt;li_a]:px-4 [&amp;&gt;li_a]:py-3 md:[&amp;&gt;li_a]:py-5 [&amp;&gt;li_a]:border-b [&amp;&gt;li_a]:border-b-neutral-200 [&amp;&gt;li_a]:text-primary-300 [&amp;&gt;li_a]:text-base md:[&amp;&gt;li_a]:text-lg [&amp;&gt;li_a]:font-lexend [&amp;&gt;li_a]:font-medium [&amp;&gt;li_a]:transition-colors [&amp;&gt;li_a&gt;i]:text-[1rem] md:[&amp;&gt;li_a&gt;i]:text-[1.5rem] hover:[&amp;&gt;li_a]:bg-neutral-100 hover:[&amp;&gt;li_a]:border-b-primary-300\"><li class=\" wp-block-navigation-item wp-block-navigation-link\"><a class=\"wp-block-navigation-item__content\" href=\"https:\/\/www.ufmg.br\/prpg\/mestrado-doutorado\/\" target=\"_blank\"><span class=\"wp-block-navigation-item__label\">Programas de Mestrado\/Doutorado<\/span><i class=\"ti ti-chevron-right\"><\/i><\/a><\/li>\n\n<li class=\" wp-block-navigation-item wp-block-navigation-link\"><a class=\"wp-block-navigation-item__content\" href=\"https:\/\/www.ufmg.br\/prpg\/especializacao\/\" target=\"_blank\"><span class=\"wp-block-navigation-item__label\">Programas de Especializa&ccedil;&atilde;o<\/span><i class=\"ti ti-chevron-right\"><\/i><\/a><\/li><\/ul>\n\n\n\n<h2 class=\"wp-block-heading\">P\u00f3s-gradua\u00e7\u00e3o <em>stricto sensu<\/em><\/h2>\n\n\n\n<p>A p\u00f3s-gradua\u00e7\u00e3o <em>stricto sensu<\/em>, ou &#8220;sentido estrito&#8221;, em portugu\u00eas, compreende os cursos de educa\u00e7\u00e3o superior que abrangem os programas de mestrado e doutorado acad\u00eamico ou profissional. Est\u00e3o sob a gest\u00e3o, avalia\u00e7\u00e3o e reconhecimento da <a href=\"https:\/\/www.gov.br\/capes\/pt-br\" target=\"_blank\" rel=\"noreferrer noopener\">Coordena\u00e7\u00e3o de Aperfei\u00e7oamento de Pessoal de N\u00edvel Superior<\/a> (CAPES).<\/p>\n\n\n\n<h3 class=\"wp-block-heading\">Mestrado\/Doutorado Acad\u00eamico<\/h3>\n\n\n\n<p>O mestrado e o doutorado acad\u00eamico visam, primordialmente, o preparo de profissionais para atua\u00e7\u00e3o na doc\u00eancia superior e na pesquisa acad\u00eamica.<\/p>\n\n\n\n<h3 class=\"wp-block-heading\">Mestrado Profissional<\/h3>\n\n\n\n<p>O mestrado e o doutorado profissional s\u00e3o voltados \u00e0 capacita\u00e7\u00e3o de profissionais nas diversas \u00e1reas do conhecimento, mediante o estudo de t\u00e9cnicas, processos ou tem\u00e1ticas que atendam a alguma demanda do mercado de trabalho.<\/p>\n\n\n\n<h2 class=\"wp-block-heading\">P\u00f3s-gradua\u00e7\u00e3o <em>lato sensu<\/em><\/h2>\n\n\n\n<p>Os cursos de p\u00f3s-gradua\u00e7\u00e3o <em>lato sensu<\/em>, ou &#8220;sentido amplo&#8221;, em portugu\u00eas, s\u00e3o especializa\u00e7\u00f5es abertas a candidatos diplomados em cursos de gradua\u00e7\u00e3o e que atendam \u00e0s exig\u00eancias das institui\u00e7\u00f5es de ensino, observada a carga hor\u00e1ria m\u00ednima e requisitos fixados nas normas pr\u00f3prias.<\/p>\n\n\n\n<h3 class=\"wp-block-heading\">Resid\u00eancia m\u00e9dica, Multiprofissional ou em \u00c1rea da Sa\u00fade<\/h3>\n\n\n\n<p>A<strong> resid\u00eancia m\u00e9dica<\/strong> \u00e9 uma modalidade de p\u00f3s-gradua\u00e7\u00e3o <em>latu sensu<\/em>, dedicada \u00e0 especializa\u00e7\u00e3o na \u00e1rea m\u00e9dica, caracterizada como treinamento em servi\u00e7o. Os programas s\u00e3o mantidos e registrados em sistemas pr\u00f3prios.<br>A <strong>resid\u00eancia multiprofissional em \u00e1rea de sa\u00fade <\/strong>\u00e9 uma modalidade de p\u00f3s-gradua\u00e7\u00e3o <em>lato sensu<\/em> sob forma de curso de especializa\u00e7\u00e3o, caracterizada por ensino em servi\u00e7o, de responsabilidade conjunta dos setores da educa\u00e7\u00e3o e da sa\u00fade. Essa modalidade \u00e9 destinada \u00e0s categorias profissionais que integram a \u00e1rea de sa\u00fade, salvo a \u00e1rea m\u00e9dica, em regime de dedica\u00e7\u00e3o exclusiva.<\/p>\n\n\n\n<p>Mais informa\u00e7\u00f5es sobre essas modalidades de ensino podem ser acessadas no site da <a href=\"https:\/\/www.ufmg.br\/prorh\/residencia\/\" target=\"_blank\" rel=\"noreferrer noopener\">Pr\u00f3-reitoria de Recursos Humanos<\/a> (PRORH).<\/p>\n\n\n\n<h3 class=\"wp-block-heading\">Especializa\u00e7\u00e3o a Dist\u00e2ncia<\/h3>\n\n\n\n<p>Na UFMG, atrav\u00e9s da <a href=\"https:\/\/www.ufmg.br\/dedd\/\" target=\"_blank\" rel=\"noreferrer noopener\">Diretoria de Educa\u00e7\u00e3o a Dist\u00e2ncia e Educa\u00e7\u00e3o Digital<\/a> (DEDD), s\u00e3o ofertados cursos de especializa\u00e7\u00e3o <em>lato sensu<\/em> semipresenciais, com o objetivo complementar a forma\u00e7\u00e3o acad\u00eamica, atualizar, incorporar compet\u00eancias t\u00e9cnicas e contribuir para o desenvolvimento profissional do aluno. Mais informa\u00e7\u00f5es podem ser acessadas <a href=\"https:\/\/www.ufmg.br\/dedd\/especializacao\/\" target=\"_blank\" rel=\"noreferrer noopener\">na p\u00e1gina da DEDD<\/a>.<\/p>\n\n\n\n<h2 class=\"wp-block-heading\">Bolsas de p\u00f3s-gradua\u00e7\u00e3o<\/h2>\n\n\n\n<p>A distribui\u00e7\u00e3o de bolsas de estudo \u00e9 responsabilidade dos <a href=\"https:\/\/www.ufmg.br\/prpg\/mestrado-doutorado\/\" target=\"_blank\" rel=\"noreferrer noopener\">programas de p\u00f3s-gradua\u00e7\u00e3o<\/a>. Al\u00e9m disso, a Pr\u00f3-reitoria de P\u00f3s-Gradua\u00e7\u00e3o (PRPG) \u00e9 respons\u00e1vel por publicar <a href=\"https:\/\/www.ufmg.br\/prpg\/chamadas-prpg\/\" target=\"_blank\" rel=\"noreferrer noopener\">chamadas internas<\/a> destinadas \u00e0 concess\u00e3o de bolsas. Mais informa\u00e7\u00f5es sobre as bolsas de p\u00f3s-gradua\u00e7\u00e3o podem ser encontradas na <a href=\"https:\/\/www.ufmg.br\/prpg\/bolsas\/\" target=\"_blank\" rel=\"noreferrer noopener\">p\u00e1gina da Pr\u00f3-reitoria de P\u00f3s-gradua\u00e7\u00e3o<\/a> (PRPG).<\/p>\n\n\n\n<h2 class=\"wp-block-heading\">Mobilidade Acad\u00eamica (Interc\u00e2mbio)<\/h2>\n\n\n\n<p>Os programas de mobilidade acad\u00eamica da UFMG s\u00e3o coordenados pela <a href=\"https:\/\/www.ufmg.br\/dri\/\" target=\"_blank\" rel=\"noreferrer noopener\">Diretoria de Rela\u00e7\u00f5es Internacionais<\/a> (DRI) e possibilitam aos alunos da Institui\u00e7\u00e3o, por meio de interc\u00e2mbio nacional e internacional, a troca de experi\u00eancias acad\u00eamicas, favorecendo seu enriquecimento cultural e cient\u00edfico.&nbsp;Os programas de mobilidade acad\u00eamica para a p\u00f3s-gradua\u00e7\u00e3o podem ser acessados na <a href=\"https:\/\/www.ufmg.br\/dri\/pos-graduacao\/\" target=\"_blank\" rel=\"noreferrer noopener\">p\u00e1gina da DRI<\/a>.<\/p>\n\n\n\n<div class=\"wp-block-ufmg-cards grid grid-cols-1 lg:grid-cols-cards gap-8\">\n\t<div class=\"flex flex-col gap-6 p-6 md:py-8 border border-neutral-200 rounded-lg\">\n\n\t\t\t\t\t<h2 class=\"pl-2 border-l-2 border-l-primary-400 text-neutral-600 text-xl md:text-2xl font-semibold\">\n\t\t\t\tIngresso em p\u00f3s-gradua\u00e7\u00e3o\t\t\t<\/h2>\n\t\t\n\t\t\t\t\t<p class=\"flex-1 text-base md:text-lg text-neutral-500\">\n\t\t\t\tDescubra as formas de ingresso nos programas de p\u00f3s-gradua\u00e7\u00e3o da UFMG.\t\t\t<\/p>\n\t\t\n\t\t\t\t\t<a href=\"http:\/\/150.164.63.212:9000\/portal-novo-test\/ingresso-em-pos-graduacao\/\" target=\"_blank\" rel=\"noopener noreferrer\"\t\t\t\tclass=\"w-fit ml-auto flex items-center gap-4 text-primary-300 font-lexend font-medium text-base md:text-lg\">\n\t\t\t\tAcesse aqui\t\t\t\t<i class=\"ti ti-chevron-right text-[1rem] md:text-[1.25rem]\"><\/i>\n\t\t\t<\/a>\n\t\t\t<\/div>\n<\/div>\n\n\n\n<h3 class=\"wp-block-heading\">Saiba mais<\/h3>\n\n\n<?xml encoding=\"utf-8\"?><ul class=\"wp-block-ufmg-hub-links [&amp;&gt;li_a]:flex [&amp;&gt;li_a]:items-center [&amp;&gt;li_a]:justify-between [&amp;&gt;li_a]:bg-neutral-50 [&amp;&gt;li_a]:px-4 [&amp;&gt;li_a]:py-3 md:[&amp;&gt;li_a]:py-5 [&amp;&gt;li_a]:border-b [&amp;&gt;li_a]:border-b-neutral-200 [&amp;&gt;li_a]:text-primary-300 [&amp;&gt;li_a]:text-base md:[&amp;&gt;li_a]:text-lg [&amp;&gt;li_a]:font-lexend [&amp;&gt;li_a]:font-medium [&amp;&gt;li_a]:transition-colors [&amp;&gt;li_a&gt;i]:text-[1rem] md:[&amp;&gt;li_a&gt;i]:text-[1.5rem] hover:[&amp;&gt;li_a]:bg-neutral-100 hover:[&amp;&gt;li_a]:border-b-primary-300\"><li class=\" wp-block-navigation-item wp-block-navigation-link\"><a class=\"wp-block-navigation-item__content\" href=\"https:\/\/www.ufmg.br\/dedd\/\" target=\"_blank\"><span class=\"wp-block-navigation-item__label\">Diretoria de Educa&ccedil;&atilde;o a Dist&acirc;ncia e Educa&ccedil;&atilde;o Digital<\/span><i class=\"ti ti-chevron-right\"><\/i><\/a><\/li>\n\n<li class=\" wp-block-navigation-item wp-block-navigation-link\"><a class=\"wp-block-navigation-item__content\" href=\"https:\/\/www.ufmg.br\/dri\/\" target=\"_blank\"><span class=\"wp-block-navigation-item__label\">Diretoria de Rela&ccedil;&otilde;es Internacionais (DRI)<\/span><i class=\"ti ti-chevron-right\"><\/i><\/a><\/li>\n\n<li class=\" wp-block-navigation-item wp-block-navigation-link\"><a class=\"wp-block-navigation-item__content\" href=\"http:\/\/150.164.63.212:9000\/portal-novo-test\/cursos\/estude-na-ufmg\/educacao-a-distancia\/\" target=\"_blank\"><span class=\"wp-block-navigation-item__label\">Educa&ccedil;&atilde;o a Dist&acirc;ncia<\/span><i class=\"ti ti-chevron-right\"><\/i><\/a><\/li>\n\n<li class=\" wp-block-navigation-item wp-block-navigation-link\"><a class=\"wp-block-navigation-item__content\" href=\"https:\/\/fco.org.br\/cursos\/\" target=\"_blank\"><span class=\"wp-block-navigation-item__label\">Funda&ccedil;&atilde;o Christiano Ottoni<\/span><i class=\"ti ti-chevron-right\"><\/i><\/a><\/li>\n\n<li class=\" wp-block-navigation-item wp-block-navigation-link\"><a class=\"wp-block-navigation-item__content\" href=\"https:\/\/www.ufmg.br\/prpg\/\" target=\"_blank\"><span class=\"wp-block-navigation-item__label\">Pr&oacute;-reitoria de P&oacute;s-gradua&ccedil;&atilde;o (PRPG)<\/span><i class=\"ti ti-chevron-right\"><\/i><\/a><\/li>\n\n<li class=\" wp-block-navigation-item wp-block-navigation-link\"><a class=\"wp-block-navigation-item__content\" href=\"http:\/\/150.164.63.212:9000\/portal-novo-test\/vida-academica\/\" target=\"_blank\"><span class=\"wp-block-navigation-item__label\">Vida Acad&ecirc;mica<\/span><i class=\"ti ti-chevron-right\"><\/i><\/a><\/li><\/ul>\n","protected":false},"excerpt":{"rendered":"<p>A UFMG oferece programas de p\u00f3s-gradua\u00e7\u00e3o de excel\u00eancia em todas as \u00e1reas do conhecimento, com oportunidades de desenvolvimento acad\u00eamico e profissional. As informa\u00e7\u00f5es sobre cada programa podem ser encotradas em seus respectivos sites e no site da Pr\u00f3-reitoria de P\u00f3s-gradua\u00e7\u00e3o (PRPG). P\u00f3s-gradua\u00e7\u00e3o stricto sensu A p\u00f3s-gradua\u00e7\u00e3o stricto sensu, ou &#8220;sentido estrito&#8221;, em portugu\u00eas, compreende os [&hellip;]<\/p>\n","protected":false},"author":1,"featured_media":0,"parent":6756,"menu_order":0,"comment_status":"closed","ping_status":"closed","template":"","meta":{"_acf_changed":false,"footnotes":""},"class_list":["post-3746","page","type-page","status-publish","hentry"],"acf":[],"_links":{"self":[{"href":"http:\/\/150.164.63.212:9000\/portal-novo-test\/wp-json\/wp\/v2\/pages\/3746","targetHints":{"allow":["GET"]}}],"collection":[{"href":"http:\/\/150.164.63.212:9000\/portal-novo-test\/wp-json\/wp\/v2\/pages"}],"about":[{"href":"http:\/\/150.164.63.212:9000\/portal-novo-test\/wp-json\/wp\/v2\/types\/page"}],"author":[{"embeddable":true,"href":"http:\/\/150.164.63.212:9000\/portal-novo-test\/wp-json\/wp\/v2\/users\/1"}],"replies":[{"embeddable":true,"href":"http:\/\/150.164.63.212:9000\/portal-novo-test\/wp-json\/wp\/v2\/comments?post=3746"}],"version-history":[{"count":0,"href":"http:\/\/150.164.63.212:9000\/portal-novo-test\/wp-json\/wp\/v2\/pages\/3746\/revisions"}],"up":[{"embeddable":true,"href":"http:\/\/150.164.63.212:9000\/portal-novo-test\/wp-json\/wp\/v2\/pages\/6756"}],"wp:attachment":[{"href":"http:\/\/150.164.63.212:9000\/portal-novo-test\/wp-json\/wp\/v2\/media?parent=3746"}],"curies":[{"name":"wp","href":"https:\/\/api.w.org\/{rel}","templated":true}]}}