{"id":3747,"date":"2025-09-22T09:41:36","date_gmt":"2025-09-22T12:41:36","guid":{"rendered":"http:\/\/150.164.63.212:9000\/portal-novo-test\/?page_id=3747"},"modified":"2025-10-28T14:12:46","modified_gmt":"2025-10-28T17:12:46","slug":"incubadora-de-empresas","status":"publish","type":"page","link":"http:\/\/150.164.63.212:9000\/portal-novo-test\/pesquisa-e-inovacao\/empreendedorismo\/incubadora-de-empresas\/","title":{"rendered":"Incubadora de Empresas"},"content":{"rendered":"\n<p>O ensino da UFMG \u00e9 fortalecido pelos eixos do empreendedorismo e da inova\u00e7\u00e3o, possibilitando que os discentes tenham acesso a uma educa\u00e7\u00e3o empreendedora e aprendizado na pr\u00e1tica, com experi\u00eancias reais no campo empresarial. <\/p>\n\n\n\n<p>Para estimular empresas e projetos de base tecnol\u00f3gica nascentes na institui\u00e7\u00e3o, a UFMG conta com a INOVA, a incubadora de empresas da universidade, uma das pioneiras do pa\u00eds no ambiente acad\u00eamico, vinculada \u00e0 <a href=\"http:\/\/www.ctit.ufmg.br\/\" target=\"_blank\" rel=\"noreferrer noopener\">Coordenadoria de Transfer\u00eancia e Inova\u00e7\u00e3o Tecnol\u00f3gica<\/a> (CTIT). A incubadora incentiva e apoia o desenvolvimento de empresas inovadoras, oferecendo suporte t\u00e9cnico-cient\u00edfico, acompanhamento personalizado e mentorias com especialistas.<\/p>\n\n\n\n<div class=\"wp-block-ufmg-cards grid grid-cols-1 lg:grid-cols-cards gap-8\">\n\t<div class=\"flex flex-col gap-6 p-6 md:py-8 border border-neutral-200 rounded-lg\">\n\n\t\t\t\t\t<h2 class=\"pl-2 border-l-2 border-l-primary-400 text-neutral-600 text-xl md:text-2xl font-semibold\">\n\t\t\t\tINOVA UFMG\t\t\t<\/h2>\n\t\t\n\t\t\t\t\t<p class=\"flex-1 text-base md:text-lg text-neutral-500\">\n\t\t\t\tConhe\u00e7a a hist\u00f3ria, dados e editais da incubadora de empresas da UFMG.\t\t\t<\/p>\n\t\t\n\t\t\t\t\t<a href=\"https:\/\/www.ufmg.br\/inovalab\/\" target=\"_blank\" rel=\"noopener noreferrer\"\t\t\t\tclass=\"w-fit ml-auto flex items-center gap-4 text-primary-300 font-lexend font-medium text-base md:text-lg\">\n\t\t\t\tAcesse aqui\t\t\t\t<i class=\"ti ti-chevron-right text-[1rem] md:text-[1.25rem]\"><\/i>\n\t\t\t<\/a>\n\t\t\t<\/div>\n<\/div>\n\n\n\n<h2 class=\"wp-block-heading\">InovaLab <\/h2>\n\n\n\n<p>O INOVALAB \u00e9 o Programa de Incuba\u00e7\u00e3o da INOVA UFMG dedicado a apoiar a cria\u00e7\u00e3o e o desenvolvimento de empreendimentos de base tecnol\u00f3gica em seus est\u00e1gios iniciais. O programa \u00e9 divido em duas fases: a pr\u00e9-incuba\u00e7\u00e3o e incuba\u00e7\u00e3o. Para mais informa\u00e7\u00f5es sobre o programa e os editais de sele\u00e7\u00e3o, acesse o <a href=\"https:\/\/www.ufmg.br\/inovalab\/\" target=\"_blank\" rel=\"noreferrer noopener\">site da INOVA<\/a>.<\/p>\n","protected":false},"excerpt":{"rendered":"<p>O ensino da UFMG \u00e9 fortalecido pelos eixos do empreendedorismo e da inova\u00e7\u00e3o, possibilitando que os discentes tenham acesso a uma educa\u00e7\u00e3o empreendedora e aprendizado na pr\u00e1tica, com experi\u00eancias reais no campo empresarial. Para estimular empresas e projetos de base tecnol\u00f3gica nascentes na institui\u00e7\u00e3o, a UFMG conta com a INOVA, a incubadora de empresas da [&hellip;]<\/p>\n","protected":false},"author":1,"featured_media":0,"parent":3707,"menu_order":0,"comment_status":"closed","ping_status":"closed","template":"","meta":{"_acf_changed":false,"footnotes":""},"class_list":["post-3747","page","type-page","status-publish","hentry"],"acf":[],"_links":{"self":[{"href":"http:\/\/150.164.63.212:9000\/portal-novo-test\/wp-json\/wp\/v2\/pages\/3747","targetHints":{"allow":["GET"]}}],"collection":[{"href":"http:\/\/150.164.63.212:9000\/portal-novo-test\/wp-json\/wp\/v2\/pages"}],"about":[{"href":"http:\/\/150.164.63.212:9000\/portal-novo-test\/wp-json\/wp\/v2\/types\/page"}],"author":[{"embeddable":true,"href":"http:\/\/150.164.63.212:9000\/portal-novo-test\/wp-json\/wp\/v2\/users\/1"}],"replies":[{"embeddable":true,"href":"http:\/\/150.164.63.212:9000\/portal-novo-test\/wp-json\/wp\/v2\/comments?post=3747"}],"version-history":[{"count":0,"href":"http:\/\/150.164.63.212:9000\/portal-novo-test\/wp-json\/wp\/v2\/pages\/3747\/revisions"}],"up":[{"embeddable":true,"href":"http:\/\/150.164.63.212:9000\/portal-novo-test\/wp-json\/wp\/v2\/pages\/3707"}],"wp:attachment":[{"href":"http:\/\/150.164.63.212:9000\/portal-novo-test\/wp-json\/wp\/v2\/media?parent=3747"}],"curies":[{"name":"wp","href":"https:\/\/api.w.org\/{rel}","templated":true}]}}