{"id":3751,"date":"2025-09-10T14:45:12","date_gmt":"2025-09-10T17:45:12","guid":{"rendered":"http:\/\/150.164.63.212:9000\/portal-novo-test\/?page_id=3751"},"modified":"2025-09-10T14:45:12","modified_gmt":"2025-09-10T17:45:12","slug":"internacionalizacao","status":"publish","type":"page","link":"http:\/\/150.164.63.212:9000\/portal-novo-test\/a-universidade\/gestao\/internacionalizacao\/","title":{"rendered":"Internacionaliza\u00e7\u00e3o"},"content":{"rendered":"\n<p>O grau de internacionaliza\u00e7\u00e3o de uma universidade representa o potencial instalado na institui\u00e7\u00e3o para impactar as fronteiras do conhecimento, al\u00e9m de possibilitar transforma\u00e7\u00f5es na sociedade. Nesse sentido, a UFMG \u00e9 uma das institui\u00e7\u00f5es mais ativas do Brasil, efetuando investimentos significativos e mobilizando recursos materiais e humanos pr\u00f3prios. <\/p>\n\n\n\n\n\t<figure data-size=\"medium\"\n\t\tclass=\"group space-y-2 data-[size=small]:w-[21rem] sm:data-[size=medium]:w-[40rem] lg:data-[size=small]:float-left lg:data-[size=small]:mr-8 mx-auto\">\n\t\t\t\t\t<img loading=\"lazy\" decoding=\"async\" width=\"640\" height=\"445\" src=\"http:\/\/150.164.63.212:9000\/portal-novo-test\/app\/uploads\/2025\/08\/26132356436_65e9fefd09_o-640x445.jpg\" class=\"group-data-[size=small]:w-[21rem] group-data-[size=small]:h-[29.75rem] sm:group-data-[size=medium]:w-[40rem] sm:group-data-[size=small]:h-[27.8125rem] lg:group-data-[size=medium]:h-[27.8125rem] group-data-[size=large]:w-full group-data-[size=large]:h-[9.875rem] md:group-data-[size=large]:h-[27.8125rem] rounded object-fill\" alt=\"Essa imagem mostra uma janela, com um selo ou adesivo da Universidade Federal de Minas Gerais (UFMG) vis\u00edvel na parte direita do vidro. O selo circular mostra um edif\u00edcio com uma chama no topo e a inscri\u00e7\u00e3o &quot;UNIVERSIDADE FEDERAL DE MINAS GERAIS&quot; e a data &quot;7 DE SETEMBRO DE 1927&quot; ao redor, juntamente com o lema &quot;INCIPIT VITA NOVA&quot;. O sol e a vegeta\u00e7\u00e3o do lado de fora criam reflexos e um brilho suave no vidro da janela. A imagem tem profundidade, com o selo em foco n\u00edtido no primeiro plano, enquanto a paisagem externa \u2014 incluindo grades e a folhagem de \u00e1rvores \u2014 aparece desfocada ao fundo. A ilumina\u00e7\u00e3o geral \u00e9 clara e natural.\" \/>\t\t\t\t<div\n\t\t\tclass=\"group-data-[size=small]:w-[21rem] px-3 pt-3 pb-6 md:px-6 group-data-[size=small]:px-3 text-neutral-300 text-xs md:text-sm\">\n\t\t\t<figcaption title=\"Bras\u00e3o da UFMG.\" class=\"block line-clamp-4 md:line-clamp-3\">\n\t\t\t\tBras\u00e3o da UFMG.\t\t\t<\/figcaption>\n\t\t\t<cite\n\t\t\t\tclass=\"relative block not-italic after:absolute after:left-0 after:right-0 after:-bottom-3 after:h-px after:bg-neutral-100\">\n\t\t\t\tAcervo\t\t\t<\/cite>\n\t\t<\/div>\n\t<\/figure>\n\n\n\n<p>Desde a sua funda\u00e7\u00e3o, a UFMG mant\u00e9m constante esfor\u00e7o para o estabelecimento de v\u00ednculos acad\u00eamicos com institui\u00e7\u00f5es do exterior, al\u00e9m de ter o pr\u00f3prio processo de internacionaliza\u00e7\u00e3o devidamente balizado em diretrizes que buscam conjugar princ\u00edpios de excel\u00eancia acad\u00eamica e cient\u00edfica com compromissos de solidariedade com as entidades parceiras. <\/p>\n\n\n\n<h2 class=\"wp-block-heading\">Diretoria de Rela\u00e7\u00f5es Internacionais<\/h2>\n\n\n\n<p>A Diretoria de Rela\u00e7\u00f5es Internacionais (DRI) \u00e9 um \u00f3rg\u00e3o assessor, vinculado \u00e0 Reitoria, que se apresenta como inst\u00e2ncia articuladora das rela\u00e7\u00f5es acad\u00eamico-cient\u00edficas internacionais, de forma a captar, implementar e acompanhar projetos e conv\u00eanios interuniversit\u00e1rios.<\/p>\n\n\n\n\n\t<figure data-size=\"medium\"\n\t\tclass=\"group space-y-2 data-[size=small]:w-[21rem] sm:data-[size=medium]:w-[40rem] lg:data-[size=small]:float-left lg:data-[size=small]:mr-8 mx-auto\">\n\t\t\t\t\t<img loading=\"lazy\" decoding=\"async\" width=\"640\" height=\"445\" src=\"http:\/\/150.164.63.212:9000\/portal-novo-test\/app\/uploads\/2025\/08\/26092107181_86f82bfcd8_o-640x445.jpg\" class=\"group-data-[size=small]:w-[21rem] group-data-[size=small]:h-[29.75rem] sm:group-data-[size=medium]:w-[40rem] sm:group-data-[size=small]:h-[27.8125rem] lg:group-data-[size=medium]:h-[27.8125rem] group-data-[size=large]:w-full group-data-[size=large]:h-[9.875rem] md:group-data-[size=large]:h-[27.8125rem] rounded object-fill\" alt=\"Essa imagem mostra um plano de baixo \u00e2ngulo que mostra tr\u00eas bandeiras em hastes de metal contra um c\u00e9u azul com nuvens brancas e esparsas. Da esquerda para a direita, as bandeiras s\u00e3o: a bandeira de Minas Gerais (branca com um tri\u00e2ngulo vermelho e o lema &quot;LIBERTAS QUAE SERA TAMEN&quot;), a bandeira nacional do Brasil (verde, amarela e azul) e a bandeira da UFMG (branca com o selo da universidade).  As bandeiras est\u00e3o tremulando levemente ao vento. O sol est\u00e1 brilhando fortemente, com um reflexo de lente vis\u00edvel no canto superior esquerdo da imagem, o que cria uma luz brilhante e dram\u00e1tica. No canto inferior esquerdo, h\u00e1 a copa de uma \u00e1rvore, e no canto inferior direito, parte de um edif\u00edcio moderno e multiandares com pain\u00e9is de vidro. A perspectiva de baixo para cima faz as bandeiras e o edif\u00edcio parecerem imponentes.\" \/>\t\t\t\t<div\n\t\t\tclass=\"group-data-[size=small]:w-[21rem] px-3 pt-3 pb-6 md:px-6 group-data-[size=small]:px-3 text-neutral-300 text-xs md:text-sm\">\n\t\t\t<figcaption title=\"Bandeiras em frente \u00e0 Reitoria.\" class=\"block line-clamp-4 md:line-clamp-3\">\n\t\t\t\tBandeiras em frente \u00e0 Reitoria.\t\t\t<\/figcaption>\n\t\t\t<cite\n\t\t\t\tclass=\"relative block not-italic after:absolute after:left-0 after:right-0 after:-bottom-3 after:h-px after:bg-neutral-100\">\n\t\t\t\tAcervo\t\t\t<\/cite>\n\t\t<\/div>\n\t<\/figure>\n\n\n\n<p>A miss\u00e3o da DRI \u00e9 inserir a UFMG no cen\u00e1rio internacional, fortalecendo a intera\u00e7\u00e3o com as institui\u00e7\u00f5es do exterior, assegurando o cosmopolitismo das atividades acad\u00eamicas, al\u00e9m de somar esfor\u00e7os estrat\u00e9gicos voltados \u00e0 indu\u00e7\u00e3o de internacionaliza\u00e7\u00e3o. A DRI trabalha na cria\u00e7\u00e3o de programas e projetos que viabilizem a coopera\u00e7\u00e3o internacional nos diversos segmentos da UFMG.<\/p>\n\n\n\n<p>Para mais informa\u00e7\u00f5es sobre programas e parcerias internacionais, mobilidade acad\u00eamica e editais, <a href=\"https:\/\/www.ufmg.br\/dri\/\">acesse o site da DRI<\/a>.<\/p>\n\n\n\n<h2 class=\"wp-block-heading\">Mobilidade Acad\u00eamica Internacional<\/h2>\n\n\n\n<p>O Programa de Mobilidade Acad\u00eamica Internacional permite que os discentes e docentes da UFMG adquiram experi\u00eancias acad\u00eamicas com profissionais e institui\u00e7\u00f5es estrangeiras, fortalecendo o enriquecimento cultural e cient\u00edfico, por meio de programas e parcerias internacionais organizados pela DRI. Para os discentes, a mobilidade acad\u00eamica est\u00e1 dispon\u00edvel a n\u00edvel de gradua\u00e7\u00e3o, p\u00f3s-gradua\u00e7\u00e3o e internacionaliza\u00e7\u00e3o em casa, enquanto para os docentes, acontece por meio de c\u00e1tedras e outras iniciativas.<\/p>\n\n\n\n<p>Para mais informa\u00e7\u00f5es sobre mobilidade acad\u00eamica internacional para a comunidade da UFMG, <a href=\"https:\/\/www.ufmg.br\/dri\/\">acesse o site da DRI<\/a>.<\/p>\n\n\n\n<h2 class=\"wp-block-heading\">Redes de Coopera\u00e7\u00e3o<\/h2>\n\n\n\n<p>No desenvolvimento das pol\u00edticas institucionais de internacionaliza\u00e7\u00e3o, a UFMG reconhece a import\u00e2ncia do estabelecimento de rela\u00e7\u00f5es acad\u00eamicas e cient\u00edficas com institui\u00e7\u00f5es de ensino superior estrangeiras. Assim, a Universidade re\u00fane esfor\u00e7os e participa ativamente das redes de coopera\u00e7\u00e3o que englobam entidades de diversos pa\u00edses.&nbsp;<\/p>\n\n\n\n<p>As redes de coopera\u00e7\u00e3o s\u00e3o organiza\u00e7\u00f5es importantes pois favorecem o compartilhamento da estrutura acad\u00eamica entre universidades, incentivam a mobilidade acad\u00eamica internacional dos discentes e docentes, assim como permitem a realiza\u00e7\u00e3o conjunta de eventos acad\u00eamicos, cient\u00edficos e culturais.<\/p>\n\n\n\n<p>Para conferir as Redes de Coopera\u00e7\u00e3o&nbsp;integradas pela UFMG, <a href=\"https:\/\/www.ufmg.br\/dri\/redes-de-cooperacao\/\">clique aqui<\/a>.<\/p>\n\n\n\n<h2 class=\"wp-block-heading\">Programas e Parcerias <\/h2>\n\n\n\n<p>A UFMG estabelece programas e parcerias que fortalecem os planos de internacionaliza\u00e7\u00e3o da universidade, como a <a href=\"https:\/\/www.ufmg.br\/summerschool\/\">Escola de Ver\u00e3o em Estudos Brasileiros<\/a>, a <a href=\"https:\/\/www.ufmg.br\/dri\/ftei\/\">Forma\u00e7\u00e3o Transversal em Estudos Internacionais<\/a>, os <a href=\"https:\/\/www.ufmg.br\/dri\/centros-de-estudos\/\">Centros de Estudos Regionais<\/a>, entre outras iniciativas que estimulam a rela\u00e7\u00e3o com estudantes e institui\u00e7\u00f5es do exterior, promovendo uma forma\u00e7\u00e3o mais completa aos discentes e docentes da institui\u00e7\u00e3o.<\/p>\n\n\n\n<p>Para conferir a lista de institui\u00e7\u00f5es parceiras da UFMG, <a href=\"https:\/\/www.ufmg.br\/dri\/instituicoes-parceiras\/\">clique aqui<\/a>.<\/p>\n\n\n\n<h2 class=\"wp-block-heading\">Profici\u00eancia <\/h2>\n\n\n\n<p>A UFMG, em parceria com a Faculdade de Letras, oferta cursos de idiomas para a comunidade interna e externa. No Centro de Extens\u00e3o da FALE (Cenex FALE) s\u00e3o ofertados cursos de diversos idiomas como Ingl\u00eas, Alem\u00e3o, Espanhol, Franc\u00eas, Coreano, al\u00e9m da aplica\u00e7\u00e3o de testes de profici\u00eancia em l\u00ednguas estrangeiras. Para mais informa\u00e7\u00f5es, <a href=\"https:\/\/cenex.letras.ufmg.br\/\">acesse o site do Cenex FALE<\/a>.<\/p>\n\n\n\n<p>Al\u00e9m disso, o Instituto Conf\u00facio da UFMG, resultado de uma parceria com a Huazhong University of Science and Technology (HUST), oferta aulas e testes de profici\u00eancia em Mandarim. Para mais informa\u00e7\u00f5es, <a href=\"https:\/\/www.institutoconfucio.ufmg.br\/\">acesse o site do Instituto<\/a>.<\/p>\n\n\n\n<p><\/p>\n","protected":false},"excerpt":{"rendered":"<p>O grau de internacionaliza\u00e7\u00e3o de uma universidade representa o potencial instalado na institui\u00e7\u00e3o para impactar as fronteiras do conhecimento, al\u00e9m de possibilitar transforma\u00e7\u00f5es na sociedade. Nesse sentido, a UFMG \u00e9 uma das institui\u00e7\u00f5es mais ativas do Brasil, efetuando investimentos significativos e mobilizando recursos materiais e humanos pr\u00f3prios. Desde a sua funda\u00e7\u00e3o, a UFMG mant\u00e9m constante [&hellip;]<\/p>\n","protected":false},"author":1,"featured_media":0,"parent":3553,"menu_order":0,"comment_status":"closed","ping_status":"closed","template":"","meta":{"_acf_changed":true,"footnotes":""},"class_list":["post-3751","page","type-page","status-publish","hentry"],"acf":[],"_links":{"self":[{"href":"http:\/\/150.164.63.212:9000\/portal-novo-test\/wp-json\/wp\/v2\/pages\/3751","targetHints":{"allow":["GET"]}}],"collection":[{"href":"http:\/\/150.164.63.212:9000\/portal-novo-test\/wp-json\/wp\/v2\/pages"}],"about":[{"href":"http:\/\/150.164.63.212:9000\/portal-novo-test\/wp-json\/wp\/v2\/types\/page"}],"author":[{"embeddable":true,"href":"http:\/\/150.164.63.212:9000\/portal-novo-test\/wp-json\/wp\/v2\/users\/1"}],"replies":[{"embeddable":true,"href":"http:\/\/150.164.63.212:9000\/portal-novo-test\/wp-json\/wp\/v2\/comments?post=3751"}],"version-history":[{"count":0,"href":"http:\/\/150.164.63.212:9000\/portal-novo-test\/wp-json\/wp\/v2\/pages\/3751\/revisions"}],"up":[{"embeddable":true,"href":"http:\/\/150.164.63.212:9000\/portal-novo-test\/wp-json\/wp\/v2\/pages\/3553"}],"wp:attachment":[{"href":"http:\/\/150.164.63.212:9000\/portal-novo-test\/wp-json\/wp\/v2\/media?parent=3751"}],"curies":[{"name":"wp","href":"https:\/\/api.w.org\/{rel}","templated":true}]}}