{"id":3755,"date":"2025-09-22T09:32:19","date_gmt":"2025-09-22T12:32:19","guid":{"rendered":"http:\/\/150.164.63.212:9000\/portal-novo-test\/?page_id=3755"},"modified":"2025-10-13T16:00:15","modified_gmt":"2025-10-13T19:00:15","slug":"periodicos-e-livros","status":"publish","type":"page","link":"http:\/\/150.164.63.212:9000\/portal-novo-test\/pesquisa-e-inovacao\/publicacoes-cientificas\/periodicos-e-livros\/","title":{"rendered":"Peri\u00f3dicos e Livros"},"content":{"rendered":"\n<p>As atividades de ensino, pesquisa e extens\u00e3o desenvolvidas pela comunidade acad\u00eamica da UFMG geram diversos tipos de publica\u00e7\u00f5es.<\/p>\n\n\n\n<h2 class=\"wp-block-heading\">Peri\u00f3dicos<\/h2>\n\n\n\n<p>Os peri\u00f3dicos cient\u00edficos s\u00e3o materiais, em formato de revistas, jornais, boletins e outros, publicados de modo regular, que divulgam conte\u00fados produzidos pela comunidade acad\u00eamica em diversas \u00e1reas de conhecimento. <\/p>\n\n\n\n<p>Em 2015, foi lan\u00e7ado o Portal de Peri\u00f3dicos da UFMG com o objetivo de ampliar o acesso e a visibilidade das publica\u00e7\u00f5es produzidas pela comunidade acad\u00eamica da Universidade. O Portal tamb\u00e9m garante o armazenamento e a seguran\u00e7a dos dados, a recupera\u00e7\u00e3o da informa\u00e7\u00e3o e a preserva\u00e7\u00e3o digital.<\/p>\n\n\n\n<div class=\"wp-block-ufmg-cards grid grid-cols-1 lg:grid-cols-cards gap-8\">\n\t<div class=\"flex flex-col gap-6 p-6 md:py-8 border border-neutral-200 rounded-lg\">\n\n\t\t\t\t\t<h2 class=\"pl-2 border-l-2 border-l-primary-400 text-neutral-600 text-xl md:text-2xl font-semibold\">\n\t\t\t\tPortal de Peri\u00f3dicos UFMG\t\t\t<\/h2>\n\t\t\n\t\t\t\t\t<p class=\"flex-1 text-base md:text-lg text-neutral-500\">\n\t\t\t\tConfira o cat\u00e1logo de peri\u00f3dicos publicados na Universidade.\t\t\t<\/p>\n\t\t\n\t\t\t\t\t<a href=\"https:\/\/www.ufmg.br\/periodicos\/\" target=\"_blank\" rel=\"noopener noreferrer\"\t\t\t\tclass=\"w-fit ml-auto flex items-center gap-4 text-primary-300 font-lexend font-medium text-base md:text-lg\">\n\t\t\t\tAcesse aqui\t\t\t\t<i class=\"ti ti-chevron-right text-[1rem] md:text-[1.25rem]\"><\/i>\n\t\t\t<\/a>\n\t\t\t<\/div>\n<\/div>\n\n\n\n<h2 class=\"wp-block-heading\">Livros<\/h2>\n\n\n\n<p>Os livros f\u00edsicos e digitais s\u00e3o outra forma de divulgar o conhecimento , publicados pela pr\u00f3pria Editora da Universidade ou por outros meios de publica\u00e7\u00e3o. Confira: <\/p>\n\n\n\n<div class=\"wp-block-ufmg-details-group\"><?xml encoding=\"utf-8\"?><details class=\"group\/accordion\"><summary class=\"flex gap-4 items-center bg-neutral-50 border-x border-t group-last-of-type\/accordion:border-b border-neutral-200 group-open\/accordion:border-primary-300 group-open\/accordion:bg-primary-300 p-3 group-[&amp;:first-of-type]\/accordion:rounded-t group-[&amp;:last-of-type]\/accordion:rounded-b group-open\/accordion:[&amp;:last-of-type]:rounded-b-none text-neutral-600 group-open\/accordion:text-neutral-50 text-lg font-semibold [&amp;&gt;i]:text-[1.5rem] group-open\/accordion:[&amp;&gt;i]:text-neutral-50 [&amp;&gt;i]:text-primary-300 group-open\/accordion:[&amp;&gt;i]:-rotate-180 [&amp;&gt;i]:transition-transform transition-colors cursor-pointer\"><span class=\"grow\">Editora UFMG<\/span><i class=\"ti ti-chevron-down\"><\/i><\/summary><div class=\"space-y-4 p-3 border-x group-[&amp;:last-of-type]\/accordion:border-b border-neutral-200 text-base text-neutral-400 group-[&amp;:last-of-type]\/accordion:rounded-bl group-[&amp;:last-of-type]\/accordion:rounded-br [&amp;_.wp-block-heading+p]:!mt-0\">\n<p>A <strong>Editora UFMG<\/strong>, criada em 1985, tem o objetivo de editar obras de valor cient&iacute;fico e cultural representativas do trabalho de ensino, pesquisa e extens&atilde;o da Universidade. O cat&aacute;logo da Editora UFMG comporta t&iacute;tulo em diferentes cole&ccedil;&otilde;es, com mais de mil t&iacute;tulos impressos e dezenas de e-books publicados.<\/p>\n\n\n\n<p>A livraria da Editora UFMG est&aacute; localizada na Pra&ccedil;a de Servi&ccedil;os, no Campus Pampulha, em Belo Horizonte. <\/p>\n\n\n\n<p>Para mais informa&ccedil;&otilde;es sobre hor&aacute;rio de funcionamento, pre&ccedil;os, cat&aacute;logos e vendas, acesse o&nbsp;<a href=\"https:\/\/www.editoraufmg.com.br\/#\/\" target=\"_blank\" rel=\"noreferrer noopener\">site da Editora<\/a>.<\/p>\n<\/div><\/details>\n\n\n<?xml encoding=\"utf-8\"?><details class=\"group\/accordion\"><summary class=\"flex gap-4 items-center bg-neutral-50 border-x border-t group-last-of-type\/accordion:border-b border-neutral-200 group-open\/accordion:border-primary-300 group-open\/accordion:bg-primary-300 p-3 group-[&amp;:first-of-type]\/accordion:rounded-t group-[&amp;:last-of-type]\/accordion:rounded-b group-open\/accordion:[&amp;:last-of-type]:rounded-b-none text-neutral-600 group-open\/accordion:text-neutral-50 text-lg font-semibold [&amp;&gt;i]:text-[1.5rem] group-open\/accordion:[&amp;&gt;i]:text-neutral-50 [&amp;&gt;i]:text-primary-300 group-open\/accordion:[&amp;&gt;i]:-rotate-180 [&amp;&gt;i]:transition-transform transition-colors cursor-pointer\"><span class=\"grow\">Sistema de Bibliotecas da UFMG<\/span><i class=\"ti ti-chevron-down\"><\/i><\/summary><div class=\"space-y-4 p-3 border-x group-[&amp;:last-of-type]\/accordion:border-b border-neutral-200 text-base text-neutral-400 group-[&amp;:last-of-type]\/accordion:rounded-bl group-[&amp;:last-of-type]\/accordion:rounded-br [&amp;_.wp-block-heading+p]:!mt-0\">\n<p>O <strong>Sistema de Bibliotecas da UFMG<\/strong> disponibiliza mais de um milh&atilde;o de itens, como livros, monografias, teses, disserta&ccedil;&otilde;es, em diversas &aacute;reas do conhecimento. <\/p>\n\n\n\n<p><\/p>\n\n\n\n<p>Para conferir o cat&aacute;logo e outras informa&ccedil;&otilde;es, acesse o <a href=\"https:\/\/www.bu.ufmg.br\/bu_atual\/\" target=\"_blank\" rel=\"noreferrer noopener\">site do Sistema de Bibliotecas<\/a>. <\/p>\n<\/div><\/details>\n\n\n<?xml encoding=\"utf-8\"?><details class=\"group\/accordion\"><summary class=\"flex gap-4 items-center bg-neutral-50 border-x border-t group-last-of-type\/accordion:border-b border-neutral-200 group-open\/accordion:border-primary-300 group-open\/accordion:bg-primary-300 p-3 group-[&amp;:first-of-type]\/accordion:rounded-t group-[&amp;:last-of-type]\/accordion:rounded-b group-open\/accordion:[&amp;:last-of-type]:rounded-b-none text-neutral-600 group-open\/accordion:text-neutral-50 text-lg font-semibold [&amp;&gt;i]:text-[1.5rem] group-open\/accordion:[&amp;&gt;i]:text-neutral-50 [&amp;&gt;i]:text-primary-300 group-open\/accordion:[&amp;&gt;i]:-rotate-180 [&amp;&gt;i]:transition-transform transition-colors cursor-pointer\"><span class=\"grow\">Edi&ccedil;&otilde;es Viva Voz<\/span><i class=\"ti ti-chevron-down\"><\/i><\/summary><div class=\"space-y-4 p-3 border-x group-[&amp;:last-of-type]\/accordion:border-b border-neutral-200 text-base text-neutral-400 group-[&amp;:last-of-type]\/accordion:rounded-bl group-[&amp;:last-of-type]\/accordion:rounded-br [&amp;_.wp-block-heading+p]:!mt-0\">\n<p>As <strong>Edi&ccedil;&otilde;es Viva Voz<\/strong> publicam textos de alunos e professores da Faculdade de Letras da UFMG, especialmente aqueles produzidos no &acirc;mbito das atividades acad&ecirc;micas (disciplinas, estudos orientados e monitorias).&nbsp;<\/p>\n\n\n\n<p>O trabalho &eacute; realizado no Laborat&oacute;rio de Edi&ccedil;&atilde;o&nbsp; (Labed)&nbsp;por estudantes de Letras, bolsistas e volunt&aacute;rios, supervisionados por docentes da &aacute;rea de edi&ccedil;&atilde;o.<\/p>\n\n\n\n<p><\/p>\n\n\n\n<p>Para conferir o cat&aacute;logo e outras informa&ccedil;&otilde;es, acesse o <a href=\"http:\/\/www.letras.ufmg.br\/padrao_cms\/index.php?web=vivavoz&amp;lang=1&amp;page=991&amp;menu=664&amp;tipo=1\" target=\"_blank\" rel=\"noreferrer noopener\">site da Edi&ccedil;&otilde;es Viva Voz.<\/a> <\/p>\n<\/div><\/details>\n\n\n<?xml encoding=\"utf-8\"?><details class=\"group\/accordion\"><summary class=\"flex gap-4 items-center bg-neutral-50 border-x border-t group-last-of-type\/accordion:border-b border-neutral-200 group-open\/accordion:border-primary-300 group-open\/accordion:bg-primary-300 p-3 group-[&amp;:first-of-type]\/accordion:rounded-t group-[&amp;:last-of-type]\/accordion:rounded-b group-open\/accordion:[&amp;:last-of-type]:rounded-b-none text-neutral-600 group-open\/accordion:text-neutral-50 text-lg font-semibold [&amp;&gt;i]:text-[1.5rem] group-open\/accordion:[&amp;&gt;i]:text-neutral-50 [&amp;&gt;i]:text-primary-300 group-open\/accordion:[&amp;&gt;i]:-rotate-180 [&amp;&gt;i]:transition-transform transition-colors cursor-pointer\"><span class=\"grow\">Selo PPGCOM<\/span><i class=\"ti ti-chevron-down\"><\/i><\/summary><div class=\"space-y-4 p-3 border-x group-[&amp;:last-of-type]\/accordion:border-b border-neutral-200 text-base text-neutral-400 group-[&amp;:last-of-type]\/accordion:rounded-bl group-[&amp;:last-of-type]\/accordion:rounded-br [&amp;_.wp-block-heading+p]:!mt-0\">\n<p>O <strong>Selo do Programa de P&oacute;s-gradua&ccedil;&atilde;o<\/strong>  (PPGCOM\/UFMG) publica livros que promovem a difus&atilde;o de livros da &aacute;rea das Humanidades. <\/p>\n\n\n\n<p><\/p>\n\n\n\n<p>Para conferir o cat&aacute;logo e outras informa&ccedil;&otilde;es, <a href=\"https:\/\/seloppgcomufmg.com.br\" target=\"_blank\" rel=\"noreferrer noopener\">acesse o site do Selo<\/a>. <\/p>\n<\/div><\/details>\n\n\n<?xml encoding=\"utf-8\"?><details class=\"group\/accordion\"><summary class=\"flex gap-4 items-center bg-neutral-50 border-x border-t group-last-of-type\/accordion:border-b border-neutral-200 group-open\/accordion:border-primary-300 group-open\/accordion:bg-primary-300 p-3 group-[&amp;:first-of-type]\/accordion:rounded-t group-[&amp;:last-of-type]\/accordion:rounded-b group-open\/accordion:[&amp;:last-of-type]:rounded-b-none text-neutral-600 group-open\/accordion:text-neutral-50 text-lg font-semibold [&amp;&gt;i]:text-[1.5rem] group-open\/accordion:[&amp;&gt;i]:text-neutral-50 [&amp;&gt;i]:text-primary-300 group-open\/accordion:[&amp;&gt;i]:-rotate-180 [&amp;&gt;i]:transition-transform transition-colors cursor-pointer\"><span class=\"grow\">Livros da EEFFTO<\/span><i class=\"ti ti-chevron-down\"><\/i><\/summary><div class=\"space-y-4 p-3 border-x group-[&amp;:last-of-type]\/accordion:border-b border-neutral-200 text-base text-neutral-400 group-[&amp;:last-of-type]\/accordion:rounded-bl group-[&amp;:last-of-type]\/accordion:rounded-br [&amp;_.wp-block-heading+p]:!mt-0\">\n<p>A <strong>Escola de Educa&ccedil;&atilde;o F&iacute;sica, Fisioterapia e Terapia Ocupacional<\/strong> (EEFFTO) disponibiliza, em ambiente digital, livros sobre diversos temas de pesquisa na &aacute;rea.<\/p>\n\n\n\n<p><\/p>\n\n\n\n<p>Para conferir o cat&aacute;logo e outras informa&ccedil;&otilde;es, acesse a <a href=\"http:\/\/www.eeffto.ufmg.br\/eeffto\/pesquisa\/publicacoes\" target=\"_blank\" rel=\"noreferrer noopener\">p&aacute;gina da EEFFTO<\/a>.<\/p>\n<\/div><\/details>\n<\/div>\n","protected":false},"excerpt":{"rendered":"<p>As atividades de ensino, pesquisa e extens\u00e3o desenvolvidas pela comunidade acad\u00eamica da UFMG geram diversos tipos de publica\u00e7\u00f5es. Peri\u00f3dicos Os peri\u00f3dicos cient\u00edficos s\u00e3o materiais, em formato de revistas, jornais, boletins e outros, publicados de modo regular, que divulgam conte\u00fados produzidos pela comunidade acad\u00eamica em diversas \u00e1reas de conhecimento. Em 2015, foi lan\u00e7ado o Portal de [&hellip;]<\/p>\n","protected":false},"author":1,"featured_media":0,"parent":7117,"menu_order":0,"comment_status":"closed","ping_status":"closed","template":"","meta":{"_acf_changed":false,"footnotes":""},"class_list":["post-3755","page","type-page","status-publish","hentry"],"acf":[],"_links":{"self":[{"href":"http:\/\/150.164.63.212:9000\/portal-novo-test\/wp-json\/wp\/v2\/pages\/3755","targetHints":{"allow":["GET"]}}],"collection":[{"href":"http:\/\/150.164.63.212:9000\/portal-novo-test\/wp-json\/wp\/v2\/pages"}],"about":[{"href":"http:\/\/150.164.63.212:9000\/portal-novo-test\/wp-json\/wp\/v2\/types\/page"}],"author":[{"embeddable":true,"href":"http:\/\/150.164.63.212:9000\/portal-novo-test\/wp-json\/wp\/v2\/users\/1"}],"replies":[{"embeddable":true,"href":"http:\/\/150.164.63.212:9000\/portal-novo-test\/wp-json\/wp\/v2\/comments?post=3755"}],"version-history":[{"count":0,"href":"http:\/\/150.164.63.212:9000\/portal-novo-test\/wp-json\/wp\/v2\/pages\/3755\/revisions"}],"up":[{"embeddable":true,"href":"http:\/\/150.164.63.212:9000\/portal-novo-test\/wp-json\/wp\/v2\/pages\/7117"}],"wp:attachment":[{"href":"http:\/\/150.164.63.212:9000\/portal-novo-test\/wp-json\/wp\/v2\/media?parent=3755"}],"curies":[{"name":"wp","href":"https:\/\/api.w.org\/{rel}","templated":true}]}}