{"id":3784,"date":"2025-09-22T09:31:46","date_gmt":"2025-09-22T12:31:46","guid":{"rendered":"http:\/\/150.164.63.212:9000\/portal-novo-test\/?page_id=3784"},"modified":"2025-10-20T13:02:18","modified_gmt":"2025-10-20T16:02:18","slug":"repositorio-institucional","status":"publish","type":"page","link":"http:\/\/150.164.63.212:9000\/portal-novo-test\/pesquisa-e-inovacao\/publicacoes-cientificas\/repositorio-institucional\/","title":{"rendered":"Reposit\u00f3rio Institucional"},"content":{"rendered":"\n<p>O Reposit\u00f3rio Institucional da UFMG (RI-UFMG) re\u00fane, em formato digital, o conhecimento cient\u00edfico, t\u00e9cnico, art\u00edstico, educacional e cultural produzido pela comunidade acad\u00eamica da Universidade. O Reposit\u00f3rio \u00e9 fundamental na organiza\u00e7\u00e3o, preserva\u00e7\u00e3o, dissemina\u00e7\u00e3o e acesso aberto \u00e0 produ\u00e7\u00e3o intelectual da Universidade. <\/p>\n\n\n\n<p>A plataforma fortalece o compromisso da UFMG com a democratiza\u00e7\u00e3o do conhecimento, a transpar\u00eancia cient\u00edfica e a gest\u00e3o da informa\u00e7\u00e3o institucional, contribuindo para a constru\u00e7\u00e3o de uma mem\u00f3ria acad\u00eamica coletiva e de um ecossistema de ci\u00eancia aberta.<\/p>\n\n\n\n<div class=\"wp-block-ufmg-cards grid grid-cols-1 lg:grid-cols-cards gap-8\">\n\t<div class=\"flex flex-col gap-6 p-6 md:py-8 border border-neutral-200 rounded-lg\">\n\n\t\t\t\t\t<h2 class=\"pl-2 border-l-2 border-l-primary-400 text-neutral-600 text-xl md:text-2xl font-semibold\">\n\t\t\t\tRI-UFMG\t\t\t<\/h2>\n\t\t\n\t\t\t\t\t<p class=\"flex-1 text-base md:text-lg text-neutral-500\">\n\t\t\t\tConfira o Reposit\u00f3rio Institucional da UFMG.\t\t\t<\/p>\n\t\t\n\t\t\t\t\t<a href=\"https:\/\/repositorio.ufmg.br\/home\" target=\"_blank\" rel=\"noopener noreferrer\"\t\t\t\tclass=\"w-fit ml-auto flex items-center gap-4 text-primary-300 font-lexend font-medium text-base md:text-lg\">\n\t\t\t\tAcesse aqui\t\t\t\t<i class=\"ti ti-chevron-right text-[1rem] md:text-[1.25rem]\"><\/i>\n\t\t\t<\/a>\n\t\t\t<\/div>\n<\/div>\n\n\n\n<p>O RI-UFMG est\u00e1 organizado em quatros comunidades que re\u00fanem, preservam e disseminam a produ\u00e7\u00e3o intelectual da UFMG. Confira:<\/p>\n\n\n\n<ul class=\"wp-block-list\">\n<li><strong>Comunidade Trabalhos Acad\u00eamicos<\/strong>: Os trabalhos de conclus\u00e3o de curso, como teses de doutorado, disserta\u00e7\u00f5es de mestrado e monografias de especializa\u00e7\u00e3o, contribuindo para a visibilidade e a valoriza\u00e7\u00e3o da produ\u00e7\u00e3o acad\u00eamica discente.<\/li>\n\n\n\n<li><strong>Comunidade Publica\u00e7\u00f5es Cient\u00edficas e Culturais<\/strong>: Os resultados das atividades de pesquisa e produ\u00e7\u00e3o cultural, composta por artigos de peri\u00f3dicos, artigos de eventos, livros e cap\u00edtulos de livros, promovendo o acesso aberto ao conhecimento gerado pela comunidade universit\u00e1ria.<\/li>\n\n\n\n<li><strong>Comunidade Recursos Educacionais<\/strong>: Os recursos educacionais produzidos por discentes, docentes e t\u00e9cnico-administrativos em educa\u00e7\u00e3o da UFMG. Busca promover a colabora\u00e7\u00e3o, o reuso e o compartilhamento desses materiais em diferentes contextos de ensino e aprendizagem.<\/li>\n\n\n\n<li><strong>Comunidade Gest\u00e3o<\/strong>: Os documentos e materiais relacionados \u00e0 administra\u00e7\u00e3o e ao funcionamento institucional da UFMG. Visa promover a transpar\u00eancia, fortalecer a mem\u00f3ria institucional e apoiar os processos de gest\u00e3o universit\u00e1ria por meio do acesso aberto e estruturado a esses conte\u00fados.<\/li>\n<\/ul>\n\n\n\n<p>A TV UFMG divulgou um v\u00eddeo apresentando o RI-UFMG. Assista:<\/p>\n\n\n\n<figure class=\"wp-block-embed is-type-video is-provider-youtube wp-block-embed-youtube wp-embed-aspect-16-9 wp-has-aspect-ratio\"><div class=\"wp-block-embed__wrapper\">\n<iframe loading=\"lazy\" title=\"Conhe\u00e7a o Reposit\u00f3rio Institucional da UFMG\" width=\"640\" height=\"360\" src=\"https:\/\/www.youtube.com\/embed\/mF53WrIONXM?feature=oembed\" frameborder=\"0\" allow=\"accelerometer; autoplay; clipboard-write; encrypted-media; gyroscope; picture-in-picture; web-share\" referrerpolicy=\"strict-origin-when-cross-origin\" allowfullscreen><\/iframe>\n<\/div><\/figure>\n\n\n\n<h2 class=\"wp-block-heading\">Autoarquivamento de Materiais <\/h2>\n\n\n\n<p>A contribui\u00e7\u00e3o da comunidade acad\u00eamica da UFMG para a manuten\u00e7\u00e3o do Reposit\u00f3rio \u00e9 essencial. Os membros interessados no autoarquivamento de trabalhos acad\u00eamicos e recursos educacionais no RI-UFMG, podem <a href=\"https:\/\/repositorio.ufmg.br\/info\/instructions\" target=\"_blank\" rel=\"noreferrer noopener\">acessar aqui<\/a> para conferir as instru\u00e7\u00f5es organizadas pelo Reposit\u00f3rio.<\/p>\n\n\n\n<p>O RI-UFMG divulgou, em formato de v\u00eddeo, um tutorial do autoarquivamento de trabalhos acad\u00eamicos. Assista:<\/p>\n\n\n\n<figure class=\"wp-block-embed is-type-video is-provider-youtube wp-block-embed-youtube wp-embed-aspect-16-9 wp-has-aspect-ratio\"><div class=\"wp-block-embed__wrapper\">\n<iframe loading=\"lazy\" title=\"Autoarquivamento de trabalhos acad\u00eamicos no RI-UFMG\" width=\"640\" height=\"360\" src=\"https:\/\/www.youtube.com\/embed\/Bd8YPRWfLa0?feature=oembed\" frameborder=\"0\" allow=\"accelerometer; autoplay; clipboard-write; encrypted-media; gyroscope; picture-in-picture; web-share\" referrerpolicy=\"strict-origin-when-cross-origin\" allowfullscreen><\/iframe>\n<\/div><\/figure>\n","protected":false},"excerpt":{"rendered":"<p>O Reposit\u00f3rio Institucional da UFMG (RI-UFMG) re\u00fane, em formato digital, o conhecimento cient\u00edfico, t\u00e9cnico, art\u00edstico, educacional e cultural produzido pela comunidade acad\u00eamica da Universidade. O Reposit\u00f3rio \u00e9 fundamental na organiza\u00e7\u00e3o, preserva\u00e7\u00e3o, dissemina\u00e7\u00e3o e acesso aberto \u00e0 produ\u00e7\u00e3o intelectual da Universidade. A plataforma fortalece o compromisso da UFMG com a democratiza\u00e7\u00e3o do conhecimento, a transpar\u00eancia cient\u00edfica [&hellip;]<\/p>\n","protected":false},"author":1,"featured_media":0,"parent":7117,"menu_order":0,"comment_status":"closed","ping_status":"closed","template":"","meta":{"_acf_changed":false,"footnotes":""},"class_list":["post-3784","page","type-page","status-publish","hentry"],"acf":[],"_links":{"self":[{"href":"http:\/\/150.164.63.212:9000\/portal-novo-test\/wp-json\/wp\/v2\/pages\/3784","targetHints":{"allow":["GET"]}}],"collection":[{"href":"http:\/\/150.164.63.212:9000\/portal-novo-test\/wp-json\/wp\/v2\/pages"}],"about":[{"href":"http:\/\/150.164.63.212:9000\/portal-novo-test\/wp-json\/wp\/v2\/types\/page"}],"author":[{"embeddable":true,"href":"http:\/\/150.164.63.212:9000\/portal-novo-test\/wp-json\/wp\/v2\/users\/1"}],"replies":[{"embeddable":true,"href":"http:\/\/150.164.63.212:9000\/portal-novo-test\/wp-json\/wp\/v2\/comments?post=3784"}],"version-history":[{"count":0,"href":"http:\/\/150.164.63.212:9000\/portal-novo-test\/wp-json\/wp\/v2\/pages\/3784\/revisions"}],"up":[{"embeddable":true,"href":"http:\/\/150.164.63.212:9000\/portal-novo-test\/wp-json\/wp\/v2\/pages\/7117"}],"wp:attachment":[{"href":"http:\/\/150.164.63.212:9000\/portal-novo-test\/wp-json\/wp\/v2\/media?parent=3784"}],"curies":[{"name":"wp","href":"https:\/\/api.w.org\/{rel}","templated":true}]}}