{"id":3790,"date":"2025-10-06T16:23:07","date_gmt":"2025-10-06T19:23:07","guid":{"rendered":"http:\/\/150.164.63.212:9000\/portal-novo-test\/?page_id=3790"},"modified":"2025-10-22T12:59:05","modified_gmt":"2025-10-22T15:59:05","slug":"esporte-e-lazer","status":"publish","type":"page","link":"http:\/\/150.164.63.212:9000\/portal-novo-test\/cultura\/esporte-e-lazer\/","title":{"rendered":"Esporte e Lazer"},"content":{"rendered":"\n<p>O lazer associa-se ao bem-estar social e \u00e0 qualidade de vida, conceitos amplamente difundidos no mundo contempor\u00e2neo. Por outro lado, o esporte faz parte do universo das viv\u00eancias corporais, cujo acesso pode trazer diversos benef\u00edcios. Por isso, esporte e lazer s\u00e3o pr\u00e1ticas culturais de central import\u00e2ncia para enriquecer as experi\u00eancias de sociabilidade entre estudantes, servidores docentes e TAEs, e tamb\u00e9m para fortalecer os la\u00e7os com a comunidade externa. <\/p>\n\n\n\n<p>Assim, cabe colocar em discuss\u00e3o a constru\u00e7\u00e3o de uma pol\u00edtica para o esporte e o lazer, situada como elemento integrante de um conjunto de a\u00e7\u00f5es de promo\u00e7\u00e3o da sa\u00fade, do bem-estar e da qualidade de vida da Comunidade Universit\u00e1ria. Espera-se de tal pol\u00edtica, al\u00e9m de uma presen\u00e7a no<br>cotidiano de parcela expressiva dessa comunidade, funcionando como elemento agregador, uma preocupa\u00e7\u00e3o especial com grupos que frequentemente s\u00e3o exclu\u00eddos de muitas pol\u00edticas sociais.<\/p>\n\n\n\n<h3 class=\"wp-block-heading\">Infraestrutura de esporte e lazer <\/h3>\n\n\n\n<h4 class=\"wp-block-heading\">Centro Esportivo Universit\u00e1rio (CEU)<\/h4>\n\n\n\n<p>O <a href=\"https:\/\/www.ufmg.br\/ceu\/app\/site\/home\" data-type=\"link\" data-id=\"https:\/\/www.ufmg.br\/ceu\/app\/site\/home\" target=\"_blank\" rel=\"noreferrer noopener\">Centro Esportivo Universit\u00e1rio (CEU)<\/a> da UFMG \u00e9 um espa\u00e7o destinado \u00e0 realiza\u00e7\u00e3o de programas de atividades f\u00edsicas, did\u00e1ticas, esportivas, culturais e de lazer. Localizado pr\u00f3ximo ao Campus Pampulha, e fazendo parte da rota dos \u00f4nibus internos da Universidade, sua infraestrutura \u00e9 composta por uma piscina semi ol\u00edmpica, uma piscina ol\u00edmpica, quatro quadras de v\u00f4lei, duas quadras de peteca, duas quadras de <em>beach tennis<\/em>, oito quadras poliesportivas e cinco quadras de saibro para t\u00eanis. Al\u00e9m disso, h\u00e1 \u00e1reas de conviv\u00eancia como cantina, sal\u00e3o de jogos (xadrez, damas, sinucas e t\u00eanis de mesa), quatro vesti\u00e1rios, espa\u00e7o fitness, espa\u00e7o infantil e frald\u00e1rio.&nbsp;<\/p>\n\n\n\n<p>Al\u00e9m de ser o principal respons\u00e1vel pelo desenvolvimento da pol\u00edtica de esporte e lazer da UFMG, o CEU tem por finalidade atuar junto \u00e0s Unidades Acad\u00eamicas e demais \u00f3rg\u00e3os da UFMG, apoiando as atividades de Ensino, Pesquisa e Extens\u00e3o. Desse modo, esse Centro serve \u00e0 Universidade para fins did\u00e1ticos, culturais e de lazer, atuando como n\u00facleo de orienta\u00e7\u00e3o, aplica\u00e7\u00e3o, e renova\u00e7\u00e3o de m\u00e9todos e t\u00e9cnicas relacionadas \u00e0s atividades f\u00edsicas, esportivas de lazer.<\/p>\n\n\n\n<p>Para encontrar informa\u00e7\u00f5es sobre cadastro, acesso e atividades, consulte o <a href=\"https:\/\/www.ufmg.br\/ceu\/app\/site\/home\">site do CEU<\/a>.<\/p>\n\n\n\n<h4 class=\"wp-block-heading\">Centro de Treinamento Esportivo&nbsp;(CTE)<\/h4>\n\n\n\n<p>O <a href=\"http:\/\/cte.ufmg.br\/cte\/\" data-type=\"link\" data-id=\"http:\/\/cte.ufmg.br\/cte\/\" target=\"_blank\" rel=\"noreferrer noopener\">Centro de Treinamento Esportivo (CTE) <\/a>\u00e9 uma parceria entre a UFMG e o Governo do Estado de Minas Gerais, com o objetivo de estabelecer uma pol\u00edtica integrada de desenvolvimento t\u00e9cnico-cient\u00edfico de atletas, treinadores e graduandos de diversos cursos. As instala\u00e7\u00f5es do CTE foram projetadas pela Escola de Arquitetura da UFMG obedecendo os padr\u00f5es de sustentabilidade de recursos naturais e de acessibilidade. O complexo esportivo constitui-se de uma pista de atletismo, um parque aqu\u00e1tico e um pavilh\u00e3o de esportes coletivos, gin\u00e1stica ol\u00edmpica e lutas.<\/p>\n\n\n\n<p>O CTE \u00e9 uma refer\u00eancia nacional na detec\u00e7\u00e3o, desenvolvimento e aprimoramento de talentos esportivos, dissemina\u00e7\u00e3o de m\u00e9todos de treinamento e gera\u00e7\u00e3o de conhecimento cient\u00edfico multidisciplinar nas ci\u00eancias do esporte. Por meio de projetos que contemplam tanto atletas de alto rendimento quanto crian\u00e7as e adolescentes, incluindo aqueles em condi\u00e7\u00e3o de vulnerabilidade social, com a participa\u00e7\u00e3o de professores e estudantes de Gradua\u00e7\u00e3o e P\u00f3s-Gradua\u00e7\u00e3o, o CTE associa o esporte \u00e0 educa\u00e7\u00e3o e cidadania, cumprindo o car\u00e1ter indissoci\u00e1vel entre Ensino, Pesquisa e Extens\u00e3o das pr\u00e1ticas acad\u00eamicas.\u00a0\u00a0<br>Para mais informa\u00e7\u00f5es sobre projetos, atletas e estrutura, acesse o <a href=\"http:\/\/cte.ufmg.br\/cte\/\">site do CTE<\/a>.<\/p>\n\n\n\n<h3 class=\"wp-block-heading\">Atividades de extens\u00e3o<\/h3>\n\n\n\n<p>Hoje existem a\u00e7\u00f5es desenvolvidas na UFMG que se posicionam como potenciais integrantes de uma pol\u00edtica de esportes e lazer.  As informa\u00e7\u00f5es podem ser consultadas no site da <a href=\"http:\/\/www.cursoseeventos.ufmg.br\/CAE\/\">Fundep<\/a> ou no <a href=\"https:\/\/sistemas.ufmg.br\/siex\/PrepararPesquisarAcaoExtensao.do?clean=1\">Sistema de Informa\u00e7\u00e3o da Extens\u00e3o (Siex)<\/a>. Al\u00e9m disso, cabe especial men\u00e7\u00e3o \u00e0s seguintes a\u00e7\u00f5es:<\/p>\n\n\n\n<h4 class=\"wp-block-heading\">Domingo no Campus<\/h4>\n\n\n\n<p>Alguns domingos do ano, com datas previstas no <a href=\"http:\/\/150.164.63.212:9000\/portal-novo-test\/a-universidade\/calendario-escolar\/\" target=\"_blank\" rel=\"noreferrer noopener\">Calend\u00e1rio Acad\u00eamico<\/a>, a UFMG promove o Domingo no Campus e convida as pessoas da comunidade interna e externa da Universidade a aproveitarem atra\u00e7\u00f5es esportivas, culturais e art\u00edsticas no campus Pampulha (BH) e no Instituto de Ci\u00eancias Agr\u00e1rias (ICA) \u2014 UFMG Montes Claros.<\/p>\n\n\n\n<p>O evento \u00e9 promovido anualmente pela <a href=\"https:\/\/www.ufmg.br\/proex\/\" data-type=\"link\" data-id=\"https:\/\/www.ufmg.br\/proex\/\" target=\"_blank\" rel=\"noreferrer noopener\">Pr\u00f3-reitoria de Extens\u00e3o (Proex)<\/a> em parceria com as pr\u00f3-reitorias de <a href=\"https:\/\/www.ufmg.br\/pra\/\" data-type=\"link\" data-id=\"https:\/\/www.ufmg.br\/pra\/\" target=\"_blank\" rel=\"noreferrer noopener\">Administra\u00e7\u00e3o (PRA)<\/a>, <a href=\"https:\/\/www.ufmg.br\/prorh\/\" data-type=\"link\" data-id=\"https:\/\/www.ufmg.br\/prorh\/\" target=\"_blank\" rel=\"noreferrer noopener\">Recursos Humanos (PRORH)<\/a> e <a href=\"https:\/\/www.ufmg.br\/prae\/\" data-type=\"link\" data-id=\"https:\/\/www.ufmg.br\/prae\/\" target=\"_blank\" rel=\"noreferrer noopener\">Assuntos Estudantis (Prae)<\/a>, com o <a href=\"https:\/\/www.ufmg.br\/nai\/\" data-type=\"link\" data-id=\"https:\/\/www.ufmg.br\/nai\/\" target=\"_blank\" rel=\"noreferrer noopener\">N\u00facleo de Acessibilidade e Inclus\u00e3o (NAI)<\/a>, <a href=\"https:\/\/www.ufmg.br\/cac\/\" data-type=\"link\" data-id=\"https:\/\/www.ufmg.br\/cac\/\" target=\"_blank\" rel=\"noreferrer noopener\">Coordenadoria de Assuntos Comunit\u00e1rios (CAC)<\/a>, <a href=\"http:\/\/150.164.63.212:9000\/portal-novo-test\/comunicacao\/cedecom\/\" data-type=\"link\" data-id=\"http:\/\/150.164.63.212:9000\/portal-novo-test\/comunicacao\/cedecom\/\" target=\"_blank\" rel=\"noreferrer noopener\">Centro de Comunica\u00e7\u00e3o (Cedecom)<\/a> e apoio da <a href=\"https:\/\/www.fundep.ufmg.br\/\" data-type=\"link\" data-id=\"https:\/\/www.fundep.ufmg.br\/\" target=\"_blank\" rel=\"noreferrer noopener\">Fundep <\/a>\u2014 Funda\u00e7\u00e3o de Apoio da UFMG.<\/p>\n\n\n\n<p>Siga os perfis da Proex nas\u00a0<a href=\"https:\/\/www.instagram.com\/extensaoufmg\/\" target=\"_blank\" rel=\"noreferrer noopener\">redes sociais<\/a>\u00a0e fique por dentro das pr\u00f3ximas edi\u00e7\u00f5es do Domingo no Campus.<\/p>\n\n\n\n<h4 class=\"wp-block-heading\">Col\u00f4nia de F\u00e9rias no Campus<\/h4>\n\n\n\n<p>A Col\u00f4nia de F\u00e9rias \u00e9 organizada pelo <a href=\"https:\/\/petlazer.wordpress.com\/\" data-type=\"link\" data-id=\"https:\/\/petlazer.wordpress.com\/\" target=\"_blank\" rel=\"noreferrer noopener\">PET Educa\u00e7\u00e3o F\u00edsica e Lazer<\/a> e realizada na <a href=\"http:\/\/www.eeffto.ufmg.br\/eeffto\/\" data-type=\"link\" data-id=\"http:\/\/www.eeffto.ufmg.br\/eeffto\/\" target=\"_blank\" rel=\"noreferrer noopener\">Escola de Educa\u00e7\u00e3o F\u00edsica, Fisioterapia e Terapia Ocupacional (EEFFTO)<\/a> da UFMG. O projeto conta com a parceria do Centro Esportivo Universit\u00e1rio (CEU), que sedia parte das atividades, e do <a href=\"https:\/\/www.igc.ufmg.br\/\" data-type=\"link\" data-id=\"https:\/\/www.igc.ufmg.br\/\" target=\"_blank\" rel=\"noreferrer noopener\">Instituto de Geoci\u00eancias (IGC)<\/a>, respons\u00e1vel por ceder motoristas e \u00f4nibus para os passeios externos. O financiamento \u00e9 garantido pelo CEU.<\/p>\n\n\n\n<p>O evento \u00e9 gratuito e voltado a membros da Comunidade Acad\u00eamica da UFMG e seus dependentes. Todas as informa\u00e7\u00f5es e prazos s\u00e3o divulgados pelo PET Educa\u00e7\u00e3o F\u00edsica e Lazer em seu <a href=\"https:\/\/www.instagram.com\/petefelazer.ufmg\/\" data-type=\"link\" data-id=\"https:\/\/www.instagram.com\/petefelazer.ufmg\/\" target=\"_blank\" rel=\"noreferrer noopener\">perfil no Instagram<\/a>. <\/p>\n\n\n\n<h3 class=\"wp-block-heading\">Atl\u00e9ticas<\/h3>\n\n\n\n<p>O esporte universit\u00e1rio na UFMG \u00e9 organizado por Atl\u00e9ticas que promovem diversas modalidades esportivas no \u00e2mbito das unidades acad\u00eamicas. Com diversas organiza\u00e7\u00f5es representando as Unidades Acad\u00eamicas da universidade, os estudantes da UFMG t\u00eam garantido \u00f3timos resultados nas competi\u00e7\u00f5es, sendo destaque nos campeonatos universit\u00e1rios locais, de Minas Gerais e do Brasil.\u00a0<\/p>\n\n\n\n<p>Reunidas, formam a\u00a0<a href=\"https:\/\/www.instagram.com\/ligaufmg\/\" target=\"_blank\" rel=\"noreferrer noopener\">Liga das Atl\u00e9ticas da UFMG<\/a>,\u00a0associa\u00e7\u00e3o\u00a0sem fins lucrativos de apoio ao esporte que organiza, entre os alunos, competi\u00e7\u00f5es gerais como o<a href=\"https:\/\/aaleb.com.br\/competicoes\/inter\" data-type=\"link\" data-id=\"https:\/\/aaleb.com.br\/competicoes\/inter\" target=\"_blank\" rel=\"noreferrer noopener\"> InterUFMG<\/a>.<\/p>\n\n\n\n<p>Conhe\u00e7a as\u00a0<a href=\"https:\/\/ligaufmg.blogspot.com\/\" data-type=\"link\" data-id=\"https:\/\/ligaufmg.blogspot.com\/\" target=\"_blank\" rel=\"noreferrer noopener\">Atl\u00e9ticas da UFMG<\/a>\u00a0e saiba como participar das atividades esportivas.<\/p>\n\n\n\n<h3 class=\"wp-block-heading\"><\/h3>\n\n\n\n<p><\/p>\n","protected":false},"excerpt":{"rendered":"<p>O lazer associa-se ao bem-estar social e \u00e0 qualidade de vida, conceitos amplamente difundidos no mundo contempor\u00e2neo. Por outro lado, o esporte faz parte do universo das viv\u00eancias corporais, cujo acesso pode trazer diversos benef\u00edcios. Por isso, esporte e lazer s\u00e3o pr\u00e1ticas culturais de central import\u00e2ncia para enriquecer as experi\u00eancias de sociabilidade entre estudantes, servidores [&hellip;]<\/p>\n","protected":false},"author":1,"featured_media":0,"parent":11261,"menu_order":0,"comment_status":"closed","ping_status":"closed","template":"","meta":{"_acf_changed":false,"footnotes":""},"class_list":["post-3790","page","type-page","status-publish","hentry"],"acf":[],"_links":{"self":[{"href":"http:\/\/150.164.63.212:9000\/portal-novo-test\/wp-json\/wp\/v2\/pages\/3790","targetHints":{"allow":["GET"]}}],"collection":[{"href":"http:\/\/150.164.63.212:9000\/portal-novo-test\/wp-json\/wp\/v2\/pages"}],"about":[{"href":"http:\/\/150.164.63.212:9000\/portal-novo-test\/wp-json\/wp\/v2\/types\/page"}],"author":[{"embeddable":true,"href":"http:\/\/150.164.63.212:9000\/portal-novo-test\/wp-json\/wp\/v2\/users\/1"}],"replies":[{"embeddable":true,"href":"http:\/\/150.164.63.212:9000\/portal-novo-test\/wp-json\/wp\/v2\/comments?post=3790"}],"version-history":[{"count":0,"href":"http:\/\/150.164.63.212:9000\/portal-novo-test\/wp-json\/wp\/v2\/pages\/3790\/revisions"}],"up":[{"embeddable":true,"href":"http:\/\/150.164.63.212:9000\/portal-novo-test\/wp-json\/wp\/v2\/pages\/11261"}],"wp:attachment":[{"href":"http:\/\/150.164.63.212:9000\/portal-novo-test\/wp-json\/wp\/v2\/media?parent=3790"}],"curies":[{"name":"wp","href":"https:\/\/api.w.org\/{rel}","templated":true}]}}