{"id":3791,"date":"2025-09-22T09:32:49","date_gmt":"2025-09-22T12:32:49","guid":{"rendered":"http:\/\/150.164.63.212:9000\/portal-novo-test\/?page_id=3791"},"modified":"2025-10-07T14:49:18","modified_gmt":"2025-10-07T17:49:18","slug":"editora-ufmg","status":"publish","type":"page","link":"http:\/\/150.164.63.212:9000\/portal-novo-test\/pesquisa-e-inovacao\/publicacoes-cientificas\/editora-ufmg\/","title":{"rendered":"Editora UFMG"},"content":{"rendered":"\n<p>A Editora UFMG, criada em 1985, tem o objetivo de editar obras de valor cient\u00edfico e cultural representativas do trabalho de ensino, pesquisa e extens\u00e3o da Universidade. O cat\u00e1logo da Editora UFMG comporta t\u00edtulo em diferentes cole\u00e7\u00f5es, com mais de mil t\u00edtulos impressos e dezenas de e-books publicados.<\/p>\n\n\n\n<p>Derivada de uma pol\u00edtica editorial com perspectiva contempor\u00e2nea e multidisciplinar, a Editora UFMG espelha o crescimento dos programas de p\u00f3s-gradua\u00e7\u00e3o e da pesquisa na UFMG. A diversidade e a qualidade das obras e dos autores publicados pela Editora, representam o interc\u00e2mbio cient\u00edfico-cultural que predomina no ambiente acad\u00eamico da Universidade.<\/p>\n\n\n\n<div class=\"wp-block-ufmg-cards grid grid-cols-1 lg:grid-cols-cards gap-8\">\n\t<div class=\"flex flex-col gap-6 p-6 md:py-8 border border-neutral-200 rounded-lg\">\n\n\t\t\t\t\t<h2 class=\"pl-2 border-l-2 border-l-primary-400 text-neutral-600 text-xl md:text-2xl font-semibold\">\n\t\t\t\tEditora UFMG\t\t\t<\/h2>\n\t\t\n\t\t\t\t\t<p class=\"flex-1 text-base md:text-lg text-neutral-500\">\n\t\t\t\tConhe\u00e7a o cat\u00e1logo de obras publicados pela editora.\t\t\t<\/p>\n\t\t\n\t\t\t\t\t<a href=\"https:\/\/www.editoraufmg.com.br\/#\/\" target=\"_blank\" rel=\"noopener noreferrer\"\t\t\t\tclass=\"w-fit ml-auto flex items-center gap-4 text-primary-300 font-lexend font-medium text-base md:text-lg\">\n\t\t\t\tAcesse aqui\t\t\t\t<i class=\"ti ti-chevron-right text-[1rem] md:text-[1.25rem]\"><\/i>\n\t\t\t<\/a>\n\t\t\t<\/div>\n<\/div>\n\n\n\n<h2 class=\"wp-block-heading\">Sele\u00e7\u00e3o de originais<\/h2>\n\n\n\n<p>A Editora UFMG recebe originais de diferentes \u00e1reas do conhecimento, podendo ser aceitos textos de pesquisadores da Universidade ou externos a ela. Para mais informa\u00e7\u00f5es,\u00a0<a href=\"https:\/\/www.editoraufmg.com.br\/#\/pages\/como_publicar\" target=\"_blank\" rel=\"noreferrer noopener\">consulte o site da Editora<\/a>.<\/p>\n\n\n\n<h2 class=\"wp-block-heading\">Livraria<\/h2>\n\n\n\n<p>A livraria da Editora UFMG est\u00e1 localizada na Pra\u00e7a de Servi\u00e7os, no campus Pampulha, em Belo Horizonte. Para mais informa\u00e7\u00f5es sobre hor\u00e1rio de funcionamento, pre\u00e7os, vendas e eventos, acesse o <a href=\"https:\/\/www.editoraufmg.com.br\/#\/\" target=\"_blank\" rel=\"noreferrer noopener\">site da Editora<\/a>. <\/p>\n\n\n\n<p><\/p>\n","protected":false},"excerpt":{"rendered":"<p>A Editora UFMG, criada em 1985, tem o objetivo de editar obras de valor cient\u00edfico e cultural representativas do trabalho de ensino, pesquisa e extens\u00e3o da Universidade. O cat\u00e1logo da Editora UFMG comporta t\u00edtulo em diferentes cole\u00e7\u00f5es, com mais de mil t\u00edtulos impressos e dezenas de e-books publicados. Derivada de uma pol\u00edtica editorial com perspectiva [&hellip;]<\/p>\n","protected":false},"author":1,"featured_media":0,"parent":7117,"menu_order":0,"comment_status":"closed","ping_status":"closed","template":"","meta":{"_acf_changed":false,"footnotes":""},"class_list":["post-3791","page","type-page","status-publish","hentry"],"acf":[],"_links":{"self":[{"href":"http:\/\/150.164.63.212:9000\/portal-novo-test\/wp-json\/wp\/v2\/pages\/3791","targetHints":{"allow":["GET"]}}],"collection":[{"href":"http:\/\/150.164.63.212:9000\/portal-novo-test\/wp-json\/wp\/v2\/pages"}],"about":[{"href":"http:\/\/150.164.63.212:9000\/portal-novo-test\/wp-json\/wp\/v2\/types\/page"}],"author":[{"embeddable":true,"href":"http:\/\/150.164.63.212:9000\/portal-novo-test\/wp-json\/wp\/v2\/users\/1"}],"replies":[{"embeddable":true,"href":"http:\/\/150.164.63.212:9000\/portal-novo-test\/wp-json\/wp\/v2\/comments?post=3791"}],"version-history":[{"count":0,"href":"http:\/\/150.164.63.212:9000\/portal-novo-test\/wp-json\/wp\/v2\/pages\/3791\/revisions"}],"up":[{"embeddable":true,"href":"http:\/\/150.164.63.212:9000\/portal-novo-test\/wp-json\/wp\/v2\/pages\/7117"}],"wp:attachment":[{"href":"http:\/\/150.164.63.212:9000\/portal-novo-test\/wp-json\/wp\/v2\/media?parent=3791"}],"curies":[{"name":"wp","href":"https:\/\/api.w.org\/{rel}","templated":true}]}}