{"id":3794,"date":"2025-09-08T09:06:00","date_gmt":"2025-09-08T12:06:00","guid":{"rendered":"http:\/\/150.164.63.212:9000\/portal-novo-test\/?page_id=3794"},"modified":"2025-11-19T08:50:38","modified_gmt":"2025-11-19T11:50:38","slug":"a-universidade","status":"publish","type":"page","link":"http:\/\/150.164.63.212:9000\/portal-novo-test\/a-universidade\/","title":{"rendered":"A Universidade"},"content":{"rendered":"\n<p>A <a href=\"http:\/\/150.164.63.212:9000\/portal-novo-test\/a-universidade\/apresentacao\/\" target=\"_blank\" rel=\"noreferrer noopener\">Universidade Federal de Minas Gerais<\/a> (UFMG) \u00e9 uma institui\u00e7\u00e3o p\u00fablica, gratuita, de qualidade e relev\u00e2ncia, refer\u00eancia para seus pares e comprometida n\u00e3o s\u00f3 com o ensino, a produ\u00e7\u00e3o e a transmiss\u00e3o de conhecimentos, mas tamb\u00e9m com a intera\u00e7\u00e3o entre diversos saberes. Fundada em 7 de setembro de 1927, com o nome Universidade de Minas Gerais (UMG), \u00e9 a <a href=\"http:\/\/150.164.63.212:9000\/portal-novo-test\/linha-do-tempo\/\" target=\"_blank\" rel=\"noreferrer noopener\">mais antiga universidade do Estado<\/a>. Prestes a completar um s\u00e9culo, a UFMG cumpre a miss\u00e3o de atender complexas demandas nos campos do <a href=\"http:\/\/150.164.63.212:9000\/portal-novo-test\/cursos\/estude-na-ufmg\/\" target=\"_blank\" rel=\"noreferrer noopener\">ensino<\/a>, da <a href=\"http:\/\/150.164.63.212:9000\/portal-novo-test\/pesquisa-e-inovacao\/\" target=\"_blank\" rel=\"noreferrer noopener\">pesquisa<\/a>, da <a href=\"http:\/\/150.164.63.212:9000\/portal-novo-test\/extensao\/\" target=\"_blank\" rel=\"noreferrer noopener\">extens\u00e3o<\/a> e da <a href=\"http:\/\/150.164.63.212:9000\/portal-novo-test\/cultura\/\" target=\"_blank\" rel=\"noreferrer noopener\">cultura<\/a>, al\u00e9m de contribuir para o desenvolvimento econ\u00f4mico e o bem-estar da sociedade.<\/p>\n\n\n\n<p>As universidades p\u00fablicas participam da constru\u00e7\u00e3o do pa\u00eds que a sociedade almeja. Ci\u00eancia e educa\u00e7\u00e3o est\u00e3o a servi\u00e7o da popula\u00e7\u00e3o e contribuem, de forma significativa, para os governos desenvolverem solu\u00e7\u00f5es que promovam a melhoria do bem-estar de seu povo. Para exercer com afinco esse importante papel das universidades, a UFMG renova constantemente o compromisso que assumiu desde a sua funda\u00e7\u00e3o: o de defender a import\u00e2ncia da autonomia universit\u00e1ria. A Institui\u00e7\u00e3o tem-se notabilizado, tamb\u00e9m, pela relev\u00e2ncia na forma\u00e7\u00e3o de qualidade, oferecendo uma s\u00f3lida base cient\u00edfica e uma consistente concep\u00e7\u00e3o human\u00edstica, cr\u00edtica e \u00e9tica, para preparar pessoas comprometidas com uma sociedade mais desenvolvida e mais equ\u00e2nime.<\/p>\n\n\n\n<figure class=\"wp-block-embed is-type-video is-provider-youtube wp-block-embed-youtube wp-embed-aspect-16-9 wp-has-aspect-ratio\"><div class=\"wp-block-embed__wrapper\">\n<iframe loading=\"lazy\" title=\"UFMG rumo aos 100\" width=\"640\" height=\"360\" src=\"https:\/\/www.youtube.com\/embed\/ekyc9MtwTcQ?feature=oembed\" frameborder=\"0\" allow=\"accelerometer; autoplay; clipboard-write; encrypted-media; gyroscope; picture-in-picture; web-share\" referrerpolicy=\"strict-origin-when-cross-origin\" allowfullscreen><\/iframe>\n<\/div><\/figure>\n\n\n\n<h2 class=\"wp-block-heading\">Objetivos<\/h2>\n\n\n\n<p>A UFMG, nos termos do seu <a href=\"https:\/\/www2.ufmg.br\/sods\/Sods\/Sobre-a-UFMG\/Estatuto\" target=\"_blank\" rel=\"noreferrer noopener\">Estatuto<\/a>, tem por finalidades preci\u0301puas a gerac\u0327a\u0303o, o desenvolvimento, a transmissa\u0303o e a aplicac\u0327a\u0303o de conhecimentos por meio do ensino, da pesquisa e da extensa\u0303o, compreendidos de forma indissociada e integrados na educac\u0327a\u0303o e na formac\u0327a\u0303o cienti\u0301fica e te\u0301cnico-profissional de cidada\u0303os imbui\u0301dos de responsabilidades sociais, bem como na difusa\u0303o da cultura e na criac\u0327a\u0303o filoso\u0301fica, arti\u0301stica e tecnolo\u0301gica. No cumprimento dos seus objetivos, a UFMG mante\u0301m cooperac\u0327a\u0303o acade\u0302mica, cienti\u0301fica, tecnolo\u0301gica e cultural com instituic\u0327o\u0303es nacionais, estrangeiras e <a href=\"http:\/\/150.164.63.212:9000\/portal-novo-test\/a-universidade\/gestao\/internacionalizacao\/\" target=\"_blank\" rel=\"noreferrer noopener\">internacionais<\/a> e constitui-se em vei\u0301culo de desenvolvimento regional, nacional e mundial, almejando consolidar-se como universidade de excele\u0302ncia e releva\u0302ncia, mundialmente reconhecida.<\/p>\n\n\n\n<h2 class=\"wp-block-heading\">Miss\u00e3o<\/h2>\n\n\n\n<p>Visando ao cumprimento integral das suas finalidades e de seu compromisso com os interesses sociais, a UFMG assume como missa\u0303o gerar, compartilhar e difundir conhecimentos cienti\u0301ficos, tecnolo\u0301gicos e culturais, destacando-se como instituic\u0327a\u0303o de refere\u0302ncia na formac\u0327a\u0303o de indivi\u0301duos cri\u0301ticos e e\u0301ticos, dotados de so\u0301lida base cienti\u0301fica e humani\u0301stica e comprometidos com intervenc\u0327o\u0303es transformadoras na sociedade, visando a\u0300 promoc\u0327a\u0303o do desenvolvimento econo\u0302mico, da diminuic\u0327a\u0303o de desigualdades sociais, do desenvolvimento sustenta\u0301vel, bem como da reduc\u0327a\u0303o das assimetrias regionais e nacionais.<\/p>\n\n\n\n<h2 class=\"wp-block-heading\">Vis\u00e3o<\/h2>\n\n\n\n<p>Ser reconhecida pela sociedade como uma institui\u00e7\u00e3o de ensino superior, p\u00fablica, gratuita e de qualidade, refer\u00eancia na promo\u00e7\u00e3o de ensino, pesquisa e extens\u00e3o, em \u00e2mbito nacional e internacional e de relev\u00e2ncia para a cidade, o estado e o pa\u00eds.<\/p>\n","protected":false},"excerpt":{"rendered":"<p>A Universidade Federal de Minas Gerais (UFMG) \u00e9 uma institui\u00e7\u00e3o p\u00fablica, gratuita, de qualidade e relev\u00e2ncia, refer\u00eancia para seus pares e comprometida n\u00e3o s\u00f3 com o ensino, a produ\u00e7\u00e3o e a transmiss\u00e3o de conhecimentos, mas tamb\u00e9m com a intera\u00e7\u00e3o entre diversos saberes. Fundada em 7 de setembro de 1927, com o nome Universidade de Minas [&hellip;]<\/p>\n","protected":false},"author":1,"featured_media":12625,"parent":0,"menu_order":0,"comment_status":"closed","ping_status":"closed","template":"","meta":{"_acf_changed":false,"footnotes":""},"class_list":["post-3794","page","type-page","status-publish","has-post-thumbnail","hentry"],"acf":[],"_links":{"self":[{"href":"http:\/\/150.164.63.212:9000\/portal-novo-test\/wp-json\/wp\/v2\/pages\/3794","targetHints":{"allow":["GET"]}}],"collection":[{"href":"http:\/\/150.164.63.212:9000\/portal-novo-test\/wp-json\/wp\/v2\/pages"}],"about":[{"href":"http:\/\/150.164.63.212:9000\/portal-novo-test\/wp-json\/wp\/v2\/types\/page"}],"author":[{"embeddable":true,"href":"http:\/\/150.164.63.212:9000\/portal-novo-test\/wp-json\/wp\/v2\/users\/1"}],"replies":[{"embeddable":true,"href":"http:\/\/150.164.63.212:9000\/portal-novo-test\/wp-json\/wp\/v2\/comments?post=3794"}],"version-history":[{"count":0,"href":"http:\/\/150.164.63.212:9000\/portal-novo-test\/wp-json\/wp\/v2\/pages\/3794\/revisions"}],"wp:featuredmedia":[{"embeddable":true,"href":"http:\/\/150.164.63.212:9000\/portal-novo-test\/wp-json\/wp\/v2\/media\/12625"}],"wp:attachment":[{"href":"http:\/\/150.164.63.212:9000\/portal-novo-test\/wp-json\/wp\/v2\/media?parent=3794"}],"curies":[{"name":"wp","href":"https:\/\/api.w.org\/{rel}","templated":true}]}}