{"id":3795,"date":"2025-09-09T11:17:09","date_gmt":"2025-09-09T14:17:09","guid":{"rendered":"http:\/\/150.164.63.212:9000\/portal-novo-test\/?page_id=3795"},"modified":"2025-10-31T10:18:08","modified_gmt":"2025-10-31T13:18:08","slug":"apresentacao","status":"publish","type":"page","link":"http:\/\/150.164.63.212:9000\/portal-novo-test\/a-universidade\/apresentacao\/","title":{"rendered":"Apresenta\u00e7\u00e3o"},"content":{"rendered":"\n<p>A <a href=\"http:\/\/150.164.63.212:9000\/portal-novo-test\/a-universidade\/\" target=\"_blank\" rel=\"noreferrer noopener\">Universidade Federal de Minas Gerais<\/a> (UFMG) possui um dos melhores sistemas de ensino do pa\u00eds, al\u00e9m de ser uma das universidades que mais interagem com a sociedade e um exemplo de inova\u00e7\u00e3o nas mais variadas \u00e1reas, empenhada em aliar qualidade e inclus\u00e3o e fazer da cultura uma dimens\u00e3o transversal e indissoci\u00e1vel do seu fazer acad\u00eamico. A UFMG \u00e9 uma institui\u00e7\u00e3o p\u00fablica de excel\u00eancia, com relev\u00e2ncia nacional e internacional, que realiza com dedica\u00e7\u00e3o e responsabilidade a miss\u00e3o de atender \u00e0s in\u00fameras demandas relacionadas ao ensino, \u00e0 pesquisa e \u00e0 extens\u00e3o em diversas \u00e1reas do conhecimento. Todas as a\u00e7\u00f5es da UFMG, uma institui\u00e7\u00e3o centen\u00e1ria pertencente a toda a sociedade brasileira, s\u00e3o planejadas visando \u00e0 difus\u00e3o dos saberes, ao fortalecimento da educa\u00e7\u00e3o, ao desenvolvimento cient\u00edfico, econ\u00f4mico, pol\u00edtico e cultural e ao bem-estar da sociedade.<\/p>\n\n\n\n<h2 class=\"wp-block-heading\">Pot\u00eancia Acad\u00eamica<\/h2>\n\n\n\n<p>A UFMG oferta <a href=\"http:\/\/150.164.63.212:9000\/portal-novo-test\/cursos\/estude-na-ufmg\/graduacao\/\" target=\"_blank\" rel=\"noreferrer noopener\">97 cursos de gradua\u00e7\u00e3o<\/a>, atendendo a um p\u00fablico discente diverso, composto por mais de 33 mil estudantes. Al\u00e9m disso, a Universidade mant\u00e9m mais de 90 <a href=\"http:\/\/150.164.63.212:9000\/portal-novo-test\/cursos\/estude-na-ufmg\/pos-graduacao\/\" target=\"_blank\" rel=\"noreferrer noopener\">programas de p\u00f3s-gradua\u00e7\u00e3o<\/a> \u2013 com mais de 90 cursos de mestrado e aproximadamente 70 de doutorado \u2013 atendendo mais de 14 mil estudantes de diversas \u00e1reas do conhecimento. As tr\u00eas escolas de <a href=\"http:\/\/150.164.63.212:9000\/portal-novo-test\/cursos\/estude-na-ufmg\/educacao-basica-e-profissional-ebap\/\" target=\"_blank\" rel=\"noreferrer noopener\">Educa\u00e7\u00e3o B\u00e1sica e Profissional da UFMG<\/a> tamb\u00e9m s\u00e3o destaques e promovem um ensino de qualidade para mais de 1.300 alunos. Somando os campi e as demais estruturas da Institui\u00e7\u00e3o, s\u00e3o 13,8 milh\u00f5es de metros quadrados de \u00e1rea e mais de 715 mil metros quadrados \u2013\u00a0localizados em 8 cidades \u2013\u00a0dedicados ao ensino, \u00e0 pesquisa e \u00e0 extens\u00e3o. No v\u00eddeo abaixo s\u00e3o <a href=\"https:\/\/www.ufmg.br\/egdi\/\" target=\"_blank\" rel=\"noreferrer noopener\">apresentados alguns n\u00fameros<\/a> que refletem a qualidade das a\u00e7\u00f5es da UFMG:<\/p>\n\n\n\n<figure class=\"wp-block-embed is-type-video is-provider-youtube wp-block-embed-youtube wp-embed-aspect-16-9 wp-has-aspect-ratio\"><div class=\"wp-block-embed__wrapper\">\n<iframe loading=\"lazy\" title=\"UFMG em n\u00fameros - dados de 2025\" width=\"640\" height=\"360\" src=\"https:\/\/www.youtube.com\/embed\/Gp6lFkkR3Bk?feature=oembed\" frameborder=\"0\" allow=\"accelerometer; autoplay; clipboard-write; encrypted-media; gyroscope; picture-in-picture; web-share\" referrerpolicy=\"strict-origin-when-cross-origin\" allowfullscreen><\/iframe>\n<\/div><\/figure>\n\n\n\n<h2 class=\"wp-block-heading\">Excel\u00eancia Comprovada<\/h2>\n\n\n\n<p>O compromisso da UFMG com a excel\u00eancia acad\u00eamica \u00e9 evidenciado por <a href=\"http:\/\/150.164.63.212:9000\/portal-novo-test\/ufmg-em-rankings\/\" target=\"_blank\" rel=\"noreferrer noopener\">seus indicadores expressivos<\/a>. Atualmente, 95% de seus cursos de gradua\u00e7\u00e3o e 75% de seus programas de doutorado est\u00e3o entre os melhores do Brasil, de acordo com avalia\u00e7\u00f5es realizadas pelo Minist\u00e9rio da Educa\u00e7\u00e3o. A UFMG tamb\u00e9m se destaca no cen\u00e1rio internacional, alcan\u00e7ando bons resultados em avalia\u00e7\u00f5es globais de universidades, consolidando sua reputa\u00e7\u00e3o como uma das principais institui\u00e7\u00f5es do pa\u00eds. \u00c9, por exemplo, uma das 10 melhores universidades da Am\u00e9rica Latina, segundo o ranking global da Times Higher Education (THE), e uma das universidades federais mais bem avaliadas no Brasil pelo Minist\u00e9rio da Educa\u00e7\u00e3o (MEC).<\/p>\n\n\n\n<h2 class=\"wp-block-heading\">Orgulho<\/h2>\n\n\n\n<p>A Institui\u00e7\u00e3o se orgulha em fazer parte da forma\u00e7\u00e3o in\u00fameros estudantes ao longo de toda a sua exist\u00eancia. Muitas personalidades marcantes se formaram na UFMG, como: <\/p>\n\n\n\n<ul class=\"wp-block-list\">\n<li>Afonso Arinos, imortal da Academia Brasileira de Letras e fundador da Faculdade Livre de Direito, atual Faculdade de Direito da UFMG.<\/li>\n\n\n\n<li>Afonso Pena, presidente da Rep\u00fablica entre 1906 e 1909 e primeiro diretor da Faculdade de Direito da UFMG.<\/li>\n\n\n\n<li>Ailton Krenak, l\u00edder ind\u00edgena e imortal da Academia Brasileira de Letras. Foi pesquisador do Instituto de Estudos Avan\u00e7ados e Transdisciplinares da UFMG.<\/li>\n\n\n\n<li>Alzira Nogueira Reis, graduanda da Faculdade de Medicina da UFMG. Primeira m\u00e9dica formada em Minas Gerais.<\/li>\n\n\n\n<li>Arthur Bernardes, presidente da Rep\u00fablica entre 1922 e 1926 e estudante da atual Faculdade de Direito da UFMG.<\/li>\n\n\n\n<li>Betinho, soci\u00f3logo e graduando da Faculdade de Ci\u00eancias Econ\u00f4micas da UFMG.<\/li>\n\n\n\n<li>Carlos Drummond de Andrade, escritor e estudante da Faculdade de Farm\u00e1cia da UFMG.<\/li>\n\n\n\n<li>Carlos Luz, presidente da Rep\u00fablica em 1955 e ministro da Justi\u00e7a entre 1956 e 1957. Graduando da Faculdade de Direito da UFMG.<\/li>\n\n\n\n<li>C\u00e1rmen L\u00facia Antunes Rocha, Ministra do Supremo Tribunal Federal desde 2006. Mestranda da Faculdade de Direito da UFMG.<\/li>\n\n\n\n<li>C\u00e9lia Xakriab\u00e1, antrop\u00f3loga e primeira mulher ind\u00edgena a tornar-se doutora pela UFMG. Atualmente \u00e9 deputada federal desde 2023.<\/li>\n\n\n\n<li>Ciro dos Anjos, jornalista e escritor imortal da Academia Brasileira de Letras. Cursou Direito na UFMG, onde tamb\u00e9m foi professor de Literatura Portuguesa.<\/li>\n\n\n\n<li>Dilma Rousseff, presidente da Rep\u00fablica entre 2011 e 2016. Foi estudante na Faculdade de Ci\u00eancias Econ\u00f4micas da UFMG.<\/li>\n\n\n\n<li>Fernanda Takai, cantora e escritora. Graduanda em Comunica\u00e7\u00e3o Social na Faculdade de Filosofia e Ci\u00eancias Humanas da UFMG.<\/li>\n\n\n\n<li>Fernando Brant, cantor e compositor. Graduando em Direito na UFMG.<\/li>\n\n\n\n<li>Helena Greco, ativista dos direitos humanos, primeira vereadora eleita de Belo Horizonte. Graduanda em Farm\u00e1cia pela UFMG.<\/li>\n\n\n\n<li>H\u00e9lio Pellegrino, psicanalista e escritor. Graduando em Medicina na UFMG.<\/li>\n\n\n\n<li>Ivo Pitanguy, m\u00e9dico e imortal da Academia Brasileira de Letras. Egresso da Faculdade de Medicina da UFMG.<\/li>\n\n\n\n<li>Jo\u00e3o Guimar\u00e3es Rosa, diplomata e escritor imortal da Academia Brasileira de Letras. Graduando da Faculdade de Medicina da UFMG.<\/li>\n\n\n\n<li>Jos\u00e9 Israel Vargas, ministro da Ci\u00eancia e Tecnologia e das Minas e Energia na d\u00e9cada de 90. Graduando em Qu\u00edmica na UFMG e docente no Instituto de Ci\u00eancias Exatas.<\/li>\n\n\n\n<li>Juscelino Kubitschek de Oliveira, m\u00e9dico e presidente da Rep\u00fablica entre 1956 e 1961. Graduando da Faculdade de Medicina da UFMG.<\/li>\n\n\n\n<li>Maca\u00e9 Evaristo, ministra dos Direitos Humanos e da Cidadania. Mestre em Educa\u00e7\u00e3o pela UFMG.<\/li>\n\n\n\n<li>Maria Elizabeth Rocha, primeira mulher a presidir o Superior Tribunal Militar. Doutoranda da Faculdade de Direito da UFMG.<\/li>\n\n\n\n<li>Murilo Rubi\u00e3o, escritor e jornalista. Graduando da Faculdade de Direito da UFMG.<\/li>\n\n\n\n<li>Nilma Lino Gomes, ministra da Igualdade Racial e professora em\u00e9rita da Faculdade de Educa\u00e7\u00e3o da UFMG.<\/li>\n\n\n\n<li>Patrus Ananias, prefeito de Belo Horizonte (1993 a 1997) e ministro do Desenvolvimento Social e Combate \u00e0 Fome (2004 a 2010). Graduando e mestre da Faculdade de Direito da UFMG.<\/li>\n\n\n\n<li>Ronaldo Fraga, estilista graduando em Design de Moda da Escola de Belas Artes da UFMG. <\/li>\n\n\n\n<li>Samuel Rosa, cantor e compositor, graduando em Psicologia na Faculdade de Filosofia e Ci\u00eancias Humanas da UFMG.<\/li>\n\n\n\n<li>Tancredo Neves, primeiro-ministro entre 1961 a 1962 e presidente da Rep\u00fablica eleito em 1985. Graduando da Faculdade de Direito da UFMG.<\/li>\n\n\n\n<li>Tost\u00e3o, jogador de futebol, escritor e m\u00e9dico. Graduando da Faculdade de Medicina da UFMG.<\/li>\n\n\n\n<li>Ziraldo, escritor imortal da Academia Brasileira de Letras. Graduando da Faculdade de Direito da UFMG.<\/li>\n<\/ul>\n\n\n\n<h2 class=\"wp-block-heading\">Hist\u00f3ria Constru\u00edda por Pessoas<\/h2>\n\n\n\n<p>Conhe\u00e7a a s\u00e9rie <a href=\"https:\/\/www.ufmg.br\/90anos\/90-anos-de-historias\/\" target=\"_blank\" rel=\"noreferrer noopener\">90 Anos de Hist\u00f3rias<\/a>, produzida pela TV UFMG, em comemora\u00e7\u00e3o ao nonagen\u00e1rio da Institui\u00e7\u00e3o. Composta por 90 epis\u00f3dios, a s\u00e9rie apresenta depoimentos de pessoas que tiveram suas vidas marcadas pela UFMG e que tamb\u00e9m ajudaram a construir a hist\u00f3ria da Universidade.&nbsp;<\/p>\n\n\n\n<figure class=\"wp-block-embed is-type-video is-provider-youtube wp-block-embed-youtube wp-embed-aspect-16-9 wp-has-aspect-ratio\"><div class=\"wp-block-embed__wrapper\">\n<iframe loading=\"lazy\" title=\"S\u00e9rie: UFMG 90 anos\" width=\"640\" height=\"360\" src=\"https:\/\/www.youtube.com\/embed\/videoseries?list=PLBv8koRm6pO1N8XLC4Y_JYNawd6yF4EiX\" frameborder=\"0\" allow=\"accelerometer; autoplay; clipboard-write; encrypted-media; gyroscope; picture-in-picture; web-share\" referrerpolicy=\"strict-origin-when-cross-origin\" allowfullscreen><\/iframe>\n<\/div><\/figure>\n","protected":false},"excerpt":{"rendered":"<p>A Universidade Federal de Minas Gerais (UFMG) possui um dos melhores sistemas de ensino do pa\u00eds, al\u00e9m de ser uma das universidades que mais interagem com a sociedade e um exemplo de inova\u00e7\u00e3o nas mais variadas \u00e1reas, empenhada em aliar qualidade e inclus\u00e3o e fazer da cultura uma dimens\u00e3o transversal e indissoci\u00e1vel do seu fazer [&hellip;]<\/p>\n","protected":false},"author":1,"featured_media":8687,"parent":3794,"menu_order":0,"comment_status":"closed","ping_status":"closed","template":"","meta":{"_acf_changed":false,"footnotes":""},"class_list":["post-3795","page","type-page","status-publish","has-post-thumbnail","hentry"],"acf":[],"_links":{"self":[{"href":"http:\/\/150.164.63.212:9000\/portal-novo-test\/wp-json\/wp\/v2\/pages\/3795","targetHints":{"allow":["GET"]}}],"collection":[{"href":"http:\/\/150.164.63.212:9000\/portal-novo-test\/wp-json\/wp\/v2\/pages"}],"about":[{"href":"http:\/\/150.164.63.212:9000\/portal-novo-test\/wp-json\/wp\/v2\/types\/page"}],"author":[{"embeddable":true,"href":"http:\/\/150.164.63.212:9000\/portal-novo-test\/wp-json\/wp\/v2\/users\/1"}],"replies":[{"embeddable":true,"href":"http:\/\/150.164.63.212:9000\/portal-novo-test\/wp-json\/wp\/v2\/comments?post=3795"}],"version-history":[{"count":0,"href":"http:\/\/150.164.63.212:9000\/portal-novo-test\/wp-json\/wp\/v2\/pages\/3795\/revisions"}],"up":[{"embeddable":true,"href":"http:\/\/150.164.63.212:9000\/portal-novo-test\/wp-json\/wp\/v2\/pages\/3794"}],"wp:featuredmedia":[{"embeddable":true,"href":"http:\/\/150.164.63.212:9000\/portal-novo-test\/wp-json\/wp\/v2\/media\/8687"}],"wp:attachment":[{"href":"http:\/\/150.164.63.212:9000\/portal-novo-test\/wp-json\/wp\/v2\/media?parent=3795"}],"curies":[{"name":"wp","href":"https:\/\/api.w.org\/{rel}","templated":true}]}}