{"id":3808,"date":"2025-09-22T09:24:59","date_gmt":"2025-09-22T12:24:59","guid":{"rendered":"http:\/\/150.164.63.212:9000\/portal-novo-test\/?page_id=3808"},"modified":"2025-10-14T13:05:27","modified_gmt":"2025-10-14T16:05:27","slug":"indicadores-de-producao-cientifica","status":"publish","type":"page","link":"http:\/\/150.164.63.212:9000\/portal-novo-test\/pesquisa-e-inovacao\/pesquisadores-e-producao-cientifica\/indicadores-de-producao-cientifica\/","title":{"rendered":"Indicadores de Produ\u00e7\u00e3o Cient\u00edfica"},"content":{"rendered":"\n<p>O panorama de pesquisa na UFMG pode ser mapeado com base na compila\u00e7\u00e3o e organiza\u00e7\u00e3o de informa\u00e7\u00f5es reunidas em bases de dados da Universidade e de \u00f3rg\u00e3os governamentais e privados. O mapeamento desses dados permitem a constru\u00e7\u00e3o de reposit\u00f3rios consistentes e a automatiza\u00e7\u00e3o da obten\u00e7\u00e3o e disponibiliza\u00e7\u00e3o dos indicadores.<\/p>\n\n\n\n<p>Os indicadores de produ\u00e7\u00e3o cient\u00edfica s\u00e3o importantes para demonstrar a grandeza e import\u00e2ncia da pesquisa na UFMG. Alguns dos elementos indicadores de produ\u00e7\u00e3o cient\u00edfica s\u00e3o as publica\u00e7\u00f5es bibliogr\u00e1ficas, orienta\u00e7\u00f5es conclu\u00eddas, n\u00famero de patentes e recursos humanos.<\/p>\n\n\n\n<p>A UFMG disponibiliza sistemas que re\u00fanem informa\u00e7\u00f5es sobre a produ\u00e7\u00e3o cient\u00edfica na Universidade. Confira: <\/p>\n\n\n\n<div class=\"wp-block-ufmg-details-group\"><?xml encoding=\"utf-8\"?><details class=\"group\/accordion\"><summary class=\"flex gap-4 items-center bg-neutral-50 border-x border-t group-last-of-type\/accordion:border-b border-neutral-200 group-open\/accordion:border-primary-300 group-open\/accordion:bg-primary-300 p-3 group-[&amp;:first-of-type]\/accordion:rounded-t group-[&amp;:last-of-type]\/accordion:rounded-b group-open\/accordion:[&amp;:last-of-type]:rounded-b-none text-neutral-600 group-open\/accordion:text-neutral-50 text-lg font-semibold [&amp;&gt;i]:text-[1.5rem] group-open\/accordion:[&amp;&gt;i]:text-neutral-50 [&amp;&gt;i]:text-primary-300 group-open\/accordion:[&amp;&gt;i]:-rotate-180 [&amp;&gt;i]:transition-transform transition-colors cursor-pointer\"><span class=\"grow\">Somos UFMG<\/span><i class=\"ti ti-chevron-down\"><\/i><\/summary><div class=\"space-y-4 p-3 border-x group-[&amp;:last-of-type]\/accordion:border-b border-neutral-200 text-base text-neutral-400 group-[&amp;:last-of-type]\/accordion:rounded-bl group-[&amp;:last-of-type]\/accordion:rounded-br [&amp;_.wp-block-heading+p]:!mt-0\">\n<p>O <strong>Somos UFMG<\/strong> re&uacute;ne informa&ccedil;&otilde;es sobre pesquisadores, produ&ccedil;&atilde;o cient&iacute;fica, laborat&oacute;rios e indicadores da Universidade. <a href=\"https:\/\/somos.ufmg.br\/indicadores\" target=\"_blank\" rel=\"noreferrer noopener\">Saiba mais<\/a>.<\/p>\n<\/div><\/details>\n\n\n<?xml encoding=\"utf-8\"?><details class=\"group\/accordion\"><summary class=\"flex gap-4 items-center bg-neutral-50 border-x border-t group-last-of-type\/accordion:border-b border-neutral-200 group-open\/accordion:border-primary-300 group-open\/accordion:bg-primary-300 p-3 group-[&amp;:first-of-type]\/accordion:rounded-t group-[&amp;:last-of-type]\/accordion:rounded-b group-open\/accordion:[&amp;:last-of-type]:rounded-b-none text-neutral-600 group-open\/accordion:text-neutral-50 text-lg font-semibold [&amp;&gt;i]:text-[1.5rem] group-open\/accordion:[&amp;&gt;i]:text-neutral-50 [&amp;&gt;i]:text-primary-300 group-open\/accordion:[&amp;&gt;i]:-rotate-180 [&amp;&gt;i]:transition-transform transition-colors cursor-pointer\"><span class=\"grow\">Continuum<\/span><i class=\"ti ti-chevron-down\"><\/i><\/summary><div class=\"space-y-4 p-3 border-x group-[&amp;:last-of-type]\/accordion:border-b border-neutral-200 text-base text-neutral-400 group-[&amp;:last-of-type]\/accordion:rounded-bl group-[&amp;:last-of-type]\/accordion:rounded-br [&amp;_.wp-block-heading+p]:!mt-0\">\n<p>O <strong>Continuum<\/strong> re&uacute;ne dados de produ&ccedil;&atilde;o art&iacute;stica, bibliogr&aacute;fica e t&eacute;cnica dos docentes ativos permanentes da UFMG. <a href=\"http:\/\/150.164.74.39:2020\/pt-br\/indicadores\/gerais\" target=\"_blank\" rel=\"noreferrer noopener\">Saiba mais<\/a>.<\/p>\n<\/div><\/details>\n\n\n<?xml encoding=\"utf-8\"?><details class=\"group\/accordion\"><summary class=\"flex gap-4 items-center bg-neutral-50 border-x border-t group-last-of-type\/accordion:border-b border-neutral-200 group-open\/accordion:border-primary-300 group-open\/accordion:bg-primary-300 p-3 group-[&amp;:first-of-type]\/accordion:rounded-t group-[&amp;:last-of-type]\/accordion:rounded-b group-open\/accordion:[&amp;:last-of-type]:rounded-b-none text-neutral-600 group-open\/accordion:text-neutral-50 text-lg font-semibold [&amp;&gt;i]:text-[1.5rem] group-open\/accordion:[&amp;&gt;i]:text-neutral-50 [&amp;&gt;i]:text-primary-300 group-open\/accordion:[&amp;&gt;i]:-rotate-180 [&amp;&gt;i]:transition-transform transition-colors cursor-pointer\"><span class=\"grow\">Pr&oacute;-reitoria de Pesquisa (PRPq)<\/span><i class=\"ti ti-chevron-down\"><\/i><\/summary><div class=\"space-y-4 p-3 border-x group-[&amp;:last-of-type]\/accordion:border-b border-neutral-200 text-base text-neutral-400 group-[&amp;:last-of-type]\/accordion:rounded-bl group-[&amp;:last-of-type]\/accordion:rounded-br [&amp;_.wp-block-heading+p]:!mt-0\">\n<p>A <strong>Pr&oacute;-reitoria de Pesquisa<\/strong> (PRPq) re&uacute;ne informa&ccedil;&otilde;es sobre produ&ccedil;&atilde;o total, orienta&ccedil;&otilde;es conclu&iacute;das, impacto e visibilidade da pesquisa na Universidade. <a href=\"https:\/\/www.ufmg.br\/prpq\/producao-cientifica\/\" target=\"_blank\" rel=\"noreferrer noopener\">Saiba mais<\/a>.<\/p>\n<\/div><\/details>\n\n\n<?xml encoding=\"utf-8\"?><details class=\"group\/accordion\"><summary class=\"flex gap-4 items-center bg-neutral-50 border-x border-t group-last-of-type\/accordion:border-b border-neutral-200 group-open\/accordion:border-primary-300 group-open\/accordion:bg-primary-300 p-3 group-[&amp;:first-of-type]\/accordion:rounded-t group-[&amp;:last-of-type]\/accordion:rounded-b group-open\/accordion:[&amp;:last-of-type]:rounded-b-none text-neutral-600 group-open\/accordion:text-neutral-50 text-lg font-semibold [&amp;&gt;i]:text-[1.5rem] group-open\/accordion:[&amp;&gt;i]:text-neutral-50 [&amp;&gt;i]:text-primary-300 group-open\/accordion:[&amp;&gt;i]:-rotate-180 [&amp;&gt;i]:transition-transform transition-colors cursor-pointer\"><span class=\"grow\">UFMG em N&uacute;meros<\/span><i class=\"ti ti-chevron-down\"><\/i><\/summary><div class=\"space-y-4 p-3 border-x group-[&amp;:last-of-type]\/accordion:border-b border-neutral-200 text-base text-neutral-400 group-[&amp;:last-of-type]\/accordion:rounded-bl group-[&amp;:last-of-type]\/accordion:rounded-br [&amp;_.wp-block-heading+p]:!mt-0\">\n<p>O <strong>Escrit&oacute;rio de Governan&ccedil;a de Dados Institucionais<\/strong> (EGDI) re&uacute;ne informa&ccedil;&otilde;es sobre projetos e grupos de pesquisa, patentes e bolsas de produtividade. <a href=\"https:\/\/www.ufmg.br\/egdi\/\" target=\"_blank\" rel=\"noreferrer noopener\">Saiba mais<\/a>. <\/p>\n<\/div><\/details>\n<\/div>\n\n\n\n<h2 class=\"wp-block-heading\">Indicadores por Unidade<\/h2>\n\n\n\n<p>Os indicadores de produ\u00e7\u00e3o cient\u00edfica podem ser consultadas por Unidade de Ensino da UFMG. Confira: <\/p>\n\n\n<?xml encoding=\"utf-8\"?><ul class=\"wp-block-ufmg-hub-links [&amp;&gt;li_a]:flex [&amp;&gt;li_a]:items-center [&amp;&gt;li_a]:justify-between [&amp;&gt;li_a]:bg-neutral-50 [&amp;&gt;li_a]:px-4 [&amp;&gt;li_a]:py-3 md:[&amp;&gt;li_a]:py-5 [&amp;&gt;li_a]:border-b [&amp;&gt;li_a]:border-b-neutral-200 [&amp;&gt;li_a]:text-primary-300 [&amp;&gt;li_a]:text-base md:[&amp;&gt;li_a]:text-lg [&amp;&gt;li_a]:font-lexend [&amp;&gt;li_a]:font-medium [&amp;&gt;li_a]:transition-colors [&amp;&gt;li_a&gt;i]:text-[1rem] md:[&amp;&gt;li_a&gt;i]:text-[1.5rem] hover:[&amp;&gt;li_a]:bg-neutral-100 hover:[&amp;&gt;li_a]:border-b-primary-300\"><li class=\" wp-block-navigation-item wp-block-navigation-link\"><a class=\"wp-block-navigation-item__content\" href=\"http:\/\/somos.ufmg.br\/unidades_academicas\/view\/21\" target=\"_blank\"><span class=\"wp-block-navigation-item__label\">Centro Pedag&oacute;gico (CP) <\/span><i class=\"ti ti-chevron-right\"><\/i><\/a><\/li>\n\n<li class=\" wp-block-navigation-item wp-block-navigation-link\"><a class=\"wp-block-navigation-item__content\" href=\"https:\/\/somos.ufmg.br\/unidade\/coltec\" target=\"_blank\"><span class=\"wp-block-navigation-item__label\">Col&eacute;gio T&eacute;cnico (Coltec)<\/span><i class=\"ti ti-chevron-right\"><\/i><\/a><\/li>\n\n<li class=\" wp-block-navigation-item wp-block-navigation-link\"><a class=\"wp-block-navigation-item__content\" href=\"https:\/\/somos.ufmg.br\/unidade\/escola-de-arquitetura\" target=\"_blank\"><span class=\"wp-block-navigation-item__label\">Escola de Arquitetura<\/span><i class=\"ti ti-chevron-right\"><\/i><\/a><\/li>\n\n<li class=\" wp-block-navigation-item wp-block-navigation-link\"><a class=\"wp-block-navigation-item__content\" href=\"https:\/\/somos.ufmg.br\/unidade\/escola-de-belas-artes\" target=\"_blank\"><span class=\"wp-block-navigation-item__label\">Escola de Belas Artes (EBA)<\/span><i class=\"ti ti-chevron-right\"><\/i><\/a><\/li>\n\n<li class=\" wp-block-navigation-item wp-block-navigation-link\"><a class=\"wp-block-navigation-item__content\" href=\"https:\/\/somos.ufmg.br\/unidade\/escola-de-ciencia-da-informacao\" target=\"_blank\"><span class=\"wp-block-navigation-item__label\">Escola de Ci&ecirc;ncia da Informa&ccedil;&atilde;o (ECI)<\/span><i class=\"ti ti-chevron-right\"><\/i><\/a><\/li>\n\n<li class=\" wp-block-navigation-item wp-block-navigation-link\"><a class=\"wp-block-navigation-item__content\" href=\"https:\/\/somos.ufmg.br\/unidade\/escola-de-educacao-fisica-fisioterapia-e-terapia-ocupacional\" target=\"_blank\"><span class=\"wp-block-navigation-item__label\">Escola de Educa&ccedil;&atilde;o F&iacute;sica, Fisioterapia e Terapia Ocupacional (EEFFTO)<\/span><i class=\"ti ti-chevron-right\"><\/i><\/a><\/li>\n\n<li class=\" wp-block-navigation-item wp-block-navigation-link\"><a class=\"wp-block-navigation-item__content\" href=\"https:\/\/somos.ufmg.br\/unidade\/escola-de-enfermagem\" target=\"_blank\"><span class=\"wp-block-navigation-item__label\">Escola de Enfermagem<\/span><i class=\"ti ti-chevron-right\"><\/i><\/a><\/li>\n\n<li class=\" wp-block-navigation-item wp-block-navigation-link\"><a class=\"wp-block-navigation-item__content\" href=\"https:\/\/somos.ufmg.br\/unidade\/escola-de-engenharia\" target=\"_blank\"><span class=\"wp-block-navigation-item__label\">Escola de Engenharia<\/span><i class=\"ti ti-chevron-right\"><\/i><\/a><\/li>\n\n<li class=\" wp-block-navigation-item wp-block-navigation-link\"><a class=\"wp-block-navigation-item__content\" href=\"https:\/\/somos.ufmg.br\/unidade\/escola-de-musica\" target=\"_blank\"><span class=\"wp-block-navigation-item__label\">Escola de M&uacute;sica<\/span><i class=\"ti ti-chevron-right\"><\/i><\/a><\/li>\n\n<li class=\" wp-block-navigation-item wp-block-navigation-link\"><a class=\"wp-block-navigation-item__content\" href=\"https:\/\/somos.ufmg.br\/unidade\/escola-de-veterinaria\" target=\"_blank\"><span class=\"wp-block-navigation-item__label\">Escola de Veterin&aacute;ria<\/span><i class=\"ti ti-chevron-right\"><\/i><\/a><\/li>\n\n<li class=\" wp-block-navigation-item wp-block-navigation-link\"><a class=\"wp-block-navigation-item__content\" href=\"https:\/\/somos.ufmg.br\/unidade\/faculdade-de-ciencias-economicas\" target=\"_blank\"><span class=\"wp-block-navigation-item__label\">Faculdade de Ci&ecirc;ncias Econ&ocirc;micas (Face)<\/span><i class=\"ti ti-chevron-right\"><\/i><\/a><\/li>\n\n<li class=\" wp-block-navigation-item wp-block-navigation-link\"><a class=\"wp-block-navigation-item__content\" href=\"https:\/\/somos.ufmg.br\/unidade\/faculdade-de-direito\" target=\"_blank\"><span class=\"wp-block-navigation-item__label\">Faculdade de Direito<\/span><i class=\"ti ti-chevron-right\"><\/i><\/a><\/li>\n\n<li class=\" wp-block-navigation-item wp-block-navigation-link\"><a class=\"wp-block-navigation-item__content\" href=\"https:\/\/somos.ufmg.br\/unidade\/faculdade-de-educacao\" target=\"_blank\"><span class=\"wp-block-navigation-item__label\">Faculdade de Educa&ccedil;&atilde;o (FaE)<\/span><i class=\"ti ti-chevron-right\"><\/i><\/a><\/li>\n\n<li class=\" wp-block-navigation-item wp-block-navigation-link\"><a class=\"wp-block-navigation-item__content\" href=\"https:\/\/somos.ufmg.br\/unidade\/faculdade-de-farmacia\" target=\"_blank\"><span class=\"wp-block-navigation-item__label\">Faculdade de Farm&aacute;cia (Fafar)<\/span><i class=\"ti ti-chevron-right\"><\/i><\/a><\/li>\n\n<li class=\" wp-block-navigation-item wp-block-navigation-link\"><a class=\"wp-block-navigation-item__content\" href=\"https:\/\/somos.ufmg.br\/unidade\/faculdade-de-filosofia-e-ciencias-humanas\" target=\"_blank\"><span class=\"wp-block-navigation-item__label\">Faculdade de Filosofia e Ci&ecirc;ncias Humanas (Fafich)<\/span><i class=\"ti ti-chevron-right\"><\/i><\/a><\/li>\n\n<li class=\" wp-block-navigation-item wp-block-navigation-link\"><a class=\"wp-block-navigation-item__content\" href=\"https:\/\/somos.ufmg.br\/unidade\/faculdade-de-letras\" target=\"_blank\"><span class=\"wp-block-navigation-item__label\">Faculdade de Letras (Fale)<\/span><i class=\"ti ti-chevron-right\"><\/i><\/a><\/li>\n\n<li class=\" wp-block-navigation-item wp-block-navigation-link\"><a class=\"wp-block-navigation-item__content\" href=\"https:\/\/somos.ufmg.br\/unidade\/faculdade-de-medicina\" target=\"_blank\"><span class=\"wp-block-navigation-item__label\">Faculdade de Medicina<\/span><i class=\"ti ti-chevron-right\"><\/i><\/a><\/li>\n\n<li class=\" wp-block-navigation-item wp-block-navigation-link\"><a class=\"wp-block-navigation-item__content\" href=\"https:\/\/somos.ufmg.br\/unidade\/faculdade-de-odontologia\" target=\"_blank\"><span class=\"wp-block-navigation-item__label\">Faculdade de Odontologia (FAO)<\/span><i class=\"ti ti-chevron-right\"><\/i><\/a><\/li>\n\n<li class=\" wp-block-navigation-item wp-block-navigation-link\"><a class=\"wp-block-navigation-item__content\" href=\"https:\/\/somos.ufmg.br\/unidade\/instituto-de-ciencias-agrarias\" target=\"_blank\"><span class=\"wp-block-navigation-item__label\">Instituto de Ci&ecirc;ncias Agr&aacute;rias (ICA)<\/span><i class=\"ti ti-chevron-right\"><\/i><\/a><\/li>\n\n<li class=\" wp-block-navigation-item wp-block-navigation-link\"><a class=\"wp-block-navigation-item__content\" href=\"https:\/\/somos.ufmg.br\/unidade\/instituto-de-ciencias-biologicas\" target=\"_blank\"><span class=\"wp-block-navigation-item__label\">Instituto de Ci&ecirc;ncias Biol&oacute;gicas (ICB)<\/span><i class=\"ti ti-chevron-right\"><\/i><\/a><\/li>\n\n<li class=\" wp-block-navigation-item wp-block-navigation-link\"><a class=\"wp-block-navigation-item__content\" href=\"https:\/\/somos.ufmg.br\/unidade\/instituto-de-ciencias-exatas\" target=\"_blank\"><span class=\"wp-block-navigation-item__label\">Instituto de Ci&ecirc;ncias Exatas (Icex)<\/span><i class=\"ti ti-chevron-right\"><\/i><\/a><\/li>\n\n<li class=\" wp-block-navigation-item wp-block-navigation-link\"><a class=\"wp-block-navigation-item__content\" href=\"https:\/\/somos.ufmg.br\/unidade\/instituto-de-geociencias\" target=\"_blank\"><span class=\"wp-block-navigation-item__label\">Instituto de Geoci&ecirc;ncias (IGC)<\/span><i class=\"ti ti-chevron-right\"><\/i><\/a><\/li>\n\n<li class=\" wp-block-navigation-item wp-block-navigation-link\"><a class=\"wp-block-navigation-item__content\" href=\"https:\/\/somos.ufmg.br\/unidade\/teatro-universitario\" target=\"_blank\"><span class=\"wp-block-navigation-item__label\">Teatro Universit&aacute;rio (TU)<\/span><i class=\"ti ti-chevron-right\"><\/i><\/a><\/li><\/ul>\n\n\n\n<p><\/p>\n","protected":false},"excerpt":{"rendered":"<p>O panorama de pesquisa na UFMG pode ser mapeado com base na compila\u00e7\u00e3o e organiza\u00e7\u00e3o de informa\u00e7\u00f5es reunidas em bases de dados da Universidade e de \u00f3rg\u00e3os governamentais e privados. O mapeamento desses dados permitem a constru\u00e7\u00e3o de reposit\u00f3rios consistentes e a automatiza\u00e7\u00e3o da obten\u00e7\u00e3o e disponibiliza\u00e7\u00e3o dos indicadores. Os indicadores de produ\u00e7\u00e3o cient\u00edfica s\u00e3o [&hellip;]<\/p>\n","protected":false},"author":1,"featured_media":0,"parent":8827,"menu_order":0,"comment_status":"closed","ping_status":"closed","template":"","meta":{"_acf_changed":false,"footnotes":""},"class_list":["post-3808","page","type-page","status-publish","hentry"],"acf":[],"_links":{"self":[{"href":"http:\/\/150.164.63.212:9000\/portal-novo-test\/wp-json\/wp\/v2\/pages\/3808","targetHints":{"allow":["GET"]}}],"collection":[{"href":"http:\/\/150.164.63.212:9000\/portal-novo-test\/wp-json\/wp\/v2\/pages"}],"about":[{"href":"http:\/\/150.164.63.212:9000\/portal-novo-test\/wp-json\/wp\/v2\/types\/page"}],"author":[{"embeddable":true,"href":"http:\/\/150.164.63.212:9000\/portal-novo-test\/wp-json\/wp\/v2\/users\/1"}],"replies":[{"embeddable":true,"href":"http:\/\/150.164.63.212:9000\/portal-novo-test\/wp-json\/wp\/v2\/comments?post=3808"}],"version-history":[{"count":0,"href":"http:\/\/150.164.63.212:9000\/portal-novo-test\/wp-json\/wp\/v2\/pages\/3808\/revisions"}],"up":[{"embeddable":true,"href":"http:\/\/150.164.63.212:9000\/portal-novo-test\/wp-json\/wp\/v2\/pages\/8827"}],"wp:attachment":[{"href":"http:\/\/150.164.63.212:9000\/portal-novo-test\/wp-json\/wp\/v2\/media?parent=3808"}],"curies":[{"name":"wp","href":"https:\/\/api.w.org\/{rel}","templated":true}]}}