{"id":3809,"date":"2025-09-12T08:54:18","date_gmt":"2025-09-12T11:54:18","guid":{"rendered":"http:\/\/150.164.63.212:9000\/portal-novo-test\/?page_id=3809"},"modified":"2025-10-31T10:30:00","modified_gmt":"2025-10-31T13:30:00","slug":"educacao-a-distancia","status":"publish","type":"page","link":"http:\/\/150.164.63.212:9000\/portal-novo-test\/cursos\/estude-na-ufmg\/educacao-a-distancia\/","title":{"rendered":"Educa\u00e7\u00e3o a Dist\u00e2ncia"},"content":{"rendered":"\n<p>A Universidade Federal de Minas Gerais (UFMG) oferta cursos a dist\u00e2ncia por meio da <a href=\"https:\/\/www.ufmg.br\/dedd\/\" target=\"_blank\" rel=\"noreferrer noopener\">Diretoria de Educa\u00e7\u00e3o a Dist\u00e2ncia e Educa\u00e7\u00e3o Digital<\/a> (DEDD\/UFMG), viabilizados pelo Sistema <a href=\"https:\/\/www.gov.br\/capes\/pt-br\/acesso-a-informacao\/acoes-e-programas\/educacao-a-distancia\/universidade-aberta-do-brasil\" target=\"_blank\" rel=\"noreferrer noopener\">Universidade Aberta do Brasil<\/a> (UAB),&nbsp;programa de fomento \u00e0 educa\u00e7\u00e3o a dist\u00e2ncia da <a href=\"https:\/\/www.gov.br\/capes\/pt-br\" target=\"_blank\" rel=\"noreferrer noopener\">Coordena\u00e7\u00e3o de Aperfei\u00e7oamento de Pessoal de N\u00edvel Superior<\/a> (CAPES).&nbsp; <strong>Nenhum<\/strong> dos cursos de <strong>gradua\u00e7\u00e3o e especializa\u00e7\u00e3o<\/strong> ofertados pela UFMG no \u00e2mbito da UAB\/CAPES \u00e9 totalmente a dist\u00e2ncia: todos contam com <a href=\"https:\/\/www.ufmg.br\/dedd\/ensino\/polos\/\" target=\"_blank\" rel=\"noreferrer noopener\">encontros presenciais nos polos de apoio<\/a> localizados em diferentes cidades de Minas Gerais.<\/p>\n\n\n\n<p>Os cursos s\u00e3o disponibilizados mediante editais publicados no <a href=\"https:\/\/www.ufmg.br\/dedd\/ensino\/cursos\/\" target=\"_blank\" rel=\"noreferrer noopener\">site da Diretoria<\/a> e s\u00e3o, via de regra, gratuitos. Alguns processos seletivos podem cobrar taxa de inscri\u00e7\u00e3o.&nbsp;Os custos com envios de documentos para inscri\u00e7\u00f5es e\/ou matr\u00edculas e os gastos com deslocamentos at\u00e9 os polos de apoio ser\u00e3o arcados pelos interessados.<\/p>\n\n\n\n<div class=\"wp-block-ufmg-cards grid grid-cols-1 lg:grid-cols-cards gap-8\">\n\t<div class=\"flex flex-col gap-6 p-6 md:py-8 border border-neutral-200 rounded-lg\">\n\n\t\t\t\t\t<h2 class=\"pl-2 border-l-2 border-l-primary-400 text-neutral-600 text-xl md:text-2xl font-semibold\">\n\t\t\t\tFormas de ingresso\t\t\t<\/h2>\n\t\t\n\t\t\t\t\t<p class=\"flex-1 text-base md:text-lg text-neutral-500\">\n\t\t\t\tConhe\u00e7a as formas de ingessar nos cursos a dist\u00e2ncia da UFMG.\t\t\t<\/p>\n\t\t\n\t\t\t\t\t<a href=\"http:\/\/150.164.63.212:9000\/portal-novo-test\/cursos\/formas-de-ingresso\/ingresso-em-educacao-a-distancia\/\" target=\"_blank\" rel=\"noopener noreferrer\"\t\t\t\tclass=\"w-fit ml-auto flex items-center gap-4 text-primary-300 font-lexend font-medium text-base md:text-lg\">\n\t\t\t\tAcesse aqui\t\t\t\t<i class=\"ti ti-chevron-right text-[1rem] md:text-[1.25rem]\"><\/i>\n\t\t\t<\/a>\n\t\t\t<\/div>\n\n\n\n\t<div class=\"flex flex-col gap-6 p-6 md:py-8 border border-neutral-200 rounded-lg\">\n\n\t\t\t\t\t<h2 class=\"pl-2 border-l-2 border-l-primary-400 text-neutral-600 text-xl md:text-2xl font-semibold\">\n\t\t\t\tCursos\t\t\t<\/h2>\n\t\t\n\t\t\t\t\t<p class=\"flex-1 text-base md:text-lg text-neutral-500\">\n\t\t\t\tConhe\u00e7a os cursos ofertados pela UFMG.\t\t\t<\/p>\n\t\t\n\t\t\t\t\t<a href=\"http:\/\/150.164.63.212:9000\/portal-novo-test\/cursos\/\" target=\"_blank\" rel=\"noopener noreferrer\"\t\t\t\tclass=\"w-fit ml-auto flex items-center gap-4 text-primary-300 font-lexend font-medium text-base md:text-lg\">\n\t\t\t\tAcesse aqui\t\t\t\t<i class=\"ti ti-chevron-right text-[1rem] md:text-[1.25rem]\"><\/i>\n\t\t\t<\/a>\n\t\t\t<\/div>\n<\/div>\n\n\n\n<div class=\"wp-block-ufmg-details-group\"><?xml encoding=\"utf-8\"?><details class=\"group\/accordion\"><summary class=\"flex gap-4 items-center bg-neutral-50 border-x border-t group-last-of-type\/accordion:border-b border-neutral-200 group-open\/accordion:border-primary-300 group-open\/accordion:bg-primary-300 p-3 group-[&amp;:first-of-type]\/accordion:rounded-t group-[&amp;:last-of-type]\/accordion:rounded-b group-open\/accordion:[&amp;:last-of-type]:rounded-b-none text-neutral-600 group-open\/accordion:text-neutral-50 text-lg font-semibold [&amp;&gt;i]:text-[1.5rem] group-open\/accordion:[&amp;&gt;i]:text-neutral-50 [&amp;&gt;i]:text-primary-300 group-open\/accordion:[&amp;&gt;i]:-rotate-180 [&amp;&gt;i]:transition-transform transition-colors cursor-pointer\"><span class=\"grow\">Cursos de Gradua&ccedil;&atilde;o<\/span><i class=\"ti ti-chevron-down\"><\/i><\/summary><div class=\"space-y-4 p-3 border-x group-[&amp;:last-of-type]\/accordion:border-b border-neutral-200 text-base text-neutral-400 group-[&amp;:last-of-type]\/accordion:rounded-bl group-[&amp;:last-of-type]\/accordion:rounded-br [&amp;_.wp-block-heading+p]:!mt-0\">\n<p>Os cursos de gradua&ccedil;&atilde;o a dist&acirc;ncia oferecidos pela DEDD s&atilde;o <strong>semipresenciais<\/strong> e sua oferta decorre de demandas espec&iacute;ficas da CAPES. Normalmente, os cursos s&atilde;o vinculados &agrave;s&nbsp;unidades acad&ecirc;micas respons&aacute;veis pelas &aacute;reas de conhecimento&nbsp;e coordenados por docentes dessas respectivas unidades e os encontros presenciais acontecem nos <a href=\"https:\/\/www.ufmg.br\/dedd\/ensino\/polos\/\" target=\"_blank\" rel=\"noreferrer noopener\">polos de apoio<\/a>. Para curs&aacute;-los &eacute; necess&aacute;rio possuir ensino m&eacute;dio completo e ser aprovado em processo seletivo espec&iacute;fico, regido por edital.<\/p>\n\n\n\n<p>Para mais informa&ccedil;&otilde;es, acesse o site da <a href=\"https:\/\/www.ufmg.br\/dedd\/\" target=\"_blank\" rel=\"noreferrer noopener\">Diretoria de Educa&ccedil;&atilde;o a Dist&acirc;ncia e Educa&ccedil;&atilde;o Digital<\/a> (DEDD).<\/p>\n<\/div><\/details>\n\n\n<?xml encoding=\"utf-8\"?><details class=\"group\/accordion\"><summary class=\"flex gap-4 items-center bg-neutral-50 border-x border-t group-last-of-type\/accordion:border-b border-neutral-200 group-open\/accordion:border-primary-300 group-open\/accordion:bg-primary-300 p-3 group-[&amp;:first-of-type]\/accordion:rounded-t group-[&amp;:last-of-type]\/accordion:rounded-b group-open\/accordion:[&amp;:last-of-type]:rounded-b-none text-neutral-600 group-open\/accordion:text-neutral-50 text-lg font-semibold [&amp;&gt;i]:text-[1.5rem] group-open\/accordion:[&amp;&gt;i]:text-neutral-50 [&amp;&gt;i]:text-primary-300 group-open\/accordion:[&amp;&gt;i]:-rotate-180 [&amp;&gt;i]:transition-transform transition-colors cursor-pointer\"><span class=\"grow\">Cursos de Especializa&ccedil;&atilde;o<\/span><i class=\"ti ti-chevron-down\"><\/i><\/summary><div class=\"space-y-4 p-3 border-x group-[&amp;:last-of-type]\/accordion:border-b border-neutral-200 text-base text-neutral-400 group-[&amp;:last-of-type]\/accordion:rounded-bl group-[&amp;:last-of-type]\/accordion:rounded-br [&amp;_.wp-block-heading+p]:!mt-0\">\n<p>A DEDD oferta cursos de especializa&ccedil;&atilde;o <em>lato sensu<\/em>, cujo o objetivo &eacute; complementar a forma&ccedil;&atilde;o acad&ecirc;mica, conforme a <a href=\"https:\/\/www.planalto.gov.br\/ccivil_03\/leis\/l9394.htm\" target=\"_blank\" rel=\"noreferrer noopener\">Lei n&ordm;9394\/1996<\/a>. As especializa&ccedil;&otilde;es possuem a carga hor&aacute;ria de, no m&iacute;nimo, 360 horas e o ingresso se d&aacute; mediante processos seletivos pr&oacute;prios. Os cursos de especializa&ccedil;&atilde;o s&atilde;o semipresenciais, com encontros presenciais nos <a href=\"https:\/\/www.ufmg.br\/dedd\/ensino\/polos\/\" target=\"_blank\" rel=\"noreferrer noopener\">polos de apoio<\/a>.<\/p>\n\n\n\n<ul class=\"wp-block-list\">\n<li>Alfabetiza&ccedil;&atilde;o e Letramento<\/li>\n\n\n\n<li>Educa&ccedil;&atilde;o em Ci&ecirc;ncias<\/li>\n\n\n\n<li>Educa&ccedil;&atilde;o Especial<\/li>\n\n\n\n<li>Ensino de Artes Visuais e Tecnologias Contempor&acirc;neas<\/li>\n\n\n\n<li>Geoprocessamento Aplicado &agrave; Gest&atilde;o P&uacute;blica Territorial <\/li>\n\n\n\n<li>Gest&atilde;o Escolar<\/li>\n<\/ul>\n\n\n\n<p>Para mais informa&ccedil;&otilde;es, acesse o site da <a href=\"https:\/\/www.ufmg.br\/dedd\/\" target=\"_blank\" rel=\"noreferrer noopener\">Diretoria de Educa&ccedil;&atilde;o a Dist&acirc;ncia e Educa&ccedil;&atilde;o Digital<\/a> (DEDD).<\/p>\n<\/div><\/details>\n\n\n<?xml encoding=\"utf-8\"?><details class=\"group\/accordion\"><summary class=\"flex gap-4 items-center bg-neutral-50 border-x border-t group-last-of-type\/accordion:border-b border-neutral-200 group-open\/accordion:border-primary-300 group-open\/accordion:bg-primary-300 p-3 group-[&amp;:first-of-type]\/accordion:rounded-t group-[&amp;:last-of-type]\/accordion:rounded-b group-open\/accordion:[&amp;:last-of-type]:rounded-b-none text-neutral-600 group-open\/accordion:text-neutral-50 text-lg font-semibold [&amp;&gt;i]:text-[1.5rem] group-open\/accordion:[&amp;&gt;i]:text-neutral-50 [&amp;&gt;i]:text-primary-300 group-open\/accordion:[&amp;&gt;i]:-rotate-180 [&amp;&gt;i]:transition-transform transition-colors cursor-pointer\"><span class=\"grow\">Cursos de Extens&atilde;o<\/span><i class=\"ti ti-chevron-down\"><\/i><\/summary><div class=\"space-y-4 p-3 border-x group-[&amp;:last-of-type]\/accordion:border-b border-neutral-200 text-base text-neutral-400 group-[&amp;:last-of-type]\/accordion:rounded-bl group-[&amp;:last-of-type]\/accordion:rounded-br [&amp;_.wp-block-heading+p]:!mt-0\">\n<p>Os crusos de extens&atilde;o da DEDD s&atilde;o 100% remotos, ofertados semestralmente &agrave; sociedade e n&atilde;o possuem pr&eacute;-requisitos quanto &agrave; forma&ccedil;&atilde;o acad&ecirc;mica para curs&aacute;-los. Al&eacute;m disso, os cursos n&atilde;o possuem carga hor&aacute;ria m&iacute;nima e a sele&ccedil;&atilde;o se d&aacute; mediante editais espec&iacute;ficos.<\/p>\n\n\n\n<ul class=\"wp-block-list\">\n<li>Cidadania Digital&ndash; 30 horas<\/li>\n\n\n\n<li>Fundamentos da Educa&ccedil;&atilde;o Digital&ndash; 30 horas<\/li>\n\n\n\n<li>Intelig&ecirc;ncia Artificial no Ensino: Ferramentas e Estrat&eacute;gias para Professores &ndash; 30 horas<\/li>\n\n\n\n<li>Introdu&ccedil;&atilde;o &agrave; Acessibilidade na EaD&ndash; 15 horas<\/li>\n\n\n\n<li>Introdu&ccedil;&atilde;o &agrave; Audiodescri&ccedil;&atilde;o em Sala de Aula&ndash; 20 horas<\/li>\n\n\n\n<li>Introdu&ccedil;&atilde;o &agrave; Educa&ccedil;&atilde;o a Dist&acirc;ncia&ndash; 15 horas<\/li>\n\n\n\n<li>Introdu&ccedil;&atilde;o &agrave; Tutoria na EAD &ndash;  30 horas<\/li>\n\n\n\n<li>Introdu&ccedil;&atilde;o &agrave; Webconfer&ecirc;ncia&ndash; 15 horas<\/li>\n\n\n\n<li>Letramento Digital&ndash; 30 horas<\/li>\n\n\n\n<li>No&ccedil;&otilde;es B&aacute;sicas de Direitos Autorais&ndash; 15 horas<\/li>\n<\/ul>\n\n\n\n<p>Para mais informa&ccedil;&otilde;es, acesse o site da <a href=\"https:\/\/www.ufmg.br\/dedd\/\" target=\"_blank\" rel=\"noreferrer noopener\">Diretoria de Educa&ccedil;&atilde;o a Dist&acirc;ncia e Educa&ccedil;&atilde;o Digital<\/a> (DEDD).<\/p>\n<\/div><\/details>\n\n\n<?xml encoding=\"utf-8\"?><details class=\"group\/accordion\"><summary class=\"flex gap-4 items-center bg-neutral-50 border-x border-t group-last-of-type\/accordion:border-b border-neutral-200 group-open\/accordion:border-primary-300 group-open\/accordion:bg-primary-300 p-3 group-[&amp;:first-of-type]\/accordion:rounded-t group-[&amp;:last-of-type]\/accordion:rounded-b group-open\/accordion:[&amp;:last-of-type]:rounded-b-none text-neutral-600 group-open\/accordion:text-neutral-50 text-lg font-semibold [&amp;&gt;i]:text-[1.5rem] group-open\/accordion:[&amp;&gt;i]:text-neutral-50 [&amp;&gt;i]:text-primary-300 group-open\/accordion:[&amp;&gt;i]:-rotate-180 [&amp;&gt;i]:transition-transform transition-colors cursor-pointer\"><span class=\"grow\">Cursos de Ver&atilde;o e de Inverno<\/span><i class=\"ti ti-chevron-down\"><\/i><\/summary><div class=\"space-y-4 p-3 border-x group-[&amp;:last-of-type]\/accordion:border-b border-neutral-200 text-base text-neutral-400 group-[&amp;:last-of-type]\/accordion:rounded-bl group-[&amp;:last-of-type]\/accordion:rounded-br [&amp;_.wp-block-heading+p]:!mt-0\">\n<p>A DEDD oferece cursos de ver&atilde;o e inverno <strong>presenciais<\/strong> e <strong>exclusivos para os docentes da Universidade<\/strong>, realizados no <a href=\"https:\/\/www.youtube.com\/watch?v=RVX_JlO96cY\" target=\"_blank\" rel=\"noreferrer noopener\">Laborat&oacute;rio de Educa&ccedil;&atilde;o Digital<\/a> (LED) que est&aacute; localizado na sede da DEDD &ndash; Unidade Administrativa III, sala 118, campus Pampulha. As inscri&ccedil;&otilde;es podem ser feitas atrav&eacute;s de forumul&aacute;rio disponibilizado no site da Diretoria.<\/p>\n\n\n\n<ul class=\"wp-block-list\">\n<li>Design e Cria&ccedil;&atilde;o de Materiais Did&aacute;ticos Interativos no Moodle &ndash; 15 horas<\/li>\n\n\n\n<li>Cria&ccedil;&atilde;o e Edi&ccedil;&atilde;o de Conte&uacute;dos Multim&iacute;dia: Videoaulas e Podcasts &ndash; 15 horas<\/li>\n\n\n\n<li>Explorando o Moodle: Recursos e Estrat&eacute;gias para Potencializar suas Disciplinas &ndash; 15 horas<\/li>\n\n\n\n<li>Monte sua disciplina: Configura&ccedil;&otilde;es B&aacute;sicas no Moodle &ndash; 15 horas<\/li>\n\n\n\n<li>Fotografia e Divulga&ccedil;&atilde;o Cient&iacute;fica &ndash; 15 horas<\/li>\n\n\n\n<li>Capta&ccedil;&atilde;o de &aacute;udio para produ&ccedil;&atilde;o de v&iacute;deos educacionais &ndash; 15 horas<\/li>\n\n\n\n<li>Intelig&ecirc;ncia Artificial na Educa&ccedil;&atilde;o: Ferramentas e Estrat&eacute;gias para Professores &ndash; 15 horas<\/li>\n<\/ul>\n\n\n\n<p>Para mais informa&ccedil;&otilde;es, acesse o site da <a href=\"https:\/\/www.ufmg.br\/dedd\/\" target=\"_blank\" rel=\"noreferrer noopener\">Diretoria de Educa&ccedil;&atilde;o a Dist&acirc;ncia e Educa&ccedil;&atilde;o Digital<\/a> (DEDD).<\/p>\n<\/div><\/details>\n<\/div>\n\n\n\n<p>Para mais informa\u00e7\u00f5es sobre o ensino a distancia, acesse o site da <a href=\"https:\/\/www.ufmg.br\/dedd\/\" target=\"_blank\" rel=\"noreferrer noopener\">&nbsp;Diretoria de Educa\u00e7\u00e3o a Dist\u00e2ncia e Educa\u00e7\u00e3o Digital<\/a> (DEED).<\/p>\n","protected":false},"excerpt":{"rendered":"<p>A Universidade Federal de Minas Gerais (UFMG) oferta cursos a dist\u00e2ncia por meio da Diretoria de Educa\u00e7\u00e3o a Dist\u00e2ncia e Educa\u00e7\u00e3o Digital (DEDD\/UFMG), viabilizados pelo Sistema Universidade Aberta do Brasil (UAB),&nbsp;programa de fomento \u00e0 educa\u00e7\u00e3o a dist\u00e2ncia da Coordena\u00e7\u00e3o de Aperfei\u00e7oamento de Pessoal de N\u00edvel Superior (CAPES).&nbsp; Nenhum dos cursos de gradua\u00e7\u00e3o e especializa\u00e7\u00e3o ofertados [&hellip;]<\/p>\n","protected":false},"author":1,"featured_media":0,"parent":6756,"menu_order":0,"comment_status":"closed","ping_status":"closed","template":"","meta":{"_acf_changed":false,"footnotes":""},"class_list":["post-3809","page","type-page","status-publish","hentry"],"acf":[],"_links":{"self":[{"href":"http:\/\/150.164.63.212:9000\/portal-novo-test\/wp-json\/wp\/v2\/pages\/3809","targetHints":{"allow":["GET"]}}],"collection":[{"href":"http:\/\/150.164.63.212:9000\/portal-novo-test\/wp-json\/wp\/v2\/pages"}],"about":[{"href":"http:\/\/150.164.63.212:9000\/portal-novo-test\/wp-json\/wp\/v2\/types\/page"}],"author":[{"embeddable":true,"href":"http:\/\/150.164.63.212:9000\/portal-novo-test\/wp-json\/wp\/v2\/users\/1"}],"replies":[{"embeddable":true,"href":"http:\/\/150.164.63.212:9000\/portal-novo-test\/wp-json\/wp\/v2\/comments?post=3809"}],"version-history":[{"count":0,"href":"http:\/\/150.164.63.212:9000\/portal-novo-test\/wp-json\/wp\/v2\/pages\/3809\/revisions"}],"up":[{"embeddable":true,"href":"http:\/\/150.164.63.212:9000\/portal-novo-test\/wp-json\/wp\/v2\/pages\/6756"}],"wp:attachment":[{"href":"http:\/\/150.164.63.212:9000\/portal-novo-test\/wp-json\/wp\/v2\/media?parent=3809"}],"curies":[{"name":"wp","href":"https:\/\/api.w.org\/{rel}","templated":true}]}}