{"id":3810,"date":"2025-09-12T08:53:54","date_gmt":"2025-09-12T11:53:54","guid":{"rendered":"http:\/\/150.164.63.212:9000\/portal-novo-test\/?page_id=3810"},"modified":"2025-10-31T10:27:14","modified_gmt":"2025-10-31T13:27:14","slug":"educacao-basica-e-profissional-ebap","status":"publish","type":"page","link":"http:\/\/150.164.63.212:9000\/portal-novo-test\/cursos\/estude-na-ufmg\/educacao-basica-e-profissional-ebap\/","title":{"rendered":"Educa\u00e7\u00e3o B\u00e1sica e Profissional (Ebap)"},"content":{"rendered":"\n<p>A <a href=\"https:\/\/www.cp.ufmg.br\/ebap\/direcao-da-ebap\/\" target=\"_blank\" rel=\"noreferrer noopener\">Educa\u00e7\u00e3o B\u00e1sica e Profissional<\/a> (Ebap) na Universidade Federal de Minas Gerais visa o ensino junto ao\u00a0desenvolvimento da pesquisa e da extens\u00e3o. As modalidades s\u00e3o oferecidas em tr\u00eas Unidades Especiais: <a href=\"https:\/\/www.cp.ufmg.br\/\" target=\"_blank\" rel=\"noreferrer noopener\">Centro Peda<\/a><a href=\"https:\/\/www.cp.ufmg.br\/\">g\u00f3gico<\/a> (CP), <a href=\"https:\/\/www.coltec.ufmg.br\/coltec-ufmg\/\" target=\"_blank\" rel=\"noreferrer noopener\">Col\u00e9gio T\u00e9cnico<\/a> (Coltec) e <a href=\"https:\/\/www.coltec.ufmg.br\/tu\/#!\/\" target=\"_blank\" rel=\"noreferrer noopener\">Teatro Universit\u00e1rio<\/a> (TU). Os espa\u00e7os tamb\u00e9m s\u00e3o campo de experimenta\u00e7\u00e3o e produd\u00e7\u00e3o te\u00f3rica e metodol\u00f3gica, auxiliando na forma\u00e7\u00e3o de professores, al\u00e9m de possibilitar a efetiva intera\u00e7\u00e3o entre essas formas de ensino e as <a href=\"http:\/\/150.164.63.212:9000\/portal-novo-test\/unidades-academicas\/\" target=\"_blank\" rel=\"noreferrer noopener\">Unidades Acad\u00eamicas da\u00a0UFMG<\/a>.<\/p>\n\n\n\n<div class=\"wp-block-ufmg-details-group\"><?xml encoding=\"utf-8\"?><details class=\"group\/accordion\"><summary class=\"flex gap-4 items-center bg-neutral-50 border-x border-t group-last-of-type\/accordion:border-b border-neutral-200 group-open\/accordion:border-primary-300 group-open\/accordion:bg-primary-300 p-3 group-[&amp;:first-of-type]\/accordion:rounded-t group-[&amp;:last-of-type]\/accordion:rounded-b group-open\/accordion:[&amp;:last-of-type]:rounded-b-none text-neutral-600 group-open\/accordion:text-neutral-50 text-lg font-semibold [&amp;&gt;i]:text-[1.5rem] group-open\/accordion:[&amp;&gt;i]:text-neutral-50 [&amp;&gt;i]:text-primary-300 group-open\/accordion:[&amp;&gt;i]:-rotate-180 [&amp;&gt;i]:transition-transform transition-colors cursor-pointer\"><span class=\"grow\">Ensino Fundamental<\/span><i class=\"ti ti-chevron-down\"><\/i><\/summary><div class=\"space-y-4 p-3 border-x group-[&amp;:last-of-type]\/accordion:border-b border-neutral-200 text-base text-neutral-400 group-[&amp;:last-of-type]\/accordion:rounded-bl group-[&amp;:last-of-type]\/accordion:rounded-br [&amp;_.wp-block-heading+p]:!mt-0\">\n<p>O Centro Pedag&oacute;gico oferta o&nbsp;Ensino Fundamental do 1&ordm; ao 9&ordm; ano dividido em <a href=\"https:\/\/www.cp.ufmg.br\/instancias\/ciclos\/\" target=\"_blank\" rel=\"noreferrer noopener\">tr&ecirc;s Ciclos de Forma&ccedil;&atilde;o Humana<\/a>: Primeiro Ciclo (1&ordm;, 2&ordm; e 3&ordm; anos escolares), Segundo Ciclo (4&ordm;, 5&ordm; e 6&ordm; anos escolares) e Terceiro Ciclo (7&ordm;, 8&ordm; e 9&ordm; anos escolares) no hor&aacute;rio diurno, e tempo integral, de 7h30 &agrave;s 14h30.<\/p>\n\n\n\n<p>As vagas s&atilde;o disponibilizadas mediante processo seletivo, de acordo com edital dispon&iacute;vel no site da <a href=\"https:\/\/www.ufmg.br\/copeve\/site_novo\/\" target=\"_blank\" rel=\"noreferrer noopener\">Comiss&atilde;o Permanente do Vestibular (Copeve)<\/a>.<\/p>\n\n\n\n<p>Mais informa&ccedil;&otilde;es podem ser encontradas no <a href=\"http:\/\/www.cp.ufmg.br\/\" target=\"_blank\" rel=\"noreferrer noopener\">site do Centro Pedag&oacute;gico.<\/a><\/p>\n<\/div><\/details>\n\n\n<?xml encoding=\"utf-8\"?><details class=\"group\/accordion\"><summary class=\"flex gap-4 items-center bg-neutral-50 border-x border-t group-last-of-type\/accordion:border-b border-neutral-200 group-open\/accordion:border-primary-300 group-open\/accordion:bg-primary-300 p-3 group-[&amp;:first-of-type]\/accordion:rounded-t group-[&amp;:last-of-type]\/accordion:rounded-b group-open\/accordion:[&amp;:last-of-type]:rounded-b-none text-neutral-600 group-open\/accordion:text-neutral-50 text-lg font-semibold [&amp;&gt;i]:text-[1.5rem] group-open\/accordion:[&amp;&gt;i]:text-neutral-50 [&amp;&gt;i]:text-primary-300 group-open\/accordion:[&amp;&gt;i]:-rotate-180 [&amp;&gt;i]:transition-transform transition-colors cursor-pointer\"><span class=\"grow\">Educa&ccedil;&atilde;o de Jovens e Adultos (EJA)<\/span><i class=\"ti ti-chevron-down\"><\/i><\/summary><div class=\"space-y-4 p-3 border-x group-[&amp;:last-of-type]\/accordion:border-b border-neutral-200 text-base text-neutral-400 group-[&amp;:last-of-type]\/accordion:rounded-bl group-[&amp;:last-of-type]\/accordion:rounded-br [&amp;_.wp-block-heading+p]:!mt-0\">\n<p>A UFMG, por meio de projetos vinculados ao <a href=\"https:\/\/www.cp.ufmg.br\/instancias\/ciclos\/eja\/\" target=\"_blank\" rel=\"noreferrer noopener\">Programa de Educa&ccedil;&atilde;o B&aacute;sica de Jovens e Adultos<\/a> do Centro Pedag&oacute;gico, oferece oportunidades de estudo para pessoas que possuem mais de 18 anos e n&atilde;o conclu&iacute;ram o ensino m&eacute;dio ou parte do ensino fundamental. O objetivo &eacute; possibilitar a forma&ccedil;&atilde;o desse grupo, qualificar professores para o ensino nessa fase e ampliar as pesquisas e as pr&aacute;ticas pedag&oacute;gicas relativas ao aluno jovem e adulto, dentro da linha de <a href=\"https:\/\/www.ufmg.br\/avaliacaoinstitucional\/cd-rom\/responsabilidade_social.html\" target=\"_blank\" rel=\"noreferrer noopener\">responsabilidade social<\/a> e <a href=\"https:\/\/www2.ufmg.br\/sods\/Sods\/Sobre-a-UFMG\/Regimento-Geral\" target=\"_blank\" rel=\"noreferrer noopener\">pol&iacute;tica<\/a> da Universidade.<\/p>\n\n\n\n<p>Mais informa&ccedil;&otilde;es sobre os projetos podem ser encontradas no <a href=\"https:\/\/www.cp.ufmg.br\/instancias\/ciclos\/eja\/\" target=\"_blank\" rel=\"noreferrer noopener\">site do Centro Pedag&oacute;gico<\/a> e pelo telefone (31) 3409-5187.<\/p>\n<\/div><\/details>\n\n\n<?xml encoding=\"utf-8\"?><details class=\"group\/accordion\"><summary class=\"flex gap-4 items-center bg-neutral-50 border-x border-t group-last-of-type\/accordion:border-b border-neutral-200 group-open\/accordion:border-primary-300 group-open\/accordion:bg-primary-300 p-3 group-[&amp;:first-of-type]\/accordion:rounded-t group-[&amp;:last-of-type]\/accordion:rounded-b group-open\/accordion:[&amp;:last-of-type]:rounded-b-none text-neutral-600 group-open\/accordion:text-neutral-50 text-lg font-semibold [&amp;&gt;i]:text-[1.5rem] group-open\/accordion:[&amp;&gt;i]:text-neutral-50 [&amp;&gt;i]:text-primary-300 group-open\/accordion:[&amp;&gt;i]:-rotate-180 [&amp;&gt;i]:transition-transform transition-colors cursor-pointer\"><span class=\"grow\">Ensino M&eacute;dio com Forma&ccedil;&atilde;o T&eacute;cnica e Profissional<\/span><i class=\"ti ti-chevron-down\"><\/i><\/summary><div class=\"space-y-4 p-3 border-x group-[&amp;:last-of-type]\/accordion:border-b border-neutral-200 text-base text-neutral-400 group-[&amp;:last-of-type]\/accordion:rounded-bl group-[&amp;:last-of-type]\/accordion:rounded-br [&amp;_.wp-block-heading+p]:!mt-0\">\n<p>A Educa&ccedil;&atilde;o Profissional T&eacute;cnica de N&iacute;vel M&eacute;dio &eacute; destinada a pessoas que tenham conclu&iacute;do o Ensino Fundamental e que sejam aprovadas no processo seletivo. Atualmente, o Coltec oferta <a href=\"https:\/\/www.coltec.ufmg.br\/coltec-ufmg\/?page_id=57\" target=\"_blank\" rel=\"noreferrer noopener\">cinco cursos<\/a>: <a href=\"https:\/\/www.coltec.ufmg.br\/coltec-ufmg\/?page_id=59\" target=\"_blank\" rel=\"noreferrer noopener\">An&aacute;lises Cl&iacute;nicas<\/a>; <a href=\"https:\/\/www.coltec.ufmg.br\/coltec-ufmg\/?page_id=61\" target=\"_blank\" rel=\"noreferrer noopener\">Automa&ccedil;&atilde;o Industrial<\/a>; <a href=\"https:\/\/www.coltec.ufmg.br\/coltec-ufmg\/?page_id=65\" target=\"_blank\" rel=\"noreferrer noopener\">Desenvolvimento de Sistemas<\/a>, <a href=\"https:\/\/www.coltec.ufmg.br\/coltec-ufmg\/?page_id=63\" target=\"_blank\" rel=\"noreferrer noopener\">Eletr&ocirc;nica<\/a> e <a href=\"https:\/\/www.coltec.ufmg.br\/coltec-ufmg\/?page_id=67\" target=\"_blank\" rel=\"noreferrer noopener\">Qu&iacute;mica<\/a>.<\/p>\n\n\n\n<p>Os cursos integrados s&atilde;o realizados em turno integral e estruturados em tr&ecirc;s anos, incluindo o est&aacute;gio curricular. Ao final do curso, os estudantes recebem o diploma de t&eacute;cnico em n&iacute;vel m&eacute;dio.<\/p>\n\n\n\n<p>Mais informa&ccedil;&otilde;es podem ser encontradas no <a href=\"https:\/\/www.coltec.ufmg.br\/coltec-ufmg\/\" target=\"_blank\" rel=\"noreferrer noopener\">site do Coltec<\/a> e no <a href=\"https:\/\/site.copeve.ufmg.br\/\" target=\"_blank\" rel=\"noreferrer noopener\">site da Comiss&atilde;o Permanente do Vestibular<\/a>&nbsp;(Copeve).<\/p>\n<\/div><\/details>\n\n\n<?xml encoding=\"utf-8\"?><details class=\"group\/accordion\"><summary class=\"flex gap-4 items-center bg-neutral-50 border-x border-t group-last-of-type\/accordion:border-b border-neutral-200 group-open\/accordion:border-primary-300 group-open\/accordion:bg-primary-300 p-3 group-[&amp;:first-of-type]\/accordion:rounded-t group-[&amp;:last-of-type]\/accordion:rounded-b group-open\/accordion:[&amp;:last-of-type]:rounded-b-none text-neutral-600 group-open\/accordion:text-neutral-50 text-lg font-semibold [&amp;&gt;i]:text-[1.5rem] group-open\/accordion:[&amp;&gt;i]:text-neutral-50 [&amp;&gt;i]:text-primary-300 group-open\/accordion:[&amp;&gt;i]:-rotate-180 [&amp;&gt;i]:transition-transform transition-colors cursor-pointer\"><span class=\"grow\">Cursos Subsequentes<\/span><i class=\"ti ti-chevron-down\"><\/i><\/summary><div class=\"space-y-4 p-3 border-x group-[&amp;:last-of-type]\/accordion:border-b border-neutral-200 text-base text-neutral-400 group-[&amp;:last-of-type]\/accordion:rounded-bl group-[&amp;:last-of-type]\/accordion:rounded-br [&amp;_.wp-block-heading+p]:!mt-0\">\n<p>Os cursos t&eacute;cnicos subsequentes ofertados pelo Col&eacute;gio T&eacute;cnico &ndash;<a href=\"https:\/\/www.coltec.ufmg.br\/coltec-ufmg\/?page_id=844\" target=\"_blank\" rel=\"noreferrer noopener\">T&eacute;cnico em Biotecnologia<\/a>&nbsp;e <a href=\"https:\/\/www.coltec.ufmg.br\/coltec-ufmg\/?page_id=1551\" target=\"_blank\" rel=\"noreferrer noopener\">T&eacute;cnico em Desenvolvimento de Sistemas<\/a> &ndash; e pelo Teatro Universit&aacute;rio &ndash; <a href=\"https:\/\/www.coltec.ufmg.br\/tu\/#!\/\" target=\"_blank\" rel=\"noreferrer noopener\">T&eacute;cnico em Teatro<\/a> &ndash; s&atilde;o forma&ccedil;&otilde;es profissionalizantes oferecidas &agrave;queles que conclu&iacute;rem o ensino m&eacute;dio e forem aprovados nos processos seletivos. As disciplinas dos cursos subsequentes est&atilde;o organizadas em m&oacute;dulos que acontecem semestralmente.<\/p>\n\n\n\n<p>Mais informa&ccedil;&otilde;es sobre os processos seletivos podem ser encontradas no <a href=\"https:\/\/site.copeve.ufmg.br\/\" target=\"_blank\" rel=\"noreferrer noopener\">site da Comiss&atilde;o Permanente do Vestibular<\/a> (Copeve).<\/p>\n\n\n\n<p>Acesse o site do <a href=\"https:\/\/www.coltec.ufmg.br\/coltec-ufmg\/\" target=\"_blank\" rel=\"noreferrer noopener\">Col&eacute;gio T&eacute;cnico<\/a> (Coltec)<br>Acesse o site do <a href=\"https:\/\/www.coltec.ufmg.br\/tu\/#!\/\" target=\"_blank\" rel=\"noreferrer noopener\">Teatro Universit&aacute;rio<\/a> (TU)<\/p>\n<\/div><\/details>\n<\/div>\n\n\n<?xml encoding=\"utf-8\"?><ul class=\"wp-block-ufmg-hub-links [&amp;&gt;li_a]:flex [&amp;&gt;li_a]:items-center [&amp;&gt;li_a]:justify-between [&amp;&gt;li_a]:bg-neutral-50 [&amp;&gt;li_a]:px-4 [&amp;&gt;li_a]:py-3 md:[&amp;&gt;li_a]:py-5 [&amp;&gt;li_a]:border-b [&amp;&gt;li_a]:border-b-neutral-200 [&amp;&gt;li_a]:text-primary-300 [&amp;&gt;li_a]:text-base md:[&amp;&gt;li_a]:text-lg [&amp;&gt;li_a]:font-lexend [&amp;&gt;li_a]:font-medium [&amp;&gt;li_a]:transition-colors [&amp;&gt;li_a&gt;i]:text-[1rem] md:[&amp;&gt;li_a&gt;i]:text-[1.5rem] hover:[&amp;&gt;li_a]:bg-neutral-100 hover:[&amp;&gt;li_a]:border-b-primary-300\"><\/ul>\n\n\n\n<div class=\"wp-block-ufmg-cards grid grid-cols-1 lg:grid-cols-cards gap-8\">\n\t<div class=\"flex flex-col gap-6 p-6 md:py-8 border border-neutral-200 rounded-lg\">\n\n\t\t\t\t\t<h2 class=\"pl-2 border-l-2 border-l-primary-400 text-neutral-600 text-xl md:text-2xl font-semibold\">\n\t\t\t\tFormas de ingresso\t\t\t<\/h2>\n\t\t\n\t\t\t\t\t<p class=\"flex-1 text-base md:text-lg text-neutral-500\">\n\t\t\t\tAs formas de ingresso na Educa\u00e7\u00e3o B\u00e1sica e Profissional da UFMG s\u00e3o regidas por editais pr\u00f3prios.\t\t\t<\/p>\n\t\t\n\t\t\t\t\t<a href=\"http:\/\/150.164.63.212:9000\/portal-novo-test\/cursos\/formas-de-ingresso\/ingresso-na-educacao-basica-e-profissional\/\" target=\"_blank\" rel=\"noopener noreferrer\"\t\t\t\tclass=\"w-fit ml-auto flex items-center gap-4 text-primary-300 font-lexend font-medium text-base md:text-lg\">\n\t\t\t\tAcesse aqui\t\t\t\t<i class=\"ti ti-chevron-right text-[1rem] md:text-[1.25rem]\"><\/i>\n\t\t\t<\/a>\n\t\t\t<\/div>\n\n\n\n\t<div class=\"flex flex-col gap-6 p-6 md:py-8 border border-neutral-200 rounded-lg\">\n\n\t\t\t\t\t<h2 class=\"pl-2 border-l-2 border-l-primary-400 text-neutral-600 text-xl md:text-2xl font-semibold\">\n\t\t\t\tReserva de vagas\t\t\t<\/h2>\n\t\t\n\t\t\t\t\t<p class=\"flex-1 text-base md:text-lg text-neutral-500\">\n\t\t\t\tA UFMG adota a pol\u00edtica de reserva de vagas conforme regulamenta a Lei n\u00ba. 12.711\/2012. \t\t\t<\/p>\n\t\t\n\t\t\t\t\t<a href=\"http:\/\/150.164.63.212:9000\/portal-novo-test\/?page_id=3646\" target=\"_blank\" rel=\"noopener noreferrer\"\t\t\t\tclass=\"w-fit ml-auto flex items-center gap-4 text-primary-300 font-lexend font-medium text-base md:text-lg\">\n\t\t\t\tAcesse aqui\t\t\t\t<i class=\"ti ti-chevron-right text-[1rem] md:text-[1.25rem]\"><\/i>\n\t\t\t<\/a>\n\t\t\t<\/div>\n<\/div>\n\n\n\n<p>Assista um pouco mais sobre o Centro Pedag\u00f3gico (CP) e o Col\u00e9gio T\u00e9cnico (Coltec):<\/p>\n\n\n\n<figure class=\"wp-block-embed is-type-video is-provider-youtube wp-block-embed-youtube wp-embed-aspect-16-9 wp-has-aspect-ratio\"><div class=\"wp-block-embed__wrapper\">\n<iframe loading=\"lazy\" title=\"Centro Pedag\u00f3gico da UFMG completa 65 anos\" width=\"640\" height=\"360\" src=\"https:\/\/www.youtube.com\/embed\/3mdpePQSJrU?feature=oembed\" frameborder=\"0\" allow=\"accelerometer; autoplay; clipboard-write; encrypted-media; gyroscope; picture-in-picture; web-share\" referrerpolicy=\"strict-origin-when-cross-origin\" allowfullscreen><\/iframe>\n<\/div><\/figure>\n\n\n\n<figure class=\"wp-block-embed is-type-video is-provider-youtube wp-block-embed-youtube wp-embed-aspect-16-9 wp-has-aspect-ratio\"><div class=\"wp-block-embed__wrapper\">\n<iframe loading=\"lazy\" title=\"Col\u00e9gio T\u00e9cnico da UFMG completa 50 anos (vers\u00e3o completa)\" width=\"640\" height=\"360\" src=\"https:\/\/www.youtube.com\/embed\/RJveez1EbDM?feature=oembed\" frameborder=\"0\" allow=\"accelerometer; autoplay; clipboard-write; encrypted-media; gyroscope; picture-in-picture; web-share\" referrerpolicy=\"strict-origin-when-cross-origin\" allowfullscreen><\/iframe>\n<\/div><\/figure>\n","protected":false},"excerpt":{"rendered":"<p>A Educa\u00e7\u00e3o B\u00e1sica e Profissional (Ebap) na Universidade Federal de Minas Gerais visa o ensino junto ao\u00a0desenvolvimento da pesquisa e da extens\u00e3o. As modalidades s\u00e3o oferecidas em tr\u00eas Unidades Especiais: Centro Pedag\u00f3gico (CP), Col\u00e9gio T\u00e9cnico (Coltec) e Teatro Universit\u00e1rio (TU). Os espa\u00e7os tamb\u00e9m s\u00e3o campo de experimenta\u00e7\u00e3o e produd\u00e7\u00e3o te\u00f3rica e metodol\u00f3gica, auxiliando na forma\u00e7\u00e3o [&hellip;]<\/p>\n","protected":false},"author":1,"featured_media":0,"parent":6756,"menu_order":0,"comment_status":"closed","ping_status":"closed","template":"","meta":{"_acf_changed":false,"footnotes":""},"class_list":["post-3810","page","type-page","status-publish","hentry"],"acf":[],"_links":{"self":[{"href":"http:\/\/150.164.63.212:9000\/portal-novo-test\/wp-json\/wp\/v2\/pages\/3810","targetHints":{"allow":["GET"]}}],"collection":[{"href":"http:\/\/150.164.63.212:9000\/portal-novo-test\/wp-json\/wp\/v2\/pages"}],"about":[{"href":"http:\/\/150.164.63.212:9000\/portal-novo-test\/wp-json\/wp\/v2\/types\/page"}],"author":[{"embeddable":true,"href":"http:\/\/150.164.63.212:9000\/portal-novo-test\/wp-json\/wp\/v2\/users\/1"}],"replies":[{"embeddable":true,"href":"http:\/\/150.164.63.212:9000\/portal-novo-test\/wp-json\/wp\/v2\/comments?post=3810"}],"version-history":[{"count":0,"href":"http:\/\/150.164.63.212:9000\/portal-novo-test\/wp-json\/wp\/v2\/pages\/3810\/revisions"}],"up":[{"embeddable":true,"href":"http:\/\/150.164.63.212:9000\/portal-novo-test\/wp-json\/wp\/v2\/pages\/6756"}],"wp:attachment":[{"href":"http:\/\/150.164.63.212:9000\/portal-novo-test\/wp-json\/wp\/v2\/media?parent=3810"}],"curies":[{"name":"wp","href":"https:\/\/api.w.org\/{rel}","templated":true}]}}