{"id":4126,"date":"2025-08-08T11:51:35","date_gmt":"2025-08-08T14:51:35","guid":{"rendered":"http:\/\/150.164.63.212:9000\/portal-novo-test\/?page_id=4126"},"modified":"2025-08-08T11:52:10","modified_gmt":"2025-08-08T14:52:10","slug":"plano-de-desenvolvimento-institucional","status":"publish","type":"page","link":"http:\/\/150.164.63.212:9000\/portal-novo-test\/a-universidade\/documentos-e-normas\/plano-de-desenvolvimento-institucional\/","title":{"rendered":"Plano de Desenvolvimento Institucional"},"content":{"rendered":"\n<p>O Plano de Desenvolvimento Institucional (PDI) \u00e9 um documento que re\u00fane&nbsp;os fundamentos que orientam o planejamento e a gest\u00e3o interna da Universidade, aumentando a transpar\u00eancia em seu&nbsp;relacionamento&nbsp;com a comunidade interna, com outras institui\u00e7\u00f5es e com a sociedade em geral.<\/p>\n\n\n\n<p>A elabora\u00e7\u00e3o do PDI&nbsp;foi estabelecida,&nbsp;inicialmente, pelo <a href=\"https:\/\/www.planalto.gov.br\/ccivil_03\/_ato2004-2006\/2006\/decreto\/d5773.htm\" target=\"_blank\" rel=\"noreferrer noopener\">Decreto n\u00ba 5.773<\/a>, de 9 de maio de 2006, do governo federal, para fins de credenciamento e recredenciamento das institui\u00e7\u00f5es de ensino superior junto ao MEC. Esse decreto foi revogado e substitu\u00eddo pelo <a href=\"https:\/\/www.planalto.gov.br\/ccivil_03\/_ato2015-2018\/2017\/decreto\/d9235.htm\" target=\"_blank\" rel=\"noreferrer noopener\">Decreto n\u00ba 9.235<\/a>, de 15 de dezembro de 2017, que manteve estrutura semelhante para o PDI.<\/p>\n\n\n\n<p>Al\u00e9m de ser uma exig\u00eancia legal, o PDI \u00e9 um importante instrumento de planejamento institucional, em a\u00e7\u00f5es tais como: analisar e gerir mudan\u00e7as; tra\u00e7ar vias de desenvolvimento coerente; aperfei\u00e7oar os processos e melhorar os resultados; formular mecanismos de integra\u00e7\u00e3o entre \u00e1reas e unidades; e servir de instrumento de aprendizagem institucional e de an\u00e1lise global dos caminhos trilhados pela institui\u00e7\u00e3o.<\/p>\n\n\n\n<h2 class=\"wp-block-heading\">PDIs da UFMG<\/h2>\n\n\n\n<p>&#8211;\u00a0<a href=\"http:\/\/150.164.63.212:9000\/portal-novo-test\/app\/uploads\/2025\/08\/PDI-UFMG-2024-2029.pdf\" target=\"_blank\" rel=\"noreferrer noopener\">PDI 2024-2029<\/a>\u00a0(vigente)<br>&#8211;\u00a0<a href=\"http:\/\/150.164.63.212:9000\/portal-novo-test\/app\/uploads\/2025\/08\/PDI-UFMG-2018-2023.pdf\" target=\"_blank\" rel=\"noreferrer noopener\">PDI 2018-2023<\/a><br>&#8211;\u00a0<a href=\"http:\/\/150.164.63.212:9000\/portal-novo-test\/app\/uploads\/2025\/08\/PDI-UFMG-2013-2017.pdf\" target=\"_blank\" rel=\"noreferrer noopener\">PDI 2013-2017<br><\/a>&#8211;\u00a0<a href=\"http:\/\/150.164.63.212:9000\/portal-novo-test\/app\/uploads\/2025\/08\/PDI-UFMG-2008-2012.pdf\" target=\"_blank\" rel=\"noreferrer noopener\">PDI 2008-2012<\/a><\/p>\n\n\n\n<h2 class=\"wp-block-heading\">Sites com o hist\u00f3rico dos processos de elabora\u00e7\u00e3o dos PDIs<\/h2>\n\n\n\n<p>&#8211;\u00a0<a href=\"https:\/\/www.ufmg.br\/pdi\/2024-2029\/\" target=\"_blank\" rel=\"noreferrer noopener\">PDI 2024-2029<\/a><br>&#8211;\u00a0<a href=\"https:\/\/www.ufmg.br\/pdi\/2018-2023\/\" target=\"_blank\" rel=\"noreferrer noopener\">PDI 2018-2013<\/a><\/p>\n","protected":false},"excerpt":{"rendered":"<p>O Plano de Desenvolvimento Institucional (PDI) \u00e9 um documento que re\u00fane&nbsp;os fundamentos que orientam o planejamento e a gest\u00e3o interna da Universidade, aumentando a transpar\u00eancia em seu&nbsp;relacionamento&nbsp;com a comunidade interna, com outras institui\u00e7\u00f5es e com a sociedade em geral. A elabora\u00e7\u00e3o do PDI&nbsp;foi estabelecida,&nbsp;inicialmente, pelo Decreto n\u00ba 5.773, de 9 de maio de 2006, do [&hellip;]<\/p>\n","protected":false},"author":1,"featured_media":0,"parent":2667,"menu_order":0,"comment_status":"closed","ping_status":"closed","template":"","meta":{"_acf_changed":false,"footnotes":""},"class_list":["post-4126","page","type-page","status-publish","hentry"],"acf":[],"_links":{"self":[{"href":"http:\/\/150.164.63.212:9000\/portal-novo-test\/wp-json\/wp\/v2\/pages\/4126","targetHints":{"allow":["GET"]}}],"collection":[{"href":"http:\/\/150.164.63.212:9000\/portal-novo-test\/wp-json\/wp\/v2\/pages"}],"about":[{"href":"http:\/\/150.164.63.212:9000\/portal-novo-test\/wp-json\/wp\/v2\/types\/page"}],"author":[{"embeddable":true,"href":"http:\/\/150.164.63.212:9000\/portal-novo-test\/wp-json\/wp\/v2\/users\/1"}],"replies":[{"embeddable":true,"href":"http:\/\/150.164.63.212:9000\/portal-novo-test\/wp-json\/wp\/v2\/comments?post=4126"}],"version-history":[{"count":0,"href":"http:\/\/150.164.63.212:9000\/portal-novo-test\/wp-json\/wp\/v2\/pages\/4126\/revisions"}],"up":[{"embeddable":true,"href":"http:\/\/150.164.63.212:9000\/portal-novo-test\/wp-json\/wp\/v2\/pages\/2667"}],"wp:attachment":[{"href":"http:\/\/150.164.63.212:9000\/portal-novo-test\/wp-json\/wp\/v2\/media?parent=4126"}],"curies":[{"name":"wp","href":"https:\/\/api.w.org\/{rel}","templated":true}]}}