{"id":4420,"date":"2025-08-14T10:28:31","date_gmt":"2025-08-14T13:28:31","guid":{"rendered":"http:\/\/150.164.63.212:9000\/portal-novo-test\/?page_id=4420"},"modified":"2025-12-02T08:39:13","modified_gmt":"2025-12-02T11:39:13","slug":"assessoria-de-imprensa","status":"publish","type":"page","link":"http:\/\/150.164.63.212:9000\/portal-novo-test\/comunicacao\/assessoria-de-imprensa\/","title":{"rendered":"Assessoria de Imprensa"},"content":{"rendered":"\n<p>A Assessoria de Imprensa da UFMG gerencia o relacionamento da Universidade com os ve\u00edculos de imprensa, divulgando informa\u00e7\u00f5es de interesse p\u00fablico sobre a institui\u00e7\u00e3o e suas atividades.<\/p>\n\n\n\n<p><strong>Expediente<\/strong><br>Dias \u00fateis, das 8h \u00e0s 17h<\/p>\n\n\n\n<p><strong>Contatos para demandas de imprensa<\/strong><br>assessoriadeimprensa@ufmg.br<\/p>\n\n\n\n<p><\/p>\n\n\n\n<p><\/p>\n\n\n\n<p><\/p>\n\n\n\n<p><\/p>\n\n\n\n<p><\/p>\n","protected":false},"excerpt":{"rendered":"<p>A Assessoria de Imprensa da UFMG gerencia o relacionamento da Universidade com os ve\u00edculos de imprensa, divulgando informa\u00e7\u00f5es de interesse p\u00fablico sobre a institui\u00e7\u00e3o e suas atividades. ExpedienteDias \u00fateis, das 8h \u00e0s 17h Contatos para demandas de imprensaassessoriadeimprensa@ufmg.br<\/p>\n","protected":false},"author":1,"featured_media":0,"parent":4419,"menu_order":0,"comment_status":"closed","ping_status":"closed","template":"page-templates\/page-release.php","meta":{"_acf_changed":true,"footnotes":""},"class_list":["post-4420","page","type-page","status-publish","hentry"],"acf":[],"_links":{"self":[{"href":"http:\/\/150.164.63.212:9000\/portal-novo-test\/wp-json\/wp\/v2\/pages\/4420","targetHints":{"allow":["GET"]}}],"collection":[{"href":"http:\/\/150.164.63.212:9000\/portal-novo-test\/wp-json\/wp\/v2\/pages"}],"about":[{"href":"http:\/\/150.164.63.212:9000\/portal-novo-test\/wp-json\/wp\/v2\/types\/page"}],"author":[{"embeddable":true,"href":"http:\/\/150.164.63.212:9000\/portal-novo-test\/wp-json\/wp\/v2\/users\/1"}],"replies":[{"embeddable":true,"href":"http:\/\/150.164.63.212:9000\/portal-novo-test\/wp-json\/wp\/v2\/comments?post=4420"}],"version-history":[{"count":0,"href":"http:\/\/150.164.63.212:9000\/portal-novo-test\/wp-json\/wp\/v2\/pages\/4420\/revisions"}],"up":[{"embeddable":true,"href":"http:\/\/150.164.63.212:9000\/portal-novo-test\/wp-json\/wp\/v2\/pages\/4419"}],"wp:attachment":[{"href":"http:\/\/150.164.63.212:9000\/portal-novo-test\/wp-json\/wp\/v2\/media?parent=4420"}],"curies":[{"name":"wp","href":"https:\/\/api.w.org\/{rel}","templated":true}]}}