{"id":4421,"date":"2025-08-14T10:29:24","date_gmt":"2025-08-14T13:29:24","guid":{"rendered":"http:\/\/150.164.63.212:9000\/portal-novo-test\/?page_id=4421"},"modified":"2025-08-29T12:22:26","modified_gmt":"2025-08-29T15:22:26","slug":"assessorias-da-ufmg","status":"publish","type":"page","link":"http:\/\/150.164.63.212:9000\/portal-novo-test\/comunicacao\/assessoria-de-imprensa\/assessorias-da-ufmg\/","title":{"rendered":"Assessorias da UFMG"},"content":{"rendered":"\n<p>Muitas unidades da Institui\u00e7\u00e3o t\u00eam assessoria de imprensa pr\u00f3pria. Se a sua demanda n\u00e3o \u00e9 direcionada a nenhuma das assessorias da lista abaixo, entre em contato com a Assessoria de Imprensa da UFMG.<\/p>\n\n\n\n<p><\/p>\n","protected":false},"excerpt":{"rendered":"<p>Muitas unidades da Institui\u00e7\u00e3o t\u00eam assessoria de imprensa pr\u00f3pria. Se a sua demanda n\u00e3o \u00e9 direcionada a nenhuma das assessorias da lista abaixo, entre em contato com a Assessoria de Imprensa da UFMG.<\/p>\n","protected":false},"author":1,"featured_media":0,"parent":4420,"menu_order":0,"comment_status":"closed","ping_status":"closed","template":"page-templates\/page_press_office.php","meta":{"_acf_changed":true,"footnotes":""},"class_list":["post-4421","page","type-page","status-publish","hentry"],"acf":[],"_links":{"self":[{"href":"http:\/\/150.164.63.212:9000\/portal-novo-test\/wp-json\/wp\/v2\/pages\/4421","targetHints":{"allow":["GET"]}}],"collection":[{"href":"http:\/\/150.164.63.212:9000\/portal-novo-test\/wp-json\/wp\/v2\/pages"}],"about":[{"href":"http:\/\/150.164.63.212:9000\/portal-novo-test\/wp-json\/wp\/v2\/types\/page"}],"author":[{"embeddable":true,"href":"http:\/\/150.164.63.212:9000\/portal-novo-test\/wp-json\/wp\/v2\/users\/1"}],"replies":[{"embeddable":true,"href":"http:\/\/150.164.63.212:9000\/portal-novo-test\/wp-json\/wp\/v2\/comments?post=4421"}],"version-history":[{"count":0,"href":"http:\/\/150.164.63.212:9000\/portal-novo-test\/wp-json\/wp\/v2\/pages\/4421\/revisions"}],"up":[{"embeddable":true,"href":"http:\/\/150.164.63.212:9000\/portal-novo-test\/wp-json\/wp\/v2\/pages\/4420"}],"wp:attachment":[{"href":"http:\/\/150.164.63.212:9000\/portal-novo-test\/wp-json\/wp\/v2\/media?parent=4421"}],"curies":[{"name":"wp","href":"https:\/\/api.w.org\/{rel}","templated":true}]}}