{"id":4426,"date":"2025-08-14T10:44:21","date_gmt":"2025-08-14T13:44:21","guid":{"rendered":"http:\/\/150.164.63.212:9000\/portal-novo-test\/?page_id=4426"},"modified":"2025-09-17T15:17:59","modified_gmt":"2025-09-17T18:17:59","slug":"redes-sociais","status":"publish","type":"page","link":"http:\/\/150.164.63.212:9000\/portal-novo-test\/comunicacao\/redes-sociais\/","title":{"rendered":"Redes Sociais"},"content":{"rendered":"\n<p>As m\u00eddias sociais da UFMG t\u00eam car\u00e1ter informativo, colaborativo e experimental. Elas s\u00e3o espa\u00e7os para a comunica\u00e7\u00e3o direta entre a Universidade e seus p\u00fablicos, com a produ\u00e7\u00e3o, veicula\u00e7\u00e3o e compartilhamento de conte\u00fados sobre ensino, pesquisa, extens\u00e3o, divulga\u00e7\u00e3o cient\u00edfica, cultura e materiais institucionais.<\/p>\n\n\n\n<p>Contato das Redes Sociais:&nbsp;<a href=\"mailto:redessociais@ufmg.br\">redessociais@ufmg.br<\/a><\/p>\n\n\n\n<p><\/p>\n","protected":false},"excerpt":{"rendered":"<p>As m\u00eddias sociais da UFMG t\u00eam car\u00e1ter informativo, colaborativo e experimental. Elas s\u00e3o espa\u00e7os para a comunica\u00e7\u00e3o direta entre a Universidade e seus p\u00fablicos, com a produ\u00e7\u00e3o, veicula\u00e7\u00e3o e compartilhamento de conte\u00fados sobre ensino, pesquisa, extens\u00e3o, divulga\u00e7\u00e3o cient\u00edfica, cultura e materiais institucionais. Contato das Redes Sociais:&nbsp;redessociais@ufmg.br<\/p>\n","protected":false},"author":1,"featured_media":0,"parent":4419,"menu_order":0,"comment_status":"closed","ping_status":"closed","template":"page-templates\/page-social_media.php","meta":{"_acf_changed":true,"footnotes":""},"class_list":["post-4426","page","type-page","status-publish","hentry"],"acf":[],"_links":{"self":[{"href":"http:\/\/150.164.63.212:9000\/portal-novo-test\/wp-json\/wp\/v2\/pages\/4426","targetHints":{"allow":["GET"]}}],"collection":[{"href":"http:\/\/150.164.63.212:9000\/portal-novo-test\/wp-json\/wp\/v2\/pages"}],"about":[{"href":"http:\/\/150.164.63.212:9000\/portal-novo-test\/wp-json\/wp\/v2\/types\/page"}],"author":[{"embeddable":true,"href":"http:\/\/150.164.63.212:9000\/portal-novo-test\/wp-json\/wp\/v2\/users\/1"}],"replies":[{"embeddable":true,"href":"http:\/\/150.164.63.212:9000\/portal-novo-test\/wp-json\/wp\/v2\/comments?post=4426"}],"version-history":[{"count":0,"href":"http:\/\/150.164.63.212:9000\/portal-novo-test\/wp-json\/wp\/v2\/pages\/4426\/revisions"}],"up":[{"embeddable":true,"href":"http:\/\/150.164.63.212:9000\/portal-novo-test\/wp-json\/wp\/v2\/pages\/4419"}],"wp:attachment":[{"href":"http:\/\/150.164.63.212:9000\/portal-novo-test\/wp-json\/wp\/v2\/media?parent=4426"}],"curies":[{"name":"wp","href":"https:\/\/api.w.org\/{rel}","templated":true}]}}