{"id":4743,"date":"2025-08-19T13:14:30","date_gmt":"2025-08-19T16:14:30","guid":{"rendered":"http:\/\/150.164.63.212:9000\/portal-novo-test\/?page_id=4743"},"modified":"2025-08-19T13:19:39","modified_gmt":"2025-08-19T16:19:39","slug":"banco-de-fontes-negras-da-ufmg","status":"publish","type":"page","link":"http:\/\/150.164.63.212:9000\/portal-novo-test\/comunicacao\/assessoria-de-imprensa\/banco-de-fontes-negras-da-ufmg\/","title":{"rendered":"Banco de Fontes Negras da UFMG"},"content":{"rendered":"\n<p><strong>Este \u00e9 o Banco de Fontes Negras da UFMG!<\/strong><\/p>\n\n\n\n<p>O objetivo \u00e9 auxiliar a imprensa e as m\u00eddias institucionais da UFMG em entrevistas nas mais variadas \u00e1reas do conhecimento, para a produ\u00e7\u00e3o de conte\u00fado cient\u00edfico ou jornal\u00edstico.<\/p>\n\n\n\n<p>No Banco de Fontes Negras da UFMG, exclusivo para pessoas negras (pretas e pardas), est\u00e3o especialistas de refer\u00eancia que abordam os mais diferentes temas, entre docentes, discentes de gradua\u00e7\u00e3o e de p\u00f3s-gradua\u00e7\u00e3o, servidores t\u00e9cnico-administrativos e pesquisadores. <a href=\"https:\/\/docs.google.com\/forms\/d\/e\/1FAIpQLSf7d0RPsF3JLOFTV3XSCAvtsfZ4KNaPaifCa8uYjM-0PBfgkg\/viewform\" data-type=\"link\" data-id=\"https:\/\/docs.google.com\/forms\/d\/e\/1FAIpQLSf7d0RPsF3JLOFTV3XSCAvtsfZ4KNaPaifCa8uYjM-0PBfgkg\/viewform\">Cadastre-se aqui!<\/a><\/p>\n\n\n\n<p>Se precisar de algum contato para entrevista ou para sua pesquisa, procure a Assessoria de Imprensa da UFMG pelo e-mail: <a href=\"mailto:assessoriadeimprensa@ufmg.br\">assessoriadeimprensa@ufmg.br<\/a><\/p>\n\n\n\n<p><a href=\"https:\/\/docs.google.com\/spreadsheets\/d\/14lmPZNXsSLiWcq7GK1nI--e4fm6KypCkKuHqGFcDRg0\/edit?usp=sharing\">Acesse o Banco de Fontes Negras da UFMG<\/a><\/p>\n\n\n\n<p><\/p>\n","protected":false},"excerpt":{"rendered":"<p>Este \u00e9 o Banco de Fontes Negras da UFMG! O objetivo \u00e9 auxiliar a imprensa e as m\u00eddias institucionais da UFMG em entrevistas nas mais variadas \u00e1reas do conhecimento, para a produ\u00e7\u00e3o de conte\u00fado cient\u00edfico ou jornal\u00edstico. No Banco de Fontes Negras da UFMG, exclusivo para pessoas negras (pretas e pardas), est\u00e3o especialistas de refer\u00eancia [&hellip;]<\/p>\n","protected":false},"author":1,"featured_media":0,"parent":4420,"menu_order":0,"comment_status":"closed","ping_status":"closed","template":"","meta":{"_acf_changed":false,"footnotes":""},"class_list":["post-4743","page","type-page","status-publish","hentry"],"acf":[],"_links":{"self":[{"href":"http:\/\/150.164.63.212:9000\/portal-novo-test\/wp-json\/wp\/v2\/pages\/4743","targetHints":{"allow":["GET"]}}],"collection":[{"href":"http:\/\/150.164.63.212:9000\/portal-novo-test\/wp-json\/wp\/v2\/pages"}],"about":[{"href":"http:\/\/150.164.63.212:9000\/portal-novo-test\/wp-json\/wp\/v2\/types\/page"}],"author":[{"embeddable":true,"href":"http:\/\/150.164.63.212:9000\/portal-novo-test\/wp-json\/wp\/v2\/users\/1"}],"replies":[{"embeddable":true,"href":"http:\/\/150.164.63.212:9000\/portal-novo-test\/wp-json\/wp\/v2\/comments?post=4743"}],"version-history":[{"count":0,"href":"http:\/\/150.164.63.212:9000\/portal-novo-test\/wp-json\/wp\/v2\/pages\/4743\/revisions"}],"up":[{"embeddable":true,"href":"http:\/\/150.164.63.212:9000\/portal-novo-test\/wp-json\/wp\/v2\/pages\/4420"}],"wp:attachment":[{"href":"http:\/\/150.164.63.212:9000\/portal-novo-test\/wp-json\/wp\/v2\/media?parent=4743"}],"curies":[{"name":"wp","href":"https:\/\/api.w.org\/{rel}","templated":true}]}}