{"id":4745,"date":"2025-08-19T13:18:26","date_gmt":"2025-08-19T16:18:26","guid":{"rendered":"http:\/\/150.164.63.212:9000\/portal-novo-test\/?page_id=4745"},"modified":"2025-08-19T13:20:36","modified_gmt":"2025-08-19T16:20:36","slug":"banco-de-pesquisas-sobre-raca","status":"publish","type":"page","link":"http:\/\/150.164.63.212:9000\/portal-novo-test\/comunicacao\/assessoria-de-imprensa\/banco-de-pesquisas-sobre-raca\/","title":{"rendered":"Banco de Pesquisas Sobre Ra\u00e7a"},"content":{"rendered":"\n<p><strong>Este \u00e9 o\u00a0Banco de pesquisas sobre ra\u00e7a da UFMG!<\/strong><\/p>\n\n\n\n<p>O <a href=\"https:\/\/docs.google.com\/spreadsheets\/d\/1tkBT2ti2h6p9RHx8uaJZFdTSMM7fMjqMetuQOz24g0o\/edit?gid=634347005#gid=634347005\">Banco de pesquisas sobre ra\u00e7a da UFMG<\/a> conta com estudos que abordam rela\u00e7\u00f5es e\/ou quest\u00f5es raciais. Independentemente da sua ra\u00e7a (branca, preta, parda, amarela ou ind\u00edgena), se a sua pesquisa tem recorte racial, <a href=\"https:\/\/docs.google.com\/forms\/d\/e\/1FAIpQLSeJKFyble4YDvPH7xEIVQjAPmkcB8Vc0EHqqSMJ7fMZ9WYf_A\/viewform\">fa\u00e7a seu cadastro<\/a>!<\/p>\n\n\n\n<p>A iniciativa auxilia a imprensa e as m\u00eddias institucionais da Universidade com indica\u00e7\u00f5es de pesquisas e fontes sobre temas diversos.<\/p>\n\n\n\n<p>Informa\u00e7\u00f5es pelo e-mail: <a href=\"mailto:assessoriadeimprensa@ufmg.br\">assessoriadeimprensa@ufmg.br<\/a>.<\/p>\n\n\n\n<p><a href=\"https:\/\/docs.google.com\/spreadsheets\/d\/1tkBT2ti2h6p9RHx8uaJZFdTSMM7fMjqMetuQOz24g0o\/edit?gid=634347005#gid=634347005\">Acesse o Banco de pesquisas sobre ra\u00e7a da UFMG<\/a><\/p>\n","protected":false},"excerpt":{"rendered":"<p>Este \u00e9 o\u00a0Banco de pesquisas sobre ra\u00e7a da UFMG! O Banco de pesquisas sobre ra\u00e7a da UFMG conta com estudos que abordam rela\u00e7\u00f5es e\/ou quest\u00f5es raciais. Independentemente da sua ra\u00e7a (branca, preta, parda, amarela ou ind\u00edgena), se a sua pesquisa tem recorte racial, fa\u00e7a seu cadastro! A iniciativa auxilia a imprensa e as m\u00eddias institucionais [&hellip;]<\/p>\n","protected":false},"author":1,"featured_media":0,"parent":4420,"menu_order":0,"comment_status":"closed","ping_status":"closed","template":"","meta":{"_acf_changed":true,"footnotes":""},"class_list":["post-4745","page","type-page","status-publish","hentry"],"acf":[],"_links":{"self":[{"href":"http:\/\/150.164.63.212:9000\/portal-novo-test\/wp-json\/wp\/v2\/pages\/4745","targetHints":{"allow":["GET"]}}],"collection":[{"href":"http:\/\/150.164.63.212:9000\/portal-novo-test\/wp-json\/wp\/v2\/pages"}],"about":[{"href":"http:\/\/150.164.63.212:9000\/portal-novo-test\/wp-json\/wp\/v2\/types\/page"}],"author":[{"embeddable":true,"href":"http:\/\/150.164.63.212:9000\/portal-novo-test\/wp-json\/wp\/v2\/users\/1"}],"replies":[{"embeddable":true,"href":"http:\/\/150.164.63.212:9000\/portal-novo-test\/wp-json\/wp\/v2\/comments?post=4745"}],"version-history":[{"count":0,"href":"http:\/\/150.164.63.212:9000\/portal-novo-test\/wp-json\/wp\/v2\/pages\/4745\/revisions"}],"up":[{"embeddable":true,"href":"http:\/\/150.164.63.212:9000\/portal-novo-test\/wp-json\/wp\/v2\/pages\/4420"}],"wp:attachment":[{"href":"http:\/\/150.164.63.212:9000\/portal-novo-test\/wp-json\/wp\/v2\/media?parent=4745"}],"curies":[{"name":"wp","href":"https:\/\/api.w.org\/{rel}","templated":true}]}}