{"id":5089,"date":"2025-08-25T14:41:49","date_gmt":"2025-08-25T17:41:49","guid":{"rendered":"http:\/\/150.164.63.212:9000\/portal-novo-test\/?page_id=5089"},"modified":"2025-09-29T10:17:14","modified_gmt":"2025-09-29T13:17:14","slug":"mobilidade-academica-intercambio","status":"publish","type":"page","link":"http:\/\/150.164.63.212:9000\/portal-novo-test\/mobilidade-academica-intercambio\/","title":{"rendered":"Mobilidade Acad\u00eamica (Interc\u00e2mbio)"},"content":{"rendered":"\n<p>O Programa de Mobilidade Acad\u00eamica permite que a comunidade acad\u00eamica da UFMG realize interc\u00e2mbios nacionais e internacionais, viabilizando experi\u00eancias de estudos, pesquisa e ensino em outras institui\u00e7\u00f5es, a fim de favorecer o enriquecimento cultural, cient\u00edfico e profissional.<\/p>\n\n\n\n\n\t<figure data-size=\"medium\"\n\t\tclass=\"group space-y-2 data-[size=small]:w-[21rem] sm:data-[size=medium]:w-[40rem] lg:data-[size=small]:float-left lg:data-[size=small]:mr-8 mx-auto\">\n\t\t\t\t\t<img loading=\"lazy\" decoding=\"async\" width=\"640\" height=\"445\" src=\"http:\/\/150.164.63.212:9000\/portal-novo-test\/app\/uploads\/2025\/08\/d0c5a589d8b7a36abaa93bf6519f84f6_16569412479513_849793180-640x445.jpg\" class=\"group-data-[size=small]:w-[21rem] group-data-[size=small]:h-[29.75rem] sm:group-data-[size=medium]:w-[40rem] sm:group-data-[size=small]:h-[27.8125rem] lg:group-data-[size=medium]:h-[27.8125rem] group-data-[size=large]:w-full group-data-[size=large]:h-[9.875rem] md:group-data-[size=large]:h-[27.8125rem] rounded object-fill\" alt=\"A imagem mostra a fachada de um edif\u00edcio alto e moderno, com uma arquitetura de vidro e concreto, refletindo o c\u00e9u. Em frente ao pr\u00e9dio, tr\u00eas mastros exibem bandeiras que tremulam ao vento. Da esquerda para a direita, as bandeiras s\u00e3o: A bandeira do estado de Minas Gerais, branca com um tri\u00e2ngulo vermelho no centro e a inscri\u00e7\u00e3o &quot;Libertas Quae Sera Tamen&quot;. institui\u00e7\u00e3o, com suas cores verde, amarela, azul e branca, destacando-se no centro da composi\u00e7\u00e3o. A bandeira da Universidade Federal de Minas Gerais, branca com o bras\u00e3o da universidade ao centro. O c\u00e9u, com algumas nuvens dispersas, serve de pano de fundo para as bandeiras e o edif\u00edcio, sugerindo um dia claro e com vento. A foto transmite uma atmosfera de representa\u00e7\u00e3o oficial e institucional.\" \/>\t\t\t\t<div\n\t\t\tclass=\"group-data-[size=small]:w-[21rem] px-3 pt-3 pb-6 md:px-6 group-data-[size=small]:px-3 text-neutral-300 text-xs md:text-sm\">\n\t\t\t<figcaption title=\"Bandeiras em frente ao pr\u00e9dio da Reitoria.\" class=\"block line-clamp-4 md:line-clamp-3\">\n\t\t\t\tBandeiras em frente ao pr\u00e9dio da Reitoria.\t\t\t<\/figcaption>\n\t\t\t<cite\n\t\t\t\tclass=\"relative block not-italic after:absolute after:left-0 after:right-0 after:-bottom-3 after:h-px after:bg-neutral-100\">\n\t\t\t\tAcervo\t\t\t<\/cite>\n\t\t<\/div>\n\t<\/figure>\n\n\n\n<p>As entidades internas da UFMG s\u00e3o respons\u00e1veis por organizar e coordenar as quest\u00f5es de mobilidade acad\u00eamica na Universidade. A <a href=\"https:\/\/www.ufmg.br\/prograd\/mobilidade-academica\/\">Pr\u00f3-Reitoria de Gradua\u00e7\u00e3o<\/a> (Prograd) e a <a href=\"https:\/\/www.ufmg.br\/dri\/\">Diretoria de Rela\u00e7\u00f5es Internacionais<\/a> (DRI) s\u00e3o respons\u00e1veis pela divulga\u00e7\u00e3o de editais e pela sele\u00e7\u00e3o de candidatos para programas de mobilidade nacional e internacional, respectivamente. Quanto \u00e0s quest\u00f5es financeiras, os estudantes da gradua\u00e7\u00e3o podem ser contemplados com aux\u00edlio financeiro estudantil, de acordo com a disponibilidade or\u00e7ament\u00e1ria da Universidade e o grau de car\u00eancia do estudante.<\/p>\n\n\n\n<p>Assista a playlist com relatos de estudantes que fizeram mobilidade acad\u00eamica:<\/p>\n\n\n\n<figure class=\"wp-block-embed is-type-video is-provider-youtube wp-block-embed-youtube wp-embed-aspect-16-9 wp-has-aspect-ratio\"><div class=\"wp-block-embed__wrapper\">\n<iframe loading=\"lazy\" title=\"UFMG pelo mundo (1\u00aa temporada)\" width=\"640\" height=\"360\" src=\"https:\/\/www.youtube.com\/embed\/videoseries?list=PLBv8koRm6pO18nEELVcVTRjkar30r1Lgs\" frameborder=\"0\" allow=\"accelerometer; autoplay; clipboard-write; encrypted-media; gyroscope; picture-in-picture; web-share\" referrerpolicy=\"strict-origin-when-cross-origin\" allowfullscreen><\/iframe>\n<\/div><\/figure>\n\n\n\n<p><br><\/p>\n\n\n\n<h2 class=\"wp-block-heading\">Programas e Parcerias<\/h2>\n\n\n\n<p>A UFMG organiza e participa de programas que promovem interc\u00e2mbio em n\u00edvel de gradua\u00e7\u00e3o, p\u00f3s-gradua\u00e7\u00e3o e doc\u00eancia. A Universidade tamb\u00e9m estabelece parcerias com diversas institui\u00e7\u00f5es estrangeiras para viabilizar o processo de mobilidade acad\u00eamica da sua comunidade.<\/p>\n\n\n\n\n\t<figure data-size=\"medium\"\n\t\tclass=\"group space-y-2 data-[size=small]:w-[21rem] sm:data-[size=medium]:w-[40rem] lg:data-[size=small]:float-left lg:data-[size=small]:mr-8 mx-auto\">\n\t\t\t\t\t<img loading=\"lazy\" decoding=\"async\" width=\"640\" height=\"445\" src=\"http:\/\/150.164.63.212:9000\/portal-novo-test\/app\/uploads\/2025\/08\/16694224452_874d738f24_o-640x445.jpg\" class=\"group-data-[size=small]:w-[21rem] group-data-[size=small]:h-[29.75rem] sm:group-data-[size=medium]:w-[40rem] sm:group-data-[size=small]:h-[27.8125rem] lg:group-data-[size=medium]:h-[27.8125rem] group-data-[size=large]:w-full group-data-[size=large]:h-[9.875rem] md:group-data-[size=large]:h-[27.8125rem] rounded object-fill\" alt=\"A imagem mostra uma paisagem urbana, o campus universit\u00e1rio da UFMG, com v\u00e1rias pessoas caminhando ao longo de uma ampla passarela de concreto. A passarela \u00e9 dividida em duas vias por uma faixa central com grama e alguns arbustos. De cada lado da passarela h\u00e1 \u00e1rvores frondosas, que fornecem sombra.  Algumas pessoas est\u00e3o caminhando em dire\u00e7\u00e3o ao fundo da imagem, enquanto outras est\u00e3o em grupos ou sozinhas. H\u00e1 um grupo de estudantes no primeiro plano, alguns deles segurando pap\u00e9is. A vegeta\u00e7\u00e3o \u00e9 exuberante, com gramados verdes e arbustos bem cuidados. A ilumina\u00e7\u00e3o \u00e9 fornecida por postes altos com lumin\u00e1rias circulares brancas.  O c\u00e9u est\u00e1 nublado, e a atmosfera geral \u00e9 de um dia comum e movimentado. A foto foi tirada de um ponto elevado, o que oferece uma vis\u00e3o ampla do local.\" \/>\t\t\t\t<div\n\t\t\tclass=\"group-data-[size=small]:w-[21rem] px-3 pt-3 pb-6 md:px-6 group-data-[size=small]:px-3 text-neutral-300 text-xs md:text-sm\">\n\t\t\t<figcaption title=\"Pessoas no Campus Pampulha.\" class=\"block line-clamp-4 md:line-clamp-3\">\n\t\t\t\tPessoas no Campus Pampulha.\t\t\t<\/figcaption>\n\t\t\t<cite\n\t\t\t\tclass=\"relative block not-italic after:absolute after:left-0 after:right-0 after:-bottom-3 after:h-px after:bg-neutral-100\">\n\t\t\t\tAcervo\t\t\t<\/cite>\n\t\t<\/div>\n\t<\/figure>\n\n\n\n<p>Para mais informa\u00e7\u00f5es, selecione o n\u00edvel de interesse:<\/p>\n\n\n<?xml encoding=\"utf-8\"?><ul class=\"wp-block-ufmg-hub-links [&amp;&gt;li_a]:flex [&amp;&gt;li_a]:items-center [&amp;&gt;li_a]:justify-between [&amp;&gt;li_a]:bg-neutral-50 [&amp;&gt;li_a]:px-4 [&amp;&gt;li_a]:py-3 md:[&amp;&gt;li_a]:py-5 [&amp;&gt;li_a]:border-b [&amp;&gt;li_a]:border-b-neutral-200 [&amp;&gt;li_a]:text-primary-300 [&amp;&gt;li_a]:text-base md:[&amp;&gt;li_a]:text-lg [&amp;&gt;li_a]:font-lexend [&amp;&gt;li_a]:font-medium [&amp;&gt;li_a]:transition-colors [&amp;&gt;li_a&gt;i]:text-[1rem] md:[&amp;&gt;li_a&gt;i]:text-[1.5rem] hover:[&amp;&gt;li_a]:bg-neutral-100 hover:[&amp;&gt;li_a]:border-b-primary-300\"><li class=\" wp-block-navigation-item wp-block-navigation-link\"><a class=\"wp-block-navigation-item__content\" href=\"https:\/\/www.ufmg.br\/dri\/graduacao\/\"><span class=\"wp-block-navigation-item__label\">Gradua&ccedil;&atilde;o<\/span><i class=\"ti ti-chevron-right\"><\/i><\/a><\/li>\n\n<li class=\" wp-block-navigation-item wp-block-navigation-link\"><a class=\"wp-block-navigation-item__content\" href=\"https:\/\/www.ufmg.br\/dri\/pos-graduacao\/\"><span class=\"wp-block-navigation-item__label\">P&oacute;s-gradua&ccedil;&atilde;o<\/span><i class=\"ti ti-chevron-right\"><\/i><\/a><\/li>\n\n<li class=\" wp-block-navigation-item wp-block-navigation-link\"><a class=\"wp-block-navigation-item__content\" href=\"https:\/\/www.ufmg.br\/dri\/pos-graduacao\/https:\/\/www.ufmg.br\/dri\/internacionalizacao-docente\/\"><span class=\"wp-block-navigation-item__label\">Docente<\/span><i class=\"ti ti-chevron-right\"><\/i><\/a><\/li><\/ul>\n\n\n<?xml encoding=\"utf-8\"?><ul class=\"wp-block-ufmg-hub-links [&amp;&gt;li_a]:flex [&amp;&gt;li_a]:items-center [&amp;&gt;li_a]:justify-between [&amp;&gt;li_a]:bg-neutral-50 [&amp;&gt;li_a]:px-4 [&amp;&gt;li_a]:py-3 md:[&amp;&gt;li_a]:py-5 [&amp;&gt;li_a]:border-b [&amp;&gt;li_a]:border-b-neutral-200 [&amp;&gt;li_a]:text-primary-300 [&amp;&gt;li_a]:text-base md:[&amp;&gt;li_a]:text-lg [&amp;&gt;li_a]:font-lexend [&amp;&gt;li_a]:font-medium [&amp;&gt;li_a]:transition-colors [&amp;&gt;li_a&gt;i]:text-[1rem] md:[&amp;&gt;li_a&gt;i]:text-[1.5rem] hover:[&amp;&gt;li_a]:bg-neutral-100 hover:[&amp;&gt;li_a]:border-b-primary-300\"><\/ul>\n\n\n<?xml encoding=\"utf-8\"?><ul class=\"wp-block-ufmg-hub-links [&amp;&gt;li_a]:flex [&amp;&gt;li_a]:items-center [&amp;&gt;li_a]:justify-between [&amp;&gt;li_a]:bg-neutral-50 [&amp;&gt;li_a]:px-4 [&amp;&gt;li_a]:py-3 md:[&amp;&gt;li_a]:py-5 [&amp;&gt;li_a]:border-b [&amp;&gt;li_a]:border-b-neutral-200 [&amp;&gt;li_a]:text-primary-300 [&amp;&gt;li_a]:text-base md:[&amp;&gt;li_a]:text-lg [&amp;&gt;li_a]:font-lexend [&amp;&gt;li_a]:font-medium [&amp;&gt;li_a]:transition-colors [&amp;&gt;li_a&gt;i]:text-[1rem] md:[&amp;&gt;li_a&gt;i]:text-[1.5rem] hover:[&amp;&gt;li_a]:bg-neutral-100 hover:[&amp;&gt;li_a]:border-b-primary-300\"><\/ul>\n\n\n\n<h2 class=\"wp-block-heading\">Profici\u00eancia&nbsp;<\/h2>\n\n\n\n<p>A UFMG, em parceria com a Faculdade de Letras, oferta cursos de idiomas para a comunidade interna e externa. No Centro de Extens\u00e3o da FALE (Cenex FALE) s\u00e3o ofertados cursos de diversos idiomas como Ingl\u00eas, Alem\u00e3o, Espanhol, Franc\u00eas, Coreano, al\u00e9m da aplica\u00e7\u00e3o de testes de profici\u00eancia em l\u00ednguas estrangeiras. Para mais informa\u00e7\u00f5es,&nbsp;<a href=\"https:\/\/cenex.letras.ufmg.br\/\">acesse o site do Cenex FALE<\/a>.<\/p>\n\n\n\n<p>Al\u00e9m disso, o Instituto Conf\u00facio da UFMG, resultado de uma parceria com a Huazhong University of Science and Technology (HUST), oferta aulas e testes de profici\u00eancia em Mandarim. Para mais informa\u00e7\u00f5es,&nbsp;<a href=\"https:\/\/www.institutoconfucio.ufmg.br\/\">acesse o site do Instituto<\/a>.<\/p>\n\n\n\n<p><\/p>\n","protected":false},"excerpt":{"rendered":"<p>O Programa de Mobilidade Acad\u00eamica permite que a comunidade acad\u00eamica da UFMG realize interc\u00e2mbios nacionais e internacionais, viabilizando experi\u00eancias de estudos, pesquisa e ensino em outras institui\u00e7\u00f5es, a fim de favorecer o enriquecimento cultural, cient\u00edfico e profissional. As entidades internas da UFMG s\u00e3o respons\u00e1veis por organizar e coordenar as quest\u00f5es de mobilidade acad\u00eamica na Universidade. [&hellip;]<\/p>\n","protected":false},"author":1,"featured_media":0,"parent":0,"menu_order":0,"comment_status":"closed","ping_status":"closed","template":"","meta":{"_acf_changed":false,"footnotes":""},"class_list":["post-5089","page","type-page","status-publish","hentry"],"acf":[],"_links":{"self":[{"href":"http:\/\/150.164.63.212:9000\/portal-novo-test\/wp-json\/wp\/v2\/pages\/5089","targetHints":{"allow":["GET"]}}],"collection":[{"href":"http:\/\/150.164.63.212:9000\/portal-novo-test\/wp-json\/wp\/v2\/pages"}],"about":[{"href":"http:\/\/150.164.63.212:9000\/portal-novo-test\/wp-json\/wp\/v2\/types\/page"}],"author":[{"embeddable":true,"href":"http:\/\/150.164.63.212:9000\/portal-novo-test\/wp-json\/wp\/v2\/users\/1"}],"replies":[{"embeddable":true,"href":"http:\/\/150.164.63.212:9000\/portal-novo-test\/wp-json\/wp\/v2\/comments?post=5089"}],"version-history":[{"count":0,"href":"http:\/\/150.164.63.212:9000\/portal-novo-test\/wp-json\/wp\/v2\/pages\/5089\/revisions"}],"wp:attachment":[{"href":"http:\/\/150.164.63.212:9000\/portal-novo-test\/wp-json\/wp\/v2\/media?parent=5089"}],"curies":[{"name":"wp","href":"https:\/\/api.w.org\/{rel}","templated":true}]}}