{"id":5445,"date":"2025-08-22T12:40:17","date_gmt":"2025-08-22T15:40:17","guid":{"rendered":"http:\/\/150.164.63.212:9000\/portal-novo-test\/?page_id=5445"},"modified":"2025-09-08T15:35:41","modified_gmt":"2025-09-08T18:35:41","slug":"sobre-a-tv-ufmg","status":"publish","type":"page","link":"http:\/\/150.164.63.212:9000\/portal-novo-test\/comunicacao\/tv-ufmg\/sobre-a-tv-ufmg\/","title":{"rendered":"Sobre a TV UFMG"},"content":{"rendered":"\n<h3 class=\"wp-block-heading\">P\u00fablica, Educativa e Diversa<\/h3>\n\n\n\n<p>A TV UFMG \u00e9 um canal de televis\u00e3o universit\u00e1rio vinculado ao Centro de Comunica\u00e7\u00e3o (CEDECOM) da Universidade Federal de Minas Gerais (UFMG). Divulga conhecimento cient\u00edfico, cultural e educacional produzido pela Universidade e outras institui\u00e7\u00f5es de ensino e pesquisa, transmitindo uma programa\u00e7\u00e3o que inclui reportagens, programas de entrevistas, document\u00e1rios; revistas eletr\u00f4nicas; cobertura de eventos art\u00edsticos, culturais e institucionais.<\/p>\n\n\n\n<p>Nossa miss\u00e3o \u00e9 Produzir, promover e difundir conte\u00fados televisivos de cunho universit\u00e1rio, educativo, cient\u00edfico e cultural com o objetivo de incentivar a comunica\u00e7\u00e3o cr\u00edtica, experimental e plural, al\u00e9m de contribuir com a forma\u00e7\u00e3o estudantil complementar.<\/p>\n\n\n\n<div class=\"wp-block-ufmg-cards grid grid-cols-1 lg:grid-cols-cards gap-8\">\n\t<div class=\"flex flex-col gap-6 p-6 md:py-8 border border-neutral-200 rounded-lg\">\n\n\t\t\t\t\t<h2 class=\"pl-2 border-l-2 border-l-primary-400 text-neutral-600 text-xl md:text-2xl font-semibold\">\n\t\t\t\tCanal do Youtube\t\t\t<\/h2>\n\t\t\n\t\t\t\t\t<p class=\"flex-1 text-base md:text-lg text-neutral-500\">\n\t\t\t\tAcesse aqui o canal oficial da TV UFMG no Youtube e fique por dentro de todos os novos v\u00eddeos.\t\t\t<\/p>\n\t\t\n\t\t\t\t\t<a href=\"https:\/\/www.youtube.com\/tvufmg\" target=\"_blank\" rel=\"noopener noreferrer\"\t\t\t\tclass=\"w-fit ml-auto flex items-center gap-4 text-primary-300 font-lexend font-medium text-base md:text-lg\">\n\t\t\t\tSaiba mais\t\t\t\t<i class=\"ti ti-chevron-right text-[1rem] md:text-[1.25rem]\"><\/i>\n\t\t\t<\/a>\n\t\t\t<\/div>\n\n\n\n\t<div class=\"flex flex-col gap-6 p-6 md:py-8 border border-neutral-200 rounded-lg\">\n\n\t\t\t\t\t<h2 class=\"pl-2 border-l-2 border-l-primary-400 text-neutral-600 text-xl md:text-2xl font-semibold\">\n\t\t\t\tInstagram\t\t\t<\/h2>\n\t\t\n\t\t\t\t\t<p class=\"flex-1 text-base md:text-lg text-neutral-500\">\n\t\t\t\tAcesse o perfil oficial da TV UFMG no Instagram para ver e interagir com o n\u00facleo nas redes sociais.\t\t\t<\/p>\n\t\t\n\t\t\t\t\t<a href=\"https:\/\/www.instagram.com\/tvufmg\/\" target=\"_blank\" rel=\"noopener noreferrer\"\t\t\t\tclass=\"w-fit ml-auto flex items-center gap-4 text-primary-300 font-lexend font-medium text-base md:text-lg\">\n\t\t\t\tSaiba mais\t\t\t\t<i class=\"ti ti-chevron-right text-[1rem] md:text-[1.25rem]\"><\/i>\n\t\t\t<\/a>\n\t\t\t<\/div>\n<\/div>\n\n\n\n<h2 class=\"wp-block-heading\">Proposta Editorial<\/h2>\n\n\n\n<figure class=\"wp-block-embed is-type-video is-provider-youtube wp-block-embed-youtube wp-embed-aspect-16-9 wp-has-aspect-ratio\"><div class=\"wp-block-embed__wrapper\">\n<iframe loading=\"lazy\" title=\"Conhe\u00e7a a nova proposta editorial e visual da TV UFMG\" width=\"640\" height=\"360\" src=\"https:\/\/www.youtube.com\/embed\/bk9V96NCyjE?feature=oembed\" frameborder=\"0\" allow=\"accelerometer; autoplay; clipboard-write; encrypted-media; gyroscope; picture-in-picture; web-share\" referrerpolicy=\"strict-origin-when-cross-origin\" allowfullscreen><\/iframe>\n<\/div><\/figure>\n\n\n\n<h3 class=\"wp-block-heading\">Conhe\u00e7a mais sobre a TV UFMG nas abas abaixo:<\/h3>\n\n\n\n<div class=\"wp-block-ufmg-details-group\"><?xml encoding=\"utf-8\"?><details class=\"group\/accordion\"><summary class=\"flex gap-4 items-center bg-neutral-50 border-x border-t group-last-of-type\/accordion:border-b border-neutral-200 group-open\/accordion:border-primary-300 group-open\/accordion:bg-primary-300 p-3 group-[&amp;:first-of-type]\/accordion:rounded-t group-[&amp;:last-of-type]\/accordion:rounded-b group-open\/accordion:[&amp;:last-of-type]:rounded-b-none text-neutral-600 group-open\/accordion:text-neutral-50 text-lg font-semibold [&amp;&gt;i]:text-[1.5rem] group-open\/accordion:[&amp;&gt;i]:text-neutral-50 [&amp;&gt;i]:text-primary-300 group-open\/accordion:[&amp;&gt;i]:-rotate-180 [&amp;&gt;i]:transition-transform transition-colors cursor-pointer\"><span class=\"grow\">Chamada P&uacute;blica TV UFMG 2026<\/span><i class=\"ti ti-chevron-down\"><\/i><\/summary><div class=\"space-y-4 p-3 border-x group-[&amp;:last-of-type]\/accordion:border-b border-neutral-200 text-base text-neutral-400 group-[&amp;:last-of-type]\/accordion:rounded-bl group-[&amp;:last-of-type]\/accordion:rounded-br [&amp;_.wp-block-heading+p]:!mt-0\">\n<p>A TV UFMG convida produtoras e produtores a inscrever suas obras na nova chamada do edital Panor&acirc;mica, que seleciona produ&ccedil;&otilde;es nas categorias longa-metragem, curta-metragem, document&aacute;rio e anima&ccedil;&atilde;o. Podem participar integrantes da comunidade acad&ecirc;mica, coletivos art&iacute;sticos, produtores independentes e grupos da sociedade civil de todo o pa&iacute;s. As produ&ccedil;&otilde;es escolhidas ser&atilde;o exibidas nas plataformas da TV UFMG, compondo uma programa&ccedil;&atilde;o que valoriza a diversidade de olhares e a riqueza do cinema brasileiro contempor&acirc;neo. N&atilde;o perca a oportunidade de mostrar seu trabalho e fazer parte dessa experi&ecirc;ncia audiovisual &uacute;nica.<br><a href=\"https:\/\/ufmg.br\/storage\/0\/4\/e\/b\/04eb304645e5d3c39e4633510cee1738_1756733818646_1234757649.pdf\">Link do edital<\/a><\/p>\n<\/div><\/details>\n\n\n<?xml encoding=\"utf-8\"?><details class=\"group\/accordion\"><summary class=\"flex gap-4 items-center bg-neutral-50 border-x border-t group-last-of-type\/accordion:border-b border-neutral-200 group-open\/accordion:border-primary-300 group-open\/accordion:bg-primary-300 p-3 group-[&amp;:first-of-type]\/accordion:rounded-t group-[&amp;:last-of-type]\/accordion:rounded-b group-open\/accordion:[&amp;:last-of-type]:rounded-b-none text-neutral-600 group-open\/accordion:text-neutral-50 text-lg font-semibold [&amp;&gt;i]:text-[1.5rem] group-open\/accordion:[&amp;&gt;i]:text-neutral-50 [&amp;&gt;i]:text-primary-300 group-open\/accordion:[&amp;&gt;i]:-rotate-180 [&amp;&gt;i]:transition-transform transition-colors cursor-pointer\"><span class=\"grow\">Forma&ccedil;&atilde;o Complementar<\/span><i class=\"ti ti-chevron-down\"><\/i><\/summary><div class=\"space-y-4 p-3 border-x group-[&amp;:last-of-type]\/accordion:border-b border-neutral-200 text-base text-neutral-400 group-[&amp;:last-of-type]\/accordion:rounded-bl group-[&amp;:last-of-type]\/accordion:rounded-br [&amp;_.wp-block-heading+p]:!mt-0\">\n<p>A TV UFMG &eacute; tamb&eacute;m um espa&ccedil;o de forma&ccedil;&atilde;o complementar, onde estudantes de diferentes &aacute;reas encontram oportunidades de aprender na pr&aacute;tica e vivenciar o cotidiano de uma emissora p&uacute;blica e universit&aacute;ria. Aqui, teoria e pr&aacute;tica se encontram: do jornalismo ao cinema, da comunica&ccedil;&atilde;o &agrave;s artes, a experi&ecirc;ncia de participar da produ&ccedil;&atilde;o audiovisual amplia repert&oacute;rios, desenvolve habilidades t&eacute;cnicas e criativas e fortalece o senso cr&iacute;tico e cidad&atilde;o. Mais que um laborat&oacute;rio, a TV &eacute; um espa&ccedil;o de encontros e experimenta&ccedil;&otilde;es, que prepara jovens profissionais para o futuro e refor&ccedil;a o compromisso da universidade em transformar conhecimento em experi&ecirc;ncia compartilhada.<\/p>\n\n\n\n<p><br>Essa experi&ecirc;ncia pode ser vivenciada por meio dos editais de bolsas do Cedecom, destinados a estudantes da UFMG regularmente matriculados a partir do terceiro per&iacute;odo, que encontram na TV UFMG a oportunidade de unir forma&ccedil;&atilde;o acad&ecirc;mica e pr&aacute;tica profissional.<br><a href=\"https:\/\/ufmg.br\/comunicacao\/sobre-o-cedecom\/bolsas-cedecom\">Site Bolsas Cedecom<\/a><\/p>\n<\/div><\/details>\n\n\n<?xml encoding=\"utf-8\"?><details class=\"group\/accordion\"><summary class=\"flex gap-4 items-center bg-neutral-50 border-x border-t group-last-of-type\/accordion:border-b border-neutral-200 group-open\/accordion:border-primary-300 group-open\/accordion:bg-primary-300 p-3 group-[&amp;:first-of-type]\/accordion:rounded-t group-[&amp;:last-of-type]\/accordion:rounded-b group-open\/accordion:[&amp;:last-of-type]:rounded-b-none text-neutral-600 group-open\/accordion:text-neutral-50 text-lg font-semibold [&amp;&gt;i]:text-[1.5rem] group-open\/accordion:[&amp;&gt;i]:text-neutral-50 [&amp;&gt;i]:text-primary-300 group-open\/accordion:[&amp;&gt;i]:-rotate-180 [&amp;&gt;i]:transition-transform transition-colors cursor-pointer\"><span class=\"grow\">Equipe<\/span><i class=\"ti ti-chevron-down\"><\/i><\/summary><div class=\"space-y-4 p-3 border-x group-[&amp;:last-of-type]\/accordion:border-b border-neutral-200 text-base text-neutral-400 group-[&amp;:last-of-type]\/accordion:rounded-bl group-[&amp;:last-of-type]\/accordion:rounded-br [&amp;_.wp-block-heading+p]:!mt-0\">\n<p><strong>Coordena&ccedil;&atilde;o Geral<br><\/strong>Heloisa Marina<\/p>\n\n\n\n<p><strong>Coordena&ccedil;&atilde;o T&eacute;cnica<br><\/strong>Ravik Oliveira<\/p>\n\n\n\n<p><strong>Reda&ccedil;&atilde;o<\/strong><\/p>\n\n\n\n<p>Ana Fatorelli<\/p>\n\n\n\n<p>Beatriz Abrah&atilde;o<br>Fl&aacute;via Moraes<\/p>\n\n\n\n<p>Soraya Fideles<\/p>\n\n\n\n<p>Vit&oacute;ria Brunini<\/p>\n\n\n\n<p>Ol&iacute;via Resende<\/p>\n\n\n\n<p>Tiago de Holanda<\/p>\n\n\n\n<p><strong>Edi&ccedil;&atilde;o de Imagens<\/strong><br>Marcelo Duarte Moreira<br>M&aacute;rcia Botelho<br>Ot&aacute;vio Zonatto<br><strong>Est&uacute;dio<\/strong><\/p>\n\n\n\n<p>Angelo Ara&uacute;jo<br>Lucas Tunes<\/p>\n\n\n\n<p>Ravik Oliveira<\/p>\n\n\n\n<p>Samuel do Vale<\/p>\n\n\n\n<p><strong>Cedoc<\/strong><\/p>\n\n\n\n<p>Ravik Oliveira<\/p>\n<\/div><\/details>\n<\/div>\n\n\n\n<h3 class=\"wp-block-heading\">Contato<\/h3>\n\n\n\n<p><strong>Telefones<\/strong><\/p>\n\n\n\n<p>Reda\u00e7\u00e3o:<strong><br><\/strong>(31) 3409-4569 \/ 3409-4579 \/ 3409-4188\/ 3409-4571\/ 3409 &#8211; 4390<\/p>\n\n\n\n<p><strong>E-mail<br><\/strong><a href=\"mailto:tvufmg@ufmg.br\">tvufmg@ufmg.br<\/a>&nbsp;<\/p>\n","protected":false},"excerpt":{"rendered":"<p>P\u00fablica, Educativa e Diversa A TV UFMG \u00e9 um canal de televis\u00e3o universit\u00e1rio vinculado ao Centro de Comunica\u00e7\u00e3o (CEDECOM) da Universidade Federal de Minas Gerais (UFMG). Divulga conhecimento cient\u00edfico, cultural e educacional produzido pela Universidade e outras institui\u00e7\u00f5es de ensino e pesquisa, transmitindo uma programa\u00e7\u00e3o que inclui reportagens, programas de entrevistas, document\u00e1rios; revistas eletr\u00f4nicas; cobertura [&hellip;]<\/p>\n","protected":false},"author":1,"featured_media":0,"parent":5444,"menu_order":0,"comment_status":"closed","ping_status":"closed","template":"","meta":{"_acf_changed":false,"footnotes":""},"class_list":["post-5445","page","type-page","status-publish","hentry"],"acf":[],"_links":{"self":[{"href":"http:\/\/150.164.63.212:9000\/portal-novo-test\/wp-json\/wp\/v2\/pages\/5445","targetHints":{"allow":["GET"]}}],"collection":[{"href":"http:\/\/150.164.63.212:9000\/portal-novo-test\/wp-json\/wp\/v2\/pages"}],"about":[{"href":"http:\/\/150.164.63.212:9000\/portal-novo-test\/wp-json\/wp\/v2\/types\/page"}],"author":[{"embeddable":true,"href":"http:\/\/150.164.63.212:9000\/portal-novo-test\/wp-json\/wp\/v2\/users\/1"}],"replies":[{"embeddable":true,"href":"http:\/\/150.164.63.212:9000\/portal-novo-test\/wp-json\/wp\/v2\/comments?post=5445"}],"version-history":[{"count":0,"href":"http:\/\/150.164.63.212:9000\/portal-novo-test\/wp-json\/wp\/v2\/pages\/5445\/revisions"}],"up":[{"embeddable":true,"href":"http:\/\/150.164.63.212:9000\/portal-novo-test\/wp-json\/wp\/v2\/pages\/5444"}],"wp:attachment":[{"href":"http:\/\/150.164.63.212:9000\/portal-novo-test\/wp-json\/wp\/v2\/media?parent=5445"}],"curies":[{"name":"wp","href":"https:\/\/api.w.org\/{rel}","templated":true}]}}