{"id":5686,"date":"2025-09-22T09:41:11","date_gmt":"2025-09-22T12:41:11","guid":{"rendered":"http:\/\/150.164.63.212:9000\/portal-novo-test\/?page_id=5686"},"modified":"2025-10-13T15:51:19","modified_gmt":"2025-10-13T18:51:19","slug":"empresas-juniores","status":"publish","type":"page","link":"http:\/\/150.164.63.212:9000\/portal-novo-test\/pesquisa-e-inovacao\/empreendedorismo\/empresas-juniores\/","title":{"rendered":"Empresas Juniores"},"content":{"rendered":"\n<p>As Empresas Juniores (EJ) s\u00e3o empreendimentos constitu\u00eddos por estudantes da gradua\u00e7\u00e3o, destinadas a serem espa\u00e7os formativos para o empreendedorismo e profissionaliza\u00e7\u00e3o em vincula\u00e7\u00e3o com a sociedade. As empresas oferecem servi\u00e7os a baixo custo nas diversas \u00e1reas do conhecimento e as atividades dos discentes s\u00e3o orientadas por professores da Universidade.<\/p>\n\n\n\n<p>As EJs contribuem para o desenvolvimento acad\u00eamico e profissional dos associados, al\u00e9m de constituirem aspectos positivos para o desenvolvimento local e para a cultura empreendedora na UFMG. Em 2020, foi institu\u00eddo o\u00a0<a href=\"https:\/\/www.ufmg.br\/proex\/comite-de-empresas-juniores\/\" target=\"_blank\" rel=\"noreferrer noopener\">Comit\u00ea de Empresas Juniores<\/a> (COEJ\/UFMG), vinculado \u00e0 <a href=\"https:\/\/www.ufmg.br\/proex\/\" target=\"_blank\" rel=\"noreferrer noopener\">Pr\u00f3-reitoria de Extens\u00e3o<\/a> (Proex), para acompanhar e orientar a pol\u00edtica institucional para o segmento. <\/p>\n\n\n\n<div class=\"wp-block-ufmg-cards grid grid-cols-1 lg:grid-cols-cards gap-8\">\n\t<div class=\"flex flex-col gap-6 p-6 md:py-8 border border-neutral-200 rounded-lg\">\n\n\t\t\t\t\t<h2 class=\"pl-2 border-l-2 border-l-primary-400 text-neutral-600 text-xl md:text-2xl font-semibold\">\n\t\t\t\tEmpresas Juniores\t\t\t<\/h2>\n\t\t\n\t\t\t\t\t<p class=\"flex-1 text-base md:text-lg text-neutral-500\">\n\t\t\t\tConfira as empresas juniores reconhecidas pela UFMG.\t\t\t<\/p>\n\t\t\n\t\t\t\t\t<a href=\"https:\/\/www.ufmg.br\/proex\/empresas-juniores\/\" target=\"_blank\" rel=\"noopener noreferrer\"\t\t\t\tclass=\"w-fit ml-auto flex items-center gap-4 text-primary-300 font-lexend font-medium text-base md:text-lg\">\n\t\t\t\tAcesse aqui\t\t\t\t<i class=\"ti ti-chevron-right text-[1rem] md:text-[1.25rem]\"><\/i>\n\t\t\t<\/a>\n\t\t\t<\/div>\n<\/div>\n\n\n\n<h2 class=\"wp-block-heading\">Reconhecimento de Empresas Juniores<\/h2>\n\n\n\n<p>A <a href=\"https:\/\/www2.ufmg.br\/sods\/content\/search?SearchText=Resolu\u00e7\u00e3o+04%2F2020%2C+de+13+de+agosto+de+2020&amp;SearchButton=Pesquisar\" target=\"_blank\" rel=\"noreferrer noopener\">Resolu\u00e7\u00e3o 04\/2020, de 13 de agosto de 2020<\/a> estabeleceu normas para o reconhecimento de empresas juniores no \u00e2mbito da UFMG. A UFMG poder\u00e1 reconhecer empresas juniores em seu \u00e2mbito, desde que atendidas as legisla\u00e7\u00f5es e as normas vigentes. Para mais informa\u00e7\u00f5es, acesse a <a href=\"https:\/\/www.ufmg.br\/proex\/empresas-juniores\/\" target=\"_blank\" rel=\"noreferrer noopener\">p\u00e1gina da Pr\u00f3-reitoria de Extens\u00e3o<\/a> (PROEX).<\/p>\n\n\n<?xml encoding=\"utf-8\"?><ul class=\"wp-block-ufmg-hub-links [&amp;&gt;li_a]:flex [&amp;&gt;li_a]:items-center [&amp;&gt;li_a]:justify-between [&amp;&gt;li_a]:bg-neutral-50 [&amp;&gt;li_a]:px-4 [&amp;&gt;li_a]:py-3 md:[&amp;&gt;li_a]:py-5 [&amp;&gt;li_a]:border-b [&amp;&gt;li_a]:border-b-neutral-200 [&amp;&gt;li_a]:text-primary-300 [&amp;&gt;li_a]:text-base md:[&amp;&gt;li_a]:text-lg [&amp;&gt;li_a]:font-lexend [&amp;&gt;li_a]:font-medium [&amp;&gt;li_a]:transition-colors [&amp;&gt;li_a&gt;i]:text-[1rem] md:[&amp;&gt;li_a&gt;i]:text-[1.5rem] hover:[&amp;&gt;li_a]:bg-neutral-100 hover:[&amp;&gt;li_a]:border-b-primary-300\"><\/ul>\n","protected":false},"excerpt":{"rendered":"<p>As Empresas Juniores (EJ) s\u00e3o empreendimentos constitu\u00eddos por estudantes da gradua\u00e7\u00e3o, destinadas a serem espa\u00e7os formativos para o empreendedorismo e profissionaliza\u00e7\u00e3o em vincula\u00e7\u00e3o com a sociedade. As empresas oferecem servi\u00e7os a baixo custo nas diversas \u00e1reas do conhecimento e as atividades dos discentes s\u00e3o orientadas por professores da Universidade. As EJs contribuem para o desenvolvimento [&hellip;]<\/p>\n","protected":false},"author":1,"featured_media":0,"parent":3707,"menu_order":0,"comment_status":"closed","ping_status":"closed","template":"","meta":{"_acf_changed":false,"footnotes":""},"class_list":["post-5686","page","type-page","status-publish","hentry"],"acf":[],"_links":{"self":[{"href":"http:\/\/150.164.63.212:9000\/portal-novo-test\/wp-json\/wp\/v2\/pages\/5686","targetHints":{"allow":["GET"]}}],"collection":[{"href":"http:\/\/150.164.63.212:9000\/portal-novo-test\/wp-json\/wp\/v2\/pages"}],"about":[{"href":"http:\/\/150.164.63.212:9000\/portal-novo-test\/wp-json\/wp\/v2\/types\/page"}],"author":[{"embeddable":true,"href":"http:\/\/150.164.63.212:9000\/portal-novo-test\/wp-json\/wp\/v2\/users\/1"}],"replies":[{"embeddable":true,"href":"http:\/\/150.164.63.212:9000\/portal-novo-test\/wp-json\/wp\/v2\/comments?post=5686"}],"version-history":[{"count":0,"href":"http:\/\/150.164.63.212:9000\/portal-novo-test\/wp-json\/wp\/v2\/pages\/5686\/revisions"}],"up":[{"embeddable":true,"href":"http:\/\/150.164.63.212:9000\/portal-novo-test\/wp-json\/wp\/v2\/pages\/3707"}],"wp:attachment":[{"href":"http:\/\/150.164.63.212:9000\/portal-novo-test\/wp-json\/wp\/v2\/media?parent=5686"}],"curies":[{"name":"wp","href":"https:\/\/api.w.org\/{rel}","templated":true}]}}