{"id":6399,"date":"2025-09-08T09:58:17","date_gmt":"2025-09-08T12:58:17","guid":{"rendered":"http:\/\/150.164.63.212:9000\/portal-novo-test\/?page_id=6399"},"modified":"2025-10-28T13:08:11","modified_gmt":"2025-10-28T16:08:11","slug":"pesquisa-e-inovacao","status":"publish","type":"page","link":"http:\/\/150.164.63.212:9000\/portal-novo-test\/pesquisa-e-inovacao\/","title":{"rendered":"Pesquisa e Inova\u00e7\u00e3o"},"content":{"rendered":"\n<p>A UFMG \u00e9 uma universidade com ra\u00edzes firmemente estabelecidas em Minas Gerais, al\u00e9m de estar sintonizada com as quest\u00f5es do nosso pa\u00eds e amplamente conectada aos problemas contempor\u00e2neos globais. As a\u00e7\u00f5es da Universidades s\u00e3o planejadas com o objetivo de difundir saberes, fortalecer a educa\u00e7\u00e3o, promover o desenvolvimento cient\u00edfico, econ\u00f4mico, pol\u00edtico e cultural e contribuir para o bem-estar da sociedade.<\/p>\n\n\n\n<p>A inova\u00e7\u00e3o e pesquisa na UFMG \u00e9 estimulada por meio de um ambiente de sinergia entre a universidade, o poder p\u00fablico e a sociedade. Para apoiar a pesquisa de qualidade, a Universidade conta com ampla gama de laborat\u00f3rios e de infraestruturas de pesquisa que comp\u00f5em um conjunto de instala\u00e7\u00f5es f\u00edsicas e materiais de apoio utilizados em atividades de pesquisa art\u00edstica, cient\u00edfica e tecnol\u00f3gica. <br><\/p>\n\n\n\n<div class=\"wp-block-ufmg-cards grid grid-cols-1 lg:grid-cols-cards gap-8\">\n\t<div class=\"flex flex-col gap-6 p-6 md:py-8 border border-neutral-200 rounded-lg\">\n\n\t\t\t\t\t<h2 class=\"pl-2 border-l-2 border-l-primary-400 text-neutral-600 text-xl md:text-2xl font-semibold\">\n\t\t\t\tEstruturas da UFMG\t\t\t<\/h2>\n\t\t\n\t\t\t\t\t<p class=\"flex-1 text-base md:text-lg text-neutral-500\">\n\t\t\t\tConhe\u00e7a as estruturas de pesquisa e inova\u00e7\u00e3o da UFMG.\t\t\t<\/p>\n\t\t\n\t\t\t\t\t<a href=\"http:\/\/150.164.63.212:9000\/portal-novo-test\/pesquisa-e-inovacao\/ecossistema-de-inovacao\/\" target=\"_blank\" rel=\"noopener noreferrer\"\t\t\t\tclass=\"w-fit ml-auto flex items-center gap-4 text-primary-300 font-lexend font-medium text-base md:text-lg\">\n\t\t\t\tAcesse aqui\t\t\t\t<i class=\"ti ti-chevron-right text-[1rem] md:text-[1.25rem]\"><\/i>\n\t\t\t<\/a>\n\t\t\t<\/div>\n<\/div>\n\n\n\n<p>&nbsp;Al\u00e9m de ser uma universidade de refer\u00eancia, com destaque nas mais diversas \u00e1reas do conhecimento, a UFMG se destaca no campo de <a href=\"http:\/\/150.164.63.212:9000\/portal-novo-test\/pesquisa-e-inovacao\/patente-e-transferencia-tecnologica\/\" target=\"_blank\" rel=\"noreferrer noopener\">transfer\u00eancia de tecnologia<\/a> e alian\u00e7as estrat\u00e9gicas, mantendo, h\u00e1 d\u00e9cadas, posi\u00e7\u00e3o de lideran\u00e7a no registro de <a href=\"http:\/\/150.164.63.212:9000\/portal-novo-test\/pesquisa-e-inovacao\/patente-e-transferencia-tecnologica\/\" target=\"_blank\" rel=\"noreferrer noopener\">patentes<\/a>. A UFMG tamb\u00e9m investe no empreendedorismo oferecendo apoio \u00e0s <a href=\"http:\/\/150.164.63.212:9000\/portal-novo-test\/pesquisa-e-inovacao\/empreendedorismo\/empresas-juniores\/\" target=\"_blank\" rel=\"noreferrer noopener\">empresas juniores<\/a> e, por meio da <a href=\"http:\/\/150.164.63.212:9000\/portal-novo-test\/pesquisa-e-inovacao\/empreendedorismo\/incubadora-de-empresas\/\" target=\"_blank\" rel=\"noreferrer noopener\">incubadora de empresas<\/a>, incentiva a cria\u00e7\u00e3o de empresas inovadoras desenvolvidas na pr\u00f3pria institui\u00e7\u00e3o.<\/p>\n\n\n\n<p><\/p>\n\n\n\n<p>A UFMG incentiva que os membros da comunidade acad\u00eamica sejam ativos na produ\u00e7\u00e3o de pesquisas da institui\u00e7\u00e3o, possibilitando que os estudantes do ensino m\u00e9dio e da gradua\u00e7\u00e3o, por meio dos programas de <a href=\"http:\/\/150.164.63.212:9000\/portal-novo-test\/pesquisa-e-inovacao\/pesquisadores-e-producao-cientifica\/iniciacao-cientifica\/\" target=\"_blank\" rel=\"noreferrer noopener\">Inicia\u00e7\u00e3o Cient\u00edfica<\/a> e os alunos da p\u00f3s-gradua\u00e7\u00e3o <em>stricto sensu<\/em>, em que os cursos s\u00e3o baseados no treinamento e na pr\u00e1tica da pesquisa cient\u00edfica. A Universidade tamb\u00e9m tem como alguns dos seus eixos o investimento em grupos de pesquisa para que conduzam as suas atividades e cooperando com n\u00facleos nacionais e internacionais. Al\u00e9m disso, a UFMG tamb\u00e9m incentiva a expans\u00e3o de estudos e pesquisas baseados na interdisciplinaridade e na transdisciplinaridade.\u00a0<\/p>\n\n\n\n<div class=\"wp-block-ufmg-cards grid grid-cols-1 lg:grid-cols-cards gap-8\">\n\t<div class=\"flex flex-col gap-6 p-6 md:py-8 border border-neutral-200 rounded-lg\">\n\n\t\t\t\t\t<h2 class=\"pl-2 border-l-2 border-l-primary-400 text-neutral-600 text-xl md:text-2xl font-semibold\">\n\t\t\t\tGrupos de Pesquisa\t\t\t<\/h2>\n\t\t\n\t\t\t\t\t<p class=\"flex-1 text-base md:text-lg text-neutral-500\">\n\t\t\t\tConhe\u00e7a os grupos de pesquisa credenciados pela UFMG.\t\t\t<\/p>\n\t\t\n\t\t\t\t\t<a href=\"http:\/\/150.164.63.212:9000\/portal-novo-test\/pesquisa-e-inovacao\/pesquisadores-e-producao-cientifica\/grupos-de-pesquisa\/\" target=\"_blank\" rel=\"noopener noreferrer\"\t\t\t\tclass=\"w-fit ml-auto flex items-center gap-4 text-primary-300 font-lexend font-medium text-base md:text-lg\">\n\t\t\t\tAcesse aqui\t\t\t\t<i class=\"ti ti-chevron-right text-[1rem] md:text-[1.25rem]\"><\/i>\n\t\t\t<\/a>\n\t\t\t<\/div>\n\n\n\n\t<div class=\"flex flex-col gap-6 p-6 md:py-8 border border-neutral-200 rounded-lg\">\n\n\t\t\t\t\t<h2 class=\"pl-2 border-l-2 border-l-primary-400 text-neutral-600 text-xl md:text-2xl font-semibold\">\n\t\t\t\tProjetos de Pesquisa\t\t\t<\/h2>\n\t\t\n\t\t\t\t\t<p class=\"flex-1 text-base md:text-lg text-neutral-500\">\n\t\t\t\tConfira os projetos de pesquisa desenvolvidos na UFMG.\t\t\t<\/p>\n\t\t\n\t\t\t\t\t<a href=\"http:\/\/150.164.63.212:9000\/portal-novo-test\/pesquisa-e-inovacao\/pesquisadores-e-producao-cientifica\/projetos-de-pesquisa\/\" target=\"_blank\" rel=\"noopener noreferrer\"\t\t\t\tclass=\"w-fit ml-auto flex items-center gap-4 text-primary-300 font-lexend font-medium text-base md:text-lg\">\n\t\t\t\tAcesse aqui\t\t\t\t<i class=\"ti ti-chevron-right text-[1rem] md:text-[1.25rem]\"><\/i>\n\t\t\t<\/a>\n\t\t\t<\/div>\n<\/div>\n\n\n\n<div class=\"wp-block-ufmg-cards grid grid-cols-1 lg:grid-cols-cards gap-8\"><\/div>\n\n\n\n<div class=\"wp-block-ufmg-cards grid grid-cols-1 lg:grid-cols-cards gap-8\"><\/div>\n\n\n\n<p>A pol\u00edtica de Pesquisa e Inova\u00e7\u00e3o da UFMG possibilita que a produ\u00e7\u00e3o de conhecimento e de tecnologia fortale\u00e7am a ci\u00eancia nacional, o empreendedorismo, o compromisso com o desenvolvimento cultural e social, al\u00e9m da habilidade e da experi\u00eancia para sustentar parcerias estrat\u00e9gicas para o estado e para o pa\u00eds.<\/p>\n\n\n\n<div class=\"wp-block-ufmg-cards grid grid-cols-1 lg:grid-cols-cards gap-8\">\n\t<div class=\"flex flex-col gap-6 p-6 md:py-8 border border-neutral-200 rounded-lg\">\n\n\t\t\t\t\t<h2 class=\"pl-2 border-l-2 border-l-primary-400 text-neutral-600 text-xl md:text-2xl font-semibold\">\n\t\t\t\tProdu\u00e7\u00e3o Cient\u00edfica \t\t\t<\/h2>\n\t\t\n\t\t\t\t\t<p class=\"flex-1 text-base md:text-lg text-neutral-500\">\n\t\t\t\tConfira os indicadores de produ\u00e7\u00e3o cient\u00edfica da UFMG.\t\t\t<\/p>\n\t\t\n\t\t\t\t\t<a href=\"http:\/\/150.164.63.212:9000\/portal-novo-test\/pesquisa-e-inovacao\/pesquisadores-e-producao-cientifica\/indicadores-de-producao-cientifica\/\" target=\"_blank\" rel=\"noopener noreferrer\"\t\t\t\tclass=\"w-fit ml-auto flex items-center gap-4 text-primary-300 font-lexend font-medium text-base md:text-lg\">\n\t\t\t\tAcesse aqui\t\t\t\t<i class=\"ti ti-chevron-right text-[1rem] md:text-[1.25rem]\"><\/i>\n\t\t\t<\/a>\n\t\t\t<\/div>\n<\/div>\n","protected":false},"excerpt":{"rendered":"<p>A UFMG \u00e9 uma universidade com ra\u00edzes firmemente estabelecidas em Minas Gerais, al\u00e9m de estar sintonizada com as quest\u00f5es do nosso pa\u00eds e amplamente conectada aos problemas contempor\u00e2neos globais. As a\u00e7\u00f5es da Universidades s\u00e3o planejadas com o objetivo de difundir saberes, fortalecer a educa\u00e7\u00e3o, promover o desenvolvimento cient\u00edfico, econ\u00f4mico, pol\u00edtico e cultural e contribuir para [&hellip;]<\/p>\n","protected":false},"author":1,"featured_media":0,"parent":0,"menu_order":0,"comment_status":"closed","ping_status":"closed","template":"","meta":{"_acf_changed":false,"footnotes":""},"class_list":["post-6399","page","type-page","status-publish","hentry"],"acf":[],"_links":{"self":[{"href":"http:\/\/150.164.63.212:9000\/portal-novo-test\/wp-json\/wp\/v2\/pages\/6399","targetHints":{"allow":["GET"]}}],"collection":[{"href":"http:\/\/150.164.63.212:9000\/portal-novo-test\/wp-json\/wp\/v2\/pages"}],"about":[{"href":"http:\/\/150.164.63.212:9000\/portal-novo-test\/wp-json\/wp\/v2\/types\/page"}],"author":[{"embeddable":true,"href":"http:\/\/150.164.63.212:9000\/portal-novo-test\/wp-json\/wp\/v2\/users\/1"}],"replies":[{"embeddable":true,"href":"http:\/\/150.164.63.212:9000\/portal-novo-test\/wp-json\/wp\/v2\/comments?post=6399"}],"version-history":[{"count":0,"href":"http:\/\/150.164.63.212:9000\/portal-novo-test\/wp-json\/wp\/v2\/pages\/6399\/revisions"}],"wp:attachment":[{"href":"http:\/\/150.164.63.212:9000\/portal-novo-test\/wp-json\/wp\/v2\/media?parent=6399"}],"curies":[{"name":"wp","href":"https:\/\/api.w.org\/{rel}","templated":true}]}}