{"id":6405,"date":"2025-09-22T09:23:29","date_gmt":"2025-09-22T12:23:29","guid":{"rendered":"http:\/\/150.164.63.212:9000\/portal-novo-test\/?page_id=6405"},"modified":"2025-10-02T14:55:33","modified_gmt":"2025-10-02T17:55:33","slug":"grupos-de-pesquisa","status":"publish","type":"page","link":"http:\/\/150.164.63.212:9000\/portal-novo-test\/pesquisa-e-inovacao\/pesquisadores-e-producao-cientifica\/grupos-de-pesquisa\/","title":{"rendered":"Grupos de Pesquisa"},"content":{"rendered":"\n<p>Os grupos de pesquisa, de acordo com a <a href=\"https:\/\/www2.ufmg.br\/sods\/content\/search?SearchText=Resolu\u00e7\u00e3o+02%2F2019%2C+de+9+de+abril+de+2019&amp;SearchButton=Pesquisar\" target=\"_blank\" rel=\"noreferrer noopener\">Resolu\u00e7\u00e3o 02\/2019, de 9 de abril de 2019<\/a>, s\u00e3o conjuntos de indiv\u00edduos organizados em torno de lideran\u00e7a(s), em que os membros devem exercer envolvimento profissional e permanente com a atividade de pesquisa. Al\u00e9m disso, o trabalho do grupo precisa ser organizado em torno de linhas comuns de pesquisa e que, em algum grau, os membros compartilhem instala\u00e7\u00f5es e equipamentos. <\/p>\n\n\n\n<p>Ao reunir pesquisadores de linhas comuns de interesse, os grupos de pesquisa tamb\u00e9m relevam-se importantes no desenvolvimento da ci\u00eancia e dos cursos de p\u00f3s-gradua\u00e7\u00e3o. A UFMG registra mais de 750 grupos de pesquisa, segundo o <a href=\"https:\/\/www.ufmg.br\/egdi\/\" target=\"_blank\" rel=\"noreferrer noopener\">Escrit\u00f3rio de Governan\u00e7a de Dados Institucionais<\/a> (EDGI). Os grupos de pesquisa da Universidade integram o <a href=\"http:\/\/lattes.cnpq.br\/web\/dgp\" target=\"_blank\" rel=\"noreferrer noopener\">Diret\u00f3rio dos Grupos de Pesquisa no Brasil<\/a>, do <a href=\"https:\/\/www.gov.br\/cnpq\/pt-br\" target=\"_blank\" rel=\"noreferrer noopener\">Conselho Nacional de Desenvolvimento Cient\u00edfico e Tecnol\u00f3gico<\/a> (CNPq), respons\u00e1vel por listar e formalizar os grupos de pesquisa cient\u00edfica, tecnol\u00f3gica e inovadora em atividade no Brasil. <\/p>\n\n\n\n<p>A <a href=\"https:\/\/www.ufmg.br\/prpq\/quem-somos\/\">Pr\u00f3-reitoria de Pesquisa<\/a> (PRPq), \u00f3rg\u00e3o respons\u00e1vel pelo credenciamento, intera\u00e7\u00e3o e apoio aos grupos de pesquisa da UFMG, reuniu informa\u00e7\u00f5es importantes sobre o tema. Confira:<\/p>\n\n\n<?xml encoding=\"utf-8\"?><ul class=\"wp-block-ufmg-hub-links [&amp;&gt;li_a]:flex [&amp;&gt;li_a]:items-center [&amp;&gt;li_a]:justify-between [&amp;&gt;li_a]:bg-neutral-50 [&amp;&gt;li_a]:px-4 [&amp;&gt;li_a]:py-3 md:[&amp;&gt;li_a]:py-5 [&amp;&gt;li_a]:border-b [&amp;&gt;li_a]:border-b-neutral-200 [&amp;&gt;li_a]:text-primary-300 [&amp;&gt;li_a]:text-base md:[&amp;&gt;li_a]:text-lg [&amp;&gt;li_a]:font-lexend [&amp;&gt;li_a]:font-medium [&amp;&gt;li_a]:transition-colors [&amp;&gt;li_a&gt;i]:text-[1rem] md:[&amp;&gt;li_a&gt;i]:text-[1.5rem] hover:[&amp;&gt;li_a]:bg-neutral-100 hover:[&amp;&gt;li_a]:border-b-primary-300\"><li class=\" wp-block-navigation-item wp-block-navigation-link\"><a class=\"wp-block-navigation-item__content\" href=\"https:\/\/www.ufmg.br\/prpq\/grupos-de-pesquisa\/\" target=\"_blank\"><span class=\"wp-block-navigation-item__label\">Cria&ccedil;&atilde;o de Grupos de Pesquisas<\/span><i class=\"ti ti-chevron-right\"><\/i><\/a><\/li>\n\n<li class=\" wp-block-navigation-item wp-block-navigation-link\"><a class=\"wp-block-navigation-item__content\" href=\"https:\/\/www.ufmg.br\/prpq\/grupos-de-pesquisa\/\" target=\"_blank\"><span class=\"wp-block-navigation-item__label\">Credenciamento de Grupos de Pesquisa<\/span><i class=\"ti ti-chevron-right\"><\/i><\/a><\/li>\n\n<li class=\" wp-block-navigation-item wp-block-navigation-link\"><a class=\"wp-block-navigation-item__content\" href=\"https:\/\/www.ufmg.br\/prpq\/grupos-de-pesquisa-faq\/\" target=\"_blank\"><span class=\"wp-block-navigation-item__label\">Perguntas Frequentes<\/span><i class=\"ti ti-chevron-right\"><\/i><\/a><\/li><\/ul>\n\n\n\n<p><\/p>\n","protected":false},"excerpt":{"rendered":"<p>Os grupos de pesquisa, de acordo com a Resolu\u00e7\u00e3o 02\/2019, de 9 de abril de 2019, s\u00e3o conjuntos de indiv\u00edduos organizados em torno de lideran\u00e7a(s), em que os membros devem exercer envolvimento profissional e permanente com a atividade de pesquisa. Al\u00e9m disso, o trabalho do grupo precisa ser organizado em torno de linhas comuns de [&hellip;]<\/p>\n","protected":false},"author":1,"featured_media":0,"parent":8827,"menu_order":0,"comment_status":"closed","ping_status":"closed","template":"","meta":{"_acf_changed":false,"footnotes":""},"class_list":["post-6405","page","type-page","status-publish","hentry"],"acf":[],"_links":{"self":[{"href":"http:\/\/150.164.63.212:9000\/portal-novo-test\/wp-json\/wp\/v2\/pages\/6405","targetHints":{"allow":["GET"]}}],"collection":[{"href":"http:\/\/150.164.63.212:9000\/portal-novo-test\/wp-json\/wp\/v2\/pages"}],"about":[{"href":"http:\/\/150.164.63.212:9000\/portal-novo-test\/wp-json\/wp\/v2\/types\/page"}],"author":[{"embeddable":true,"href":"http:\/\/150.164.63.212:9000\/portal-novo-test\/wp-json\/wp\/v2\/users\/1"}],"replies":[{"embeddable":true,"href":"http:\/\/150.164.63.212:9000\/portal-novo-test\/wp-json\/wp\/v2\/comments?post=6405"}],"version-history":[{"count":0,"href":"http:\/\/150.164.63.212:9000\/portal-novo-test\/wp-json\/wp\/v2\/pages\/6405\/revisions"}],"up":[{"embeddable":true,"href":"http:\/\/150.164.63.212:9000\/portal-novo-test\/wp-json\/wp\/v2\/pages\/8827"}],"wp:attachment":[{"href":"http:\/\/150.164.63.212:9000\/portal-novo-test\/wp-json\/wp\/v2\/media?parent=6405"}],"curies":[{"name":"wp","href":"https:\/\/api.w.org\/{rel}","templated":true}]}}