{"id":6606,"date":"2025-08-29T14:46:28","date_gmt":"2025-08-29T17:46:28","guid":{"rendered":"http:\/\/150.164.63.212:9000\/portal-novo-test\/?page_id=6606"},"modified":"2025-09-23T12:10:25","modified_gmt":"2025-09-23T15:10:25","slug":"politica-de-comunicacao-da-ufmg","status":"publish","type":"page","link":"http:\/\/150.164.63.212:9000\/portal-novo-test\/comunicacao\/politica-de-comunicacao-da-ufmg\/","title":{"rendered":"Pol\u00edtica de Comunica\u00e7\u00e3o da UFMG"},"content":{"rendered":"\n<details class=\"wp-block-ufmg-navigation-menu group py-4\"><summary class=\"bg-neutral-100 text-primary-400 flex items-center gap-2 p-2 rounded [&amp;&gt;i]:text-[1rem] md:[&amp;&gt;i]:text-[1.25rem] group-open:[&amp;&gt;i]:-rotate-180 [&amp;&gt;i]:transition-transform cursor-pointer\"><span class=\"basis-full text-base md:text-lg font-semibold\">Diretrizes de Comunica\u00e7\u00e3o<\/span><i class=\"ti ti-chevrons-down\"><\/i><\/summary><ul class=\"[&amp;_li]:text-base md:[&amp;_li]:text-lg [&amp;_li]:border-b [&amp;_li]:border-b-neutral-200 [&amp;_li]:px-1 [&amp;_li]:py-2 [&amp;_li_a]:block [&amp;_li_a]:py-1 [&amp;_li_a]:pl-4 [&amp;_li_a]:text-neutral-600 [&amp;_li_a]:rounded aria-[current=page]:[&amp;_li_a]:bg-primary-300 aria-[current=page]:[&amp;_li_a]:text-neutral-50 hover:[&amp;_li_a]:bg-primary-300 hover:[&amp;_li_a]:text-neutral-50 [&amp;_li_a]:transition-colors\"><li class=\" wp-block-navigation-item wp-block-navigation-link\"><a class=\"wp-block-navigation-item__content\"  href=\"http:\/\/150.164.63.212:9000\/portal-novo-test\/comunicacao\/politica-de-comunicacao-da-ufmg\/\"><span class=\"wp-block-navigation-item__label\">A Pol\u00edtica de Comunica\u00e7\u00e3o da UFMG<\/span><\/a><\/li>\n\n<li class=\" wp-block-navigation-item wp-block-navigation-link\"><a class=\"wp-block-navigation-item__content\"  href=\"http:\/\/150.164.63.212:9000\/portal-novo-test\/comunicacao\/politica-editorial\/\"><span class=\"wp-block-navigation-item__label\">Pol\u00edtica Editorial de Comunica\u00e7\u00e3o<\/span><\/a><\/li>\n\n<li class=\" wp-block-navigation-item wp-block-navigation-link\"><a class=\"wp-block-navigation-item__content\"  href=\"http:\/\/150.164.63.212:9000\/portal-novo-test\/comunicacao\/linhas-editoriais\/\"><span class=\"wp-block-navigation-item__label\">Linhas Editoriais<\/span><\/a><\/li>\n\n<li class=\" wp-block-navigation-item wp-block-navigation-link\"><a class=\"wp-block-navigation-item__content\"  href=\"http:\/\/150.164.63.212:9000\/portal-novo-test\/comunicacao\/manual-de-redacao\/\"><span class=\"wp-block-navigation-item__label\">Manual de Reda\u00e7\u00e3o<\/span><\/a><\/li>\n\n<li class=\" wp-block-navigation-item wp-block-navigation-link\"><a class=\"wp-block-navigation-item__content\"  href=\"http:\/\/150.164.63.212:9000\/portal-novo-test\/comunicacao\/manual-de-relacionamento-com-a-imprensa\/\"><span class=\"wp-block-navigation-item__label\">Manual de Relacionamento com a Empresa<\/span><\/a><\/li><\/ul><\/details>\n\n\n\n<p>Em 2023, o Conselho Universit\u00e1rio aprovou a <a href=\"https:\/\/ufmg.br\/storage\/f\/5\/4\/4\/f544936607fa35ebcb19a15cbd7e4eed_16816995050375_337766259.pdf\" data-type=\"link\" data-id=\"https:\/\/ufmg.br\/storage\/f\/5\/4\/4\/f544936607fa35ebcb19a15cbd7e4eed_16816995050375_337766259.pdf\" target=\"_blank\" rel=\"noreferrer noopener\">Pol\u00edtica de Comunica\u00e7\u00e3o da UFMG<\/a>, documento que orienta os fluxos e processos comunicacionais da Universidade relacionados \u00e0 identidade, \u00e0 marca, \u00e0 imagem e \u00e0 reputa\u00e7\u00e3o da Institui\u00e7\u00e3o.<\/p>\n\n\n\n<p>Conforme o artigo 15\u00ba do documento, o Cedecom \u00e9 o \u00f3rg\u00e3o respons\u00e1vel por orientar os\/as agentes institucionais e os \u00f3rg\u00e3os que desenvolvem a\u00e7\u00f5es de comunica\u00e7\u00e3o institucional em rela\u00e7\u00e3o ao cumprimento da Pol\u00edtica de Comunica\u00e7\u00e3o.<\/p>\n\n\n\n<p><\/p>\n\n\n\n<p><\/p>\n","protected":false},"excerpt":{"rendered":"<p>Em 2023, o Conselho Universit\u00e1rio aprovou a Pol\u00edtica de Comunica\u00e7\u00e3o da UFMG, documento que orienta os fluxos e processos comunicacionais da Universidade relacionados \u00e0 identidade, \u00e0 marca, \u00e0 imagem e \u00e0 reputa\u00e7\u00e3o da Institui\u00e7\u00e3o. Conforme o artigo 15\u00ba do documento, o Cedecom \u00e9 o \u00f3rg\u00e3o respons\u00e1vel por orientar os\/as agentes institucionais e os \u00f3rg\u00e3os que [&hellip;]<\/p>\n","protected":false},"author":1,"featured_media":0,"parent":4419,"menu_order":0,"comment_status":"closed","ping_status":"closed","template":"","meta":{"_acf_changed":false,"footnotes":""},"class_list":["post-6606","page","type-page","status-publish","hentry"],"acf":[],"_links":{"self":[{"href":"http:\/\/150.164.63.212:9000\/portal-novo-test\/wp-json\/wp\/v2\/pages\/6606","targetHints":{"allow":["GET"]}}],"collection":[{"href":"http:\/\/150.164.63.212:9000\/portal-novo-test\/wp-json\/wp\/v2\/pages"}],"about":[{"href":"http:\/\/150.164.63.212:9000\/portal-novo-test\/wp-json\/wp\/v2\/types\/page"}],"author":[{"embeddable":true,"href":"http:\/\/150.164.63.212:9000\/portal-novo-test\/wp-json\/wp\/v2\/users\/1"}],"replies":[{"embeddable":true,"href":"http:\/\/150.164.63.212:9000\/portal-novo-test\/wp-json\/wp\/v2\/comments?post=6606"}],"version-history":[{"count":0,"href":"http:\/\/150.164.63.212:9000\/portal-novo-test\/wp-json\/wp\/v2\/pages\/6606\/revisions"}],"up":[{"embeddable":true,"href":"http:\/\/150.164.63.212:9000\/portal-novo-test\/wp-json\/wp\/v2\/pages\/4419"}],"wp:attachment":[{"href":"http:\/\/150.164.63.212:9000\/portal-novo-test\/wp-json\/wp\/v2\/media?parent=6606"}],"curies":[{"name":"wp","href":"https:\/\/api.w.org\/{rel}","templated":true}]}}