{"id":6618,"date":"2025-08-29T16:47:05","date_gmt":"2025-08-29T19:47:05","guid":{"rendered":"http:\/\/150.164.63.212:9000\/portal-novo-test\/?page_id=6618"},"modified":"2025-09-17T14:59:37","modified_gmt":"2025-09-17T17:59:37","slug":"o-atendimento-e-as-solucoes","status":"publish","type":"page","link":"http:\/\/150.164.63.212:9000\/portal-novo-test\/comunicacao\/como-te-apoiamos\/o-atendimento-e-as-solucoes\/","title":{"rendered":"O atendimento e as solu\u00e7\u00f5es"},"content":{"rendered":"\n<h2 class=\"wp-block-heading\"><\/h2>\n\n\n\n<p>A equipe do Cedecom elabora solu\u00e7\u00f5es estrat\u00e9gicas e t\u00e9cnicas para melhor atender \u00e0 demanda apresentada. As solu\u00e7\u00f5es podem se materializar em produtos de comunica\u00e7\u00e3o, em conte\u00fado para as <a href=\"http:\/\/150.164.63.212:9000\/portal-novo-test\/comunicacao\/canais-de-comunicacao\/\" data-type=\"page\" data-id=\"6623\">m\u00eddias<\/a> da Universidade ou em demais a\u00e7\u00f5es de naturezas diversas.<\/p>\n\n\n\n<p><\/p>\n\n\n\n<h4 class=\"wp-block-heading\">Conhe\u00e7a alguns dos servi\u00e7os ofertados pelo Cedecom<\/h4>\n\n\n\n<ul class=\"wp-block-list\">\n<li>Conte\u00fado para as m\u00eddias (portal de not\u00edcias, redes sociais, TV UFMG, R\u00e1dio UFMG Educativa)<\/li>\n\n\n\n<li>Relacionamento com a imprensa<\/li>\n\n\n\n<li>Consultoria e plano estrat\u00e9gico de comunica\u00e7\u00e3o<\/li>\n\n\n\n<li>Campanhas de comunica\u00e7\u00e3o<\/li>\n\n\n\n<li>Pe\u00e7as gr\u00e1ficas (impressas e digitais)<\/li>\n\n\n\n<li><em>Template<\/em> customiz\u00e1vel de sites e demais solu\u00e7\u00f5es digitais<\/li>\n<\/ul>\n\n\n\n<p><\/p>\n\n\n\n<hr class=\"wp-block-separator has-alpha-channel-opacity\" \/>\n\n\n\n<p>Se voc\u00ea possui alguma quest\u00e3o relacionada \u00e0 comunica\u00e7\u00e3o institucional, apresente-a com detalhes, para te auxiliarmos a encontrar as melhores solu\u00e7\u00f5es!<\/p>\n\n\n\n<p><a href=\"mailto:dir@cedecom.ufmg.br\">dir@cedecom.ufmg.br<\/a><\/p>\n\n\n\n<hr class=\"wp-block-separator has-alpha-channel-opacity\" \/>\n\n\n\n<h2 class=\"wp-block-heading\">Aten\u00e7\u00e3o!<\/h2>\n\n\n\n<p><\/p>\n\n\n\n<p>Como \u00f3rg\u00e3o auxiliar da reitoria, o Cedecom atende a demandas da administra\u00e7\u00e3o central da UFMG. Caso sua demanda seja relacionada a uma unidade acad\u00eamica, unidade especial ou a algum \u00f3rg\u00e3o suplementar, acione a equipe de comunica\u00e7\u00e3o local ou a diretoria da unidade.<\/p>\n\n\n\n<p><\/p>\n","protected":false},"excerpt":{"rendered":"<p>A equipe do Cedecom elabora solu\u00e7\u00f5es estrat\u00e9gicas e t\u00e9cnicas para melhor atender \u00e0 demanda apresentada. As solu\u00e7\u00f5es podem se materializar em produtos de comunica\u00e7\u00e3o, em conte\u00fado para as m\u00eddias da Universidade ou em demais a\u00e7\u00f5es de naturezas diversas. Conhe\u00e7a alguns dos servi\u00e7os ofertados pelo Cedecom Se voc\u00ea possui alguma quest\u00e3o relacionada \u00e0 comunica\u00e7\u00e3o institucional, apresente-a [&hellip;]<\/p>\n","protected":false},"author":1,"featured_media":0,"parent":8578,"menu_order":0,"comment_status":"closed","ping_status":"closed","template":"","meta":{"_acf_changed":false,"footnotes":""},"class_list":["post-6618","page","type-page","status-publish","hentry"],"acf":[],"_links":{"self":[{"href":"http:\/\/150.164.63.212:9000\/portal-novo-test\/wp-json\/wp\/v2\/pages\/6618","targetHints":{"allow":["GET"]}}],"collection":[{"href":"http:\/\/150.164.63.212:9000\/portal-novo-test\/wp-json\/wp\/v2\/pages"}],"about":[{"href":"http:\/\/150.164.63.212:9000\/portal-novo-test\/wp-json\/wp\/v2\/types\/page"}],"author":[{"embeddable":true,"href":"http:\/\/150.164.63.212:9000\/portal-novo-test\/wp-json\/wp\/v2\/users\/1"}],"replies":[{"embeddable":true,"href":"http:\/\/150.164.63.212:9000\/portal-novo-test\/wp-json\/wp\/v2\/comments?post=6618"}],"version-history":[{"count":0,"href":"http:\/\/150.164.63.212:9000\/portal-novo-test\/wp-json\/wp\/v2\/pages\/6618\/revisions"}],"up":[{"embeddable":true,"href":"http:\/\/150.164.63.212:9000\/portal-novo-test\/wp-json\/wp\/v2\/pages\/8578"}],"wp:attachment":[{"href":"http:\/\/150.164.63.212:9000\/portal-novo-test\/wp-json\/wp\/v2\/media?parent=6618"}],"curies":[{"name":"wp","href":"https:\/\/api.w.org\/{rel}","templated":true}]}}