{"id":6748,"date":"2025-09-01T15:42:27","date_gmt":"2025-09-01T18:42:27","guid":{"rendered":"http:\/\/150.164.63.212:9000\/portal-novo-test\/?page_id=6748"},"modified":"2025-09-23T10:07:13","modified_gmt":"2025-09-23T13:07:13","slug":"coloquio-universidade-e-comunicacao-publica","status":"publish","type":"page","link":"http:\/\/150.164.63.212:9000\/portal-novo-test\/comunicacao\/cedecom\/coloquio-universidade-e-comunicacao-publica\/","title":{"rendered":"Col\u00f3quio Universidade e Comunica\u00e7\u00e3o P\u00fablica"},"content":{"rendered":"\n<p>Como \u00f3rg\u00e3o auxiliar da Reitoria, o Cedecom UFMG tem o compromisso de estimular reflex\u00f5es sobre os rumos da comunica\u00e7\u00e3o p\u00fablica por meio de uma s\u00e9rie de col\u00f3quios iniciada em 2017. Desde ent\u00e3o, foram abordados temas como m\u00eddias sonoras, m\u00eddias textuais, comunica\u00e7\u00e3o institucional e democracia e institui\u00e7\u00f5es. Acompanhe os debates!<\/p>\n\n\n\n<p><\/p>\n\n\n\n<div class=\"wp-block-ufmg-details-group\"><?xml encoding=\"utf-8\"?><details class=\"group\/accordion\"><summary class=\"flex gap-4 items-center bg-neutral-50 border-x border-t group-last-of-type\/accordion:border-b border-neutral-200 group-open\/accordion:border-primary-300 group-open\/accordion:bg-primary-300 p-3 group-[&amp;:first-of-type]\/accordion:rounded-t group-[&amp;:last-of-type]\/accordion:rounded-b group-open\/accordion:[&amp;:last-of-type]:rounded-b-none text-neutral-600 group-open\/accordion:text-neutral-50 text-lg font-semibold [&amp;&gt;i]:text-[1.5rem] group-open\/accordion:[&amp;&gt;i]:text-neutral-50 [&amp;&gt;i]:text-primary-300 group-open\/accordion:[&amp;&gt;i]:-rotate-180 [&amp;&gt;i]:transition-transform transition-colors cursor-pointer\"><span class=\"grow\">2025 &#8211; Forma&ccedil;&atilde;o de redes em comunica&ccedil;&atilde;o universit&aacute;ria<\/span><i class=\"ti ti-chevron-down\"><\/i><\/summary><div class=\"space-y-4 p-3 border-x group-[&amp;:last-of-type]\/accordion:border-b border-neutral-200 text-base text-neutral-400 group-[&amp;:last-of-type]\/accordion:rounded-bl group-[&amp;:last-of-type]\/accordion:rounded-br [&amp;_.wp-block-heading+p]:!mt-0\">\n<p>Programa&ccedil;&atilde;o da edi&ccedil;&atilde;o de 2025 em breve.<\/p>\n<\/div><\/details>\n\n\n<?xml encoding=\"utf-8\"?><details class=\"group\/accordion\"><summary class=\"flex gap-4 items-center bg-neutral-50 border-x border-t group-last-of-type\/accordion:border-b border-neutral-200 group-open\/accordion:border-primary-300 group-open\/accordion:bg-primary-300 p-3 group-[&amp;:first-of-type]\/accordion:rounded-t group-[&amp;:last-of-type]\/accordion:rounded-b group-open\/accordion:[&amp;:last-of-type]:rounded-b-none text-neutral-600 group-open\/accordion:text-neutral-50 text-lg font-semibold [&amp;&gt;i]:text-[1.5rem] group-open\/accordion:[&amp;&gt;i]:text-neutral-50 [&amp;&gt;i]:text-primary-300 group-open\/accordion:[&amp;&gt;i]:-rotate-180 [&amp;&gt;i]:transition-transform transition-colors cursor-pointer\"><span class=\"grow\">2024 &#8211; Mem&oacute;ria Institucional<\/span><i class=\"ti ti-chevron-down\"><\/i><\/summary><div class=\"space-y-4 p-3 border-x group-[&amp;:last-of-type]\/accordion:border-b border-neutral-200 text-base text-neutral-400 group-[&amp;:last-of-type]\/accordion:rounded-bl group-[&amp;:last-of-type]\/accordion:rounded-br [&amp;_.wp-block-heading+p]:!mt-0\">\n<p>Centrada na discuss&atilde;o sobre mem&oacute;ria institucional, a&nbsp;<a href=\"https:\/\/ufmg.br\/comunicacao\/noticias\/coloquio-universidade-e-comunicacao-publica-discute-memoria-institucional\" target=\"_blank\" rel=\"noreferrer noopener\">6&ordf; edi&ccedil;&atilde;o do Col&oacute;quio Universidade e Comunica&ccedil;&atilde;o P&uacute;blica<\/a>, evento organizado pelo Centro de Comunica&ccedil;&atilde;o da UFMG (Cedecom), aconteceu dos dias 2 a 4 de outubro de 2024 e contou com a participa&ccedil;&atilde;o de pesquisadores e gestores de comunica&ccedil;&atilde;o das Institui&ccedil;&otilde;es Federais de Ensino Superior (Ifes).&nbsp;<\/p>\n\n\n\n<p>Reflex&otilde;es sobre a preserva&ccedil;&atilde;o da hist&oacute;ria e mem&oacute;ria das universidades e os desafios para promov&ecirc;-la permearam a edi&ccedil;&atilde;o. Al&eacute;m disso, o Cedecom lan&ccedil;ou chamadas p&uacute;blicas para receber propostas de programas para integrarem as programa&ccedil;&otilde;es da TV UFMG e da R&aacute;dio UFMG Educativa.<\/p>\n\n\n\n<p>Durante o evento, tamb&eacute;m houve o lan&ccedil;amento do livro Comunica&ccedil;&atilde;o p&uacute;blica nas Institui&ccedil;&otilde;es Federais de Ensino Superior, uma colet&acirc;nea que traz um panorama das estruturas e processos de comunica&ccedil;&atilde;o nas universidades brasileiras, contando com 15 artigos escritos por gestores e pesquisadores da &aacute;rea da comunica&ccedil;&atilde;o.<\/p>\n<\/div><\/details>\n\n\n<?xml encoding=\"utf-8\"?><details class=\"group\/accordion\"><summary class=\"flex gap-4 items-center bg-neutral-50 border-x border-t group-last-of-type\/accordion:border-b border-neutral-200 group-open\/accordion:border-primary-300 group-open\/accordion:bg-primary-300 p-3 group-[&amp;:first-of-type]\/accordion:rounded-t group-[&amp;:last-of-type]\/accordion:rounded-b group-open\/accordion:[&amp;:last-of-type]:rounded-b-none text-neutral-600 group-open\/accordion:text-neutral-50 text-lg font-semibold [&amp;&gt;i]:text-[1.5rem] group-open\/accordion:[&amp;&gt;i]:text-neutral-50 [&amp;&gt;i]:text-primary-300 group-open\/accordion:[&amp;&gt;i]:-rotate-180 [&amp;&gt;i]:transition-transform transition-colors cursor-pointer\"><span class=\"grow\">2023 &#8211; Intelig&ecirc;ncia Artificial<\/span><i class=\"ti ti-chevron-down\"><\/i><\/summary><div class=\"space-y-4 p-3 border-x group-[&amp;:last-of-type]\/accordion:border-b border-neutral-200 text-base text-neutral-400 group-[&amp;:last-of-type]\/accordion:rounded-bl group-[&amp;:last-of-type]\/accordion:rounded-br [&amp;_.wp-block-heading+p]:!mt-0\">\n<p>Com o tema &ldquo;intelig&ecirc;ncia artificial e os desafios para a democracia&#8221;, em 2023 o&nbsp;<a href=\"https:\/\/ufmg.br\/comunicacao\/noticias\/universidades-estao-fortes-e-vao-se-rebelar-contra-qualquer-desmando-diz-sandra-goulart\" target=\"_blank\" rel=\"noreferrer noopener\">5&ordm; Col&oacute;quio Universidade e Comunica&ccedil;&atilde;o P&uacute;blica<\/a>, evento promovido pelo Centro de Comunica&ccedil;&atilde;o da UFMG (Cedecom), contou com uma fala de abertura da Reitora da UFMG.&nbsp;<\/p>\n\n\n\n<p>Na abertura da mesa Educa&ccedil;&atilde;o, comunica&ccedil;&atilde;o e defesa da democracia, sediada no audit&oacute;rio 106 do Centro de Atividades Did&aacute;ticas 3 (CAD3), Sandra Regina Goulart relembrou os momentos sombrios de ataque &agrave; democracia e a representantes de diversas universidades do pa&iacute;s durante o per&iacute;odo de 2017 e 2018, &ldquo;Vivemos hoje um momento diferente, mas n&atilde;o podemos esquecer do que vivemos e devemos trabalhar para n&atilde;o permitir que isso aconte&ccedil;a novamente&rdquo;.&nbsp;&nbsp;<\/p>\n\n\n\n<p>O evento, aconteceu pr&oacute;ximo ao anivers&aacute;rio de 96 anos da Universidade, cujo o lema das celebra&ccedil;&otilde;es foi Universidade e democracia, o qual levantou reflex&otilde;es sobre o papel das universidades p&uacute;blicas na preserva&ccedil;&atilde;o, na defesa e na consolida&ccedil;&atilde;o de um espa&ccedil;o democr&aacute;tico.<\/p>\n<\/div><\/details>\n\n\n<?xml encoding=\"utf-8\"?><details class=\"group\/accordion\"><summary class=\"flex gap-4 items-center bg-neutral-50 border-x border-t group-last-of-type\/accordion:border-b border-neutral-200 group-open\/accordion:border-primary-300 group-open\/accordion:bg-primary-300 p-3 group-[&amp;:first-of-type]\/accordion:rounded-t group-[&amp;:last-of-type]\/accordion:rounded-b group-open\/accordion:[&amp;:last-of-type]:rounded-b-none text-neutral-600 group-open\/accordion:text-neutral-50 text-lg font-semibold [&amp;&gt;i]:text-[1.5rem] group-open\/accordion:[&amp;&gt;i]:text-neutral-50 [&amp;&gt;i]:text-primary-300 group-open\/accordion:[&amp;&gt;i]:-rotate-180 [&amp;&gt;i]:transition-transform transition-colors cursor-pointer\"><span class=\"grow\">2022 &#8211; Democracia, Comunica&ccedil;&atilde;o P&uacute;blica e Institui&ccedil;&otilde;es<\/span><i class=\"ti ti-chevron-down\"><\/i><\/summary><div class=\"space-y-4 p-3 border-x group-[&amp;:last-of-type]\/accordion:border-b border-neutral-200 text-base text-neutral-400 group-[&amp;:last-of-type]\/accordion:rounded-bl group-[&amp;:last-of-type]\/accordion:rounded-br [&amp;_.wp-block-heading+p]:!mt-0\">\n<p>O&nbsp;tema central do col&oacute;quio,&nbsp;<em><a href=\"https:\/\/ufmg.br\/comunicacao\/noticias\/coloquio-debate-papel-da-comunicacao-publica-no-fortalecimento-da-democracia\">Democracia, comunica&ccedil;&atilde;o p&uacute;blica e institui&ccedil;&otilde;es<\/a><\/em>,&nbsp;reuniu, nos dias 13 e 14 de outubro de 2022, os professores Rudimar Baldissera, da Universidade Federal do Rio Grande do Sul, e Ricardo Fabrino, da UFMG, na primeira mesa do encontro.<\/p>\n\n\n\n<p>As pr&aacute;ticas profissionais e o fazer comunicacional nas Ifes na perspectiva do jornalismo foram abordadas pelo professor Bas&iacute;lio Sartor, da UFRGS. Discuss&atilde;o semelhante, na &oacute;tica das rela&ccedil;&otilde;es p&uacute;blicas, foi feita pelo professor Daniel Reis, do Departamento de Comunica&ccedil;&atilde;o da UFMG, enquanto seu colega de departamento,&nbsp;Carlos Magno Mendon&ccedil;a, discorreu sobre a publicidade e a gest&atilde;o de imagem nas Ifes.<\/p>\n\n\n\n<p>Na &uacute;ltima mesa do dia, a professora Cristiane Ven&acirc;ncio, da Universidade Federal Rural do Rio de Janeiro, e a jornalista e doutoranda &nbsp;Cibele Aguiar, da Universidade Federal de Lavras, debateram as estruturas de comunica&ccedil;&atilde;o das Ifes.<\/p>\n\n\n\n<p>A sexta-feira, dia 14, foi&nbsp;dedicada a&nbsp;apresenta&ccedil;&atilde;o e debate das contribui&ccedil;&otilde;es das Ifes do Sudeste para o planejamento estrat&eacute;gico do Cogecom. &Agrave; tarde, os&nbsp;gestores far&atilde;o&nbsp;visita t&eacute;cnica ao Centro de Comunica&ccedil;&atilde;o Institucional da Universidade Federal de Ouro Preto (Ufop), onde ser&atilde;o recebidos pela reitora Cl&aacute;udia Aparecida Marli&eacute;re.<\/p>\n<\/div><\/details>\n\n\n<?xml encoding=\"utf-8\"?><details class=\"group\/accordion\"><summary class=\"flex gap-4 items-center bg-neutral-50 border-x border-t group-last-of-type\/accordion:border-b border-neutral-200 group-open\/accordion:border-primary-300 group-open\/accordion:bg-primary-300 p-3 group-[&amp;:first-of-type]\/accordion:rounded-t group-[&amp;:last-of-type]\/accordion:rounded-b group-open\/accordion:[&amp;:last-of-type]:rounded-b-none text-neutral-600 group-open\/accordion:text-neutral-50 text-lg font-semibold [&amp;&gt;i]:text-[1.5rem] group-open\/accordion:[&amp;&gt;i]:text-neutral-50 [&amp;&gt;i]:text-primary-300 group-open\/accordion:[&amp;&gt;i]:-rotate-180 [&amp;&gt;i]:transition-transform transition-colors cursor-pointer\"><span class=\"grow\">2020 &#8211; Comunica&ccedil;&atilde;o P&uacute;blica e Institucional na Universidade<\/span><i class=\"ti ti-chevron-down\"><\/i><\/summary><div class=\"space-y-4 p-3 border-x group-[&amp;:last-of-type]\/accordion:border-b border-neutral-200 text-base text-neutral-400 group-[&amp;:last-of-type]\/accordion:rounded-bl group-[&amp;:last-of-type]\/accordion:rounded-br [&amp;_.wp-block-heading+p]:!mt-0\">\n<p>A comunica&ccedil;&atilde;o p&uacute;blica e institucional na universidade foi&nbsp;o tema de webinar no dia 30 de setembro de 2020, o&nbsp;<a href=\"https:\/\/ufmg.br\/comunicacao\/noticias\/pesquisadoras-debatem-comunicacao-publica-e-institucional-na-universidade\">3&ordm; Col&oacute;quio Universidade e Comunica&ccedil;&atilde;o P&uacute;blica<\/a>. O encontro ocorreu das 10h &agrave;s 12h, com transmiss&atilde;o pelo canal da CAC-UFMG no YouTube.<\/p>\n\n\n\n<p>A professora Eugenia Barichello, da Universidade Federal de Santa Maria (UFSM), falou sobre os &ldquo;desafios da visibilidade midi&aacute;tica e da legitimidade das institui&ccedil;&otilde;es&rdquo;, e a professora Maria Helena Weber, da Universidade Federal do Rio Grande do Sul (UFRGS), abordou os sistemas e estrat&eacute;gias de comunica&ccedil;&atilde;o p&uacute;blica no Brasil, com foco no &ldquo;paradoxo da visibilidade e interesse p&uacute;blico&rdquo;.<\/p>\n\n\n\n<p>O webinar foi aberto pela reitora Sandra Goulart Almeida e pela professora F&aacute;bia Lima, diretora do Centro de Comunica&ccedil;&atilde;o da UFMG (Cedecom), que promove o col&oacute;quio. O jornalista Marc&iacute;lio Lana, coordenador executivo do Cedecom, fez a modera&ccedil;&atilde;o.<\/p>\n<\/div><\/details>\n\n\n<?xml encoding=\"utf-8\"?><details class=\"group\/accordion\"><summary class=\"flex gap-4 items-center bg-neutral-50 border-x border-t group-last-of-type\/accordion:border-b border-neutral-200 group-open\/accordion:border-primary-300 group-open\/accordion:bg-primary-300 p-3 group-[&amp;:first-of-type]\/accordion:rounded-t group-[&amp;:last-of-type]\/accordion:rounded-b group-open\/accordion:[&amp;:last-of-type]:rounded-b-none text-neutral-600 group-open\/accordion:text-neutral-50 text-lg font-semibold [&amp;&gt;i]:text-[1.5rem] group-open\/accordion:[&amp;&gt;i]:text-neutral-50 [&amp;&gt;i]:text-primary-300 group-open\/accordion:[&amp;&gt;i]:-rotate-180 [&amp;&gt;i]:transition-transform transition-colors cursor-pointer\"><span class=\"grow\">2018 &#8211; M&iacute;dias textuais<\/span><i class=\"ti ti-chevron-down\"><\/i><\/summary><div class=\"space-y-4 p-3 border-x group-[&amp;:last-of-type]\/accordion:border-b border-neutral-200 text-base text-neutral-400 group-[&amp;:last-of-type]\/accordion:rounded-bl group-[&amp;:last-of-type]\/accordion:rounded-br [&amp;_.wp-block-heading+p]:!mt-0\">\n<p>Com foco no debate sobre m&iacute;dias textuais, o Centro de Comunica&ccedil;&atilde;o (Cedecom) realizou no dia&nbsp;20 de agosto de 2018, no campus Pampulha, o&nbsp;<a href=\"https:\/\/www.facebook.com\/watch\/live\/?ref=watch_permalink&amp;v=281702432610225\" target=\"_blank\" rel=\"noreferrer noopener\">2&ordm; Col&oacute;quio Universidade e Comunica&ccedil;&atilde;o P&uacute;blica<\/a>. O objetivo era&nbsp;discutir o papel e o alcance das m&iacute;dias impressas institucionais da UFMG em um cen&aacute;rio em que a converg&ecirc;ncia de canais, de formatos e de linguagens altera a produ&ccedil;&atilde;o comunicacional e a pr&oacute;pria estrat&eacute;gia das organiza&ccedil;&otilde;es.<\/p>\n\n\n\n<p>Gratuito e aberto ao p&uacute;blico, o col&oacute;quio foi realizado na Sala de Sess&otilde;es, no pr&eacute;dio da Reitoria, das 9h &agrave;s 17h30. Houve emiss&atilde;o de certificado. Respons&aacute;vel pela edi&ccedil;&atilde;o do Boletim UFMG, ve&iacute;culo impresso semanal que circula ininterruptamente h&aacute; 45 anos, o Cedecom trouxe&nbsp;ao debate temas como&nbsp;<em>O lugar do texto na comunica&ccedil;&atilde;o institucional e p&uacute;blica<\/em>,&nbsp;<em>O caminho &eacute; o digital?<\/em>&nbsp;e&nbsp;<em>Jornalismo cient&iacute;fico: o texto passado em revista<\/em>.<\/p>\n<\/div><\/details>\n\n\n<?xml encoding=\"utf-8\"?><details class=\"group\/accordion\"><summary class=\"flex gap-4 items-center bg-neutral-50 border-x border-t group-last-of-type\/accordion:border-b border-neutral-200 group-open\/accordion:border-primary-300 group-open\/accordion:bg-primary-300 p-3 group-[&amp;:first-of-type]\/accordion:rounded-t group-[&amp;:last-of-type]\/accordion:rounded-b group-open\/accordion:[&amp;:last-of-type]:rounded-b-none text-neutral-600 group-open\/accordion:text-neutral-50 text-lg font-semibold [&amp;&gt;i]:text-[1.5rem] group-open\/accordion:[&amp;&gt;i]:text-neutral-50 [&amp;&gt;i]:text-primary-300 group-open\/accordion:[&amp;&gt;i]:-rotate-180 [&amp;&gt;i]:transition-transform transition-colors cursor-pointer\"><span class=\"grow\">2017 &#8211; M&iacute;dias sonoras<\/span><i class=\"ti ti-chevron-down\"><\/i><\/summary><div class=\"space-y-4 p-3 border-x group-[&amp;:last-of-type]\/accordion:border-b border-neutral-200 text-base text-neutral-400 group-[&amp;:last-of-type]\/accordion:rounded-bl group-[&amp;:last-of-type]\/accordion:rounded-br [&amp;_.wp-block-heading+p]:!mt-0\">\n<p>A natureza e as potencialidades da comunica&ccedil;&atilde;o p&uacute;blica foram colocadas em pauta no <a href=\"https:\/\/ufmg.br\/comunicacao\/noticias\/participacao-cidada-e-tema-de-mesa-redonda-sobre-comunicacao-publica\">1&ordm;&nbsp;Col&oacute;quio Universidade e Comunica&ccedil;&atilde;o P&uacute;blica: m&iacute;dias sonoras<\/a>, evento gratuito promovido pelo Centro de Comunica&ccedil;&atilde;o (Cedecom) da UFMG, nos dias 4 e 5 de dezembro de 2017, no audit&oacute;rio 4, da Faculdade de Ci&ecirc;ncias Econ&ocirc;micas (Face), no Campus Pampulha &ndash; Belo Horizonte.&nbsp;<\/p>\n\n\n\n<p>Com enfoque em m&iacute;dias sonoras, o primeiro encontro buscou&nbsp;compreender as rela&ccedil;&otilde;es entre a comunica&ccedil;&atilde;o p&uacute;blica e o fazer radiof&ocirc;nico, em um momento em que a R&aacute;dio UFMG Educativa (104,5 FM), emissora que integra o Cedecom, comemorava 12 anos de atua&ccedil;&atilde;o. Desde sua inaugura&ccedil;&atilde;o, em 2005, a emissora tem intensificado a pr&aacute;tica colaborativa de produtos comunicacionais na Universidade, com forte envolvimento da comunidade acad&ecirc;mica na produ&ccedil;&atilde;o radiof&ocirc;nica.<\/p>\n<\/div><\/details>\n<\/div>\n\n\n\n<p><\/p>\n","protected":false},"excerpt":{"rendered":"<p>Como \u00f3rg\u00e3o auxiliar da Reitoria, o Cedecom UFMG tem o compromisso de estimular reflex\u00f5es sobre os rumos da comunica\u00e7\u00e3o p\u00fablica por meio de uma s\u00e9rie de col\u00f3quios iniciada em 2017. Desde ent\u00e3o, foram abordados temas como m\u00eddias sonoras, m\u00eddias textuais, comunica\u00e7\u00e3o institucional e democracia e institui\u00e7\u00f5es. Acompanhe os debates!<\/p>\n","protected":false},"author":1,"featured_media":0,"parent":6612,"menu_order":0,"comment_status":"closed","ping_status":"closed","template":"","meta":{"_acf_changed":false,"footnotes":""},"class_list":["post-6748","page","type-page","status-publish","hentry"],"acf":[],"_links":{"self":[{"href":"http:\/\/150.164.63.212:9000\/portal-novo-test\/wp-json\/wp\/v2\/pages\/6748","targetHints":{"allow":["GET"]}}],"collection":[{"href":"http:\/\/150.164.63.212:9000\/portal-novo-test\/wp-json\/wp\/v2\/pages"}],"about":[{"href":"http:\/\/150.164.63.212:9000\/portal-novo-test\/wp-json\/wp\/v2\/types\/page"}],"author":[{"embeddable":true,"href":"http:\/\/150.164.63.212:9000\/portal-novo-test\/wp-json\/wp\/v2\/users\/1"}],"replies":[{"embeddable":true,"href":"http:\/\/150.164.63.212:9000\/portal-novo-test\/wp-json\/wp\/v2\/comments?post=6748"}],"version-history":[{"count":0,"href":"http:\/\/150.164.63.212:9000\/portal-novo-test\/wp-json\/wp\/v2\/pages\/6748\/revisions"}],"up":[{"embeddable":true,"href":"http:\/\/150.164.63.212:9000\/portal-novo-test\/wp-json\/wp\/v2\/pages\/6612"}],"wp:attachment":[{"href":"http:\/\/150.164.63.212:9000\/portal-novo-test\/wp-json\/wp\/v2\/media?parent=6748"}],"curies":[{"name":"wp","href":"https:\/\/api.w.org\/{rel}","templated":true}]}}