{"id":6756,"date":"2025-09-09T14:03:09","date_gmt":"2025-09-09T17:03:09","guid":{"rendered":"http:\/\/150.164.63.212:9000\/portal-novo-test\/?page_id=6756"},"modified":"2025-10-31T10:52:59","modified_gmt":"2025-10-31T13:52:59","slug":"estude-na-ufmg","status":"publish","type":"page","link":"http:\/\/150.164.63.212:9000\/portal-novo-test\/cursos\/estude-na-ufmg\/","title":{"rendered":"Estude na UFMG"},"content":{"rendered":"\n<p>A UFMG \u00e9 uma institui\u00e7\u00e3o p\u00fablica de excel\u00eancia, com relev\u00e2ncia nacional e internacional, e realiza, com empenho e responsabilidade, a miss\u00e3o de atender \u00e0s diversas demandas relacionadas \u00e0s \u00e1reas de ensino, pesquisa e extens\u00e3o. Todas as a\u00e7\u00f5es da Universidade s\u00e3o planejadas visando \u00e0 difus\u00e3o dos saberes, ao fortalecimento da educa\u00e7\u00e3o, ao desenvolvimento cient\u00edfico, econ\u00f4mico, pol\u00edtico e cultural e ao bem-estar da sociedade.<\/p>\n\n\n\n<p>Com oferta de cursos em todas as \u00e1reas do conhecimento, e em todos os n\u00edveis, o ensino na UFMG se encontra em cont\u00ednuo processo de transforma\u00e7\u00e3o, sempre privilegiando a forma\u00e7\u00e3o \u00e9tica, cidad\u00e3 e de excel\u00eancia. Na gradua\u00e7\u00e3o, o aluno da Institui\u00e7\u00e3o conta com relativa autonomia para esbo\u00e7ar seu plano de estudos, o que lhe permite uma forma\u00e7\u00e3o com caracter\u00edsticas individuais na \u00e1rea de escolha. Al\u00e9m disso, os cursos de p\u00f3s-gradua\u00e7\u00e3o da UFMG s\u00e3o destaque nos cen\u00e1rios nacional e internacional por sua qualidade, relev\u00e2ncia, diversidade e abrang\u00eancia.<\/p>\n\n\n\n<p>A Institui\u00e7\u00e3o tamb\u00e9m abriga ensino b\u00e1sico e profissional de qualidade, oferece cursos na \u00e1rea de extens\u00e3o e tamb\u00e9m outras formas de enriquecimento curricular. A pol\u00edtica da Universidade se compromete com o car\u00e1ter p\u00fablico do ensino, a amplia\u00e7\u00e3o de vagas, a pol\u00edtica de cotas, a oferta de programas de apoio \u00e0 perman\u00eancia de alunos em condi\u00e7\u00e3o de vulnerabilidade, a igualdade de oportunidades e a permanente melhoria de sua infraestrutura e a qualifica\u00e7\u00e3o do corpo docente e t\u00e9cnico.<\/p>\n\n\n\n<div class=\"wp-block-ufmg-cards grid grid-cols-1 lg:grid-cols-cards gap-8\">\n\t<div class=\"flex flex-col gap-6 p-6 md:py-8 border border-neutral-200 rounded-lg\">\n\n\t\t\t\t\t<h2 class=\"pl-2 border-l-2 border-l-primary-400 text-neutral-600 text-xl md:text-2xl font-semibold\">\n\t\t\t\tCursos\t\t\t<\/h2>\n\t\t\n\t\t\t\t\t<p class=\"flex-1 text-base md:text-lg text-neutral-500\">\n\t\t\t\tConhe\u00e7a todos cursos ofertados pela UFMG.\t\t\t<\/p>\n\t\t\n\t\t\t\t\t<a href=\"http:\/\/150.164.63.212:9000\/portal-novo-test\/?page_id=3694&amp;preview=true\" target=\"_blank\" rel=\"noopener noreferrer\"\t\t\t\tclass=\"w-fit ml-auto flex items-center gap-4 text-primary-300 font-lexend font-medium text-base md:text-lg\">\n\t\t\t\tAcessar\t\t\t\t<i class=\"ti ti-chevron-right text-[1rem] md:text-[1.25rem]\"><\/i>\n\t\t\t<\/a>\n\t\t\t<\/div>\n\n\n\n\t<div class=\"flex flex-col gap-6 p-6 md:py-8 border border-neutral-200 rounded-lg\">\n\n\t\t\t\t\t<h2 class=\"pl-2 border-l-2 border-l-primary-400 text-neutral-600 text-xl md:text-2xl font-semibold\">\n\t\t\t\tFormas de Ingresso\t\t\t<\/h2>\n\t\t\n\t\t\t\t\t<p class=\"flex-1 text-base md:text-lg text-neutral-500\">\n\t\t\t\tConhe\u00e7a as formas de entrada nos cursos da UFMG.\t\t\t<\/p>\n\t\t\n\t\t\t\t\t<a href=\"http:\/\/150.164.63.212:9000\/portal-novo-test\/?page_id=2901&amp;preview=true\" target=\"_blank\" rel=\"noopener noreferrer\"\t\t\t\tclass=\"w-fit ml-auto flex items-center gap-4 text-primary-300 font-lexend font-medium text-base md:text-lg\">\n\t\t\t\tAcessar\t\t\t\t<i class=\"ti ti-chevron-right text-[1rem] md:text-[1.25rem]\"><\/i>\n\t\t\t<\/a>\n\t\t\t<\/div>\n<\/div>\n\n\n\n<h2 class=\"wp-block-heading\">Saiba mais<\/h2>\n\n\n<?xml encoding=\"utf-8\"?><ul class=\"wp-block-ufmg-hub-links [&amp;&gt;li_a]:flex [&amp;&gt;li_a]:items-center [&amp;&gt;li_a]:justify-between [&amp;&gt;li_a]:bg-neutral-50 [&amp;&gt;li_a]:px-4 [&amp;&gt;li_a]:py-3 md:[&amp;&gt;li_a]:py-5 [&amp;&gt;li_a]:border-b [&amp;&gt;li_a]:border-b-neutral-200 [&amp;&gt;li_a]:text-primary-300 [&amp;&gt;li_a]:text-base md:[&amp;&gt;li_a]:text-lg [&amp;&gt;li_a]:font-lexend [&amp;&gt;li_a]:font-medium [&amp;&gt;li_a]:transition-colors [&amp;&gt;li_a&gt;i]:text-[1rem] md:[&amp;&gt;li_a&gt;i]:text-[1.5rem] hover:[&amp;&gt;li_a]:bg-neutral-100 hover:[&amp;&gt;li_a]:border-b-primary-300\"><li class=\" wp-block-navigation-item wp-block-navigation-link\"><a class=\"wp-block-navigation-item__content\" href=\"http:\/\/150.164.63.212:9000\/portal-novo-test\/?page_id=3653\" target=\"_blank\"><span class=\"wp-block-navigation-item__label\">Acessibilidade e inclus&atilde;o<\/span><i class=\"ti ti-chevron-right\"><\/i><\/a><\/li>\n\n<li class=\" wp-block-navigation-item wp-block-navigation-link\"><a class=\"wp-block-navigation-item__content\" href=\"http:\/\/150.164.63.212:9000\/portal-novo-test\/mobilidade-academica-intercambio\/\" target=\"_blank\"><span class=\"wp-block-navigation-item__label\">Mobilidade Acad&ecirc;mica (Interc&acirc;mbio)<\/span><i class=\"ti ti-chevron-right\"><\/i><\/a><\/li>\n\n<li class=\" wp-block-navigation-item wp-block-navigation-link\"><a class=\"wp-block-navigation-item__content\" href=\"http:\/\/150.164.63.212:9000\/portal-novo-test\/?page_id=3647&amp;preview=true\" target=\"_blank\"><span class=\"wp-block-navigation-item__label\">Perman&ecirc;ncia estudantil<\/span><i class=\"ti ti-chevron-right\"><\/i><\/a><\/li>\n\n<li class=\" wp-block-navigation-item wp-block-navigation-link\"><a class=\"wp-block-navigation-item__content\" href=\"http:\/\/150.164.63.212:9000\/portal-novo-test\/?page_id=3646\" target=\"_blank\"><span class=\"wp-block-navigation-item__label\">Reserva de vagas<\/span><i class=\"ti ti-chevron-right\"><\/i><\/a><\/li><\/ul>\n","protected":false},"excerpt":{"rendered":"<p>A UFMG \u00e9 uma institui\u00e7\u00e3o p\u00fablica de excel\u00eancia, com relev\u00e2ncia nacional e internacional, e realiza, com empenho e responsabilidade, a miss\u00e3o de atender \u00e0s diversas demandas relacionadas \u00e0s \u00e1reas de ensino, pesquisa e extens\u00e3o. Todas as a\u00e7\u00f5es da Universidade s\u00e3o planejadas visando \u00e0 difus\u00e3o dos saberes, ao fortalecimento da educa\u00e7\u00e3o, ao desenvolvimento cient\u00edfico, econ\u00f4mico, pol\u00edtico [&hellip;]<\/p>\n","protected":false},"author":1,"featured_media":0,"parent":3694,"menu_order":0,"comment_status":"closed","ping_status":"closed","template":"","meta":{"_acf_changed":false,"footnotes":""},"class_list":["post-6756","page","type-page","status-publish","hentry"],"acf":[],"_links":{"self":[{"href":"http:\/\/150.164.63.212:9000\/portal-novo-test\/wp-json\/wp\/v2\/pages\/6756","targetHints":{"allow":["GET"]}}],"collection":[{"href":"http:\/\/150.164.63.212:9000\/portal-novo-test\/wp-json\/wp\/v2\/pages"}],"about":[{"href":"http:\/\/150.164.63.212:9000\/portal-novo-test\/wp-json\/wp\/v2\/types\/page"}],"author":[{"embeddable":true,"href":"http:\/\/150.164.63.212:9000\/portal-novo-test\/wp-json\/wp\/v2\/users\/1"}],"replies":[{"embeddable":true,"href":"http:\/\/150.164.63.212:9000\/portal-novo-test\/wp-json\/wp\/v2\/comments?post=6756"}],"version-history":[{"count":0,"href":"http:\/\/150.164.63.212:9000\/portal-novo-test\/wp-json\/wp\/v2\/pages\/6756\/revisions"}],"up":[{"embeddable":true,"href":"http:\/\/150.164.63.212:9000\/portal-novo-test\/wp-json\/wp\/v2\/pages\/3694"}],"wp:attachment":[{"href":"http:\/\/150.164.63.212:9000\/portal-novo-test\/wp-json\/wp\/v2\/media?parent=6756"}],"curies":[{"name":"wp","href":"https:\/\/api.w.org\/{rel}","templated":true}]}}