{"id":7117,"date":"2025-09-22T09:13:20","date_gmt":"2025-09-22T12:13:20","guid":{"rendered":"http:\/\/150.164.63.212:9000\/portal-novo-test\/?page_id=7117"},"modified":"2025-10-28T13:22:15","modified_gmt":"2025-10-28T16:22:15","slug":"publicacoes-cientificas","status":"publish","type":"page","link":"http:\/\/150.164.63.212:9000\/portal-novo-test\/pesquisa-e-inovacao\/publicacoes-cientificas\/","title":{"rendered":"Publica\u00e7\u00f5es Cient\u00edficas"},"content":{"rendered":"\n<p>A pesquisa desenvolvida na UFMG \u00e9 expressiva e se destaca por sua amplitude, cobrindo diversas \u00e1reas do conhecimento. A divulga\u00e7\u00e3o dos resultados obtidos nas pesquisas da Universidade \u00e9 essencial para disseminar o conhecimento para a sociedade e contribuir com o avan\u00e7o do estado da arte.&nbsp;As publica\u00e7\u00f5es cient\u00edficas s\u00e3o importantes para fortalecer a visibilidade e a relev\u00e2ncia da institui\u00e7\u00e3o na \u00e1rea acad\u00eamica, posicionando a UFMG em rankings importantes de avalia\u00e7\u00e3o nacionais e internacionais. <\/p>\n\n\n\n\n\t<figure data-size=\"medium\"\n\t\tclass=\"group space-y-2 data-[size=small]:w-[21rem] sm:data-[size=medium]:w-[40rem] lg:data-[size=small]:float-left lg:data-[size=small]:mr-8 mx-auto\">\n\t\t\t\t\t<img loading=\"lazy\" decoding=\"async\" width=\"640\" height=\"445\" src=\"http:\/\/150.164.63.212:9000\/portal-novo-test\/app\/uploads\/2025\/10\/16742159288_98fc698375_k-640x445.jpg\" class=\"group-data-[size=small]:w-[21rem] group-data-[size=small]:h-[29.75rem] sm:group-data-[size=medium]:w-[40rem] sm:group-data-[size=small]:h-[27.8125rem] lg:group-data-[size=medium]:h-[27.8125rem] group-data-[size=large]:w-full group-data-[size=large]:h-[9.875rem] md:group-data-[size=large]:h-[27.8125rem] rounded object-fill\" alt=\"\" \/>\t\t\t\t<div\n\t\t\tclass=\"group-data-[size=small]:w-[21rem] px-3 pt-3 pb-6 md:px-6 group-data-[size=small]:px-3 text-neutral-300 text-xs md:text-sm\">\n\t\t\t<figcaption title=\"Arquivos na Biblioteca Central da UFMG\" class=\"block line-clamp-4 md:line-clamp-3\">\n\t\t\t\tArquivos na Biblioteca Central da UFMG\t\t\t<\/figcaption>\n\t\t\t<cite\n\t\t\t\tclass=\"relative block not-italic after:absolute after:left-0 after:right-0 after:-bottom-3 after:h-px after:bg-neutral-100\">\n\t\t\t\tAcervo\t\t\t<\/cite>\n\t\t<\/div>\n\t<\/figure>\n\n\n\n<p>A produ\u00e7\u00e3o do conte\u00fado cient\u00edfico, t\u00e9cnico, art\u00edstico, educacional e cultural da Universidade podem ser publicados em formato de revistas, peri\u00f3dicos, jornais, livros, e-books e outros, permitindo a interdisciplinaridade do conte\u00fado e a intera\u00e7\u00e3o entre diversos pesquisadores e \u00e1reas de conhecimento, fortalecendo a comunidade acad\u00eamica.<\/p>\n\n\n\n<p>Reconhecendo a relev\u00e2ncia das publica\u00e7\u00f5es cient\u00edficas para a Universidade, pesquisadores e sociedade, a UFMG organizou o <a href=\"http:\/\/150.164.63.212:9000\/portal-novo-test\/pesquisa-e-inovacao\/publicacoes-cientificas\/teses-e-dissertacoes\/\" target=\"_blank\" rel=\"noreferrer noopener\">Reposit\u00f3rio Institucional<\/a> que re\u00fane, em formato digital, o conhecimento produzido pela comunidade acad\u00eamica da Universidade, seguindo a tend\u00eancia do acesso aberto das produ\u00e7\u00f5es cient\u00edficas. A Universidade tamb\u00e9m mant\u00e9m o <a href=\"https:\/\/www.ufmg.br\/periodicos\/\" target=\"_blank\" rel=\"noreferrer noopener\">Portal de Peri\u00f3dicos<\/a>&nbsp;que aprimora a qualidade e a visibilidade das publica\u00e7\u00f5es cient\u00edficas da UFMG. Al\u00e9m disso, a institui\u00e7\u00e3o investe na <a href=\"http:\/\/150.164.63.212:9000\/portal-novo-test\/pesquisa-e-inovacao\/publicacoes-cientificas\/editora-ufmg\/\" target=\"_blank\" rel=\"noreferrer noopener\">Editora UFMG<\/a> que edita obras de valor cient\u00edfico e cultural representativas do trabalho de ensino, pesquisa e extens\u00e3o da Universidade.<\/p>\n","protected":false},"excerpt":{"rendered":"<p>A pesquisa desenvolvida na UFMG \u00e9 expressiva e se destaca por sua amplitude, cobrindo diversas \u00e1reas do conhecimento. A divulga\u00e7\u00e3o dos resultados obtidos nas pesquisas da Universidade \u00e9 essencial para disseminar o conhecimento para a sociedade e contribuir com o avan\u00e7o do estado da arte.&nbsp;As publica\u00e7\u00f5es cient\u00edficas s\u00e3o importantes para fortalecer a visibilidade e a [&hellip;]<\/p>\n","protected":false},"author":1,"featured_media":0,"parent":6399,"menu_order":0,"comment_status":"closed","ping_status":"closed","template":"","meta":{"_acf_changed":false,"footnotes":""},"class_list":["post-7117","page","type-page","status-publish","hentry"],"acf":[],"_links":{"self":[{"href":"http:\/\/150.164.63.212:9000\/portal-novo-test\/wp-json\/wp\/v2\/pages\/7117","targetHints":{"allow":["GET"]}}],"collection":[{"href":"http:\/\/150.164.63.212:9000\/portal-novo-test\/wp-json\/wp\/v2\/pages"}],"about":[{"href":"http:\/\/150.164.63.212:9000\/portal-novo-test\/wp-json\/wp\/v2\/types\/page"}],"author":[{"embeddable":true,"href":"http:\/\/150.164.63.212:9000\/portal-novo-test\/wp-json\/wp\/v2\/users\/1"}],"replies":[{"embeddable":true,"href":"http:\/\/150.164.63.212:9000\/portal-novo-test\/wp-json\/wp\/v2\/comments?post=7117"}],"version-history":[{"count":0,"href":"http:\/\/150.164.63.212:9000\/portal-novo-test\/wp-json\/wp\/v2\/pages\/7117\/revisions"}],"up":[{"embeddable":true,"href":"http:\/\/150.164.63.212:9000\/portal-novo-test\/wp-json\/wp\/v2\/pages\/6399"}],"wp:attachment":[{"href":"http:\/\/150.164.63.212:9000\/portal-novo-test\/wp-json\/wp\/v2\/media?parent=7117"}],"curies":[{"name":"wp","href":"https:\/\/api.w.org\/{rel}","templated":true}]}}