{"id":7178,"date":"2025-09-08T10:21:09","date_gmt":"2025-09-08T13:21:09","guid":{"rendered":"http:\/\/150.164.63.212:9000\/portal-novo-test\/?page_id=7178"},"modified":"2025-09-24T14:33:07","modified_gmt":"2025-09-24T17:33:07","slug":"acerca-de-la-ufmg","status":"publish","type":"page","link":"http:\/\/150.164.63.212:9000\/portal-novo-test\/international\/acerca-de-la-ufmg\/","title":{"rendered":"Acerca de la UFMG"},"content":{"rendered":"\n<p>Ubicada en la regi\u00f3n sudeste de Brasil, la Universidad Federal de Minas Gerais (UFMG) es una instituci\u00f3n de educaci\u00f3n p\u00fablica gratuita y la universidad m\u00e1s antigua del estado de Minas Gerais. Desde la fundaci\u00f3n de la UFMG, en 1927, sus estudiantes han ejercido una gran influencia en los \u00e1mbitos cultural, pol\u00edtico y econ\u00f3mico de la sociedad.<\/p>\n\n\n\n<p>La UFMG es una l\u00edder regional y nacional en materia de educaci\u00f3n, <a href=\"https:\/\/ufmg.br\/extensao\" target=\"_blank\" rel=\"noreferrer noopener\">extensi\u00f3n universitaria<\/a>, cultura, investigaci\u00f3n cient\u00edfica y registro de patentes en diversos campos del conocimiento. La universidad ocupa los primeros puestos en los rankings que eval\u00faan la educaci\u00f3n superior en Brasil.<\/p>\n\n\n\n\n\t<figure data-size=\"medium\"\n\t\tclass=\"group space-y-2 data-[size=small]:w-[21rem] sm:data-[size=medium]:w-[40rem] lg:data-[size=small]:float-left lg:data-[size=small]:mr-8 mx-auto\">\n\t\t\t\t\t<img loading=\"lazy\" decoding=\"async\" width=\"640\" height=\"445\" src=\"http:\/\/150.164.63.212:9000\/portal-novo-test\/app\/uploads\/2025\/08\/7136205665_c803e03913_o-640x445.jpg\" class=\"group-data-[size=small]:w-[21rem] group-data-[size=small]:h-[29.75rem] sm:group-data-[size=medium]:w-[40rem] sm:group-data-[size=small]:h-[27.8125rem] lg:group-data-[size=medium]:h-[27.8125rem] group-data-[size=large]:w-full group-data-[size=large]:h-[9.875rem] md:group-data-[size=large]:h-[27.8125rem] rounded object-fill\" alt=\"La imagen muestra una toma elevada y gran angular de un extenso campus universitario en un d\u00eda soleado. En primer plano, un gran edificio moderno con fachada roja y blanca domina la vista, con un enorme aparcamiento lleno de coches justo enfrente. El campus es muy verde, con numerosos \u00e1rboles y zonas de bosque intercaladas entre los diversos edificios acad\u00e9micos. M\u00e1s all\u00e1 del edificio central, se pueden ver m\u00e1s instalaciones del campus, incluyendo un campo deportivo y varias otras estructuras de varios pisos con diversos estilos arquitect\u00f3nicos. A lo lejos, a la izquierda del encuadre, se aprecia el horizonte de la ciudad, lo que sugiere que la universidad se encuentra en o en las afueras de una importante \u00e1rea metropolitana. El cielo es de un azul brillante con nubes blancas dispersas. La impresi\u00f3n general es la de una instituci\u00f3n grande y consolidada, enclavada en un exuberante paisaje monta\u00f1oso.\" \/>\t\t\t\t<div\n\t\t\tclass=\"group-data-[size=small]:w-[21rem] px-3 pt-3 pb-6 md:px-6 group-data-[size=small]:px-3 text-neutral-300 text-xs md:text-sm\">\n\t\t\t<figcaption title=\"Campus de Pampulha\" class=\"block line-clamp-4 md:line-clamp-3\">\n\t\t\t\tCampus de Pampulha\t\t\t<\/figcaption>\n\t\t\t<cite\n\t\t\t\tclass=\"relative block not-italic after:absolute after:left-0 after:right-0 after:-bottom-3 after:h-px after:bg-neutral-100\">\n\t\t\t\tFoco Lisboa\/UFMG\t\t\t<\/cite>\n\t\t<\/div>\n\t<\/figure>\n\n\n\n<p>La comunidad estudantil de la UFMG re\u00fane alrededor de 50 mil personas en las ciudades de Belo Horizonte y Montes Claros, distribuidas en 97 cursos de grado, m\u00e1s de 90 programas de posgrado y m\u00e1s de 700 centros de investigaci\u00f3n. Belo Horizonte, la capital de Minas Gerais, alberga gran parte de la estructura de la UFMG en el campus de Pampulha, donde se encuentran las principales oficinas administrativas y el mayor n\u00famero de edificios.<\/p>\n\n\n\n<figure class=\"wp-block-embed is-type-video is-provider-youtube wp-block-embed-youtube wp-embed-aspect-16-9 wp-has-aspect-ratio\"><div class=\"wp-block-embed__wrapper\">\n<iframe loading=\"lazy\" title=\"Institutional UFMG - English\" width=\"640\" height=\"360\" src=\"https:\/\/www.youtube.com\/embed\/H7tGE6SOe48?feature=oembed\" frameborder=\"0\" allow=\"accelerometer; autoplay; clipboard-write; encrypted-media; gyroscope; picture-in-picture; web-share\" referrerpolicy=\"strict-origin-when-cross-origin\" allowfullscreen><\/iframe>\n<\/div><\/figure>\n\n\n\n<h2 class=\"wp-block-heading\">Cursos<\/h2>\n\n\n\n<p>Seg\u00fan el sistema brasile\u00f1o, la educaci\u00f3n superior se divide en:<\/p>\n\n\n\n<div class=\"wp-block-ufmg-details-group\"><?xml encoding=\"utf-8\"?><details class=\"group\/accordion\"><summary class=\"flex gap-4 items-center bg-neutral-50 border-x border-t group-last-of-type\/accordion:border-b border-neutral-200 group-open\/accordion:border-primary-300 group-open\/accordion:bg-primary-300 p-3 group-[&amp;:first-of-type]\/accordion:rounded-t group-[&amp;:last-of-type]\/accordion:rounded-b group-open\/accordion:[&amp;:last-of-type]:rounded-b-none text-neutral-600 group-open\/accordion:text-neutral-50 text-lg font-semibold [&amp;&gt;i]:text-[1.5rem] group-open\/accordion:[&amp;&gt;i]:text-neutral-50 [&amp;&gt;i]:text-primary-300 group-open\/accordion:[&amp;&gt;i]:-rotate-180 [&amp;&gt;i]:transition-transform transition-colors cursor-pointer\"><span class=\"grow\">Gradua&ccedil;&atilde;o (Licenciatura)<\/span><i class=\"ti ti-chevron-down\"><\/i><\/summary><div class=\"space-y-4 p-3 border-x group-[&amp;:last-of-type]\/accordion:border-b border-neutral-200 text-base text-neutral-400 group-[&amp;:last-of-type]\/accordion:rounded-bl group-[&amp;:last-of-type]\/accordion:rounded-br [&amp;_.wp-block-heading+p]:!mt-0\">\n<p><em>La Gradua&ccedil;&atilde;o <\/em>es la primera etapa de la educaci&oacute;n superior, que ofrece formaci&oacute;n profesional y conocimientos a los estudiantes en diversos campos. Estos cursos tienen una duraci&oacute;n de entre 8 y 12 semestres.<\/p>\n\n\n\n<p><\/p>\n\n\n\n<p>Para consultar los cursos de grado disponibles en la UFMG, <a href=\"http:\/\/150.164.63.212:9000\/portal-novo-test\/cursos\/estude-na-ufmg\/graduacao\/\" target=\"_blank\" rel=\"noreferrer noopener\">haga clic aqu&iacute;<\/a>.<\/p>\n\n\n\n<p><\/p>\n\n\n\n<p>Para obtener m&aacute;s informaci&oacute;n sobre los programas de intercambio disponibles a nivel de grado en la UFMG, <a href=\"https:\/\/www.ufmg.br\/dri\/en\/study-at-ufmg-undergraduate-level\/\" target=\"_blank\" rel=\"noreferrer noopener\">haga clic aqu&iacute;<\/a>.<\/p>\n<\/div><\/details>\n\n\n<?xml encoding=\"utf-8\"?><details class=\"group\/accordion\"><summary class=\"flex gap-4 items-center bg-neutral-50 border-x border-t group-last-of-type\/accordion:border-b border-neutral-200 group-open\/accordion:border-primary-300 group-open\/accordion:bg-primary-300 p-3 group-[&amp;:first-of-type]\/accordion:rounded-t group-[&amp;:last-of-type]\/accordion:rounded-b group-open\/accordion:[&amp;:last-of-type]:rounded-b-none text-neutral-600 group-open\/accordion:text-neutral-50 text-lg font-semibold [&amp;&gt;i]:text-[1.5rem] group-open\/accordion:[&amp;&gt;i]:text-neutral-50 [&amp;&gt;i]:text-primary-300 group-open\/accordion:[&amp;&gt;i]:-rotate-180 [&amp;&gt;i]:transition-transform transition-colors cursor-pointer\"><span class=\"grow\">P&oacute;s-gradua&ccedil;&atilde;o (Posgrado)<\/span><i class=\"ti ti-chevron-down\"><\/i><\/summary><div class=\"space-y-4 p-3 border-x group-[&amp;:last-of-type]\/accordion:border-b border-neutral-200 text-base text-neutral-400 group-[&amp;:last-of-type]\/accordion:rounded-bl group-[&amp;:last-of-type]\/accordion:rounded-br [&amp;_.wp-block-heading+p]:!mt-0\">\n<p>La <em>P&oacute;s-gradua&ccedil;&atilde;o <\/em>se refiere a programas de estudio con conocimientos especializados y una amplia investigaci&oacute;n. Estos cursos difieren en cuanto a duraci&oacute;n y nivel de conocimientos. En la UFMG, hay tres modalidades disponibles: <a href=\"https:\/\/www.ufmg.br\/prpg\/especializacao\/\" target=\"_blank\" rel=\"noreferrer noopener\"><em>Especializa&ccedil;&atilde;o<\/em><\/a> (cursos de especializaci&oacute;n), <a href=\"https:\/\/www.ufmg.br\/prpg\/mestrado-doutorado\/\" target=\"_blank\" rel=\"noreferrer noopener\"><em>Mestrado<\/em><\/a> (m&aacute;steres) y <a href=\"https:\/\/www.ufmg.br\/prpg\/mestrado-doutorado\/\" target=\"_blank\" rel=\"noreferrer noopener\"><em>Doutorado<\/em><\/a> (doctorados).<\/p>\n<\/div><\/details>\n<\/div>\n\n\n\n<h2 class=\"wp-block-heading\">Direcci\u00f3n de Relaciones Internacionales de la UFMG<\/h2>\n\n\n\n<p>La Direcci\u00f3n de Relaciones Internacionales (<em>Diretoria de Rela\u00e7\u00f5es Internacionais \u2013 DRI<\/em>) de la UFMG es un \u00f3rgano consultivo vinculado a la administraci\u00f3n central de la universidad. Su competencia es coordinar las acciones institucionales destinadas a fomentar la cooperaci\u00f3n y el intercambio entre la UFMG y otras instituciones de educaci\u00f3n superior, investigaci\u00f3n y desarrollo, con sede en diferentes pa\u00edses o que mantienen operaciones en el extranjero.<\/p>\n\n\n\n\n\t<figure data-size=\"medium\"\n\t\tclass=\"group space-y-2 data-[size=small]:w-[21rem] sm:data-[size=medium]:w-[40rem] lg:data-[size=small]:float-left lg:data-[size=small]:mr-8 mx-auto\">\n\t\t\t\t\t<img loading=\"lazy\" decoding=\"async\" width=\"640\" height=\"445\" src=\"http:\/\/150.164.63.212:9000\/portal-novo-test\/app\/uploads\/2025\/08\/26071955486_8a8ac34c93_o-640x445.jpg\" class=\"group-data-[size=small]:w-[21rem] group-data-[size=small]:h-[29.75rem] sm:group-data-[size=medium]:w-[40rem] sm:group-data-[size=small]:h-[27.8125rem] lg:group-data-[size=medium]:h-[27.8125rem] group-data-[size=large]:w-full group-data-[size=large]:h-[9.875rem] md:group-data-[size=large]:h-[27.8125rem] rounded object-fill\" alt=\"La imagen muestra un plano contrapicado de un edificio y tres banderas contra un cielo azul brillante y nublado. El centro de atenci\u00f3n es la bandera nacional brasile\u00f1a, que combina verde, amarillo y azul, y ondea prominentemente en el centro. A su izquierda, se ve otra bandera blanca con un tri\u00e1ngulo rojo y la inscripci\u00f3n &quot;LIBERTAS QUAE SERA TAMEN&quot;. A la derecha de la bandera brasile\u00f1a, una tercera bandera blanca, parcialmente oculta, muestra el sello circular de la Universidad Federal de Minas Gerais (UFMG). Las banderas ondean en astas frente a un edificio moderno con una fachada de paneles rectangulares azules y grises, muchos de los cuales son ventanas. El edificio parece ser una oficina o estructura institucional de varias plantas. Se ven ramas de \u00e1rboles en la parte inferior del encuadre, lo que sugiere un entorno similar a un parque o un campus. La iluminaci\u00f3n es brillante, lo que indica un d\u00eda soleado.\" \/>\t\t\t\t<div\n\t\t\tclass=\"group-data-[size=small]:w-[21rem] px-3 pt-3 pb-6 md:px-6 group-data-[size=small]:px-3 text-neutral-300 text-xs md:text-sm\">\n\t\t\t<figcaption title=\"Banderas ondeando frente al edificio principal de la administraci\u00f3n.\" class=\"block line-clamp-4 md:line-clamp-3\">\n\t\t\t\tBanderas ondeando frente al edificio principal de la administraci\u00f3n.\t\t\t<\/figcaption>\n\t\t\t<cite\n\t\t\t\tclass=\"relative block not-italic after:absolute after:left-0 after:right-0 after:-bottom-3 after:h-px after:bg-neutral-100\">\n\t\t\t\tColecci\u00f3n\t\t\t<\/cite>\n\t\t<\/div>\n\t<\/figure>\n\n\n\n<p>La DRI ha elaborado gu\u00edas para ayudar a los estudiantes y visitantes extranjeros que llegan a la UFMG. \u00c9chales un vistazo:<\/p>\n\n\n<?xml encoding=\"utf-8\"?><ul class=\"wp-block-ufmg-hub-links [&amp;&gt;li_a]:flex [&amp;&gt;li_a]:items-center [&amp;&gt;li_a]:justify-between [&amp;&gt;li_a]:bg-neutral-50 [&amp;&gt;li_a]:px-4 [&amp;&gt;li_a]:py-3 md:[&amp;&gt;li_a]:py-5 [&amp;&gt;li_a]:border-b [&amp;&gt;li_a]:border-b-neutral-200 [&amp;&gt;li_a]:text-primary-300 [&amp;&gt;li_a]:text-base md:[&amp;&gt;li_a]:text-lg [&amp;&gt;li_a]:font-lexend [&amp;&gt;li_a]:font-medium [&amp;&gt;li_a]:transition-colors [&amp;&gt;li_a&gt;i]:text-[1rem] md:[&amp;&gt;li_a&gt;i]:text-[1.5rem] hover:[&amp;&gt;li_a]:bg-neutral-100 hover:[&amp;&gt;li_a]:border-b-primary-300\"><li class=\" wp-block-navigation-item wp-block-navigation-link\"><a class=\"wp-block-navigation-item__content\" href=\"https:\/\/www.ufmg.br\/dri\/wp-content\/uploads\/2025\/06\/ufmg_en_pt_es.pdf\" target=\"_blank\"><span class=\"wp-block-navigation-item__label\">Folleto de Presentaci&oacute;n Triling&uuml;e<\/span><i class=\"ti ti-chevron-right\"><\/i><\/a><\/li>\n\n<li class=\" wp-block-navigation-item wp-block-navigation-link\"><a class=\"wp-block-navigation-item__content\" href=\"http:\/\/www.ufmg.br\/dri\/wp-content\/uploads\/2025\/02\/student_guide_en.pdf\" target=\"_blank\"><span class=\"wp-block-navigation-item__label\">Gu&iacute;a para Estudiantes Internacionales (versi&oacute;n en ingl&eacute;s)<\/span><i class=\"ti ti-chevron-right\"><\/i><\/a><\/li>\n\n<li class=\" wp-block-navigation-item wp-block-navigation-link\"><a class=\"wp-block-navigation-item__content\" href=\"https:\/\/www.ufmg.br\/dri\/wp-content\/uploads\/2024\/01\/Guia-do-Estudante.pdf\" target=\"_blank\"><span class=\"wp-block-navigation-item__label\">Gu&iacute;a para Estudiantes Internacionales (versi&oacute;n en portugu&eacute;s)<\/span><i class=\"ti ti-chevron-right\"><\/i><\/a><\/li>\n\n<li class=\" wp-block-navigation-item wp-block-navigation-link\"><a class=\"wp-block-navigation-item__content\" href=\"https:\/\/www.ufmg.br\/dri\/en\/international-academic-mobility\/\" target=\"_blank\"><span class=\"wp-block-navigation-item__label\">Nominaci&oacute;n y Solicitud<\/span><i class=\"ti ti-chevron-right\"><\/i><\/a><\/li>\n\n<li class=\" wp-block-navigation-item wp-block-navigation-link\"><a class=\"wp-block-navigation-item__content\" href=\"https:\/\/www.ufmg.br\/dri\/en\/registration-and-enrollment\/\" target=\"_blank\"><span class=\"wp-block-navigation-item__label\">Inscripci&oacute;n y Matriculaci&oacute;n<\/span><i class=\"ti ti-chevron-right\"><\/i><\/a><\/li>\n\n<li class=\" wp-block-navigation-item wp-block-navigation-link\"><a class=\"wp-block-navigation-item__content\" href=\"https:\/\/www.ufmg.br\/dri\/atividades-de-acolhimento\/\" target=\"_blank\"><span class=\"wp-block-navigation-item__label\">Documentos de movilidad, servicios de la UFMG y gu&iacute;as de Belo Horizonte<\/span><i class=\"ti ti-chevron-right\"><\/i><\/a><\/li>\n\n<li class=\" wp-block-navigation-item wp-block-navigation-link\"><a class=\"wp-block-navigation-item__content\" href=\"https:\/\/www.ufmg.br\/dri\/en\/\" target=\"_blank\"><span class=\"wp-block-navigation-item__label\">M&aacute;s informaci&oacute;n y contactos<\/span><i class=\"ti ti-chevron-right\"><\/i><\/a><\/li><\/ul>\n\n\n\n<p><\/p>\n","protected":false},"excerpt":{"rendered":"<p>Ubicada en la regi\u00f3n sudeste de Brasil, la Universidad Federal de Minas Gerais (UFMG) es una instituci\u00f3n de educaci\u00f3n p\u00fablica gratuita y la universidad m\u00e1s antigua del estado de Minas Gerais. Desde la fundaci\u00f3n de la UFMG, en 1927, sus estudiantes han ejercido una gran influencia en los \u00e1mbitos cultural, pol\u00edtico y econ\u00f3mico de la [&hellip;]<\/p>\n","protected":false},"author":1,"featured_media":0,"parent":7225,"menu_order":0,"comment_status":"closed","ping_status":"closed","template":"","meta":{"_acf_changed":false,"footnotes":""},"class_list":["post-7178","page","type-page","status-publish","hentry"],"acf":[],"_links":{"self":[{"href":"http:\/\/150.164.63.212:9000\/portal-novo-test\/wp-json\/wp\/v2\/pages\/7178","targetHints":{"allow":["GET"]}}],"collection":[{"href":"http:\/\/150.164.63.212:9000\/portal-novo-test\/wp-json\/wp\/v2\/pages"}],"about":[{"href":"http:\/\/150.164.63.212:9000\/portal-novo-test\/wp-json\/wp\/v2\/types\/page"}],"author":[{"embeddable":true,"href":"http:\/\/150.164.63.212:9000\/portal-novo-test\/wp-json\/wp\/v2\/users\/1"}],"replies":[{"embeddable":true,"href":"http:\/\/150.164.63.212:9000\/portal-novo-test\/wp-json\/wp\/v2\/comments?post=7178"}],"version-history":[{"count":0,"href":"http:\/\/150.164.63.212:9000\/portal-novo-test\/wp-json\/wp\/v2\/pages\/7178\/revisions"}],"up":[{"embeddable":true,"href":"http:\/\/150.164.63.212:9000\/portal-novo-test\/wp-json\/wp\/v2\/pages\/7225"}],"wp:attachment":[{"href":"http:\/\/150.164.63.212:9000\/portal-novo-test\/wp-json\/wp\/v2\/media?parent=7178"}],"curies":[{"name":"wp","href":"https:\/\/api.w.org\/{rel}","templated":true}]}}