{"id":7182,"date":"2025-09-08T10:23:03","date_gmt":"2025-09-08T13:23:03","guid":{"rendered":"http:\/\/150.164.63.212:9000\/portal-novo-test\/?page_id=7182"},"modified":"2025-09-24T14:34:06","modified_gmt":"2025-09-24T17:34:06","slug":"idioma-y-competencia-linguistica","status":"publish","type":"page","link":"http:\/\/150.164.63.212:9000\/portal-novo-test\/international\/idioma-y-competencia-linguistica\/","title":{"rendered":"Idioma y Competencia Ling\u00fc\u00edstica"},"content":{"rendered":"\n<h2 class=\"wp-block-heading\">Aprendizaje<\/h2>\n\n\n\n<p>Consulte a continuaci\u00f3n las oportunidades de aprendizaje de idiomas en la UFMG:<\/p>\n\n\n\n<div class=\"wp-block-ufmg-details-group\"><?xml encoding=\"utf-8\"?><details class=\"group\/accordion\"><summary class=\"flex gap-4 items-center bg-neutral-50 border-x border-t group-last-of-type\/accordion:border-b border-neutral-200 group-open\/accordion:border-primary-300 group-open\/accordion:bg-primary-300 p-3 group-[&amp;:first-of-type]\/accordion:rounded-t group-[&amp;:last-of-type]\/accordion:rounded-b group-open\/accordion:[&amp;:last-of-type]:rounded-b-none text-neutral-600 group-open\/accordion:text-neutral-50 text-lg font-semibold [&amp;&gt;i]:text-[1.5rem] group-open\/accordion:[&amp;&gt;i]:text-neutral-50 [&amp;&gt;i]:text-primary-300 group-open\/accordion:[&amp;&gt;i]:-rotate-180 [&amp;&gt;i]:transition-transform transition-colors cursor-pointer\"><span class=\"grow\">Portugu&eacute;s como Lengua Adicional<\/span><i class=\"ti ti-chevron-down\"><\/i><\/summary><div class=\"space-y-4 p-3 border-x group-[&amp;:last-of-type]\/accordion:border-b border-neutral-200 text-base text-neutral-400 group-[&amp;:last-of-type]\/accordion:rounded-bl group-[&amp;:last-of-type]\/accordion:rounded-br [&amp;_.wp-block-heading+p]:!mt-0\">\n<p>La Direcci&oacute;n de Relaciones Internacionales (<em>Diretoria de Rela&ccedil;&otilde;es Internacionais &ndash; DRI<\/em>) organiza colaboraciones con cursos de grado de la UFMG para ofrecer clases regulares, cursos intensivos y clases en l&iacute;nea para que los estudiantes internacionales desarrollen su competencia en portugu&eacute;s.<\/p>\n\n\n\n<p><\/p>\n\n\n\n<p>Para obtener m&aacute;s informaci&oacute;n, haga <a href=\"https:\/\/www.ufmg.br\/dri\/ensino\/\" target=\"_blank\" rel=\"noreferrer noopener\">clic aqu&iacute;<\/a>.<\/p>\n<\/div><\/details>\n\n\n<?xml encoding=\"utf-8\"?><details class=\"group\/accordion\"><summary class=\"flex gap-4 items-center bg-neutral-50 border-x border-t group-last-of-type\/accordion:border-b border-neutral-200 group-open\/accordion:border-primary-300 group-open\/accordion:bg-primary-300 p-3 group-[&amp;:first-of-type]\/accordion:rounded-t group-[&amp;:last-of-type]\/accordion:rounded-b group-open\/accordion:[&amp;:last-of-type]:rounded-b-none text-neutral-600 group-open\/accordion:text-neutral-50 text-lg font-semibold [&amp;&gt;i]:text-[1.5rem] group-open\/accordion:[&amp;&gt;i]:text-neutral-50 [&amp;&gt;i]:text-primary-300 group-open\/accordion:[&amp;&gt;i]:-rotate-180 [&amp;&gt;i]:transition-transform transition-colors cursor-pointer\"><span class=\"grow\">Ingl&eacute;s con Fines Acad&eacute;micos<\/span><i class=\"ti ti-chevron-down\"><\/i><\/summary><div class=\"space-y-4 p-3 border-x group-[&amp;:last-of-type]\/accordion:border-b border-neutral-200 text-base text-neutral-400 group-[&amp;:last-of-type]\/accordion:rounded-bl group-[&amp;:last-of-type]\/accordion:rounded-br [&amp;_.wp-block-heading+p]:!mt-0\">\n<p>En colaboraci&oacute;n con la DRI y los cursos de grado, la UFMG ofrece clases centradas en el dominio del ingl&eacute;s en el &aacute;mbito acad&eacute;mico, con especial atenci&oacute;n a la movilidad internacional, las presentaciones en conferencias y la redacci&oacute;n de trabajos acad&eacute;micos.&nbsp;<\/p>\n\n\n\n<p><\/p>\n\n\n\n<p>Para obtener m&aacute;s informaci&oacute;n, haga <a href=\"https:\/\/www.ufmg.br\/dri\/ensino\/\" target=\"_blank\" rel=\"noreferrer noopener\">clic aqu&iacute;<\/a>.<\/p>\n<\/div><\/details>\n\n\n<?xml encoding=\"utf-8\"?><details class=\"group\/accordion\"><summary class=\"flex gap-4 items-center bg-neutral-50 border-x border-t group-last-of-type\/accordion:border-b border-neutral-200 group-open\/accordion:border-primary-300 group-open\/accordion:bg-primary-300 p-3 group-[&amp;:first-of-type]\/accordion:rounded-t group-[&amp;:last-of-type]\/accordion:rounded-b group-open\/accordion:[&amp;:last-of-type]:rounded-b-none text-neutral-600 group-open\/accordion:text-neutral-50 text-lg font-semibold [&amp;&gt;i]:text-[1.5rem] group-open\/accordion:[&amp;&gt;i]:text-neutral-50 [&amp;&gt;i]:text-primary-300 group-open\/accordion:[&amp;&gt;i]:-rotate-180 [&amp;&gt;i]:transition-transform transition-colors cursor-pointer\"><span class=\"grow\">Cenex FALE<\/span><i class=\"ti ti-chevron-down\"><\/i><\/summary><div class=\"space-y-4 p-3 border-x group-[&amp;:last-of-type]\/accordion:border-b border-neutral-200 text-base text-neutral-400 group-[&amp;:last-of-type]\/accordion:rounded-bl group-[&amp;:last-of-type]\/accordion:rounded-br [&amp;_.wp-block-heading+p]:!mt-0\">\n<p>Cenex FALE es un centro de extensi&oacute;n relacionado con la Facultad de Letras (<em>Faculdade de Letras &ndash; FALE<\/em>), con foco en la ense&ntilde;anza de idiomas como ingl&eacute;s, espa&ntilde;ol, alem&aacute;n, franc&eacute;s, coreano, portugu&eacute;s como lengua extranjera y lenguas cl&aacute;sicas.&nbsp;<\/p>\n\n\n\n<p><\/p>\n\n\n\n<p>Para m&aacute;s informaci&oacute;n, acceda <a href=\"https:\/\/cenex.letras.ufmg.br\/\" target=\"_blank\" rel=\"noreferrer noopener\">al sitio web de Cenex FALE<\/a>.<\/p>\n<\/div><\/details>\n\n\n<?xml encoding=\"utf-8\"?><details class=\"group\/accordion\"><summary class=\"flex gap-4 items-center bg-neutral-50 border-x border-t group-last-of-type\/accordion:border-b border-neutral-200 group-open\/accordion:border-primary-300 group-open\/accordion:bg-primary-300 p-3 group-[&amp;:first-of-type]\/accordion:rounded-t group-[&amp;:last-of-type]\/accordion:rounded-b group-open\/accordion:[&amp;:last-of-type]:rounded-b-none text-neutral-600 group-open\/accordion:text-neutral-50 text-lg font-semibold [&amp;&gt;i]:text-[1.5rem] group-open\/accordion:[&amp;&gt;i]:text-neutral-50 [&amp;&gt;i]:text-primary-300 group-open\/accordion:[&amp;&gt;i]:-rotate-180 [&amp;&gt;i]:transition-transform transition-colors cursor-pointer\"><span class=\"grow\">Instituto Confucio<\/span><i class=\"ti ti-chevron-down\"><\/i><\/summary><div class=\"space-y-4 p-3 border-x group-[&amp;:last-of-type]\/accordion:border-b border-neutral-200 text-base text-neutral-400 group-[&amp;:last-of-type]\/accordion:rounded-bl group-[&amp;:last-of-type]\/accordion:rounded-br [&amp;_.wp-block-heading+p]:!mt-0\">\n<p>El Instituto Confucio (<em>Instituto Conf&uacute;cio<\/em>) es una colaboraci&oacute;n entre la UFMG y la Universidad de Ciencia y Tecnolog&iacute;a de Huazhong (HUST), que ofrece clases de mandar&iacute;n, actividades culturales, becas en China y pruebas de competencia a la comunidad de la UFMG.<\/p>\n\n\n\n<p><\/p>\n\n\n\n<p>Para obtener m&aacute;s informaci&oacute;n, acceda <a href=\"https:\/\/www.institutoconfucio.ufmg.br\/index.php\" target=\"_blank\" rel=\"noreferrer noopener\">al sitio web del Instituto Confucio de la UFMG<\/a>.<\/p>\n<\/div><\/details>\n<\/div>\n\n\n\n<h2 class=\"wp-block-heading\">Ex\u00e1menes<\/h2>\n\n\n\n<p>A continuaci\u00f3n, encontrar\u00e1 informaci\u00f3n sobre las pruebas de aptitud:<\/p>\n\n\n\n<div class=\"wp-block-ufmg-details-group\"><?xml encoding=\"utf-8\"?><details class=\"group\/accordion\"><summary class=\"flex gap-4 items-center bg-neutral-50 border-x border-t group-last-of-type\/accordion:border-b border-neutral-200 group-open\/accordion:border-primary-300 group-open\/accordion:bg-primary-300 p-3 group-[&amp;:first-of-type]\/accordion:rounded-t group-[&amp;:last-of-type]\/accordion:rounded-b group-open\/accordion:[&amp;:last-of-type]:rounded-b-none text-neutral-600 group-open\/accordion:text-neutral-50 text-lg font-semibold [&amp;&gt;i]:text-[1.5rem] group-open\/accordion:[&amp;&gt;i]:text-neutral-50 [&amp;&gt;i]:text-primary-300 group-open\/accordion:[&amp;&gt;i]:-rotate-180 [&amp;&gt;i]:transition-transform transition-colors cursor-pointer\"><span class=\"grow\">Celpe-Bras<\/span><i class=\"ti ti-chevron-down\"><\/i><\/summary><div class=\"space-y-4 p-3 border-x group-[&amp;:last-of-type]\/accordion:border-b border-neutral-200 text-base text-neutral-400 group-[&amp;:last-of-type]\/accordion:rounded-bl group-[&amp;:last-of-type]\/accordion:rounded-br [&amp;_.wp-block-heading+p]:!mt-0\">\n<p>Celpe-Bras es una prueba que certifica el dominio del portugu&eacute;s como lengua extranjera ante la comunidad internacional, siendo la &uacute;nica prueba reconocida oficialmente por el gobierno brasile&ntilde;o. La prueba Celpe-Bras es obligatoria para la admisi&oacute;n en cursos de grado y programas de posgrado, as&iacute; como para la validaci&oacute;n de t&iacute;tulos de profesionales extranjeros que deseen trabajar en Brasil.<\/p>\n\n\n\n<p><\/p>\n\n\n\n<p>Cenex FALE, un centro de extensi&oacute;n de la UFMG, es uno de los lugares donde se aplica la prueba Celpe-Bras. Para obtener m&aacute;s informaci&oacute;n, haga <a href=\"https:\/\/cenex.letras.ufmg.br\/2-uncategorised\/22-exames-de-proficiencia\" target=\"_blank\" rel=\"noreferrer noopener\">clic aqu&iacute;<\/a>.<\/p>\n\n\n\n<p>Para obtener m&aacute;s informaci&oacute;n sobre la prueba Celpe-Bras, <a href=\"http:\/\/celpebras.inep.gov.br\/celpebras\/\" target=\"_blank\" rel=\"noreferrer noopener\">acceda al sitio web del INEP<\/a>.<\/p>\n\n\n\n<p><\/p>\n\n\n\n<p><strong>Atenci&oacute;n<\/strong>: La prueba Celpe-Bras no es obligatoria para los estudiantes en movilidad acad&eacute;mica en la UFMG.<\/p>\n<\/div><\/details>\n<\/div>\n\n\n\n<p><\/p>\n\n\n\n<p><\/p>\n","protected":false},"excerpt":{"rendered":"<p>Aprendizaje Consulte a continuaci\u00f3n las oportunidades de aprendizaje de idiomas en la UFMG: Ex\u00e1menes A continuaci\u00f3n, encontrar\u00e1 informaci\u00f3n sobre las pruebas de aptitud:<\/p>\n","protected":false},"author":1,"featured_media":0,"parent":7225,"menu_order":0,"comment_status":"closed","ping_status":"closed","template":"","meta":{"_acf_changed":false,"footnotes":""},"class_list":["post-7182","page","type-page","status-publish","hentry"],"acf":[],"_links":{"self":[{"href":"http:\/\/150.164.63.212:9000\/portal-novo-test\/wp-json\/wp\/v2\/pages\/7182","targetHints":{"allow":["GET"]}}],"collection":[{"href":"http:\/\/150.164.63.212:9000\/portal-novo-test\/wp-json\/wp\/v2\/pages"}],"about":[{"href":"http:\/\/150.164.63.212:9000\/portal-novo-test\/wp-json\/wp\/v2\/types\/page"}],"author":[{"embeddable":true,"href":"http:\/\/150.164.63.212:9000\/portal-novo-test\/wp-json\/wp\/v2\/users\/1"}],"replies":[{"embeddable":true,"href":"http:\/\/150.164.63.212:9000\/portal-novo-test\/wp-json\/wp\/v2\/comments?post=7182"}],"version-history":[{"count":0,"href":"http:\/\/150.164.63.212:9000\/portal-novo-test\/wp-json\/wp\/v2\/pages\/7182\/revisions"}],"up":[{"embeddable":true,"href":"http:\/\/150.164.63.212:9000\/portal-novo-test\/wp-json\/wp\/v2\/pages\/7225"}],"wp:attachment":[{"href":"http:\/\/150.164.63.212:9000\/portal-novo-test\/wp-json\/wp\/v2\/media?parent=7182"}],"curies":[{"name":"wp","href":"https:\/\/api.w.org\/{rel}","templated":true}]}}