{"id":7270,"date":"2025-09-24T13:21:25","date_gmt":"2025-09-24T16:21:25","guid":{"rendered":"http:\/\/150.164.63.212:9000\/portal-novo-test\/?page_id=7270"},"modified":"2025-09-24T13:21:25","modified_gmt":"2025-09-24T16:21:25","slug":"carteira-de-identificacao-da-ufmg","status":"publish","type":"page","link":"http:\/\/150.164.63.212:9000\/portal-novo-test\/servicos\/carteira-de-identificacao-da-ufmg\/","title":{"rendered":"Carteira de Identifica\u00e7\u00e3o da UFMG"},"content":{"rendered":"\n<p>A Pr\u00f3-reitoria de Administra\u00e7\u00e3o (<a href=\"https:\/\/www2.ufmg.br\/pra\/\" target=\"_blank\" rel=\"noreferrer noopener\">PRA<\/a>) emite a carteira de identifica\u00e7\u00e3o da UFMG. Com ela, os estudantes, servidores e terceirizados poder\u00e3o ter acesso a diversos servi\u00e7os na Universidade, como\u00a0<a href=\"https:\/\/www.bu.ufmg.br\/\" target=\"_blank\" rel=\"noreferrer noopener\">bibliotecas<\/a>,\u00a0<a href=\"https:\/\/fump.ufmg.br\/programa-de-alimentacao\/\" target=\"_blank\" rel=\"noreferrer noopener\">restaurantes universit\u00e1rios<\/a>,\u00a0<a href=\"https:\/\/www.ufmg.br\/ceu\/app\/site\/home\" target=\"_blank\" rel=\"noreferrer noopener\">Centro Esportivo Universit\u00e1rio (CEU)<\/a>\u00a0e a entrada em alguns\u00a0<a href=\"https:\/\/ufmg.br\/cursos\/unidades-academicas\" target=\"_blank\" rel=\"noreferrer noopener\">pr\u00e9dios<\/a>\u00a0dos campi.<\/p>\n\n\n\n<h2 class=\"wp-block-heading\">Belo Horizonte<\/h2>\n\n\n\n<div class=\"wp-block-ufmg-details-group\"><?xml encoding=\"utf-8\"?><details class=\"group\/accordion\"><summary class=\"flex gap-4 items-center bg-neutral-50 border-x border-t group-last-of-type\/accordion:border-b border-neutral-200 group-open\/accordion:border-primary-300 group-open\/accordion:bg-primary-300 p-3 group-[&amp;:first-of-type]\/accordion:rounded-t group-[&amp;:last-of-type]\/accordion:rounded-b group-open\/accordion:[&amp;:last-of-type]:rounded-b-none text-neutral-600 group-open\/accordion:text-neutral-50 text-lg font-semibold [&amp;&gt;i]:text-[1.5rem] group-open\/accordion:[&amp;&gt;i]:text-neutral-50 [&amp;&gt;i]:text-primary-300 group-open\/accordion:[&amp;&gt;i]:-rotate-180 [&amp;&gt;i]:transition-transform transition-colors cursor-pointer\"><span class=\"grow\">Estudantes<\/span><i class=\"ti ti-chevron-down\"><\/i><\/summary><div class=\"space-y-4 p-3 border-x group-[&amp;:last-of-type]\/accordion:border-b border-neutral-200 text-base text-neutral-400 group-[&amp;:last-of-type]\/accordion:rounded-bl group-[&amp;:last-of-type]\/accordion:rounded-br [&amp;_.wp-block-heading+p]:!mt-0\">\n<p>Para solicitar a carteira, os estudantes devem enviar&nbsp;<strong>todos<\/strong>&nbsp;os seguintes dados para o e-mail&nbsp;<a href=\"mailto:cracha@pra.ufmg.br\">cracha@pra.ufmg.br<\/a>:<\/p>\n\n\n\n<p><\/p>\n\n\n\n<ul class=\"wp-block-list\">\n<li>Nome completo<\/li>\n\n\n\n<li>N&uacute;mero do CPF<\/li>\n\n\n\n<li>N&uacute;mero de registro UFMG<\/li>\n\n\n\n<li>Nome do curso<\/li>\n\n\n\n<li>Foto 3&times;4 em formato jpg ou png (sem acess&oacute;rios que cubram parte do rosto, boa resolu&ccedil;&atilde;o, com fundo claro e rosto centralizado)<\/li>\n\n\n\n<li>C&oacute;pia do documento de identifica&ccedil;&atilde;o<\/li>\n\n\n\n<li>Selfie portando o documento de identifica&ccedil;&atilde;o<\/li>\n<\/ul>\n\n\n\n<p>O crach&aacute; poder&aacute; ser retirado no pr&eacute;dio de sua Unidade vinte dias ap&oacute;s a solicita&ccedil;&atilde;o ser enviada por e-mail.<\/p>\n<\/div><\/details>\n\n\n<?xml encoding=\"utf-8\"?><details class=\"group\/accordion\"><summary class=\"flex gap-4 items-center bg-neutral-50 border-x border-t group-last-of-type\/accordion:border-b border-neutral-200 group-open\/accordion:border-primary-300 group-open\/accordion:bg-primary-300 p-3 group-[&amp;:first-of-type]\/accordion:rounded-t group-[&amp;:last-of-type]\/accordion:rounded-b group-open\/accordion:[&amp;:last-of-type]:rounded-b-none text-neutral-600 group-open\/accordion:text-neutral-50 text-lg font-semibold [&amp;&gt;i]:text-[1.5rem] group-open\/accordion:[&amp;&gt;i]:text-neutral-50 [&amp;&gt;i]:text-primary-300 group-open\/accordion:[&amp;&gt;i]:-rotate-180 [&amp;&gt;i]:transition-transform transition-colors cursor-pointer\"><span class=\"grow\">Servidores<\/span><i class=\"ti ti-chevron-down\"><\/i><\/summary><div class=\"space-y-4 p-3 border-x group-[&amp;:last-of-type]\/accordion:border-b border-neutral-200 text-base text-neutral-400 group-[&amp;:last-of-type]\/accordion:rounded-bl group-[&amp;:last-of-type]\/accordion:rounded-br [&amp;_.wp-block-heading+p]:!mt-0\">\n<p>Para solicitar a carteira, os servidores devem enviar&nbsp;<strong>todos<\/strong>&nbsp;os seguintes dados para o e-mail&nbsp;<a href=\"mailto:cracha@pra.ufmg.br\">cracha@pra.ufmg.br<\/a>:<\/p>\n\n\n\n<p><\/p>\n\n\n\n<ul class=\"wp-block-list\">\n<li>Nome completo<\/li>\n\n\n\n<li>N&uacute;mero do CPF<\/li>\n\n\n\n<li>N&uacute;mero de inscri&ccedil;&atilde;o UFMG<\/li>\n\n\n\n<li>Setor\/Unidade<\/li>\n\n\n\n<li>Foto 3&times;4 em formato jpg ou png (sem acess&oacute;rios que cubram parte do rosto, boa resolu&ccedil;&atilde;o, com fundo claro e rosto centralizado)<\/li>\n\n\n\n<li>C&oacute;pia do documento de identifica&ccedil;&atilde;o<\/li>\n\n\n\n<li>Selfie portando o documento de identifica&ccedil;&atilde;o<\/li>\n<\/ul>\n<\/div><\/details>\n\n\n<?xml encoding=\"utf-8\"?><details class=\"group\/accordion\"><summary class=\"flex gap-4 items-center bg-neutral-50 border-x border-t group-last-of-type\/accordion:border-b border-neutral-200 group-open\/accordion:border-primary-300 group-open\/accordion:bg-primary-300 p-3 group-[&amp;:first-of-type]\/accordion:rounded-t group-[&amp;:last-of-type]\/accordion:rounded-b group-open\/accordion:[&amp;:last-of-type]:rounded-b-none text-neutral-600 group-open\/accordion:text-neutral-50 text-lg font-semibold [&amp;&gt;i]:text-[1.5rem] group-open\/accordion:[&amp;&gt;i]:text-neutral-50 [&amp;&gt;i]:text-primary-300 group-open\/accordion:[&amp;&gt;i]:-rotate-180 [&amp;&gt;i]:transition-transform transition-colors cursor-pointer\"><span class=\"grow\">Terceirizados<\/span><i class=\"ti ti-chevron-down\"><\/i><\/summary><div class=\"space-y-4 p-3 border-x group-[&amp;:last-of-type]\/accordion:border-b border-neutral-200 text-base text-neutral-400 group-[&amp;:last-of-type]\/accordion:rounded-bl group-[&amp;:last-of-type]\/accordion:rounded-br [&amp;_.wp-block-heading+p]:!mt-0\">\n<p>Para solicitar a carteira, os terceirizados devem enviar&nbsp;<strong>todos<\/strong>&nbsp;os seguintes dados para o e-mail&nbsp;<a href=\"mailto:cracha@pra.ufmg.br\">cracha@pra.ufmg.br<\/a>:<\/p>\n\n\n\n<ul class=\"wp-block-list\">\n<li>Nome completo<\/li>\n\n\n\n<li>N&uacute;mero do CPF<\/li>\n\n\n\n<li>Data de Nascimento<\/li>\n\n\n\n<li>In&iacute;cio do contrato <\/li>\n\n\n\n<li>Nome da Empresa<\/li>\n\n\n\n<li>Pr&eacute;dio\/Unidade<\/li>\n\n\n\n<li>C&oacute;pia do &uacute;ltimo contracheque<\/li>\n\n\n\n<li>Foto 3&times;4 em formato jpg ou png (sem acess&oacute;rios que cubram parte do rosto, boa resolu&ccedil;&atilde;o, com fundo claro e rosto centralizado)<\/li>\n\n\n\n<li>C&oacute;pia do documento de identifica&ccedil;&atilde;o<\/li>\n\n\n\n<li>Selfie portando o documento de identifica&ccedil;&atilde;o<\/li>\n<\/ul>\n<\/div><\/details>\n<\/div>\n\n\n\n<p><\/p>\n\n\n\n<h2 class=\"wp-block-heading\">Montes Claros<\/h2>\n\n\n\n<div class=\"wp-block-ufmg-details-group\"><?xml encoding=\"utf-8\"?><details class=\"group\/accordion\"><summary class=\"flex gap-4 items-center bg-neutral-50 border-x border-t group-last-of-type\/accordion:border-b border-neutral-200 group-open\/accordion:border-primary-300 group-open\/accordion:bg-primary-300 p-3 group-[&amp;:first-of-type]\/accordion:rounded-t group-[&amp;:last-of-type]\/accordion:rounded-b group-open\/accordion:[&amp;:last-of-type]:rounded-b-none text-neutral-600 group-open\/accordion:text-neutral-50 text-lg font-semibold [&amp;&gt;i]:text-[1.5rem] group-open\/accordion:[&amp;&gt;i]:text-neutral-50 [&amp;&gt;i]:text-primary-300 group-open\/accordion:[&amp;&gt;i]:-rotate-180 [&amp;&gt;i]:transition-transform transition-colors cursor-pointer\"><span class=\"grow\">Estudantes<\/span><i class=\"ti ti-chevron-down\"><\/i><\/summary><div class=\"space-y-4 p-3 border-x group-[&amp;:last-of-type]\/accordion:border-b border-neutral-200 text-base text-neutral-400 group-[&amp;:last-of-type]\/accordion:rounded-bl group-[&amp;:last-of-type]\/accordion:rounded-br [&amp;_.wp-block-heading+p]:!mt-0\">\n<p>Para solicitar a carteira, os estudantes devem enviar e-mail para&nbsp;<a href=\"mailto:cracha.ica@gmail.com\">cracha@pra.ufmg.br<\/a> com o assunto (t&iacute;tulo) &#8220;[seu nome completo] &#8211; 1&ordf; via carteirinha &#8211; Campus Montes Claros&#8221; e&nbsp;<strong>todos<\/strong>&nbsp;os seguintes dados:<\/p>\n\n\n\n<p><\/p>\n\n\n\n<ul class=\"wp-block-list\">\n<li>Nome completo<\/li>\n\n\n\n<li>N&uacute;mero do CPF<\/li>\n\n\n\n<li>N&uacute;mero de registro UFMG<\/li>\n\n\n\n<li>Nome do curso<\/li>\n\n\n\n<li>Foto 3&times;4 em formato jpg ou png (sem acess&oacute;rios que cubram parte do rosto, boa resolu&ccedil;&atilde;o, com fundo claro e rosto centralizado)<\/li>\n\n\n\n<li>C&oacute;pia do documento de identifica&ccedil;&atilde;o<\/li>\n\n\n\n<li>Selfie portando o documento de identifica&ccedil;&atilde;o<\/li>\n<\/ul>\n\n\n\n<p>Ap&oacute;s confer&ecirc;ncia, a PRA, no Campus Pampulha, confeccionar&aacute; os crach&aacute;s. Assim que a remessa com a sua carteirinha chegar ao campus Montes Claros, entraremos em contato,&nbsp;<strong>via e-mail<\/strong>, com cada solicitante. Os locais de retirada ser&atilde;o nos Colegiados de Gradua&ccedil;&atilde;o (CAAD) e P&oacute;s-Gradua&ccedil;&atilde;o (anexo do CAAD).<\/p>\n\n\n\n<p><\/p>\n\n\n\n<p>OBS.: O prazo m&eacute;dio de entrega pode variar de 20 a 30 dias ap&oacute;s a solicita&ccedil;&atilde;o.<\/p>\n<\/div><\/details>\n\n\n<?xml encoding=\"utf-8\"?><details class=\"group\/accordion\"><summary class=\"flex gap-4 items-center bg-neutral-50 border-x border-t group-last-of-type\/accordion:border-b border-neutral-200 group-open\/accordion:border-primary-300 group-open\/accordion:bg-primary-300 p-3 group-[&amp;:first-of-type]\/accordion:rounded-t group-[&amp;:last-of-type]\/accordion:rounded-b group-open\/accordion:[&amp;:last-of-type]:rounded-b-none text-neutral-600 group-open\/accordion:text-neutral-50 text-lg font-semibold [&amp;&gt;i]:text-[1.5rem] group-open\/accordion:[&amp;&gt;i]:text-neutral-50 [&amp;&gt;i]:text-primary-300 group-open\/accordion:[&amp;&gt;i]:-rotate-180 [&amp;&gt;i]:transition-transform transition-colors cursor-pointer\"><span class=\"grow\">Servidores<\/span><i class=\"ti ti-chevron-down\"><\/i><\/summary><div class=\"space-y-4 p-3 border-x group-[&amp;:last-of-type]\/accordion:border-b border-neutral-200 text-base text-neutral-400 group-[&amp;:last-of-type]\/accordion:rounded-bl group-[&amp;:last-of-type]\/accordion:rounded-br [&amp;_.wp-block-heading+p]:!mt-0\">\n<p>Para solicitar a carteira, os servidores devem enviar e-mail para&nbsp;<a href=\"mailto:cracha.ica@gmail.com\">cracha@pra.ufmg.br<\/a> com o assunto (t&iacute;tulo) &#8220;[seu nome completo] &#8211; 1&ordf; via carteirinha &#8211; Campus Montes Claros&#8221; e&nbsp;<strong>todos<\/strong>&nbsp;os seguintes dados:<\/p>\n\n\n\n<p><\/p>\n\n\n\n<ul class=\"wp-block-list\">\n<li>Nome completo<\/li>\n\n\n\n<li>N&uacute;mero do CPF<\/li>\n\n\n\n<li>N&uacute;mero de inscri&ccedil;&atilde;o UFMG<\/li>\n\n\n\n<li>Setor\/Unidade<\/li>\n\n\n\n<li>Foto 3&times;4 em formato jpg ou png (sem acess&oacute;rios que cubram parte do rosto, boa resolu&ccedil;&atilde;o, com fundo claro e rosto centralizado)<\/li>\n\n\n\n<li>C&oacute;pia do documento de identifica&ccedil;&atilde;o<\/li>\n\n\n\n<li>Selfie portando o documento de identifica&ccedil;&atilde;o<\/li>\n<\/ul>\n\n\n\n<p><\/p>\n<\/div><\/details>\n\n\n<?xml encoding=\"utf-8\"?><details class=\"group\/accordion\"><summary class=\"flex gap-4 items-center bg-neutral-50 border-x border-t group-last-of-type\/accordion:border-b border-neutral-200 group-open\/accordion:border-primary-300 group-open\/accordion:bg-primary-300 p-3 group-[&amp;:first-of-type]\/accordion:rounded-t group-[&amp;:last-of-type]\/accordion:rounded-b group-open\/accordion:[&amp;:last-of-type]:rounded-b-none text-neutral-600 group-open\/accordion:text-neutral-50 text-lg font-semibold [&amp;&gt;i]:text-[1.5rem] group-open\/accordion:[&amp;&gt;i]:text-neutral-50 [&amp;&gt;i]:text-primary-300 group-open\/accordion:[&amp;&gt;i]:-rotate-180 [&amp;&gt;i]:transition-transform transition-colors cursor-pointer\"><span class=\"grow\">Terceirizados<\/span><i class=\"ti ti-chevron-down\"><\/i><\/summary><div class=\"space-y-4 p-3 border-x group-[&amp;:last-of-type]\/accordion:border-b border-neutral-200 text-base text-neutral-400 group-[&amp;:last-of-type]\/accordion:rounded-bl group-[&amp;:last-of-type]\/accordion:rounded-br [&amp;_.wp-block-heading+p]:!mt-0\">\n<p>Para solicitar a carteira, os terceirizados devem enviar e-mail para&nbsp;<a href=\"mailto:cracha.ica@gmail.com\">cracha@pra.ufmg.br<\/a> com o assunto (t&iacute;tulo) &#8220;[seu nome completo] &#8211; 1&ordf; via carteirinha &#8211; Campus Montes Claros&#8221; e&nbsp;<strong>todos<\/strong>&nbsp;os seguintes dados:<\/p>\n\n\n\n<ul id=\"block-fe08c750-d1ac-4bf1-9f74-0c96d243246b\" class=\"wp-block-list\">\n<li>Nome completo<\/li>\n\n\n\n<li>N&uacute;mero do CPF<\/li>\n\n\n\n<li>Data de Nascimento<\/li>\n\n\n\n<li>In&iacute;cio do contrato<\/li>\n\n\n\n<li>Nome da Empresa<\/li>\n\n\n\n<li>Pr&eacute;dio\/Unidade<\/li>\n\n\n\n<li>C&oacute;pia do &uacute;ltimo contracheque<\/li>\n\n\n\n<li>Foto 3&times;4 em formato jpg ou png (sem acess&oacute;rios que cubram parte do rosto, boa resolu&ccedil;&atilde;o, com fundo claro e rosto centralizado)<\/li>\n\n\n\n<li>C&oacute;pia do documento de identifica&ccedil;&atilde;o<\/li>\n\n\n\n<li>Selfie portando o documento de identifica&ccedil;&atilde;o<\/li>\n<\/ul>\n\n\n\n<p><\/p>\n<\/div><\/details>\n<\/div>\n\n\n\n<p><\/p>\n\n\n\n<h2 class=\"wp-block-heading\">Desbloqueio<\/h2>\n\n\n\n<div class=\"wp-block-ufmg-details-group\"><?xml encoding=\"utf-8\"?><details class=\"group\/accordion\"><summary class=\"flex gap-4 items-center bg-neutral-50 border-x border-t group-last-of-type\/accordion:border-b border-neutral-200 group-open\/accordion:border-primary-300 group-open\/accordion:bg-primary-300 p-3 group-[&amp;:first-of-type]\/accordion:rounded-t group-[&amp;:last-of-type]\/accordion:rounded-b group-open\/accordion:[&amp;:last-of-type]:rounded-b-none text-neutral-600 group-open\/accordion:text-neutral-50 text-lg font-semibold [&amp;&gt;i]:text-[1.5rem] group-open\/accordion:[&amp;&gt;i]:text-neutral-50 [&amp;&gt;i]:text-primary-300 group-open\/accordion:[&amp;&gt;i]:-rotate-180 [&amp;&gt;i]:transition-transform transition-colors cursor-pointer\"><span class=\"grow\">Desbloqueio<\/span><i class=\"ti ti-chevron-down\"><\/i><\/summary><div class=\"space-y-4 p-3 border-x group-[&amp;:last-of-type]\/accordion:border-b border-neutral-200 text-base text-neutral-400 group-[&amp;:last-of-type]\/accordion:rounded-bl group-[&amp;:last-of-type]\/accordion:rounded-br [&amp;_.wp-block-heading+p]:!mt-0\">\n<p>Para desbloquear a carteira e liberar sua utiliza&ccedil;&atilde;o via c&oacute;digo de barras &eacute; necess&aacute;rio:<br><br>1. Acessar o&nbsp;<a href=\"https:\/\/sistemas.ufmg.br\/\" target=\"_blank\" rel=\"noreferrer noopener\">minhaUFMG<\/a>&nbsp;e clicar em&nbsp;<a href=\"https:\/\/sistemas.ufmg.br\/siscaef\/home.seam\" target=\"_blank\" rel=\"noreferrer noopener\">Meu Crach&aacute;<\/a><br>2. Clicar em&nbsp;<em>Clique aqui para acessar seu<\/em>&nbsp;<em>crach&aacute;<\/em><br>3. Clicar em D<em>esbloquear seu crach&aacute;<\/em>&nbsp;e preencher os n&uacute;meros dele no campo dispon&iacute;vel<br><br>O crach&aacute; estar&aacute; apto para uso em 24 horas ap&oacute;s o desbloqueio.<\/p>\n\n\n\n<p><\/p>\n<\/div><\/details>\n<\/div>\n\n\n\n<h2 class=\"wp-block-heading\">Segunda Via<\/h2>\n\n\n\n<div class=\"wp-block-ufmg-details-group\"><?xml encoding=\"utf-8\"?><details class=\"group\/accordion\"><summary class=\"flex gap-4 items-center bg-neutral-50 border-x border-t group-last-of-type\/accordion:border-b border-neutral-200 group-open\/accordion:border-primary-300 group-open\/accordion:bg-primary-300 p-3 group-[&amp;:first-of-type]\/accordion:rounded-t group-[&amp;:last-of-type]\/accordion:rounded-b group-open\/accordion:[&amp;:last-of-type]:rounded-b-none text-neutral-600 group-open\/accordion:text-neutral-50 text-lg font-semibold [&amp;&gt;i]:text-[1.5rem] group-open\/accordion:[&amp;&gt;i]:text-neutral-50 [&amp;&gt;i]:text-primary-300 group-open\/accordion:[&amp;&gt;i]:-rotate-180 [&amp;&gt;i]:transition-transform transition-colors cursor-pointer\"><span class=\"grow\"> Segunda Via (em caso de perda ou extravio)<\/span><i class=\"ti ti-chevron-down\"><\/i><\/summary><div class=\"space-y-4 p-3 border-x group-[&amp;:last-of-type]\/accordion:border-b border-neutral-200 text-base text-neutral-400 group-[&amp;:last-of-type]\/accordion:rounded-bl group-[&amp;:last-of-type]\/accordion:rounded-br [&amp;_.wp-block-heading+p]:!mt-0\">\n<p>Em caso de <strong>perda ou extravio<\/strong>, para solicitar a 2&ordm; via da carteira &eacute; necess&aacute;rio:<\/p>\n\n\n\n<p><\/p>\n\n\n\n<p>1. Acessar o&nbsp;<a href=\"https:\/\/sistemas.ufmg.br\/\" target=\"_blank\" rel=\"noreferrer noopener\">minhaUFMG<\/a>&nbsp;e clicar em&nbsp;<a href=\"https:\/\/sistemas.ufmg.br\/siscaef\/home.seam\" target=\"_blank\" rel=\"noreferrer noopener\">Meu Crach&aacute;<\/a><\/p>\n\n\n\n<p>2. Clicar em&nbsp;<em>Clique aqui para acessar seu<\/em>&nbsp;<em>crach&aacute;<\/em><\/p>\n\n\n\n<p>3. Clicar no comando&nbsp;<em>Bloquear<\/em>&nbsp;e confirmar a opera&ccedil;&atilde;o<\/p>\n\n\n\n<p>4. Pagar o boleto (GRU) gerado<\/p>\n\n\n\n<p>5. Enviar e-mail com comprovante de pagamento para&nbsp;<a href=\"mailto:acesso@pra.ufmg.br\" target=\"_blank\" rel=\"noreferrer noopener\">acesso@pra.ufmg.br<\/a><\/p>\n\n\n\n<p>6. Aguardar o contato do setor de Controle de Acesso<\/p>\n\n\n\n<p><\/p>\n\n\n\n<p><strong>Aten&ccedil;&atilde;o<\/strong>: Ao solicitar a 2&ordm; via, automaticamente o anterior ser&aacute; inutiliz&aacute;vel e o processo &eacute; irrevers&iacute;vel.<\/p>\n<\/div><\/details>\n\n\n<?xml encoding=\"utf-8\"?><details class=\"group\/accordion\"><summary class=\"flex gap-4 items-center bg-neutral-50 border-x border-t group-last-of-type\/accordion:border-b border-neutral-200 group-open\/accordion:border-primary-300 group-open\/accordion:bg-primary-300 p-3 group-[&amp;:first-of-type]\/accordion:rounded-t group-[&amp;:last-of-type]\/accordion:rounded-b group-open\/accordion:[&amp;:last-of-type]:rounded-b-none text-neutral-600 group-open\/accordion:text-neutral-50 text-lg font-semibold [&amp;&gt;i]:text-[1.5rem] group-open\/accordion:[&amp;&gt;i]:text-neutral-50 [&amp;&gt;i]:text-primary-300 group-open\/accordion:[&amp;&gt;i]:-rotate-180 [&amp;&gt;i]:transition-transform transition-colors cursor-pointer\"><span class=\"grow\"> Segunda Via (em caso de roubo)<\/span><i class=\"ti ti-chevron-down\"><\/i><\/summary><div class=\"space-y-4 p-3 border-x group-[&amp;:last-of-type]\/accordion:border-b border-neutral-200 text-base text-neutral-400 group-[&amp;:last-of-type]\/accordion:rounded-bl group-[&amp;:last-of-type]\/accordion:rounded-br [&amp;_.wp-block-heading+p]:!mt-0\">\n<p>Em caso de <strong>roubo<\/strong>, para solicitar a 2&ordm; via da carteira &eacute; necess&aacute;rio:<\/p>\n\n\n\n<p><\/p>\n\n\n\n<p>1. Enviar o boletim de ocorr&ecirc;ncia para&nbsp;<a href=\"mailto:acesso@pra.ufmg.br\" target=\"_blank\" rel=\"noreferrer noopener\">acesso@pra.ufmg.br<\/a><\/p>\n\n\n\n<p>2. N&atilde;o &eacute; necess&aacute;rio o pagamento da taxa<\/p>\n\n\n\n<p><\/p>\n\n\n\n<p><strong>Aten&ccedil;&atilde;o<\/strong>: Ao solicitar a 2&ordm; via, automaticamente o anterior ser&aacute; inutiliz&aacute;vel e o processo &eacute; irrevers&iacute;vel.<\/p>\n<\/div><\/details>\n<\/div>\n","protected":false},"excerpt":{"rendered":"<p>A Pr\u00f3-reitoria de Administra\u00e7\u00e3o (PRA) emite a carteira de identifica\u00e7\u00e3o da UFMG. Com ela, os estudantes, servidores e terceirizados poder\u00e3o ter acesso a diversos servi\u00e7os na Universidade, como\u00a0bibliotecas,\u00a0restaurantes universit\u00e1rios,\u00a0Centro Esportivo Universit\u00e1rio (CEU)\u00a0e a entrada em alguns\u00a0pr\u00e9dios\u00a0dos campi. Belo Horizonte Montes Claros Desbloqueio Segunda Via<\/p>\n","protected":false},"author":1,"featured_media":0,"parent":6715,"menu_order":0,"comment_status":"closed","ping_status":"closed","template":"","meta":{"_acf_changed":false,"footnotes":""},"class_list":["post-7270","page","type-page","status-publish","hentry"],"acf":[],"_links":{"self":[{"href":"http:\/\/150.164.63.212:9000\/portal-novo-test\/wp-json\/wp\/v2\/pages\/7270","targetHints":{"allow":["GET"]}}],"collection":[{"href":"http:\/\/150.164.63.212:9000\/portal-novo-test\/wp-json\/wp\/v2\/pages"}],"about":[{"href":"http:\/\/150.164.63.212:9000\/portal-novo-test\/wp-json\/wp\/v2\/types\/page"}],"author":[{"embeddable":true,"href":"http:\/\/150.164.63.212:9000\/portal-novo-test\/wp-json\/wp\/v2\/users\/1"}],"replies":[{"embeddable":true,"href":"http:\/\/150.164.63.212:9000\/portal-novo-test\/wp-json\/wp\/v2\/comments?post=7270"}],"version-history":[{"count":0,"href":"http:\/\/150.164.63.212:9000\/portal-novo-test\/wp-json\/wp\/v2\/pages\/7270\/revisions"}],"up":[{"embeddable":true,"href":"http:\/\/150.164.63.212:9000\/portal-novo-test\/wp-json\/wp\/v2\/pages\/6715"}],"wp:attachment":[{"href":"http:\/\/150.164.63.212:9000\/portal-novo-test\/wp-json\/wp\/v2\/media?parent=7270"}],"curies":[{"name":"wp","href":"https:\/\/api.w.org\/{rel}","templated":true}]}}