{"id":7481,"date":"2025-09-22T09:14:51","date_gmt":"2025-09-22T12:14:51","guid":{"rendered":"http:\/\/150.164.63.212:9000\/portal-novo-test\/?page_id=7481"},"modified":"2025-10-24T15:08:00","modified_gmt":"2025-10-24T18:08:00","slug":"ecossistema-de-inovacao","status":"publish","type":"page","link":"http:\/\/150.164.63.212:9000\/portal-novo-test\/pesquisa-e-inovacao\/ecossistema-de-inovacao\/","title":{"rendered":"Ecossistema de Inova\u00e7\u00e3o"},"content":{"rendered":"\n<p>A inova\u00e7\u00e3o \u00e9 um conceito amplamente utilizado para abarcar as complexas intera\u00e7\u00f5es entre as diversas institui\u00e7\u00f5es intervenientes no processo de desenvolvimento cient\u00edfico, inovativo e tecnol\u00f3gico.&nbsp; As iniciativas de inova\u00e7\u00e3o visam a transforma\u00e7\u00e3o do conhecimento novo produzido no \u00e2mbito das institui\u00e7\u00f5es de pesquisa cient\u00edfica em tecnologias voltadas diretamente para atividades produtivas e para o enfrentamento de desafios sociais, como instrumentos do processo de desenvolvimento solid\u00e1rio, democr\u00e1tico e sustent\u00e1vel.&nbsp;<\/p>\n\n\n\n<p>A inova\u00e7\u00e3o na UFMG \u00e9 dimens\u00e3o transversal que permeia as atividades indissoci\u00e1veis de ensino, pesquisa e extens\u00e3o. A Universidade firma um s\u00f3lido compromisso com a pesquisa tecnol\u00f3gica, com a gera\u00e7\u00e3o de propriedade intelectual, com a inova\u00e7\u00e3o em todas as \u00e1reas do conhecimento e com o desenvolvimento de produtos inovadores e sua transfer\u00eancia para a sociedade.<\/p>\n\n\n\n<p>O ecossistema de inova\u00e7\u00e3o&nbsp;da UFMG engloba todos os agentes envolvidos nos processos, como centros de pesquisas, parques tecnol\u00f3gicos, empresas spin-offs, incubadoras de empresas e outras iniciativas de empreendedorismo. Saiba mais:&nbsp;<\/p>\n\n\n\n<div class=\"wp-block-ufmg-details-group\"><?xml encoding=\"utf-8\"?><details class=\"group\/accordion\"><summary class=\"flex gap-4 items-center bg-neutral-50 border-x border-t group-last-of-type\/accordion:border-b border-neutral-200 group-open\/accordion:border-primary-300 group-open\/accordion:bg-primary-300 p-3 group-[&amp;:first-of-type]\/accordion:rounded-t group-[&amp;:last-of-type]\/accordion:rounded-b group-open\/accordion:[&amp;:last-of-type]:rounded-b-none text-neutral-600 group-open\/accordion:text-neutral-50 text-lg font-semibold [&amp;&gt;i]:text-[1.5rem] group-open\/accordion:[&amp;&gt;i]:text-neutral-50 [&amp;&gt;i]:text-primary-300 group-open\/accordion:[&amp;&gt;i]:-rotate-180 [&amp;&gt;i]:transition-transform transition-colors cursor-pointer\"><span class=\"grow\">Centro Institucionais de Pesquisa (CIPq)<\/span><i class=\"ti ti-chevron-down\"><\/i><\/summary><div class=\"space-y-4 p-3 border-x group-[&amp;:last-of-type]\/accordion:border-b border-neutral-200 text-base text-neutral-400 group-[&amp;:last-of-type]\/accordion:rounded-bl group-[&amp;:last-of-type]\/accordion:rounded-br [&amp;_.wp-block-heading+p]:!mt-0\">\n<p>Os Centros Institucionais de Pesquisa (CIPq), s&atilde;o caracterizados por possu&iacute;rem natureza multiusu&aacute;ria e multidisciplinar, com equipamentos e\/ou servi&ccedil;os altamente especializados de m&eacute;dia e grande complexidade, que sejam tecnicamente compat&iacute;veis com padr&otilde;es internacionais de excel&ecirc;ncia, pol&iacute;tica definida de disponibiliza&ccedil;&atilde;o de sua infraestrutura e servi&ccedil;os para usu&aacute;rios internos e externos<\/p>\n\n\n\n<p>Para conferir a lista e mais informa&ccedil;&otilde;es sobre os CIPq da UFMG, <a href=\"https:\/\/www.ufmg.br\/prpq\/i2pq\/cipq\/\" target=\"_blank\" rel=\"noreferrer noopener\">acesse aqui<\/a>.&nbsp;<\/p>\n<\/div><\/details>\n\n\n<?xml encoding=\"utf-8\"?><details class=\"group\/accordion\"><summary class=\"flex gap-4 items-center bg-neutral-50 border-x border-t group-last-of-type\/accordion:border-b border-neutral-200 group-open\/accordion:border-primary-300 group-open\/accordion:bg-primary-300 p-3 group-[&amp;:first-of-type]\/accordion:rounded-t group-[&amp;:last-of-type]\/accordion:rounded-b group-open\/accordion:[&amp;:last-of-type]:rounded-b-none text-neutral-600 group-open\/accordion:text-neutral-50 text-lg font-semibold [&amp;&gt;i]:text-[1.5rem] group-open\/accordion:[&amp;&gt;i]:text-neutral-50 [&amp;&gt;i]:text-primary-300 group-open\/accordion:[&amp;&gt;i]:-rotate-180 [&amp;&gt;i]:transition-transform transition-colors cursor-pointer\"><span class=\"grow\">Centros Institucionais de Tecnologia e Inova&ccedil;&atilde;o (CTs)<\/span><i class=\"ti ti-chevron-down\"><\/i><\/summary><div class=\"space-y-4 p-3 border-x group-[&amp;:last-of-type]\/accordion:border-b border-neutral-200 text-base text-neutral-400 group-[&amp;:last-of-type]\/accordion:rounded-bl group-[&amp;:last-of-type]\/accordion:rounded-br [&amp;_.wp-block-heading+p]:!mt-0\">\n<p>Os <a href=\"https:\/\/www.ufmg.br\/prpq\/i2pq\/ct\/\" target=\"_blank\" rel=\"noreferrer noopener\">Centros Institucionais de Tecnologia e Inova&ccedil;&atilde;o<\/a> (CTs) da UFMG s&atilde;o ambientes destinados &agrave; promo&ccedil;&atilde;o da inova&ccedil;&atilde;o, que agregam capital intelectual e infraestrutura em &aacute;reas tecnol&oacute;gicas da Universidade. A miss&atilde;o dos CTs &eacute; realizar atividades de pesquisa, desenvolvimento tecnol&oacute;gico e inova&ccedil;&atilde;o, visando &agrave; transfer&ecirc;ncia de resultados para a sociedade, em conson&acirc;ncia com a Pol&iacute;tica de Inova&ccedil;&atilde;o, as normas estatut&aacute;rias e regimentais da UFMG e a legisla&ccedil;&atilde;o federal pertinente.<\/p>\n\n\n\n<p><\/p>\n\n\n\n<p>Para mais informa&ccedil;&otilde;es sobre os CTs da UFMG, acesse o <a href=\"https:\/\/www.ufmg.br\/prpq\/cts\/\">site da Pr&oacute;-reitoria de Pesquisa<\/a> (PRPq).&nbsp;<\/p>\n<\/div><\/details>\n\n\n<?xml encoding=\"utf-8\"?><details class=\"group\/accordion\"><summary class=\"flex gap-4 items-center bg-neutral-50 border-x border-t group-last-of-type\/accordion:border-b border-neutral-200 group-open\/accordion:border-primary-300 group-open\/accordion:bg-primary-300 p-3 group-[&amp;:first-of-type]\/accordion:rounded-t group-[&amp;:last-of-type]\/accordion:rounded-b group-open\/accordion:[&amp;:last-of-type]:rounded-b-none text-neutral-600 group-open\/accordion:text-neutral-50 text-lg font-semibold [&amp;&gt;i]:text-[1.5rem] group-open\/accordion:[&amp;&gt;i]:text-neutral-50 [&amp;&gt;i]:text-primary-300 group-open\/accordion:[&amp;&gt;i]:-rotate-180 [&amp;&gt;i]:transition-transform transition-colors cursor-pointer\"><span class=\"grow\">CooLabs UFMG<\/span><i class=\"ti ti-chevron-down\"><\/i><\/summary><div class=\"space-y-4 p-3 border-x group-[&amp;:last-of-type]\/accordion:border-b border-neutral-200 text-base text-neutral-400 group-[&amp;:last-of-type]\/accordion:rounded-bl group-[&amp;:last-of-type]\/accordion:rounded-br [&amp;_.wp-block-heading+p]:!mt-0\">\n<p>O CooLabs UFMG &eacute; um Programa de Cooperativa de Laborat&oacute;rios da Universidade que re&uacute;ne laborat&oacute;rios de diferentes &aacute;reas, oferecendo a estrutura e o conhecimento t&eacute;cnico-cient&iacute;fico gerados na UFMG. Os servi&ccedil;os do CooLabs incluem, por exemplo, testes para hospitais, para laborat&oacute;rios externos e para institui&ccedil;&otilde;es privadas.<\/p>\n\n\n\n<p><\/p>\n\n\n\n<p>Para mais informa&ccedil;&otilde;es, acesse o <a href=\"https:\/\/coolabs.ufmg.br\" target=\"_blank\" rel=\"noreferrer noopener\">site do CooLabs UFMG<\/a>. <\/p>\n<\/div><\/details>\n\n\n<?xml encoding=\"utf-8\"?><details class=\"group\/accordion\"><summary class=\"flex gap-4 items-center bg-neutral-50 border-x border-t group-last-of-type\/accordion:border-b border-neutral-200 group-open\/accordion:border-primary-300 group-open\/accordion:bg-primary-300 p-3 group-[&amp;:first-of-type]\/accordion:rounded-t group-[&amp;:last-of-type]\/accordion:rounded-b group-open\/accordion:[&amp;:last-of-type]:rounded-b-none text-neutral-600 group-open\/accordion:text-neutral-50 text-lg font-semibold [&amp;&gt;i]:text-[1.5rem] group-open\/accordion:[&amp;&gt;i]:text-neutral-50 [&amp;&gt;i]:text-primary-300 group-open\/accordion:[&amp;&gt;i]:-rotate-180 [&amp;&gt;i]:transition-transform transition-colors cursor-pointer\"><span class=\"grow\">Infraestruturas de Apoio Institucional &agrave; Pesquisa (AIPq)<\/span><i class=\"ti ti-chevron-down\"><\/i><\/summary><div class=\"space-y-4 p-3 border-x group-[&amp;:last-of-type]\/accordion:border-b border-neutral-200 text-base text-neutral-400 group-[&amp;:last-of-type]\/accordion:rounded-bl group-[&amp;:last-of-type]\/accordion:rounded-br [&amp;_.wp-block-heading+p]:!mt-0\">\n<p>As&nbsp;Infraestruturas de Apoio Institucional &agrave; Pesquisa (AIPq)&nbsp;s&atilde;o infraestruturas que fornecem materiais e servi&ccedil;os importantes para o desenvolvimento da pesquisa art&iacute;stica, cient&iacute;fica e\/ou tecnol&oacute;gica. S&atilde;o classificadas em:&nbsp;Gerais, que atendem a quaisquer &aacute;reas do conhecimento, e&nbsp;Tem&aacute;ticas,&nbsp;que atendem a &aacute;reas espec&iacute;ficas do conhecimento.<\/p>\n\n\n\n<p><\/p>\n\n\n\n<p>Para conferir as AIPq dispon&iacute;veis na UFMG, <a href=\"https:\/\/www.ufmg.br\/prpq\/i2pq\/aipq\/\" target=\"_blank\" rel=\"noreferrer noopener\">acesse aqui<\/a>. <\/p>\n<\/div><\/details>\n\n\n<?xml encoding=\"utf-8\"?><details class=\"group\/accordion\"><summary class=\"flex gap-4 items-center bg-neutral-50 border-x border-t group-last-of-type\/accordion:border-b border-neutral-200 group-open\/accordion:border-primary-300 group-open\/accordion:bg-primary-300 p-3 group-[&amp;:first-of-type]\/accordion:rounded-t group-[&amp;:last-of-type]\/accordion:rounded-b group-open\/accordion:[&amp;:last-of-type]:rounded-b-none text-neutral-600 group-open\/accordion:text-neutral-50 text-lg font-semibold [&amp;&gt;i]:text-[1.5rem] group-open\/accordion:[&amp;&gt;i]:text-neutral-50 [&amp;&gt;i]:text-primary-300 group-open\/accordion:[&amp;&gt;i]:-rotate-180 [&amp;&gt;i]:transition-transform transition-colors cursor-pointer\"><span class=\"grow\">Infraestruturas Institucionais de Pesquisa (I2Pq)<\/span><i class=\"ti ti-chevron-down\"><\/i><\/summary><div class=\"space-y-4 p-3 border-x group-[&amp;:last-of-type]\/accordion:border-b border-neutral-200 text-base text-neutral-400 group-[&amp;:last-of-type]\/accordion:rounded-bl group-[&amp;:last-of-type]\/accordion:rounded-br [&amp;_.wp-block-heading+p]:!mt-0\">\n<p>As Infraestruturas Institucionais de Pesquisa (I2Pq) da UFMG referem-se ao conjunto de instala&ccedil;&otilde;es f&iacute;sicas e condi&ccedil;&otilde;es materiais de apoio utilizados pelos pesquisadores para a realiza&ccedil;&atilde;o de pesquisa art&iacute;stica, cient&iacute;fica e tecnol&oacute;gica.<\/p>\n\n\n\n<p><\/p>\n\n\n\n<p>As Infraestruturas de Pesquisa da UFMG s&atilde;o categorizadas por <a href=\"https:\/\/www.ufmg.br\/prpq\/i2pq\/cipq\/\" target=\"_blank\" rel=\"noreferrer noopener\">Centros Institucionais de Pesquisa<\/a> (CIPq), <a href=\"https:\/\/www.ufmg.br\/prpq\/i2pq\/lipq\/\" target=\"_blank\" rel=\"noreferrer noopener\">Laborat&oacute;rios Institucionais de Pesquisa<\/a> (LIPq), <a href=\"https:\/\/www.ufmg.br\/prpq\/i2pq\/aipq\/\" target=\"_blank\" rel=\"noreferrer noopener\">Infraestruturas de Apoio Institucional &agrave; Pesquisa<\/a> (AIPq), <a href=\"https:\/\/www.ufmg.br\/prpq\/i2pq\/lgpq\/\" target=\"_blank\" rel=\"noreferrer noopener\">Laborat&oacute;rios de Grupos e\/ou N&uacute;cleos de Pesquisa<\/a> (LGPq) e <a href=\"https:\/\/www.ufmg.br\/prpq\/i2pq\/ct\/\" target=\"_blank\" rel=\"noreferrer noopener\">Centros Institucionais de Tecnologia e Inova&ccedil;&atilde;o<\/a> (CT).&nbsp;<\/p>\n\n\n\n<p><\/p>\n\n\n\n<p>Para consultar a lista de Infraestruturas de Pesquisas cadastradas na UFMG e outras informa&ccedil;&otilde;es, <a href=\"https:\/\/www.ufmg.br\/prpq\/i2pq\/\" target=\"_blank\" rel=\"noreferrer noopener\">clique aqui<\/a>. <br><\/p>\n<\/div><\/details>\n\n\n<?xml encoding=\"utf-8\"?><details class=\"group\/accordion\"><summary class=\"flex gap-4 items-center bg-neutral-50 border-x border-t group-last-of-type\/accordion:border-b border-neutral-200 group-open\/accordion:border-primary-300 group-open\/accordion:bg-primary-300 p-3 group-[&amp;:first-of-type]\/accordion:rounded-t group-[&amp;:last-of-type]\/accordion:rounded-b group-open\/accordion:[&amp;:last-of-type]:rounded-b-none text-neutral-600 group-open\/accordion:text-neutral-50 text-lg font-semibold [&amp;&gt;i]:text-[1.5rem] group-open\/accordion:[&amp;&gt;i]:text-neutral-50 [&amp;&gt;i]:text-primary-300 group-open\/accordion:[&amp;&gt;i]:-rotate-180 [&amp;&gt;i]:transition-transform transition-colors cursor-pointer\"><span class=\"grow\">Institutos Nacionais de Ci&ecirc;ncia e Tecnologia (INCTs)<\/span><i class=\"ti ti-chevron-down\"><\/i><\/summary><div class=\"space-y-4 p-3 border-x group-[&amp;:last-of-type]\/accordion:border-b border-neutral-200 text-base text-neutral-400 group-[&amp;:last-of-type]\/accordion:rounded-bl group-[&amp;:last-of-type]\/accordion:rounded-br [&amp;_.wp-block-heading+p]:!mt-0\">\n<p>Os <a href=\"http:\/\/inct.cnpq.br\/sobre\/\" target=\"_blank\" rel=\"noreferrer noopener\">Institutos Nacionais de Ci&ecirc;ncia e Tecnologia<\/a> (INCTs) s&atilde;o parte de um programa nacional de fomento &agrave; pesquisa que re&uacute;ne diversas institui&ccedil;&otilde;es, pesquisadores com forma&ccedil;&atilde;o acad&ecirc;mica diversificada e infraestrutura de pesquisa de alto n&iacute;vel.<\/p>\n\n\n\n<p><\/p>\n\n\n\n<p>Os INCTs procuram impulsionar e desenvolver a pesquisa cient&iacute;fica e tecnol&oacute;gica de ponta no pa&iacute;s, em estreita articula&ccedil;&atilde;o com empresas inovadoras, promovendo o avan&ccedil;o da compet&ecirc;ncia nacional em sua &aacute;rea de atua&ccedil;&atilde;o.<\/p>\n\n\n\n<p><\/p>\n\n\n\n<p>Para acessar a lista de INCTs sediadas na UFMG, acesse o <a href=\"https:\/\/www.ufmg.br\/prpq\/institutos-nacionais-de-ciencia-e-tecnologia-inct\/\" target=\"_blank\" rel=\"noreferrer noopener\">site da Pr&oacute;-reitoria de Pesquisa<\/a> (PRPq).<\/p>\n<\/div><\/details>\n\n\n<?xml encoding=\"utf-8\"?><details class=\"group\/accordion\"><summary class=\"flex gap-4 items-center bg-neutral-50 border-x border-t group-last-of-type\/accordion:border-b border-neutral-200 group-open\/accordion:border-primary-300 group-open\/accordion:bg-primary-300 p-3 group-[&amp;:first-of-type]\/accordion:rounded-t group-[&amp;:last-of-type]\/accordion:rounded-b group-open\/accordion:[&amp;:last-of-type]:rounded-b-none text-neutral-600 group-open\/accordion:text-neutral-50 text-lg font-semibold [&amp;&gt;i]:text-[1.5rem] group-open\/accordion:[&amp;&gt;i]:text-neutral-50 [&amp;&gt;i]:text-primary-300 group-open\/accordion:[&amp;&gt;i]:-rotate-180 [&amp;&gt;i]:transition-transform transition-colors cursor-pointer\"><span class=\"grow\">Laborat&oacute;rios de Grupos e\/ou N&uacute;cleos de Pesquisa (LGPq)<\/span><i class=\"ti ti-chevron-down\"><\/i><\/summary><div class=\"space-y-4 p-3 border-x group-[&amp;:last-of-type]\/accordion:border-b border-neutral-200 text-base text-neutral-400 group-[&amp;:last-of-type]\/accordion:rounded-bl group-[&amp;:last-of-type]\/accordion:rounded-br [&amp;_.wp-block-heading+p]:!mt-0\">\n<p>Os Laborat&oacute;rios de grupos e\/ou n&uacute;cleos de pesquisa (LGPq)&nbsp;s&atilde;o infraestruturas de pesquisa art&iacute;stica, cient&iacute;fica e\/ou tecnol&oacute;gica que contenham instrumentos de pesquisa de qualquer natureza, porte e n&uacute;mero,&nbsp; ou que disponibilizem t&eacute;cnicas de qualquer natureza, ou que sejam locais de reuni&otilde;es e discuss&otilde;es tem&aacute;ticas, coordenados por um ou por conjunto de docentes, podendo ou n&atilde;o apresentar servidores do corpo t&eacute;cnico da UFMG.<\/p>\n\n\n\n<p><\/p>\n\n\n\n<p>Para conferir as LGPq dispon&iacute;veis na UFMG, <a href=\"https:\/\/www.ufmg.br\/prpq\/i2pq\/aipq\/\" target=\"_blank\" rel=\"noreferrer noopener\">acesse aqui<\/a>.<\/p>\n<\/div><\/details>\n\n\n<?xml encoding=\"utf-8\"?><details class=\"group\/accordion\"><summary class=\"flex gap-4 items-center bg-neutral-50 border-x border-t group-last-of-type\/accordion:border-b border-neutral-200 group-open\/accordion:border-primary-300 group-open\/accordion:bg-primary-300 p-3 group-[&amp;:first-of-type]\/accordion:rounded-t group-[&amp;:last-of-type]\/accordion:rounded-b group-open\/accordion:[&amp;:last-of-type]:rounded-b-none text-neutral-600 group-open\/accordion:text-neutral-50 text-lg font-semibold [&amp;&gt;i]:text-[1.5rem] group-open\/accordion:[&amp;&gt;i]:text-neutral-50 [&amp;&gt;i]:text-primary-300 group-open\/accordion:[&amp;&gt;i]:-rotate-180 [&amp;&gt;i]:transition-transform transition-colors cursor-pointer\"><span class=\"grow\">Laborat&oacute;rios Institucionais de Pesquisa (LIPq)<\/span><i class=\"ti ti-chevron-down\"><\/i><\/summary><div class=\"space-y-4 p-3 border-x group-[&amp;:last-of-type]\/accordion:border-b border-neutral-200 text-base text-neutral-400 group-[&amp;:last-of-type]\/accordion:rounded-bl group-[&amp;:last-of-type]\/accordion:rounded-br [&amp;_.wp-block-heading+p]:!mt-0\">\n<p>Os Laborat&oacute;rios Institucionais de Pesquisa (LIPq)&nbsp;s&atilde;o infraestruturas de pesquisa art&iacute;stica, cient&iacute;fica e\/ou tecnol&oacute;gica compartilhadas por duas ou mais Unidades Acad&ecirc;micas da UFMG, credenciadas pela Pr&oacute;-Reitoria de Pesquisa (PRPq). Visam atender, de forma ampla, uma comunidade de usu&aacute;rios, internos e externos &agrave; UFMG e disp&otilde;em de equipamentos e\/ou servi&ccedil;os altamente especializados de m&eacute;dia e grande complexidade, tecnicamente compat&iacute;veis com padr&otilde;es internacionais de excel&ecirc;ncia. Contam necessariamente com apoio de servidores do corpo t&eacute;cnico da UFMG e s&atilde;o financiados pela Administra&ccedil;&atilde;o Central diretamente ou via Unidade Acad&ecirc;mica\/Departamento.<\/p>\n\n\n\n<p>Para conferir as LIPq dispon&iacute;veis na UFMG, <a href=\"https:\/\/www.ufmg.br\/prpq\/i2pq\/lipq\/\" target=\"_blank\" rel=\"noreferrer noopener\">acesse aqui<\/a>.<\/p>\n\n\n\n<p><\/p>\n<\/div><\/details>\n\n\n<?xml encoding=\"utf-8\"?><details class=\"group\/accordion\"><summary class=\"flex gap-4 items-center bg-neutral-50 border-x border-t group-last-of-type\/accordion:border-b border-neutral-200 group-open\/accordion:border-primary-300 group-open\/accordion:bg-primary-300 p-3 group-[&amp;:first-of-type]\/accordion:rounded-t group-[&amp;:last-of-type]\/accordion:rounded-b group-open\/accordion:[&amp;:last-of-type]:rounded-b-none text-neutral-600 group-open\/accordion:text-neutral-50 text-lg font-semibold [&amp;&gt;i]:text-[1.5rem] group-open\/accordion:[&amp;&gt;i]:text-neutral-50 [&amp;&gt;i]:text-primary-300 group-open\/accordion:[&amp;&gt;i]:-rotate-180 [&amp;&gt;i]:transition-transform transition-colors cursor-pointer\"><span class=\"grow\">Parque Tecnol&oacute;gico (BH-TEC)<\/span><i class=\"ti ti-chevron-down\"><\/i><\/summary><div class=\"space-y-4 p-3 border-x group-[&amp;:last-of-type]\/accordion:border-b border-neutral-200 text-base text-neutral-400 group-[&amp;:last-of-type]\/accordion:rounded-bl group-[&amp;:last-of-type]\/accordion:rounded-br [&amp;_.wp-block-heading+p]:!mt-0\">\n<p>O Parque Tecnol&oacute;gico de Belo Horizonte (BH-TEC) &eacute; um condom&iacute;nio de empresas e de centros de pesquisa e desenvolvimento que investigam e produzem novas tecnologias. Planejado por um grupo de acad&ecirc;micos da UFMG e constru&iacute;do na primeira d&eacute;cada dos anos 2000, o BH-TEC conecta o conhecimento cient&iacute;fico gerado na Universidade e a sua aplica&ccedil;&atilde;o produtiva pelo setor empresarial, visando a expans&atilde;o da economia regional baseada em conhecimento.<\/p>\n\n\n\n<p><\/p>\n\n\n\n<p>O Parque Tecnol&oacute;gico est&aacute; localizado pr&oacute;ximo ao campus Pampulha, em Belo Horizonte. Para mais informa&ccedil;&otilde;es, acesse o <a href=\"https:\/\/bhtec.org.br\/\" target=\"_blank\" rel=\"noreferrer noopener\">site do BH-TEC<\/a>.<\/p>\n<\/div><\/details>\n\n\n<?xml encoding=\"utf-8\"?><details class=\"group\/accordion\"><summary class=\"flex gap-4 items-center bg-neutral-50 border-x border-t group-last-of-type\/accordion:border-b border-neutral-200 group-open\/accordion:border-primary-300 group-open\/accordion:bg-primary-300 p-3 group-[&amp;:first-of-type]\/accordion:rounded-t group-[&amp;:last-of-type]\/accordion:rounded-b group-open\/accordion:[&amp;:last-of-type]:rounded-b-none text-neutral-600 group-open\/accordion:text-neutral-50 text-lg font-semibold [&amp;&gt;i]:text-[1.5rem] group-open\/accordion:[&amp;&gt;i]:text-neutral-50 [&amp;&gt;i]:text-primary-300 group-open\/accordion:[&amp;&gt;i]:-rotate-180 [&amp;&gt;i]:transition-transform transition-colors cursor-pointer\"><span class=\"grow\">Unidades Embrapii<\/span><i class=\"ti ti-chevron-down\"><\/i><\/summary><div class=\"space-y-4 p-3 border-x group-[&amp;:last-of-type]\/accordion:border-b border-neutral-200 text-base text-neutral-400 group-[&amp;:last-of-type]\/accordion:rounded-bl group-[&amp;:last-of-type]\/accordion:rounded-br [&amp;_.wp-block-heading+p]:!mt-0\">\n<p>A <a href=\"https:\/\/embrapii.org.br\/nossas-unidades\/?cf_url_conversao=https%3A%2F%2Fembrapii.org.br%2Fnossas-unidades%2F&amp;cf_utm_content=&amp;cf_utm_campaign=&amp;cf_utm_medium=&amp;cf_utm_source=&amp;nome=UFMG&amp;competencias=&amp;linhas=&amp;uf=#filter-units\" target=\"_blank\" rel=\"noreferrer noopener\">Empresa Brasileira de Pesquisa e Inova&ccedil;&atilde;o Industrial<\/a> (EMBRA-PII) conecta o conhecimento cient&iacute;fico de sua Rede de Unidades com a ind&uacute;stria por meio de um modelo &aacute;gil, flex&iacute;vel, de baixa burocracia, com investimento de recursos n&atilde;o reembols&aacute;veis.<\/p>\n\n\n\n<p><\/p>\n\n\n\n<p>Na UFMG, est&atilde;o localizadas tr&ecirc;s unidades da Rede EMBRAPII, que atuam em &aacute;reas distintas de compet&ecirc;ncia tecnol&oacute;gica e est&atilde;o alinhadas com a pol&iacute;tica de pesquisa e inova&ccedil;&atilde;o da Universidade. Conhe&ccedil;a o <a href=\"https:\/\/www.ctnano.ufmg.br\" target=\"_blank\" rel=\"noreferrer noopener\">CTNano-UFMG<\/a>, o <a href=\"https:\/\/www.embrapii.dcc.ufmg.br\" target=\"_blank\" rel=\"noreferrer noopener\">DCC-UFMG<\/a> e a <a href=\"https:\/\/www.farmavax.ufmg.br\" target=\"_blank\" rel=\"noreferrer noopener\">FarmaVax<\/a>. <\/p>\n<\/div><\/details>\n<\/div>\n\n\n\n<p><\/p>\n\n\n\n<p><\/p>\n","protected":false},"excerpt":{"rendered":"<p>A inova\u00e7\u00e3o \u00e9 um conceito amplamente utilizado para abarcar as complexas intera\u00e7\u00f5es entre as diversas institui\u00e7\u00f5es intervenientes no processo de desenvolvimento cient\u00edfico, inovativo e tecnol\u00f3gico.&nbsp; As iniciativas de inova\u00e7\u00e3o visam a transforma\u00e7\u00e3o do conhecimento novo produzido no \u00e2mbito das institui\u00e7\u00f5es de pesquisa cient\u00edfica em tecnologias voltadas diretamente para atividades produtivas e para o enfrentamento de [&hellip;]<\/p>\n","protected":false},"author":1,"featured_media":0,"parent":6399,"menu_order":0,"comment_status":"closed","ping_status":"closed","template":"","meta":{"_acf_changed":false,"footnotes":""},"class_list":["post-7481","page","type-page","status-publish","hentry"],"acf":[],"_links":{"self":[{"href":"http:\/\/150.164.63.212:9000\/portal-novo-test\/wp-json\/wp\/v2\/pages\/7481","targetHints":{"allow":["GET"]}}],"collection":[{"href":"http:\/\/150.164.63.212:9000\/portal-novo-test\/wp-json\/wp\/v2\/pages"}],"about":[{"href":"http:\/\/150.164.63.212:9000\/portal-novo-test\/wp-json\/wp\/v2\/types\/page"}],"author":[{"embeddable":true,"href":"http:\/\/150.164.63.212:9000\/portal-novo-test\/wp-json\/wp\/v2\/users\/1"}],"replies":[{"embeddable":true,"href":"http:\/\/150.164.63.212:9000\/portal-novo-test\/wp-json\/wp\/v2\/comments?post=7481"}],"version-history":[{"count":0,"href":"http:\/\/150.164.63.212:9000\/portal-novo-test\/wp-json\/wp\/v2\/pages\/7481\/revisions"}],"up":[{"embeddable":true,"href":"http:\/\/150.164.63.212:9000\/portal-novo-test\/wp-json\/wp\/v2\/pages\/6399"}],"wp:attachment":[{"href":"http:\/\/150.164.63.212:9000\/portal-novo-test\/wp-json\/wp\/v2\/media?parent=7481"}],"curies":[{"name":"wp","href":"https:\/\/api.w.org\/{rel}","templated":true}]}}