{"id":7585,"date":"2025-09-10T12:29:50","date_gmt":"2025-09-10T15:29:50","guid":{"rendered":"http:\/\/150.164.63.212:9000\/portal-novo-test\/?page_id=7585"},"modified":"2025-09-23T11:23:46","modified_gmt":"2025-09-23T14:23:46","slug":"sugerir-pauta","status":"publish","type":"page","link":"http:\/\/150.164.63.212:9000\/portal-novo-test\/comunicacao\/sugerir-pauta\/","title":{"rendered":"Sugerir Pauta"},"content":{"rendered":"\n<p>Voc\u00ea pode propor um tema de pauta que ser\u00e1 avaliado pela equipe de profissionais do Cedecom. Caso seja considerada pertinente do ponto de vista editorial, a sugest\u00e3o ser\u00e1 encaminhada a uma ou mais m\u00eddias geridas pelo Cedecom (Portal UFMG, R\u00e1dio UFMG Educativa, TV UFMG e Redes Sociais).<\/p>\n\n\n\n<p><\/p>\n","protected":false},"excerpt":{"rendered":"<p>Voc\u00ea pode propor um tema de pauta que ser\u00e1 avaliado pela equipe de profissionais do Cedecom. Caso seja considerada pertinente do ponto de vista editorial, a sugest\u00e3o ser\u00e1 encaminhada a uma ou mais m\u00eddias geridas pelo Cedecom (Portal UFMG, R\u00e1dio UFMG Educativa, TV UFMG e Redes Sociais).<\/p>\n","protected":false},"author":1,"featured_media":0,"parent":4419,"menu_order":0,"comment_status":"closed","ping_status":"closed","template":"page-templates\/page-suggest-agenda.php","meta":{"_acf_changed":true,"footnotes":""},"class_list":["post-7585","page","type-page","status-publish","hentry"],"acf":[],"_links":{"self":[{"href":"http:\/\/150.164.63.212:9000\/portal-novo-test\/wp-json\/wp\/v2\/pages\/7585","targetHints":{"allow":["GET"]}}],"collection":[{"href":"http:\/\/150.164.63.212:9000\/portal-novo-test\/wp-json\/wp\/v2\/pages"}],"about":[{"href":"http:\/\/150.164.63.212:9000\/portal-novo-test\/wp-json\/wp\/v2\/types\/page"}],"author":[{"embeddable":true,"href":"http:\/\/150.164.63.212:9000\/portal-novo-test\/wp-json\/wp\/v2\/users\/1"}],"replies":[{"embeddable":true,"href":"http:\/\/150.164.63.212:9000\/portal-novo-test\/wp-json\/wp\/v2\/comments?post=7585"}],"version-history":[{"count":0,"href":"http:\/\/150.164.63.212:9000\/portal-novo-test\/wp-json\/wp\/v2\/pages\/7585\/revisions"}],"up":[{"embeddable":true,"href":"http:\/\/150.164.63.212:9000\/portal-novo-test\/wp-json\/wp\/v2\/pages\/4419"}],"wp:attachment":[{"href":"http:\/\/150.164.63.212:9000\/portal-novo-test\/wp-json\/wp\/v2\/media?parent=7585"}],"curies":[{"name":"wp","href":"https:\/\/api.w.org\/{rel}","templated":true}]}}