{"id":7875,"date":"2025-09-10T15:47:38","date_gmt":"2025-09-10T18:47:38","guid":{"rendered":"http:\/\/150.164.63.212:9000\/portal-novo-test\/?page_id=7875"},"modified":"2025-10-07T09:49:34","modified_gmt":"2025-10-07T12:49:34","slug":"bolsas-cedecom","status":"publish","type":"page","link":"http:\/\/150.164.63.212:9000\/portal-novo-test\/comunicacao\/cedecom\/bolsas-cedecom\/","title":{"rendered":"Bolsas Cedecom"},"content":{"rendered":"\n<p>O Programa de Forma\u00e7\u00e3o e Incentivo \u00e0 Melhoria da Comunica\u00e7\u00e3o Institucional da UFMG visa oferecer aos estudantes de gradua\u00e7\u00e3o e p\u00f3s-gradua\u00e7\u00e3o da Institui\u00e7\u00e3o oportunidades para desenvolver atividades com a din\u00e2mica e a especialidade relacionadas \u00e0s m\u00eddias de atua\u00e7\u00e3o do Cedecom UFMG e seus n\u00facleos.<br>Leia o projeto na \u00edntegra&nbsp;<a href=\"https:\/\/ufmg.br\/storage\/a\/0\/2\/e\/a02e71bc4d90f15484926969339ac8bc_1677582762049_905842461.pdf\" target=\"_blank\" rel=\"noreferrer noopener\">aqui<\/a>.<br>Leia a portaria n\u00ba 5655, de 22 de junho de 2023&nbsp;<a href=\"https:\/\/ufmg.br\/storage\/8\/8\/7\/0\/8870cd79cdc9609e1889c510093514c0_16878711508178_871546095.pdf\" target=\"_blank\" rel=\"noreferrer noopener\">aqui<\/a>.<\/p>\n\n\n\n<hr class=\"wp-block-separator has-alpha-channel-opacity\" \/>\n\n\n\n<h2 class=\"wp-block-heading\">Confira os Editais:<\/h2>\n\n\n\n<h3 class=\"wp-block-heading\">Edital 05\/25<\/h3>\n\n\n<?xml encoding=\"utf-8\"?><ul class=\"wp-block-ufmg-hub-links [&amp;&gt;li_a]:flex [&amp;&gt;li_a]:items-center [&amp;&gt;li_a]:justify-between [&amp;&gt;li_a]:bg-neutral-50 [&amp;&gt;li_a]:px-4 [&amp;&gt;li_a]:py-3 md:[&amp;&gt;li_a]:py-5 [&amp;&gt;li_a]:border-b [&amp;&gt;li_a]:border-b-neutral-200 [&amp;&gt;li_a]:text-primary-300 [&amp;&gt;li_a]:text-base md:[&amp;&gt;li_a]:text-lg [&amp;&gt;li_a]:font-lexend [&amp;&gt;li_a]:font-medium [&amp;&gt;li_a]:transition-colors [&amp;&gt;li_a&gt;i]:text-[1rem] md:[&amp;&gt;li_a&gt;i]:text-[1.5rem] hover:[&amp;&gt;li_a]:bg-neutral-100 hover:[&amp;&gt;li_a]:border-b-primary-300\"><li class=\" wp-block-navigation-item wp-block-navigation-link\"><a class=\"wp-block-navigation-item__content\" href=\"http:\/\/150.164.63.212:9000\/portal-novo-test\/app\/uploads\/2025\/09\/Edital-05-25.pdf\"><span class=\"wp-block-navigation-item__label\">Bolsa de Gradua&ccedil;&atilde;o<\/span><i class=\"ti ti-chevron-right\"><\/i><\/a><\/li>\n\n<li class=\" wp-block-navigation-item wp-block-navigation-link\"><a class=\"wp-block-navigation-item__content\" href=\"http:\/\/150.164.63.212:9000\/portal-novo-test\/app\/uploads\/2025\/10\/HOMOLOGACAO-DE-RESULTADO-EDITAL-CEDECOM-05_25.pdf\"><span class=\"wp-block-navigation-item__label\">Homologa&ccedil;&atilde;o de Resultado<\/span><i class=\"ti ti-chevron-right\"><\/i><\/a><\/li><\/ul>\n\n\n\n<h3 class=\"wp-block-heading\">Edital 04\/25<\/h3>\n\n\n<?xml encoding=\"utf-8\"?><ul class=\"wp-block-ufmg-hub-links [&amp;&gt;li_a]:flex [&amp;&gt;li_a]:items-center [&amp;&gt;li_a]:justify-between [&amp;&gt;li_a]:bg-neutral-50 [&amp;&gt;li_a]:px-4 [&amp;&gt;li_a]:py-3 md:[&amp;&gt;li_a]:py-5 [&amp;&gt;li_a]:border-b [&amp;&gt;li_a]:border-b-neutral-200 [&amp;&gt;li_a]:text-primary-300 [&amp;&gt;li_a]:text-base md:[&amp;&gt;li_a]:text-lg [&amp;&gt;li_a]:font-lexend [&amp;&gt;li_a]:font-medium [&amp;&gt;li_a]:transition-colors [&amp;&gt;li_a&gt;i]:text-[1rem] md:[&amp;&gt;li_a&gt;i]:text-[1.5rem] hover:[&amp;&gt;li_a]:bg-neutral-100 hover:[&amp;&gt;li_a]:border-b-primary-300\"><li class=\" wp-block-navigation-item wp-block-navigation-link\"><a class=\"wp-block-navigation-item__content\" href=\"https:\/\/ufmg.br\/storage\/9\/b\/b\/f\/9bbfe0607a45dda5731ec4a50395ff5b_17549300496849_723580396.pdf\"><span class=\"wp-block-navigation-item__label\">Bolsa de Gradua&ccedil;&atilde;o <\/span><i class=\"ti ti-chevron-right\"><\/i><\/a><\/li>\n\n<li class=\" wp-block-navigation-item wp-block-navigation-link\"><a class=\"wp-block-navigation-item__content\" href=\"https:\/\/ufmg.br\/storage\/1\/b\/d\/a\/1bda12cb1d65a4587b07c252aa447bee_17564767275909_528349882.pdf\"><span class=\"wp-block-navigation-item__label\">Homologa&ccedil;&atilde;o de Resultado <\/span><i class=\"ti ti-chevron-right\"><\/i><\/a><\/li><\/ul>\n\n\n\n<h3 class=\"wp-block-heading\">Edital 03\/25<\/h3>\n\n\n<?xml encoding=\"utf-8\"?><ul class=\"wp-block-ufmg-hub-links [&amp;&gt;li_a]:flex [&amp;&gt;li_a]:items-center [&amp;&gt;li_a]:justify-between [&amp;&gt;li_a]:bg-neutral-50 [&amp;&gt;li_a]:px-4 [&amp;&gt;li_a]:py-3 md:[&amp;&gt;li_a]:py-5 [&amp;&gt;li_a]:border-b [&amp;&gt;li_a]:border-b-neutral-200 [&amp;&gt;li_a]:text-primary-300 [&amp;&gt;li_a]:text-base md:[&amp;&gt;li_a]:text-lg [&amp;&gt;li_a]:font-lexend [&amp;&gt;li_a]:font-medium [&amp;&gt;li_a]:transition-colors [&amp;&gt;li_a&gt;i]:text-[1rem] md:[&amp;&gt;li_a&gt;i]:text-[1.5rem] hover:[&amp;&gt;li_a]:bg-neutral-100 hover:[&amp;&gt;li_a]:border-b-primary-300\"><li class=\" wp-block-navigation-item wp-block-navigation-link\"><a class=\"wp-block-navigation-item__content\" href=\"https:\/\/ufmg.br\/storage\/b\/1\/f\/7\/b1f7bb1a93523f705699cf9c009486ea_17496702801683_1821632895.pdf\"><span class=\"wp-block-navigation-item__label\">Bolsa de Gradua&ccedil;&atilde;o <\/span><i class=\"ti ti-chevron-right\"><\/i><\/a><\/li>\n\n<li class=\" wp-block-navigation-item wp-block-navigation-link\"><a class=\"wp-block-navigation-item__content\" href=\"https:\/\/ufmg.br\/storage\/3\/d\/6\/0\/3d60868a5224b3a1b388071c2aafa9c8_1749840633106_969432438.pdf\"><span class=\"wp-block-navigation-item__label\">Retifica&ccedil;&atilde;o de Edital <\/span><i class=\"ti ti-chevron-right\"><\/i><\/a><\/li>\n\n<li class=\" wp-block-navigation-item wp-block-navigation-link\"><a class=\"wp-block-navigation-item__content\" href=\"https:\/\/ufmg.br\/storage\/e\/6\/b\/4\/e6b43f0a85a1574028be0e9d595fdbc0_17513089081032_245646486.pdf\"><span class=\"wp-block-navigation-item__label\">Homologa&ccedil;&atilde;o de Resultado <\/span><i class=\"ti ti-chevron-right\"><\/i><\/a><\/li>\n\n<li class=\" wp-block-navigation-item wp-block-navigation-link\"><a class=\"wp-block-navigation-item__content\" href=\"https:\/\/ufmg.br\/storage\/3\/9\/6\/0\/3960adc2aff1eae189bb0226ca359024_1752503248489_825456716.pdf\"><span class=\"wp-block-navigation-item__label\">Homologa&ccedil;&atilde;o de Desist&ecirc;ncia <\/span><i class=\"ti ti-chevron-right\"><\/i><\/a><\/li><\/ul>\n\n\n\n<h3 class=\"wp-block-heading\">Edital PFPC 212\/2025<\/h3>\n\n\n<?xml encoding=\"utf-8\"?><ul class=\"wp-block-ufmg-hub-links [&amp;&gt;li_a]:flex [&amp;&gt;li_a]:items-center [&amp;&gt;li_a]:justify-between [&amp;&gt;li_a]:bg-neutral-50 [&amp;&gt;li_a]:px-4 [&amp;&gt;li_a]:py-3 md:[&amp;&gt;li_a]:py-5 [&amp;&gt;li_a]:border-b [&amp;&gt;li_a]:border-b-neutral-200 [&amp;&gt;li_a]:text-primary-300 [&amp;&gt;li_a]:text-base md:[&amp;&gt;li_a]:text-lg [&amp;&gt;li_a]:font-lexend [&amp;&gt;li_a]:font-medium [&amp;&gt;li_a]:transition-colors [&amp;&gt;li_a&gt;i]:text-[1rem] md:[&amp;&gt;li_a&gt;i]:text-[1.5rem] hover:[&amp;&gt;li_a]:bg-neutral-100 hover:[&amp;&gt;li_a]:border-b-primary-300\"><li class=\" wp-block-navigation-item wp-block-navigation-link\"><a class=\"wp-block-navigation-item__content\" href=\"https:\/\/ufmg.br\/storage\/2\/9\/1\/7\/2917236b571350485bcd37819b2bdb94_17496510541242_382332653.pdf\"><span class=\"wp-block-navigation-item__label\">Bolsa de Gradua&ccedil;&atilde;o <\/span><i class=\"ti ti-chevron-right\"><\/i><\/a><\/li>\n\n<li class=\" wp-block-navigation-item wp-block-navigation-link\"><a class=\"wp-block-navigation-item__content\" href=\"https:\/\/ufmg.br\/storage\/7\/d\/f\/b\/7dfbe23658ad1b8c21e45f3de64a61b2_1751642514137_125311630.pdf\"><span class=\"wp-block-navigation-item__label\">Homologa&ccedil;&atilde;o de Resultado <\/span><i class=\"ti ti-chevron-right\"><\/i><\/a><\/li><\/ul>\n\n\n\n<h3 class=\"wp-block-heading\">Edital PFPC 205\/2025<\/h3>\n\n\n<?xml encoding=\"utf-8\"?><ul class=\"wp-block-ufmg-hub-links [&amp;&gt;li_a]:flex [&amp;&gt;li_a]:items-center [&amp;&gt;li_a]:justify-between [&amp;&gt;li_a]:bg-neutral-50 [&amp;&gt;li_a]:px-4 [&amp;&gt;li_a]:py-3 md:[&amp;&gt;li_a]:py-5 [&amp;&gt;li_a]:border-b [&amp;&gt;li_a]:border-b-neutral-200 [&amp;&gt;li_a]:text-primary-300 [&amp;&gt;li_a]:text-base md:[&amp;&gt;li_a]:text-lg [&amp;&gt;li_a]:font-lexend [&amp;&gt;li_a]:font-medium [&amp;&gt;li_a]:transition-colors [&amp;&gt;li_a&gt;i]:text-[1rem] md:[&amp;&gt;li_a&gt;i]:text-[1.5rem] hover:[&amp;&gt;li_a]:bg-neutral-100 hover:[&amp;&gt;li_a]:border-b-primary-300\"><li class=\" wp-block-navigation-item wp-block-navigation-link\"><a class=\"wp-block-navigation-item__content\" href=\"https:\/\/ufmg.br\/storage\/8\/0\/b\/5\/80b5173fc79cd9334c35e4130ff75f2a_17492211903219_1990870567.pdf\"><span class=\"wp-block-navigation-item__label\">Bolsa de Gradua&ccedil;&atilde;o <\/span><i class=\"ti ti-chevron-right\"><\/i><\/a><\/li>\n\n<li class=\" wp-block-navigation-item wp-block-navigation-link\"><a class=\"wp-block-navigation-item__content\" href=\"https:\/\/ufmg.br\/storage\/3\/4\/c\/3\/34c3c10a5b53588f41d7cb31ec5c1a6c_17507745706399_1643219270.pdf\"><span class=\"wp-block-navigation-item__label\">Homologa&ccedil;&atilde;o de Resultado <\/span><i class=\"ti ti-chevron-right\"><\/i><\/a><\/li><\/ul>\n\n\n\n<h3 class=\"wp-block-heading\">Edital PFPC 195\/2025<\/h3>\n\n\n<?xml encoding=\"utf-8\"?><ul class=\"wp-block-ufmg-hub-links [&amp;&gt;li_a]:flex [&amp;&gt;li_a]:items-center [&amp;&gt;li_a]:justify-between [&amp;&gt;li_a]:bg-neutral-50 [&amp;&gt;li_a]:px-4 [&amp;&gt;li_a]:py-3 md:[&amp;&gt;li_a]:py-5 [&amp;&gt;li_a]:border-b [&amp;&gt;li_a]:border-b-neutral-200 [&amp;&gt;li_a]:text-primary-300 [&amp;&gt;li_a]:text-base md:[&amp;&gt;li_a]:text-lg [&amp;&gt;li_a]:font-lexend [&amp;&gt;li_a]:font-medium [&amp;&gt;li_a]:transition-colors [&amp;&gt;li_a&gt;i]:text-[1rem] md:[&amp;&gt;li_a&gt;i]:text-[1.5rem] hover:[&amp;&gt;li_a]:bg-neutral-100 hover:[&amp;&gt;li_a]:border-b-primary-300\"><li class=\" wp-block-navigation-item wp-block-navigation-link\"><a class=\"wp-block-navigation-item__content\" href=\"https:\/\/ufmg.br\/storage\/f\/8\/0\/c\/f80c8327a8e99965b42e805272b3f1d7_17490523203461_463975802.pdf\"><span class=\"wp-block-navigation-item__label\">Bolsa de Gradua&ccedil;&atilde;o <\/span><i class=\"ti ti-chevron-right\"><\/i><\/a><\/li>\n\n<li class=\" wp-block-navigation-item wp-block-navigation-link\"><a class=\"wp-block-navigation-item__content\" href=\"https:\/\/ufmg.br\/storage\/5\/8\/e\/8\/58e84baad64afc7d4acdc7ffca586fb0_17507745243651_2032283620.pdf\"><span class=\"wp-block-navigation-item__label\">Homologa&ccedil;&atilde;o de Resultado <\/span><i class=\"ti ti-chevron-right\"><\/i><\/a><\/li><\/ul>\n\n\n\n<h3 class=\"wp-block-heading\">Edital PFPC 188\/2025<\/h3>\n\n\n<?xml encoding=\"utf-8\"?><ul class=\"wp-block-ufmg-hub-links [&amp;&gt;li_a]:flex [&amp;&gt;li_a]:items-center [&amp;&gt;li_a]:justify-between [&amp;&gt;li_a]:bg-neutral-50 [&amp;&gt;li_a]:px-4 [&amp;&gt;li_a]:py-3 md:[&amp;&gt;li_a]:py-5 [&amp;&gt;li_a]:border-b [&amp;&gt;li_a]:border-b-neutral-200 [&amp;&gt;li_a]:text-primary-300 [&amp;&gt;li_a]:text-base md:[&amp;&gt;li_a]:text-lg [&amp;&gt;li_a]:font-lexend [&amp;&gt;li_a]:font-medium [&amp;&gt;li_a]:transition-colors [&amp;&gt;li_a&gt;i]:text-[1rem] md:[&amp;&gt;li_a&gt;i]:text-[1.5rem] hover:[&amp;&gt;li_a]:bg-neutral-100 hover:[&amp;&gt;li_a]:border-b-primary-300\"><li class=\" wp-block-navigation-item wp-block-navigation-link\"><a class=\"wp-block-navigation-item__content\" href=\"https:\/\/ufmg.br\/storage\/a\/2\/f\/0\/a2f00c2cfdba970af09fedbf5946e1a9_1747327453559_2128238962.pdf\"><span class=\"wp-block-navigation-item__label\">Bolsa de Gradua&ccedil;&atilde;o <\/span><i class=\"ti ti-chevron-right\"><\/i><\/a><\/li><\/ul>\n\n\n\n<p>Resultado &#8211; N\u00e3o houve candidato inscrito<\/p>\n\n\n\n<h3 class=\"wp-block-heading\">Edital 02\/25<\/h3>\n\n\n<?xml encoding=\"utf-8\"?><ul class=\"wp-block-ufmg-hub-links [&amp;&gt;li_a]:flex [&amp;&gt;li_a]:items-center [&amp;&gt;li_a]:justify-between [&amp;&gt;li_a]:bg-neutral-50 [&amp;&gt;li_a]:px-4 [&amp;&gt;li_a]:py-3 md:[&amp;&gt;li_a]:py-5 [&amp;&gt;li_a]:border-b [&amp;&gt;li_a]:border-b-neutral-200 [&amp;&gt;li_a]:text-primary-300 [&amp;&gt;li_a]:text-base md:[&amp;&gt;li_a]:text-lg [&amp;&gt;li_a]:font-lexend [&amp;&gt;li_a]:font-medium [&amp;&gt;li_a]:transition-colors [&amp;&gt;li_a&gt;i]:text-[1rem] md:[&amp;&gt;li_a&gt;i]:text-[1.5rem] hover:[&amp;&gt;li_a]:bg-neutral-100 hover:[&amp;&gt;li_a]:border-b-primary-300\"><li class=\" wp-block-navigation-item wp-block-navigation-link\"><a class=\"wp-block-navigation-item__content\" href=\"https:\/\/ufmg.br\/storage\/a\/2\/f\/0\/a2f00c2cfdba970af09fedbf5946e1a9_1747327453559_2128238962.pdf\"><span class=\"wp-block-navigation-item__label\">Bolsa de Gradua&ccedil;&atilde;o <\/span><i class=\"ti ti-chevron-right\"><\/i><\/a><\/li>\n\n<li class=\" wp-block-navigation-item wp-block-navigation-link\"><a class=\"wp-block-navigation-item__content\" href=\"https:\/\/ufmg.br\/storage\/0\/e\/6\/d\/0e6d5c3f6cf8eee2d508b8954a32fa1e_17510378880273_1412202790.pdf\"><span class=\"wp-block-navigation-item__label\">Homologa&ccedil;&atilde;o de Resultado <\/span><i class=\"ti ti-chevron-right\"><\/i><\/a><\/li><\/ul>\n\n\n\n<h3 class=\"wp-block-heading\">Edital 01\/25<\/h3>\n\n\n<?xml encoding=\"utf-8\"?><ul class=\"wp-block-ufmg-hub-links [&amp;&gt;li_a]:flex [&amp;&gt;li_a]:items-center [&amp;&gt;li_a]:justify-between [&amp;&gt;li_a]:bg-neutral-50 [&amp;&gt;li_a]:px-4 [&amp;&gt;li_a]:py-3 md:[&amp;&gt;li_a]:py-5 [&amp;&gt;li_a]:border-b [&amp;&gt;li_a]:border-b-neutral-200 [&amp;&gt;li_a]:text-primary-300 [&amp;&gt;li_a]:text-base md:[&amp;&gt;li_a]:text-lg [&amp;&gt;li_a]:font-lexend [&amp;&gt;li_a]:font-medium [&amp;&gt;li_a]:transition-colors [&amp;&gt;li_a&gt;i]:text-[1rem] md:[&amp;&gt;li_a&gt;i]:text-[1.5rem] hover:[&amp;&gt;li_a]:bg-neutral-100 hover:[&amp;&gt;li_a]:border-b-primary-300\"><li class=\" wp-block-navigation-item wp-block-navigation-link\"><a class=\"wp-block-navigation-item__content\" href=\"https:\/\/ufmg.br\/storage\/f\/f\/0\/f\/ff0fd3332fdc966e5c949c839d5b2a48_17423300258389_515693132.pdf\"><span class=\"wp-block-navigation-item__label\">Bolsa de Gradua&ccedil;&atilde;o <\/span><i class=\"ti ti-chevron-right\"><\/i><\/a><\/li>\n\n<li class=\" wp-block-navigation-item wp-block-navigation-link\"><a class=\"wp-block-navigation-item__content\" href=\"https:\/\/ufmg.br\/storage\/f\/f\/9\/d\/ff9d70734d7676fce3ea1f297c54997f_17441406089846_469240428.pdf\"><span class=\"wp-block-navigation-item__label\">Homologa&ccedil;&atilde;o de Resultado <\/span><i class=\"ti ti-chevron-right\"><\/i><\/a><\/li>\n\n<li class=\" wp-block-navigation-item wp-block-navigation-link\"><a class=\"wp-block-navigation-item__content\" href=\"https:\/\/ufmg.br\/storage\/a\/4\/f\/3\/a4f394cf9874994de3b2dbf7adcb98a0_17442294497504_838345420.pdf\"><span class=\"wp-block-navigation-item__label\">Errata Homologa&ccedil;&atilde;o <\/span><i class=\"ti ti-chevron-right\"><\/i><\/a><\/li>\n\n<li class=\" wp-block-navigation-item wp-block-navigation-link\"><a class=\"wp-block-navigation-item__content\" href=\"https:\/\/ufmg.br\/storage\/3\/4\/5\/a\/345ac13414c3e33e8a1767e87a3552c8_17453390347564_1629273436.pdf\"><span class=\"wp-block-navigation-item__label\">Homologa&ccedil;&atilde;o de Desist&ecirc;ncia <\/span><i class=\"ti ti-chevron-right\"><\/i><\/a><\/li><\/ul>\n\n\n\n<p><\/p>\n","protected":false},"excerpt":{"rendered":"<p>O Programa de Forma\u00e7\u00e3o e Incentivo \u00e0 Melhoria da Comunica\u00e7\u00e3o Institucional da UFMG visa oferecer aos estudantes de gradua\u00e7\u00e3o e p\u00f3s-gradua\u00e7\u00e3o da Institui\u00e7\u00e3o oportunidades para desenvolver atividades com a din\u00e2mica e a especialidade relacionadas \u00e0s m\u00eddias de atua\u00e7\u00e3o do Cedecom UFMG e seus n\u00facleos.Leia o projeto na \u00edntegra&nbsp;aqui.Leia a portaria n\u00ba 5655, de 22 de [&hellip;]<\/p>\n","protected":false},"author":1,"featured_media":0,"parent":6612,"menu_order":0,"comment_status":"closed","ping_status":"closed","template":"","meta":{"_acf_changed":false,"footnotes":""},"class_list":["post-7875","page","type-page","status-publish","hentry"],"acf":[],"_links":{"self":[{"href":"http:\/\/150.164.63.212:9000\/portal-novo-test\/wp-json\/wp\/v2\/pages\/7875","targetHints":{"allow":["GET"]}}],"collection":[{"href":"http:\/\/150.164.63.212:9000\/portal-novo-test\/wp-json\/wp\/v2\/pages"}],"about":[{"href":"http:\/\/150.164.63.212:9000\/portal-novo-test\/wp-json\/wp\/v2\/types\/page"}],"author":[{"embeddable":true,"href":"http:\/\/150.164.63.212:9000\/portal-novo-test\/wp-json\/wp\/v2\/users\/1"}],"replies":[{"embeddable":true,"href":"http:\/\/150.164.63.212:9000\/portal-novo-test\/wp-json\/wp\/v2\/comments?post=7875"}],"version-history":[{"count":0,"href":"http:\/\/150.164.63.212:9000\/portal-novo-test\/wp-json\/wp\/v2\/pages\/7875\/revisions"}],"up":[{"embeddable":true,"href":"http:\/\/150.164.63.212:9000\/portal-novo-test\/wp-json\/wp\/v2\/pages\/6612"}],"wp:attachment":[{"href":"http:\/\/150.164.63.212:9000\/portal-novo-test\/wp-json\/wp\/v2\/media?parent=7875"}],"curies":[{"name":"wp","href":"https:\/\/api.w.org\/{rel}","templated":true}]}}