{"id":7879,"date":"2025-09-10T15:51:29","date_gmt":"2025-09-10T18:51:29","guid":{"rendered":"http:\/\/150.164.63.212:9000\/portal-novo-test\/?page_id=7879"},"modified":"2025-09-17T15:04:23","modified_gmt":"2025-09-17T18:04:23","slug":"desenvolvimento-de-servidores-taes","status":"publish","type":"page","link":"http:\/\/150.164.63.212:9000\/portal-novo-test\/comunicacao\/cedecom\/desenvolvimento-de-servidores-taes\/","title":{"rendered":"Desenvolvimento de Servidores TAE"},"content":{"rendered":"\n<p>Acompanhe os processos relacionados \u00e0 Pol\u00edtica de Desenvolvimento dos Servidores T\u00e9cnico-Administrativos do Cedecom.<\/p>\n\n\n\n<hr class=\"wp-block-separator has-alpha-channel-opacity\"\/>\n\n\n<?xml encoding=\"utf-8\"?><ul class=\"wp-block-ufmg-hub-links [&amp;&gt;li_a]:flex [&amp;&gt;li_a]:items-center [&amp;&gt;li_a]:justify-between [&amp;&gt;li_a]:bg-neutral-50 [&amp;&gt;li_a]:px-4 [&amp;&gt;li_a]:py-3 md:[&amp;&gt;li_a]:py-5 [&amp;&gt;li_a]:border-b [&amp;&gt;li_a]:border-b-neutral-200 [&amp;&gt;li_a]:text-primary-300 [&amp;&gt;li_a]:text-base md:[&amp;&gt;li_a]:text-lg [&amp;&gt;li_a]:font-lexend [&amp;&gt;li_a]:font-medium [&amp;&gt;li_a]:transition-colors [&amp;&gt;li_a&gt;i]:text-[1rem] md:[&amp;&gt;li_a&gt;i]:text-[1.5rem] hover:[&amp;&gt;li_a]:bg-neutral-100 hover:[&amp;&gt;li_a]:border-b-primary-300\"><li class=\" wp-block-navigation-item wp-block-navigation-link\"><a class=\"wp-block-navigation-item__content\" href=\"http:\/\/Errata%20-%20Resultado%20Final%20-%20Edital%202589\/2024%20PLAD%20CEDECOM\"><span class=\"wp-block-navigation-item__label\">Errata &#8211; Resultado Final &#8211; Edital 2589\/2024 PLAD CEDECOM<\/span><i class=\"ti ti-chevron-right\"><\/i><\/a><\/li>\n\n<li class=\" wp-block-navigation-item wp-block-navigation-link\"><a class=\"wp-block-navigation-item__content\" href=\"http:\/\/Resultado%20Final%20-%20Edital%202589\/2024%20PLAD%20CEDECOM\"><span class=\"wp-block-navigation-item__label\">Resultado Final &#8211; Edital 2589\/2024 PLAD CEDECOM<\/span><i class=\"ti ti-chevron-right\"><\/i><\/a><\/li>\n\n<li class=\" wp-block-navigation-item wp-block-navigation-link\"><a class=\"wp-block-navigation-item__content\" href=\"http:\/\/Resultado%20Final-%20Edital%202589\/2024%20PLAD-CEDECOM\"><span class=\"wp-block-navigation-item__label\">Resultado Final- Edital 2589\/2024 PLAD-CEDECOM<\/span><i class=\"ti ti-chevron-right\"><\/i><\/a><\/li>\n\n<li class=\" wp-block-navigation-item wp-block-navigation-link\"><a class=\"wp-block-navigation-item__content\" href=\"http:\/\/Resposta%20ao%20Recurso-%20Edital%202589\/2024%20PLAD-CEDECOM\"><span class=\"wp-block-navigation-item__label\">Resposta ao Recurso- Edital 2589\/2024 PLAD-CEDECOM<\/span><i class=\"ti ti-chevron-right\"><\/i><\/a><\/li>\n\n<li class=\" wp-block-navigation-item wp-block-navigation-link\"><a class=\"wp-block-navigation-item__content\" href=\"http:\/\/Resultado%20de%20Classifica%C3%A7%C3%A3o%20PLAD-CEDECOM\"><span class=\"wp-block-navigation-item__label\">Resultado de Classifica&ccedil;&atilde;o PLAD-CEDECOM<\/span><i class=\"ti ti-chevron-right\"><\/i><\/a><\/li>\n\n<li class=\" wp-block-navigation-item wp-block-navigation-link\"><a class=\"wp-block-navigation-item__content\" href=\"http:\/\/LISTA%20DAS%20INSCRI%C3%87%C3%95ES%20DEFERIDAS\/INDEFERIDAS\"><span class=\"wp-block-navigation-item__label\">LISTA DAS INSCRI&Ccedil;&Otilde;ES DEFERIDAS\/INDEFERIDAS<\/span><i class=\"ti ti-chevron-right\"><\/i><\/a><\/li>\n\n<li class=\" wp-block-navigation-item wp-block-navigation-link\"><a class=\"wp-block-navigation-item__content\" href=\"http:\/\/Edital%202625\/2024%20-%20Retifica%C3%A7%C3%A3o%20do%20Edital%202589\/2024\"><span class=\"wp-block-navigation-item__label\">Edital 2625\/2024 &#8211; Retifica&ccedil;&atilde;o do Edital 2589\/2024<\/span><i class=\"ti ti-chevron-right\"><\/i><\/a><\/li>\n\n<li class=\" wp-block-navigation-item wp-block-navigation-link\"><a class=\"wp-block-navigation-item__content\" href=\"http:\/\/Edital%202589\/2024%20-%20CEDECOM\"><span class=\"wp-block-navigation-item__label\">Edital 2589\/2024 &#8211; CEDECOM<\/span><i class=\"ti ti-chevron-right\"><\/i><\/a><\/li><\/ul>\n\n\n\n<p><\/p>\n","protected":false},"excerpt":{"rendered":"<p>Acompanhe os processos relacionados \u00e0 Pol\u00edtica de Desenvolvimento dos Servidores T\u00e9cnico-Administrativos do Cedecom.<\/p>\n","protected":false},"author":1,"featured_media":0,"parent":6612,"menu_order":0,"comment_status":"closed","ping_status":"closed","template":"","meta":{"_acf_changed":false,"footnotes":""},"class_list":["post-7879","page","type-page","status-publish","hentry"],"acf":[],"_links":{"self":[{"href":"http:\/\/150.164.63.212:9000\/portal-novo-test\/wp-json\/wp\/v2\/pages\/7879","targetHints":{"allow":["GET"]}}],"collection":[{"href":"http:\/\/150.164.63.212:9000\/portal-novo-test\/wp-json\/wp\/v2\/pages"}],"about":[{"href":"http:\/\/150.164.63.212:9000\/portal-novo-test\/wp-json\/wp\/v2\/types\/page"}],"author":[{"embeddable":true,"href":"http:\/\/150.164.63.212:9000\/portal-novo-test\/wp-json\/wp\/v2\/users\/1"}],"replies":[{"embeddable":true,"href":"http:\/\/150.164.63.212:9000\/portal-novo-test\/wp-json\/wp\/v2\/comments?post=7879"}],"version-history":[{"count":0,"href":"http:\/\/150.164.63.212:9000\/portal-novo-test\/wp-json\/wp\/v2\/pages\/7879\/revisions"}],"up":[{"embeddable":true,"href":"http:\/\/150.164.63.212:9000\/portal-novo-test\/wp-json\/wp\/v2\/pages\/6612"}],"wp:attachment":[{"href":"http:\/\/150.164.63.212:9000\/portal-novo-test\/wp-json\/wp\/v2\/media?parent=7879"}],"curies":[{"name":"wp","href":"https:\/\/api.w.org\/{rel}","templated":true}]}}