{"id":7993,"date":"2025-09-24T15:16:27","date_gmt":"2025-09-24T18:16:27","guid":{"rendered":"http:\/\/150.164.63.212:9000\/portal-novo-test\/?page_id=7993"},"modified":"2025-09-25T09:25:21","modified_gmt":"2025-09-25T12:25:21","slug":"infraestruturas-institucionais-de-pesquisa","status":"publish","type":"page","link":"http:\/\/150.164.63.212:9000\/portal-novo-test\/pesquisa-e-inovacao\/ecossistema-de-inovacao\/infraestruturas-institucionais-de-pesquisa\/","title":{"rendered":"Infraestruturas Institucionais de Pesquisa"},"content":{"rendered":"\n<p>Para apoiar a pesquisa de qualidade e avan\u00e7ar o estado da arte, a&nbsp;UFMG conta com uma ampla gama de laborat\u00f3rios e de <a href=\"https:\/\/www.ufmg.br\/prpq\/i2pq\/\">Infraestruturas Institucionais de Pesquisa<\/a> (I2Pq) que comp\u00f5em um conjunto de&nbsp;instala\u00e7\u00f5es f\u00edsicas e condi\u00e7\u00f5es materiais de apoio (equipamentos,&nbsp;instrumentos, recursos, bibliotecas, cole\u00e7\u00f5es, acervos, arquivos e&nbsp;base de dados, servi\u00e7os, etc) utilizados pelos pesquisadores para a&nbsp;realiza\u00e7\u00e3o de atividades de pesquisa art\u00edstica, cient\u00edfica e tecnol\u00f3gica. S\u00e3o mais de 800 estruturas.<\/p>\n\n\n\n<p>Na UFMG, as Infraestruturas de Pesquisa est\u00e3o categorizadas como <a href=\"https:\/\/www.ufmg.br\/prpq\/centros-institucionais-de-pesquisa-cipq\/\" target=\"_blank\" rel=\"noreferrer noopener\">CIPq<\/a> (Centros), <a href=\"https:\/\/www.ufmg.br\/prpq\/lipq\/\" target=\"_blank\" rel=\"noreferrer noopener\">LIPq<\/a> (Laborat\u00f3rios), <a href=\"https:\/\/www.ufmg.br\/prpq\/infraestruturas-de-apoio-institucional-a-pesquisa-aipq\/\" target=\"_blank\" rel=\"noreferrer noopener\">AIPq<\/a> (Apoio) e <a href=\"https:\/\/www.ufmg.br\/prpq\/laboratorios-de-grupos-de-pesquisa-lgpq\/\" target=\"_blank\" rel=\"noreferrer noopener\">LGPq<\/a> (Laborat\u00f3rios de Grupos), de acordo com a natureza, escopo, porte e outras caracter\u00edsticas definidas na <a href=\"https:\/\/www.ufmg.br\/prpq\/i2pq\/wp-content\/uploads\/2018\/02\/Resolucao01-2018.pdf\">Resolu\u00e7\u00e3o N\u00ba 01\/2018, de 06 de Fevereiro de 2018<\/a>.\u00a0<\/p>\n\n\n<?xml encoding=\"utf-8\"?><ul class=\"wp-block-ufmg-hub-links [&amp;&gt;li_a]:flex [&amp;&gt;li_a]:items-center [&amp;&gt;li_a]:justify-between [&amp;&gt;li_a]:bg-neutral-50 [&amp;&gt;li_a]:px-4 [&amp;&gt;li_a]:py-3 md:[&amp;&gt;li_a]:py-5 [&amp;&gt;li_a]:border-b [&amp;&gt;li_a]:border-b-neutral-200 [&amp;&gt;li_a]:text-primary-300 [&amp;&gt;li_a]:text-base md:[&amp;&gt;li_a]:text-lg [&amp;&gt;li_a]:font-lexend [&amp;&gt;li_a]:font-medium [&amp;&gt;li_a]:transition-colors [&amp;&gt;li_a&gt;i]:text-[1rem] md:[&amp;&gt;li_a&gt;i]:text-[1.5rem] hover:[&amp;&gt;li_a]:bg-neutral-100 hover:[&amp;&gt;li_a]:border-b-primary-300\"><li class=\" wp-block-navigation-item wp-block-navigation-link\"><a class=\"wp-block-navigation-item__content\" href=\"https:\/\/www.ufmg.br\/prpq\/i2pq\/\" target=\"_blank\"><span class=\"wp-block-navigation-item__label\">Confira o n&uacute;mero atualizado das Infraestruturas Institucionais de Pesquisa (I2Pq) da UFMG.<\/span><i class=\"ti ti-chevron-right\"><\/i><\/a><\/li><\/ul>\n\n\n\n<h3 class=\"wp-block-heading\">Centros Institucionais de Pesquisa (CIPq)<\/h3>\n\n\n\n<p>S\u00e3o ambientes promotores de inova\u00e7\u00e3o que agregam capital intelectual e infraestrutura em \u00e1reas tecnol\u00f3gicas da UFMG, e tem como miss\u00e3o realizar atividades de pesquisa, desenvolvimento tecnol\u00f3gico e inova\u00e7\u00e3o visando a transfer\u00eancia dos resultados para a sociedade, em conson\u00e2ncia com a Pol\u00edtica de Inova\u00e7\u00e3o, aos demais princ\u00edpios e normas estatut\u00e1rias e regimentais da UFMG e aos par\u00e2metros da legisla\u00e7\u00e3o federal pertinente. <\/p>\n\n\n<?xml encoding=\"utf-8\"?><ul class=\"wp-block-ufmg-hub-links [&amp;&gt;li_a]:flex [&amp;&gt;li_a]:items-center [&amp;&gt;li_a]:justify-between [&amp;&gt;li_a]:bg-neutral-50 [&amp;&gt;li_a]:px-4 [&amp;&gt;li_a]:py-3 md:[&amp;&gt;li_a]:py-5 [&amp;&gt;li_a]:border-b [&amp;&gt;li_a]:border-b-neutral-200 [&amp;&gt;li_a]:text-primary-300 [&amp;&gt;li_a]:text-base md:[&amp;&gt;li_a]:text-lg [&amp;&gt;li_a]:font-lexend [&amp;&gt;li_a]:font-medium [&amp;&gt;li_a]:transition-colors [&amp;&gt;li_a&gt;i]:text-[1rem] md:[&amp;&gt;li_a&gt;i]:text-[1.5rem] hover:[&amp;&gt;li_a]:bg-neutral-100 hover:[&amp;&gt;li_a]:border-b-primary-300\"><li class=\" wp-block-navigation-item wp-block-navigation-link\"><a class=\"wp-block-navigation-item__content\" href=\"https:\/\/www.ufmg.br\/prpq\/i2pq\/cipq\/\" target=\"_blank\"><span class=\"wp-block-navigation-item__label\">Confira os Centros Institucionais de Pesquisa (CIPq) da UFMG.<\/span><i class=\"ti ti-chevron-right\"><\/i><\/a><\/li><\/ul>\n\n\n\n<h3 class=\"wp-block-heading\">Centros Institucionais de Tecnologia e Inova\u00e7\u00e3o (CT)<\/h3>\n\n\n\n<p>S\u00e3o centros voltados para o desenvolvimento de pesquisa art\u00edstica, cient\u00edfica e\/ou tecnol\u00f3gica que se caracterizam por possuir natureza multiusu\u00e1ria e multidisciplinar; com gest\u00e3o e regimento definidos, aprovados pelo Conselho Universit\u00e1rio da UFMG ou Congrega\u00e7\u00e3o; equipe t\u00e9cnico-cient\u00edfica especializada disponibilizada ou financiada pela Administra\u00e7\u00e3o Central, diretamente, ou via Unidade\/Departamento; equipamentos e\/ou servi\u00e7os altamente especializados de m\u00e9dia e grande complexidade, que sejam tecnicamente compat\u00edveis com padr\u00f5es internacionais de excel\u00eancia; pol\u00edtica definida de disponibiliza\u00e7\u00e3o de sua infraestrutura e servi\u00e7os para usu\u00e1rios internos e externos.<\/p>\n\n\n<?xml encoding=\"utf-8\"?><ul class=\"wp-block-ufmg-hub-links [&amp;&gt;li_a]:flex [&amp;&gt;li_a]:items-center [&amp;&gt;li_a]:justify-between [&amp;&gt;li_a]:bg-neutral-50 [&amp;&gt;li_a]:px-4 [&amp;&gt;li_a]:py-3 md:[&amp;&gt;li_a]:py-5 [&amp;&gt;li_a]:border-b [&amp;&gt;li_a]:border-b-neutral-200 [&amp;&gt;li_a]:text-primary-300 [&amp;&gt;li_a]:text-base md:[&amp;&gt;li_a]:text-lg [&amp;&gt;li_a]:font-lexend [&amp;&gt;li_a]:font-medium [&amp;&gt;li_a]:transition-colors [&amp;&gt;li_a&gt;i]:text-[1rem] md:[&amp;&gt;li_a&gt;i]:text-[1.5rem] hover:[&amp;&gt;li_a]:bg-neutral-100 hover:[&amp;&gt;li_a]:border-b-primary-300\"><li class=\" wp-block-navigation-item wp-block-navigation-link\"><a class=\"wp-block-navigation-item__content\" href=\"https:\/\/www.ufmg.br\/prpq\/i2pq\/ct\/\" target=\"_blank\"><span class=\"wp-block-navigation-item__label\">Confira os Centros Institucionais de Tecnologia e Inova&ccedil;&atilde;o (CT) da UFMG.<\/span><i class=\"ti ti-chevron-right\"><\/i><\/a><\/li><\/ul>\n\n\n\n<h3 class=\"wp-block-heading\">Laborat\u00f3rios Institucionais de Pesquisa (LIPq)&nbsp;<\/h3>\n\n\n\n<p>S\u00e3o infraestruturas de pesquisa art\u00edstica, cient\u00edfica e\/ou tecnol\u00f3gica compartilhadas por duas ou mais Unidades Acad\u00eamicas da UFMG, credenciadas pela Pr\u00f3-Reitoria de Pesquisa (PRPq), que seguem normas espec\u00edficas de gest\u00e3o definidas pela PRPq em&nbsp;<a href=\"https:\/\/www.ufmg.br\/prpq\/wp-content\/uploads\/2021\/08\/03resprpq2021FINAL.pdf\" target=\"_blank\" rel=\"noreferrer noopener\">resolu\u00e7\u00e3o espec\u00edfica<\/a>. Visam atender, de forma ampla, uma comunidade de usu\u00e1rios, internos e externos \u00e0 UFMG e disp\u00f5em de equipamentos e\/ou servi\u00e7os altamente especializados de m\u00e9dia e grande complexidade, tecnicamente compat\u00edveis com padr\u00f5es internacionais de excel\u00eancia. Contam necessariamente com apoio de servidores do corpo t\u00e9cnico da UFMG e s\u00e3o financiados pela Administra\u00e7\u00e3o Central diretamente ou via Unidade Acad\u00eamica\/Departamento.<\/p>\n\n\n<?xml encoding=\"utf-8\"?><ul class=\"wp-block-ufmg-hub-links [&amp;&gt;li_a]:flex [&amp;&gt;li_a]:items-center [&amp;&gt;li_a]:justify-between [&amp;&gt;li_a]:bg-neutral-50 [&amp;&gt;li_a]:px-4 [&amp;&gt;li_a]:py-3 md:[&amp;&gt;li_a]:py-5 [&amp;&gt;li_a]:border-b [&amp;&gt;li_a]:border-b-neutral-200 [&amp;&gt;li_a]:text-primary-300 [&amp;&gt;li_a]:text-base md:[&amp;&gt;li_a]:text-lg [&amp;&gt;li_a]:font-lexend [&amp;&gt;li_a]:font-medium [&amp;&gt;li_a]:transition-colors [&amp;&gt;li_a&gt;i]:text-[1rem] md:[&amp;&gt;li_a&gt;i]:text-[1.5rem] hover:[&amp;&gt;li_a]:bg-neutral-100 hover:[&amp;&gt;li_a]:border-b-primary-300\"><li class=\" wp-block-navigation-item wp-block-navigation-link\"><a class=\"wp-block-navigation-item__content\" href=\"https:\/\/www.ufmg.br\/prpq\/i2pq\/lipq\/\" target=\"_blank\"><span class=\"wp-block-navigation-item__label\">Confira os Laborat&oacute;rios Institucionais de Pesquisa (LIPq) da UFMG.<\/span><i class=\"ti ti-chevron-right\"><\/i><\/a><\/li><\/ul>\n\n\n\n<h3 class=\"wp-block-heading\">Infraestruturas de Apoio Institucional \u00e0 Pesquisa (AIPq)<\/h3>\n\n\n\n<p>S\u00e3o infraestruturas de apoio \u00e0 pesquisa art\u00edstica, cient\u00edfica e\/ou tecnol\u00f3gica que fornecem materiais e servi\u00e7os importantes para o desenvolvimento da pesquisa. S\u00e3o classificadas em:&nbsp;Gerais&nbsp;que atendem a quaisquer \u00e1reas do conhecimento (bibliotecas, centrais criog\u00eanicas, oficinas mec\u00e2nicas e de prototipagem, centrais de distribui\u00e7\u00e3o de informa\u00e7\u00e3o ou utilidades, dentre outras) e&nbsp;Tem\u00e1ticas&nbsp;que atendem a \u00e1reas espec\u00edficas do conhecimento (biot\u00e9rios, acervos, cole\u00e7\u00f5es, ambientes de exposi\u00e7\u00e3o art\u00edstica ou cultural, museus, dentre outras).<\/p>\n\n\n<?xml encoding=\"utf-8\"?><ul class=\"wp-block-ufmg-hub-links [&amp;&gt;li_a]:flex [&amp;&gt;li_a]:items-center [&amp;&gt;li_a]:justify-between [&amp;&gt;li_a]:bg-neutral-50 [&amp;&gt;li_a]:px-4 [&amp;&gt;li_a]:py-3 md:[&amp;&gt;li_a]:py-5 [&amp;&gt;li_a]:border-b [&amp;&gt;li_a]:border-b-neutral-200 [&amp;&gt;li_a]:text-primary-300 [&amp;&gt;li_a]:text-base md:[&amp;&gt;li_a]:text-lg [&amp;&gt;li_a]:font-lexend [&amp;&gt;li_a]:font-medium [&amp;&gt;li_a]:transition-colors [&amp;&gt;li_a&gt;i]:text-[1rem] md:[&amp;&gt;li_a&gt;i]:text-[1.5rem] hover:[&amp;&gt;li_a]:bg-neutral-100 hover:[&amp;&gt;li_a]:border-b-primary-300\"><li class=\" wp-block-navigation-item wp-block-navigation-link\"><a class=\"wp-block-navigation-item__content\" href=\"https:\/\/www.ufmg.br\/prpq\/i2pq\/lipq\/\" target=\"_blank\"><span class=\"wp-block-navigation-item__label\">Confira as Infraestruturas de Apoio Institucional &agrave; Pesquisa (AIPq) da UFMG.<\/span><i class=\"ti ti-chevron-right\"><\/i><\/a><\/li><\/ul>\n\n\n\n<h3 class=\"wp-block-heading\">Laborat\u00f3rios de grupos e\/ou n\u00facleos de pesquisa (LGPq)<\/h3>\n\n\n\n<p>S\u00e3o infraestruturas de pesquisa art\u00edstica, cient\u00edfica e\/ou tecnol\u00f3gica que contenham instrumentos de pesquisa de qualquer natureza, porte e n\u00famero,&nbsp; ou que disponibilizem t\u00e9cnicas de qualquer natureza, ou que sejam locais de reuni\u00f5es e discuss\u00f5es tem\u00e1ticas, coordenados por um ou por conjunto de docentes, podendo ou n\u00e3o apresentar servidores do corpo t\u00e9cnico da UFMG.<\/p>\n\n\n<?xml encoding=\"utf-8\"?><ul class=\"wp-block-ufmg-hub-links [&amp;&gt;li_a]:flex [&amp;&gt;li_a]:items-center [&amp;&gt;li_a]:justify-between [&amp;&gt;li_a]:bg-neutral-50 [&amp;&gt;li_a]:px-4 [&amp;&gt;li_a]:py-3 md:[&amp;&gt;li_a]:py-5 [&amp;&gt;li_a]:border-b [&amp;&gt;li_a]:border-b-neutral-200 [&amp;&gt;li_a]:text-primary-300 [&amp;&gt;li_a]:text-base md:[&amp;&gt;li_a]:text-lg [&amp;&gt;li_a]:font-lexend [&amp;&gt;li_a]:font-medium [&amp;&gt;li_a]:transition-colors [&amp;&gt;li_a&gt;i]:text-[1rem] md:[&amp;&gt;li_a&gt;i]:text-[1.5rem] hover:[&amp;&gt;li_a]:bg-neutral-100 hover:[&amp;&gt;li_a]:border-b-primary-300\"><li class=\" wp-block-navigation-item wp-block-navigation-link\"><a class=\"wp-block-navigation-item__content\" href=\"https:\/\/www.ufmg.br\/prpq\/i2pq\/lgpq\/\" target=\"_blank\"><span class=\"wp-block-navigation-item__label\">Confira os Laborat&oacute;rios de grupos e\/ou n&uacute;cleos de pesquisa (LGPq) da UFMG.<\/span><i class=\"ti ti-chevron-right\"><\/i><\/a><\/li><\/ul>\n\n\n\n<h3 class=\"wp-block-heading\">Centro de Microscopia<\/h3>\n\n\n\n<p>O <a href=\"http:\/\/www.microscopia.ufmg.br\/\" data-type=\"link\" data-id=\"http:\/\/www.microscopia.ufmg.br\/\" target=\"_blank\" rel=\"noreferrer noopener\">Centro de Microscopia<\/a> (CM) da UFMG foi constru\u00eddo com car\u00e1ter multiusu\u00e1rio e interdisciplinar, com infraestrutura em microscopia eletr\u00f4nica, i\u00f4nica e por sonda com padr\u00e3o de excel\u00eancia internacional, para realiza\u00e7\u00e3o de atividades de pesquisa e de base tecnol\u00f3gica.&nbsp;<\/p>\n\n\n\n<p>A escolha do local de constru\u00e7\u00e3o do Centro de Microscopia considerou a avalia\u00e7\u00e3o de vibra\u00e7\u00e3o e de campo magn\u00e9tico em espa\u00e7os do campus Pampulha. Com as instala\u00e7\u00f5es inauguradas em 2006, atualmente \u00e9 um dos mais importantes complexos de microscopia instalados no pa\u00eds.<\/p>\n\n\n\n<h3 class=\"wp-block-heading\">Biot\u00e9rio Central<\/h3>\n\n\n\n<p>O <a href=\"https:\/\/www.ufmg.br\/prpq\/bioterio\/\">Biot\u00e9rio Central da UFMG<\/a>, em funcionamento desde 2009, \u00e9 subordinado \u00e0 <a href=\"https:\/\/www.ufmg.br\/prpq\/\" data-type=\"link\" data-id=\"https:\/\/www.ufmg.br\/prpq\/\" target=\"_blank\" rel=\"noreferrer noopener\">Pr\u00f3-Reitoria de Pesquisa <\/a>(PRPq). Com instala\u00e7\u00f5es modernas e equipe t\u00e9cnica altamente qualificada, o Biot\u00e9rio atua em n\u00edvel de barreira sanit\u00e1ria elevada para produ\u00e7\u00e3o de roedores com status sanit\u00e1rio Specific Pathogen Free (SPF).<\/p>\n\n\n\n<p>Ao fornecer \u00e0 comunidade cient\u00edfica roedores com padr\u00e3o gen\u00e9tico e sanit\u00e1rio definidos, o Biot\u00e9rio Central possibilita aos pesquisadores da UFMG acesso a animais de padr\u00e3o internacional, indispens\u00e1veis para obten\u00e7\u00e3o de resultados cient\u00edficos mais robustos, confi\u00e1veis, homog\u00eaneos e reprodut\u00edveis.<\/p>\n\n\n\n<h3 class=\"wp-block-heading\">Outros<\/h3>\n\n\n\n<p>Para explorar os laborat\u00f3rios da Universidade, pesquise na ferramenta <a href=\"http:\/\/somos.ufmg.br\/\">Somos UFMG<\/a>.<\/p>\n","protected":false},"excerpt":{"rendered":"<p>Para apoiar a pesquisa de qualidade e avan\u00e7ar o estado da arte, a&nbsp;UFMG conta com uma ampla gama de laborat\u00f3rios e de Infraestruturas Institucionais de Pesquisa (I2Pq) que comp\u00f5em um conjunto de&nbsp;instala\u00e7\u00f5es f\u00edsicas e condi\u00e7\u00f5es materiais de apoio (equipamentos,&nbsp;instrumentos, recursos, bibliotecas, cole\u00e7\u00f5es, acervos, arquivos e&nbsp;base de dados, servi\u00e7os, etc) utilizados pelos pesquisadores para a&nbsp;realiza\u00e7\u00e3o de [&hellip;]<\/p>\n","protected":false},"author":1,"featured_media":0,"parent":7481,"menu_order":0,"comment_status":"closed","ping_status":"closed","template":"","meta":{"_acf_changed":false,"footnotes":""},"class_list":["post-7993","page","type-page","status-publish","hentry"],"acf":[],"_links":{"self":[{"href":"http:\/\/150.164.63.212:9000\/portal-novo-test\/wp-json\/wp\/v2\/pages\/7993","targetHints":{"allow":["GET"]}}],"collection":[{"href":"http:\/\/150.164.63.212:9000\/portal-novo-test\/wp-json\/wp\/v2\/pages"}],"about":[{"href":"http:\/\/150.164.63.212:9000\/portal-novo-test\/wp-json\/wp\/v2\/types\/page"}],"author":[{"embeddable":true,"href":"http:\/\/150.164.63.212:9000\/portal-novo-test\/wp-json\/wp\/v2\/users\/1"}],"replies":[{"embeddable":true,"href":"http:\/\/150.164.63.212:9000\/portal-novo-test\/wp-json\/wp\/v2\/comments?post=7993"}],"version-history":[{"count":0,"href":"http:\/\/150.164.63.212:9000\/portal-novo-test\/wp-json\/wp\/v2\/pages\/7993\/revisions"}],"up":[{"embeddable":true,"href":"http:\/\/150.164.63.212:9000\/portal-novo-test\/wp-json\/wp\/v2\/pages\/7481"}],"wp:attachment":[{"href":"http:\/\/150.164.63.212:9000\/portal-novo-test\/wp-json\/wp\/v2\/media?parent=7993"}],"curies":[{"name":"wp","href":"https:\/\/api.w.org\/{rel}","templated":true}]}}