{"id":8006,"date":"2025-09-22T09:39:41","date_gmt":"2025-09-22T12:39:41","guid":{"rendered":"http:\/\/150.164.63.212:9000\/portal-novo-test\/?page_id=8006"},"modified":"2025-10-13T15:51:46","modified_gmt":"2025-10-13T18:51:46","slug":"financiamento-da-inovacao","status":"publish","type":"page","link":"http:\/\/150.164.63.212:9000\/portal-novo-test\/pesquisa-e-inovacao\/empreendedorismo\/financiamento-da-inovacao\/","title":{"rendered":"Financiamento da Inova\u00e7\u00e3o"},"content":{"rendered":"\n<p>O financiamento a projetos e iniciativas desenvolvidos por docentes, discentes e pesquisadores da UFMG \u00e9 importante no progresso\/no fortalecimento do eixo do empreendedorismo e inova\u00e7\u00e3o na Universidade.  <\/p>\n\n\n\n<p>Conhe\u00e7a algumas formas de investimento financeiro e apoio \u00e0 gest\u00e3o aos projetos da Universidade:<\/p>\n\n\n\n<div class=\"wp-block-ufmg-details-group\"><?xml encoding=\"utf-8\"?><details class=\"group\/accordion\"><summary class=\"flex gap-4 items-center bg-neutral-50 border-x border-t group-last-of-type\/accordion:border-b border-neutral-200 group-open\/accordion:border-primary-300 group-open\/accordion:bg-primary-300 p-3 group-[&amp;:first-of-type]\/accordion:rounded-t group-[&amp;:last-of-type]\/accordion:rounded-b group-open\/accordion:[&amp;:last-of-type]:rounded-b-none text-neutral-600 group-open\/accordion:text-neutral-50 text-lg font-semibold [&amp;&gt;i]:text-[1.5rem] group-open\/accordion:[&amp;&gt;i]:text-neutral-50 [&amp;&gt;i]:text-primary-300 group-open\/accordion:[&amp;&gt;i]:-rotate-180 [&amp;&gt;i]:transition-transform transition-colors cursor-pointer\"><span class=\"grow\">Fundepar<\/span><i class=\"ti ti-chevron-down\"><\/i><\/summary><div class=\"space-y-4 p-3 border-x group-[&amp;:last-of-type]\/accordion:border-b border-neutral-200 text-base text-neutral-400 group-[&amp;:last-of-type]\/accordion:rounded-bl group-[&amp;:last-of-type]\/accordion:rounded-br [&amp;_.wp-block-heading+p]:!mt-0\">\n<p>A Fundepar &eacute; uma gestora de fundos de investimentos desenvolvida e mantida pela Funda&ccedil;&atilde;o de Apoio da Universidade Federal de Minas Gerais (<a href=\"https:\/\/www.fundep.ufmg.br\/\" target=\"_blank\" rel=\"noreferrer noopener\">Fundep<\/a>\/UFMG). O objetivo da Fundepar &eacute; prover recursos financeiros e know-how a neg&oacute;cios em in&iacute;cio de opera&ccedil;&atilde;o, que contam com poucas fontes de financiamento.<\/p>\n\n\n\n<p><\/p>\n\n\n\n<p> O projeto de investimentos impacta positivamente a rela&ccedil;&atilde;o universidade-empresa e, consequentemente, transforma o conhecimento cient&iacute;fico gerado na UFMG em desenvolvimento econ&ocirc;mico. <\/p>\n\n\n\n<p><\/p>\n\n\n\n<p>Para mais informa&ccedil;&otilde;es sobre os fundos e programas de investimento, acesse o <a href=\"https:\/\/fundepar.com.br\" target=\"_blank\" rel=\"noreferrer noopener\">site da Fundepar<\/a>. <\/p>\n\n\n\n<p><\/p>\n<\/div><\/details>\n\n\n<?xml encoding=\"utf-8\"?><details class=\"group\/accordion\"><summary class=\"flex gap-4 items-center bg-neutral-50 border-x border-t group-last-of-type\/accordion:border-b border-neutral-200 group-open\/accordion:border-primary-300 group-open\/accordion:bg-primary-300 p-3 group-[&amp;:first-of-type]\/accordion:rounded-t group-[&amp;:last-of-type]\/accordion:rounded-b group-open\/accordion:[&amp;:last-of-type]:rounded-b-none text-neutral-600 group-open\/accordion:text-neutral-50 text-lg font-semibold [&amp;&gt;i]:text-[1.5rem] group-open\/accordion:[&amp;&gt;i]:text-neutral-50 [&amp;&gt;i]:text-primary-300 group-open\/accordion:[&amp;&gt;i]:-rotate-180 [&amp;&gt;i]:transition-transform transition-colors cursor-pointer\"><span class=\"grow\">Finep<\/span><i class=\"ti ti-chevron-down\"><\/i><\/summary><div class=\"space-y-4 p-3 border-x group-[&amp;:last-of-type]\/accordion:border-b border-neutral-200 text-base text-neutral-400 group-[&amp;:last-of-type]\/accordion:rounded-bl group-[&amp;:last-of-type]\/accordion:rounded-br [&amp;_.wp-block-heading+p]:!mt-0\">\n<p>A Finep &eacute; uma empresa\/iniciativa p&uacute;blica vinculada ao Minist&eacute;rio de Ci&ecirc;ncia, Tecnologia e Inova&ccedil;&atilde;o (MCTI). A Finep concede recursos reembols&aacute;veis e n&atilde;o-reembols&aacute;veis a institui&ccedil;&otilde;es de pesquisa e empresas brasileiras. A Finep apoia, ainda, a incuba&ccedil;&atilde;o de empresas de base tecnol&oacute;gica, a implanta&ccedil;&atilde;o de parques tecnol&oacute;gicos, a estrutura&ccedil;&atilde;o e consolida&ccedil;&atilde;o dos processos de pesquisa, o desenvolvimento e a inova&ccedil;&atilde;o em empresas j&aacute; estabelecidas, e o desenvolvimento de mercados. <\/p>\n\n\n\n<p><\/p>\n\n\n\n<p>Para conferir os editais Finep, acesse a <a href=\"https:\/\/www.ufmg.br\/prpq\/editais-finep\/\" target=\"_blank\" rel=\"noreferrer noopener\">p&aacute;gina da Pr&oacute;-reitoria de Pesquisa<\/a> (PRPq).<\/p>\n\n\n\n<p>Para mais informa&ccedil;&otilde;es, acesse o <a href=\"http:\/\/www.finep.gov.br\" target=\"_blank\" rel=\"noreferrer noopener\">site da Finep<\/a>.  <\/p>\n<\/div><\/details>\n<\/div>\n\n\n\n<p><\/p>\n","protected":false},"excerpt":{"rendered":"<p>O financiamento a projetos e iniciativas desenvolvidos por docentes, discentes e pesquisadores da UFMG \u00e9 importante no progresso\/no fortalecimento do eixo do empreendedorismo e inova\u00e7\u00e3o na Universidade. Conhe\u00e7a algumas formas de investimento financeiro e apoio \u00e0 gest\u00e3o aos projetos da Universidade:<\/p>\n","protected":false},"author":1,"featured_media":0,"parent":3707,"menu_order":0,"comment_status":"closed","ping_status":"closed","template":"","meta":{"_acf_changed":false,"footnotes":""},"class_list":["post-8006","page","type-page","status-publish","hentry"],"acf":[],"_links":{"self":[{"href":"http:\/\/150.164.63.212:9000\/portal-novo-test\/wp-json\/wp\/v2\/pages\/8006","targetHints":{"allow":["GET"]}}],"collection":[{"href":"http:\/\/150.164.63.212:9000\/portal-novo-test\/wp-json\/wp\/v2\/pages"}],"about":[{"href":"http:\/\/150.164.63.212:9000\/portal-novo-test\/wp-json\/wp\/v2\/types\/page"}],"author":[{"embeddable":true,"href":"http:\/\/150.164.63.212:9000\/portal-novo-test\/wp-json\/wp\/v2\/users\/1"}],"replies":[{"embeddable":true,"href":"http:\/\/150.164.63.212:9000\/portal-novo-test\/wp-json\/wp\/v2\/comments?post=8006"}],"version-history":[{"count":0,"href":"http:\/\/150.164.63.212:9000\/portal-novo-test\/wp-json\/wp\/v2\/pages\/8006\/revisions"}],"up":[{"embeddable":true,"href":"http:\/\/150.164.63.212:9000\/portal-novo-test\/wp-json\/wp\/v2\/pages\/3707"}],"wp:attachment":[{"href":"http:\/\/150.164.63.212:9000\/portal-novo-test\/wp-json\/wp\/v2\/media?parent=8006"}],"curies":[{"name":"wp","href":"https:\/\/api.w.org\/{rel}","templated":true}]}}