{"id":8311,"date":"2025-09-16T12:12:00","date_gmt":"2025-09-16T15:12:00","guid":{"rendered":"http:\/\/150.164.63.212:9000\/portal-novo-test\/?page_id=8311"},"modified":"2025-09-26T13:50:31","modified_gmt":"2025-09-26T16:50:31","slug":"ingresso-em-educacao-a-distancia","status":"publish","type":"page","link":"http:\/\/150.164.63.212:9000\/portal-novo-test\/cursos\/formas-de-ingresso\/ingresso-em-educacao-a-distancia\/","title":{"rendered":"Ingresso em Educa\u00e7\u00e3o a Dist\u00e2ncia"},"content":{"rendered":"\n<p>Os cursos de <a href=\"http:\/\/150.164.63.212:9000\/portal-novo-test\/cursos\/estude-na-ufmg\/educacao-a-distancia\/\" target=\"_blank\" rel=\"noreferrer noopener\">Educa\u00e7\u00e3o a Dist\u00e2ncia<\/a> da UFMG s\u00e3o oferecidos pela Diretoria de Educa\u00e7\u00e3o a Dist\u00e2ncia e Educa\u00e7\u00e3o Digital (DEDD) e promovidos pelo Sistema\u00a0<a href=\"https:\/\/www.gov.br\/capes\/pt-br\/acesso-a-informacao\/acoes-e-programas\/educacao-a-distancia\/universidade-aberta-do-brasil\" target=\"_blank\" rel=\"noreferrer noopener\">Universidade Aberta do Brasil<\/a>\u00a0(UAB). O ingresso se d\u00e1 mediante processos seletivos pr\u00f3prios, disponibilizados no <a href=\"https:\/\/www.ufmg.br\/dedd\/\" target=\"_blank\" rel=\"noreferrer noopener\">site da DEDD<\/a>.<\/p>\n\n\n\n<div class=\"wp-block-ufmg-details-group\"><?xml encoding=\"utf-8\"?><details class=\"group\/accordion\"><summary class=\"flex gap-4 items-center bg-neutral-50 border-x border-t group-last-of-type\/accordion:border-b border-neutral-200 group-open\/accordion:border-primary-300 group-open\/accordion:bg-primary-300 p-3 group-[&amp;:first-of-type]\/accordion:rounded-t group-[&amp;:last-of-type]\/accordion:rounded-b group-open\/accordion:[&amp;:last-of-type]:rounded-b-none text-neutral-600 group-open\/accordion:text-neutral-50 text-lg font-semibold [&amp;&gt;i]:text-[1.5rem] group-open\/accordion:[&amp;&gt;i]:text-neutral-50 [&amp;&gt;i]:text-primary-300 group-open\/accordion:[&amp;&gt;i]:-rotate-180 [&amp;&gt;i]:transition-transform transition-colors cursor-pointer\"><span class=\"grow\">Ingresso em gradua&ccedil;&atilde;o a dist&acirc;ncia<\/span><i class=\"ti ti-chevron-down\"><\/i><\/summary><div class=\"space-y-4 p-3 border-x group-[&amp;:last-of-type]\/accordion:border-b border-neutral-200 text-base text-neutral-400 group-[&amp;:last-of-type]\/accordion:rounded-bl group-[&amp;:last-of-type]\/accordion:rounded-br [&amp;_.wp-block-heading+p]:!mt-0\">\n<p>O ingresso nos <a href=\"http:\/\/150.164.63.212:9000\/portal-novo-test\/cursos\/educacao-a-distancia\/\" target=\"_blank\" rel=\"noreferrer noopener\">cursos de gradua&ccedil;&atilde;o a dist&acirc;ncia ofertados pela DEDD<\/a> se d&aacute; mediante vestibular pr&oacute;prio, n&atilde;o sendo necess&aacute;rio realizar inscri&ccedil;&atilde;o no Sistema de Sele&ccedil;&atilde;o Unificada (Sisu). Os cursos s&atilde;o semipresenciais e a forma de sele&ccedil;&atilde;o pode variar a cada entrada. Para ingressar, &eacute; necess&aacute;rio que o candidato tenha conclu&iacute;do o ensino m&eacute;dio ou equivalente.<\/p>\n\n\n\n<p>Mais informa&ccedil;&otilde;es podem ser encontradas no <a href=\"https:\/\/www.ufmg.br\/dedd\/\" target=\"_blank\" rel=\"noreferrer noopener\">site da Diretoria de Educa&ccedil;&atilde;o a Dist&acirc;ncia e Digital<\/a> (DEDD). <\/p>\n<\/div><\/details>\n\n\n<?xml encoding=\"utf-8\"?><details class=\"group\/accordion\"><summary class=\"flex gap-4 items-center bg-neutral-50 border-x border-t group-last-of-type\/accordion:border-b border-neutral-200 group-open\/accordion:border-primary-300 group-open\/accordion:bg-primary-300 p-3 group-[&amp;:first-of-type]\/accordion:rounded-t group-[&amp;:last-of-type]\/accordion:rounded-b group-open\/accordion:[&amp;:last-of-type]:rounded-b-none text-neutral-600 group-open\/accordion:text-neutral-50 text-lg font-semibold [&amp;&gt;i]:text-[1.5rem] group-open\/accordion:[&amp;&gt;i]:text-neutral-50 [&amp;&gt;i]:text-primary-300 group-open\/accordion:[&amp;&gt;i]:-rotate-180 [&amp;&gt;i]:transition-transform transition-colors cursor-pointer\"><span class=\"grow\">Ingresso em especializa&ccedil;&atilde;o a dist&acirc;ncia<\/span><i class=\"ti ti-chevron-down\"><\/i><\/summary><div class=\"space-y-4 p-3 border-x group-[&amp;:last-of-type]\/accordion:border-b border-neutral-200 text-base text-neutral-400 group-[&amp;:last-of-type]\/accordion:rounded-bl group-[&amp;:last-of-type]\/accordion:rounded-br [&amp;_.wp-block-heading+p]:!mt-0\">\n<p>Os <a href=\"http:\/\/150.164.63.212:9000\/portal-novo-test\/cursos\/educacao-a-distancia\/\" target=\"_blank\" rel=\"noreferrer noopener\">cursos de especializa&ccedil;&atilde;o a dist&acirc;ncia ofertados pela DEDD<\/a> s&atilde;o semipresenciais e visam contribuir para a forma&ccedil;&atilde;o acad&ecirc;mica e o desenvolvimento profissional do estudante. O ingresso se d&aacute; por meio de aprova&ccedil;&atilde;o em processos seletivos regidos por editais espec&iacute;ficos, geralmente baseados na an&aacute;lise do curr&iacute;culo do candidato. <\/p>\n\n\n\n<p>Mais informa&ccedil;&otilde;es podem ser encontradas no <a href=\"https:\/\/www.ufmg.br\/dedd\/\" target=\"_blank\" rel=\"noreferrer noopener\">site da Diretoria de Educa&ccedil;&atilde;o a Dist&acirc;ncia e Digital<\/a> (DEDD). <\/p>\n<\/div><\/details>\n\n\n<?xml encoding=\"utf-8\"?><details class=\"group\/accordion\"><summary class=\"flex gap-4 items-center bg-neutral-50 border-x border-t group-last-of-type\/accordion:border-b border-neutral-200 group-open\/accordion:border-primary-300 group-open\/accordion:bg-primary-300 p-3 group-[&amp;:first-of-type]\/accordion:rounded-t group-[&amp;:last-of-type]\/accordion:rounded-b group-open\/accordion:[&amp;:last-of-type]:rounded-b-none text-neutral-600 group-open\/accordion:text-neutral-50 text-lg font-semibold [&amp;&gt;i]:text-[1.5rem] group-open\/accordion:[&amp;&gt;i]:text-neutral-50 [&amp;&gt;i]:text-primary-300 group-open\/accordion:[&amp;&gt;i]:-rotate-180 [&amp;&gt;i]:transition-transform transition-colors cursor-pointer\"><span class=\"grow\">Ingresso em cursos de extens&atilde;o a dist&acirc;ncia<\/span><i class=\"ti ti-chevron-down\"><\/i><\/summary><div class=\"space-y-4 p-3 border-x group-[&amp;:last-of-type]\/accordion:border-b border-neutral-200 text-base text-neutral-400 group-[&amp;:last-of-type]\/accordion:rounded-bl group-[&amp;:last-of-type]\/accordion:rounded-br [&amp;_.wp-block-heading+p]:!mt-0\">\n<p>O ingresso nos <a href=\"http:\/\/150.164.63.212:9000\/portal-novo-test\/cursos\/educacao-a-distancia\/\" target=\"_blank\" rel=\"noreferrer noopener\">cursos de extens&atilde;o a dist&acirc;ncia ofertados pela DEDD<\/a> se d&aacute; atrav&eacute;s de chamadas, geralmente semestrais, regidas por editais pr&oacute;prios. As vagas s&atilde;o preenchidas por ordem cronol&oacute;gica das inscri&ccedil;&otilde;es.<\/p>\n\n\n\n<p>Mais informa&ccedil;&otilde;es podem ser encontradas no <a href=\"https:\/\/www.ufmg.br\/dedd\/\" target=\"_blank\" rel=\"noreferrer noopener\">site da Diretoria de Educa&ccedil;&atilde;o a Dist&acirc;ncia e Digital<\/a> (DEDD). <\/p>\n<\/div><\/details>\n\n\n<?xml encoding=\"utf-8\"?><details class=\"group\/accordion\"><summary class=\"flex gap-4 items-center bg-neutral-50 border-x border-t group-last-of-type\/accordion:border-b border-neutral-200 group-open\/accordion:border-primary-300 group-open\/accordion:bg-primary-300 p-3 group-[&amp;:first-of-type]\/accordion:rounded-t group-[&amp;:last-of-type]\/accordion:rounded-b group-open\/accordion:[&amp;:last-of-type]:rounded-b-none text-neutral-600 group-open\/accordion:text-neutral-50 text-lg font-semibold [&amp;&gt;i]:text-[1.5rem] group-open\/accordion:[&amp;&gt;i]:text-neutral-50 [&amp;&gt;i]:text-primary-300 group-open\/accordion:[&amp;&gt;i]:-rotate-180 [&amp;&gt;i]:transition-transform transition-colors cursor-pointer\"><span class=\"grow\">Ingresso em cursos de ver&atilde;o e inverno a dist&acirc;ncia<\/span><i class=\"ti ti-chevron-down\"><\/i><\/summary><div class=\"space-y-4 p-3 border-x group-[&amp;:last-of-type]\/accordion:border-b border-neutral-200 text-base text-neutral-400 group-[&amp;:last-of-type]\/accordion:rounded-bl group-[&amp;:last-of-type]\/accordion:rounded-br [&amp;_.wp-block-heading+p]:!mt-0\">\n<p>O ingresso nos <a href=\"http:\/\/150.164.63.212:9000\/portal-novo-test\/cursos\/educacao-a-distancia\/\" target=\"_blank\" rel=\"noreferrer noopener\">cursos de ver&atilde;o e inverno a dist&acirc;ncia ofertados pela DEDD<\/a> s&atilde;o presenciais e ofertados exclusivamente aos docentes da UFMG. As inscri&ccedil;&otilde;es podem ser feitas atrav&eacute;s de formul&aacute;rio disponibilizado no site da Diretoria. As aulas acontecem no <a href=\"https:\/\/www.youtube.com\/watch?v=RVX_JlO96cY\" target=\"_blank\" rel=\"noreferrer noopener\">Laborat&oacute;rio de Educa&ccedil;&atilde;o Digital<\/a> (LED), localizado na sede da DEDD &ndash; Unidade Administrativa III, sala 118, campus Pampulha. <\/p>\n\n\n\n<p>Mais informa&ccedil;&otilde;es podem ser encontradas no <a href=\"https:\/\/www.ufmg.br\/dedd\/\" target=\"_blank\" rel=\"noreferrer noopener\">site da Diretoria de Educa&ccedil;&atilde;o a Dist&acirc;ncia e Digital<\/a> (DEDD). <\/p>\n<\/div><\/details>\n<\/div>\n\n\n\n<div class=\"wp-block-ufmg-cards grid grid-cols-1 lg:grid-cols-cards gap-8\">\n\t<div class=\"flex flex-col gap-6 p-6 md:py-8 border border-neutral-200 rounded-lg\">\n\n\t\t\t\t\t<h2 class=\"pl-2 border-l-2 border-l-primary-400 text-neutral-600 text-xl md:text-2xl font-semibold\">\n\t\t\t\tEduca\u00e7\u00e3o a Dist\u00e2ncia\t\t\t<\/h2>\n\t\t\n\t\t\t\t\t<p class=\"flex-1 text-base md:text-lg text-neutral-500\">\n\t\t\t\tConhe\u00e7a os cursos a dist\u00e2ncia ofertados na UFMG.\t\t\t<\/p>\n\t\t\n\t\t\t\t\t<a href=\"http:\/\/150.164.63.212:9000\/portal-novo-test\/cursos\/estude-na-ufmg\/educacao-a-distancia\/\" target=\"_blank\" rel=\"noopener noreferrer\"\t\t\t\tclass=\"w-fit ml-auto flex items-center gap-4 text-primary-300 font-lexend font-medium text-base md:text-lg\">\n\t\t\t\tAcesse aqui\t\t\t\t<i class=\"ti ti-chevron-right text-[1rem] md:text-[1.25rem]\"><\/i>\n\t\t\t<\/a>\n\t\t\t<\/div>\n\n\n\n\t<div class=\"flex flex-col gap-6 p-6 md:py-8 border border-neutral-200 rounded-lg\">\n\n\t\t\t\t\t<h2 class=\"pl-2 border-l-2 border-l-primary-400 text-neutral-600 text-xl md:text-2xl font-semibold\">\n\t\t\t\tCursos\t\t\t<\/h2>\n\t\t\n\t\t\t\t\t<p class=\"flex-1 text-base md:text-lg text-neutral-500\">\n\t\t\t\tConhe\u00e7a todos os cursos ofertados pela UFMG.\t\t\t<\/p>\n\t\t\n\t\t\t\t\t<a href=\"http:\/\/150.164.63.212:9000\/portal-novo-test\/cursos\/\" target=\"_blank\" rel=\"noopener noreferrer\"\t\t\t\tclass=\"w-fit ml-auto flex items-center gap-4 text-primary-300 font-lexend font-medium text-base md:text-lg\">\n\t\t\t\tAcesse aqui\t\t\t\t<i class=\"ti ti-chevron-right text-[1rem] md:text-[1.25rem]\"><\/i>\n\t\t\t<\/a>\n\t\t\t<\/div>\n<\/div>\n","protected":false},"excerpt":{"rendered":"<p>Os cursos de Educa\u00e7\u00e3o a Dist\u00e2ncia da UFMG s\u00e3o oferecidos pela Diretoria de Educa\u00e7\u00e3o a Dist\u00e2ncia e Educa\u00e7\u00e3o Digital (DEDD) e promovidos pelo Sistema\u00a0Universidade Aberta do Brasil\u00a0(UAB). O ingresso se d\u00e1 mediante processos seletivos pr\u00f3prios, disponibilizados no site da DEDD.<\/p>\n","protected":false},"author":1,"featured_media":0,"parent":2901,"menu_order":0,"comment_status":"closed","ping_status":"closed","template":"","meta":{"_acf_changed":false,"footnotes":""},"class_list":["post-8311","page","type-page","status-publish","hentry"],"acf":[],"_links":{"self":[{"href":"http:\/\/150.164.63.212:9000\/portal-novo-test\/wp-json\/wp\/v2\/pages\/8311","targetHints":{"allow":["GET"]}}],"collection":[{"href":"http:\/\/150.164.63.212:9000\/portal-novo-test\/wp-json\/wp\/v2\/pages"}],"about":[{"href":"http:\/\/150.164.63.212:9000\/portal-novo-test\/wp-json\/wp\/v2\/types\/page"}],"author":[{"embeddable":true,"href":"http:\/\/150.164.63.212:9000\/portal-novo-test\/wp-json\/wp\/v2\/users\/1"}],"replies":[{"embeddable":true,"href":"http:\/\/150.164.63.212:9000\/portal-novo-test\/wp-json\/wp\/v2\/comments?post=8311"}],"version-history":[{"count":0,"href":"http:\/\/150.164.63.212:9000\/portal-novo-test\/wp-json\/wp\/v2\/pages\/8311\/revisions"}],"up":[{"embeddable":true,"href":"http:\/\/150.164.63.212:9000\/portal-novo-test\/wp-json\/wp\/v2\/pages\/2901"}],"wp:attachment":[{"href":"http:\/\/150.164.63.212:9000\/portal-novo-test\/wp-json\/wp\/v2\/media?parent=8311"}],"curies":[{"name":"wp","href":"https:\/\/api.w.org\/{rel}","templated":true}]}}