{"id":8419,"date":"2025-09-22T09:20:00","date_gmt":"2025-09-22T12:20:00","guid":{"rendered":"http:\/\/150.164.63.212:9000\/portal-novo-test\/?page_id=8419"},"modified":"2025-10-28T14:15:34","modified_gmt":"2025-10-28T17:15:34","slug":"patente-e-transferencia-tecnologica","status":"publish","type":"page","link":"http:\/\/150.164.63.212:9000\/portal-novo-test\/pesquisa-e-inovacao\/patente-e-transferencia-tecnologica\/","title":{"rendered":"Patente e Transfer\u00eancia Tecnol\u00f3gica"},"content":{"rendered":"\n<p>As patentes s\u00e3o t\u00edtulos de propriedade tempor\u00e1ria sobre uma inven\u00e7\u00e3o ou um modelo de utilidade, concedidos pelo Estado aos inventores, autores, pessoas f\u00edsicas ou jur\u00eddicas detentoras de direitos sobre a cria\u00e7\u00e3o. Para a Universidade, as patentes podem representar expressiva gera\u00e7\u00e3o de valor, produzindo retorno econ\u00f4mico e ganhos de produtividade. <\/p>\n\n\n\n<p>Al\u00e9m de ser uma universidade de refer\u00eancia, a UFMG \u00e9 considerada uma das pioneiras no registro de patentes no Brasil e, h\u00e1 anos, est\u00e1 posicionada como uma das institui\u00e7\u00f5es de destaque na \u00e1rea.   Por meio desses processos, a Universidade estabelece parcerias nacionais e internacionais com diversas empresas para o licenciamento de produtos inovadores, transferindo conhecimento e gerando riqueza e bem-estar para a sociedade.<\/p>\n\n\n\n<p>A TV UFMG publicou um v\u00eddeo explicando o que s\u00e3o as patentes e a sua rela\u00e7\u00e3o com a pesquisa. Confira: <\/p>\n\n\n\n<figure class=\"wp-block-embed is-type-video is-provider-youtube wp-block-embed-youtube wp-embed-aspect-16-9 wp-has-aspect-ratio\"><div class=\"wp-block-embed__wrapper\">\n<iframe loading=\"lazy\" title=\"As patentes e a sua rela\u00e7\u00e3o com a pesquisa\" width=\"640\" height=\"360\" src=\"https:\/\/www.youtube.com\/embed\/2soL9LGtw-4?feature=oembed\" frameborder=\"0\" allow=\"accelerometer; autoplay; clipboard-write; encrypted-media; gyroscope; picture-in-picture; web-share\" referrerpolicy=\"strict-origin-when-cross-origin\" allowfullscreen><\/iframe>\n<\/div><\/figure>\n\n\n\n<p>A Universidade possui em seu portf\u00f3lio milhares de tecnologias protegidas por patente no Brasil e no exterior, dezenas de empresas graduadas na incubadora <a href=\"https:\/\/www.ufmg.br\/inovalab\/\" target=\"_blank\" rel=\"noreferrer noopener\">Inova UFMG<\/a> e mais de 100 contratos de transfer\u00eancia e licenciamento com empresas.&nbsp;As compet\u00eancias da UFMG criaram diversas tecnologias licenciadas que est\u00e3o dispon\u00edveis para a sociedade em forma de vacinas, kits diagn\u00f3sticos, programas de computador, produtos e processos de engenharia, produtos para nutri\u00e7\u00e3o entre outras solu\u00e7\u00f5es. <\/p>\n\n\n\n<div class=\"wp-block-ufmg-cards grid grid-cols-1 lg:grid-cols-cards gap-8\">\n\t<div class=\"flex flex-col gap-6 p-6 md:py-8 border border-neutral-200 rounded-lg\">\n\n\t\t\t\t\t<h2 class=\"pl-2 border-l-2 border-l-primary-400 text-neutral-600 text-xl md:text-2xl font-semibold\">\n\t\t\t\tVitrine Tecnol\u00f3gica\t\t\t<\/h2>\n\t\t\n\t\t\t\t\t<p class=\"flex-1 text-base md:text-lg text-neutral-500\">\n\t\t\t\tConfira as inova\u00e7\u00f5es e pesquisas produzidas pela UFMG.\t\t\t<\/p>\n\t\t\n\t\t\t\t\t<a href=\"http:\/\/www.ctit.ufmg.br\/vitrine-tecnologica\/\" \t\t\t\tclass=\"w-fit ml-auto flex items-center gap-4 text-primary-300 font-lexend font-medium text-base md:text-lg\">\n\t\t\t\tAcesse aqui\t\t\t\t<i class=\"ti ti-chevron-right text-[1rem] md:text-[1.25rem]\"><\/i>\n\t\t\t<\/a>\n\t\t\t<\/div>\n\n\n\n\t<div class=\"flex flex-col gap-6 p-6 md:py-8 border border-neutral-200 rounded-lg\">\n\n\t\t\t\t\t<h2 class=\"pl-2 border-l-2 border-l-primary-400 text-neutral-600 text-xl md:text-2xl font-semibold\">\n\t\t\t\tRegistro de Patentes\t\t\t<\/h2>\n\t\t\n\t\t\t\t\t<p class=\"flex-1 text-base md:text-lg text-neutral-500\">\n\t\t\t\tConhe\u00e7a os procedimentos de registro de patentes de inven\u00e7\u00f5es produzidas na UFMG.\t\t\t<\/p>\n\t\t\n\t\t\t\t\t<a href=\"http:\/\/www.ctit.ufmg.br\/inventor\/\" target=\"_blank\" rel=\"noopener noreferrer\"\t\t\t\tclass=\"w-fit ml-auto flex items-center gap-4 text-primary-300 font-lexend font-medium text-base md:text-lg\">\n\t\t\t\tAcesse aqui\t\t\t\t<i class=\"ti ti-chevron-right text-[1rem] md:text-[1.25rem]\"><\/i>\n\t\t\t<\/a>\n\t\t\t<\/div>\n<\/div>\n\n\n\n<div class=\"wp-block-ufmg-cards grid grid-cols-1 lg:grid-cols-cards gap-8\"><\/div>\n\n\n\n<h2 class=\"wp-block-heading\">Transfer\u00eancia e Inova\u00e7\u00e3o Tecnol\u00f3gica<\/h2>\n\n\n\n<p>A transfer\u00eancia de tecnologia est\u00e1 relacionada a efetiva\u00e7\u00e3o de contratos que visam disponibilizar, para a sociedade, os resultados da produ\u00e7\u00e3o intelectual gerada na Universidade. Por isso, A UFMG direciona esfor\u00e7os para estabelecer rela\u00e7\u00f5es com o setor empresarial, por meio de alian\u00e7as estrat\u00e9gicas, acordos e parcerias que aproximam a sociedade e as empresas do eixo acad\u00eamico.   <\/p>\n\n\n\n<p>As a\u00e7\u00f5es de transfer\u00eancia tecnol\u00f3gica na UFMG s\u00e3o gerenciadas pela <a href=\"http:\/\/www.ctit.ufmg.br\/\">Coordenadoria de Transfer\u00eancia e Inova\u00e7\u00e3o Tecnol\u00f3gica<\/a> (CTIT). Criado em 1997, o \u00f3rg\u00e3o atua na gest\u00e3o do conhecimento cient\u00edfico e tecnol\u00f3gico na Universidade, disseminando a cultura do empreendedorismo e a propriedade intelectual, al\u00e9m de ser respons\u00e1vel pelo sigilo das informa\u00e7\u00f5es sens\u00edveis, pela prote\u00e7\u00e3o do conhecimento e pela comercializa\u00e7\u00e3o das inova\u00e7\u00f5es geradas na UFMG.<\/p>\n\n\n\n<p><\/p>\n","protected":false},"excerpt":{"rendered":"<p>As patentes s\u00e3o t\u00edtulos de propriedade tempor\u00e1ria sobre uma inven\u00e7\u00e3o ou um modelo de utilidade, concedidos pelo Estado aos inventores, autores, pessoas f\u00edsicas ou jur\u00eddicas detentoras de direitos sobre a cria\u00e7\u00e3o. Para a Universidade, as patentes podem representar expressiva gera\u00e7\u00e3o de valor, produzindo retorno econ\u00f4mico e ganhos de produtividade. Al\u00e9m de ser uma universidade de [&hellip;]<\/p>\n","protected":false},"author":1,"featured_media":0,"parent":6399,"menu_order":0,"comment_status":"closed","ping_status":"closed","template":"","meta":{"_acf_changed":false,"footnotes":""},"class_list":["post-8419","page","type-page","status-publish","hentry"],"acf":[],"_links":{"self":[{"href":"http:\/\/150.164.63.212:9000\/portal-novo-test\/wp-json\/wp\/v2\/pages\/8419","targetHints":{"allow":["GET"]}}],"collection":[{"href":"http:\/\/150.164.63.212:9000\/portal-novo-test\/wp-json\/wp\/v2\/pages"}],"about":[{"href":"http:\/\/150.164.63.212:9000\/portal-novo-test\/wp-json\/wp\/v2\/types\/page"}],"author":[{"embeddable":true,"href":"http:\/\/150.164.63.212:9000\/portal-novo-test\/wp-json\/wp\/v2\/users\/1"}],"replies":[{"embeddable":true,"href":"http:\/\/150.164.63.212:9000\/portal-novo-test\/wp-json\/wp\/v2\/comments?post=8419"}],"version-history":[{"count":0,"href":"http:\/\/150.164.63.212:9000\/portal-novo-test\/wp-json\/wp\/v2\/pages\/8419\/revisions"}],"up":[{"embeddable":true,"href":"http:\/\/150.164.63.212:9000\/portal-novo-test\/wp-json\/wp\/v2\/pages\/6399"}],"wp:attachment":[{"href":"http:\/\/150.164.63.212:9000\/portal-novo-test\/wp-json\/wp\/v2\/media?parent=8419"}],"curies":[{"name":"wp","href":"https:\/\/api.w.org\/{rel}","templated":true}]}}