{"id":8499,"date":"2025-09-16T12:02:37","date_gmt":"2025-09-16T15:02:37","guid":{"rendered":"http:\/\/150.164.63.212:9000\/portal-novo-test\/?page_id=8499"},"modified":"2025-09-18T17:16:17","modified_gmt":"2025-09-18T20:16:17","slug":"quer-criar-um-perfil","status":"publish","type":"page","link":"http:\/\/150.164.63.212:9000\/portal-novo-test\/comunicacao\/redes-sociais\/diretrizes-de-redes-sociais\/quer-criar-um-perfil\/","title":{"rendered":"Quer criar um perfil?"},"content":{"rendered":"\n<p><\/p>\n\n\n\n<p>As redes sociais s\u00e3o um espa\u00e7o democr\u00e1tico de cria\u00e7\u00e3o e compartilhamento de conte\u00fados. O Centro de Comunica\u00e7\u00e3o da UFMG gerencia os perfis oficias da institui\u00e7\u00e3o nas redes, e n\u00e3o h\u00e1 impedimento para que unidades, cursos, grupos de pesquisa e outros atores ligados \u00e0 UFMG criem seus pr\u00f3prios perfis para divulga\u00e7\u00e3o dos seus trabalhos e temas de interesse.<\/p>\n\n\n\n<p>No entanto, \u00e9 preciso cuidado: se o seu perfil trata de temas ligados \u00e0 UFMG, voc\u00ea carrega a responsabilidade de levar o nome da institui\u00e7\u00e3o para os mais diversos p\u00fablicos. Antes de fazer uma postagem, pense nos impactos que ela pode causar e na chance de poss\u00edveis crises de comunica\u00e7\u00e3o que ela pode gerar. Algumas quest\u00f5es sens\u00edveis necessitam de abordagens mais cuidadosas.<\/p>\n\n\n\n<p>A equipe de redes sociais do Cedecom est\u00e1 \u00e0 disposi\u00e7\u00e3o para prestar aux\u00edlio \u00e0 comunidade interessada em manter perfis nas redes sociais. Se voc\u00ea tiver alguma d\u00favida, entre em contato conosco: <a href=\"mailto:redessociais@ufmg.br\">redessociais@ufmg.br<\/a><\/p>\n\n\n<?xml encoding=\"utf-8\"?><ul class=\"wp-block-ufmg-hub-links [&amp;&gt;li_a]:flex [&amp;&gt;li_a]:items-center [&amp;&gt;li_a]:justify-between [&amp;&gt;li_a]:bg-neutral-50 [&amp;&gt;li_a]:px-4 [&amp;&gt;li_a]:py-3 md:[&amp;&gt;li_a]:py-5 [&amp;&gt;li_a]:border-b [&amp;&gt;li_a]:border-b-neutral-200 [&amp;&gt;li_a]:text-primary-300 [&amp;&gt;li_a]:text-base md:[&amp;&gt;li_a]:text-lg [&amp;&gt;li_a]:font-lexend [&amp;&gt;li_a]:font-medium [&amp;&gt;li_a]:transition-colors [&amp;&gt;li_a&gt;i]:text-[1rem] md:[&amp;&gt;li_a&gt;i]:text-[1.5rem] hover:[&amp;&gt;li_a]:bg-neutral-100 hover:[&amp;&gt;li_a]:border-b-primary-300\"><li class=\" wp-block-navigation-item wp-block-navigation-link\"><a class=\"wp-block-navigation-item__content\" href=\"http:\/\/150.164.63.212:9000\/portal-novo-test\/comunicacao\/linhas-editoriais\/\"><span class=\"wp-block-navigation-item__label\">Conhe&ccedil;a nossa linha editorial<\/span><i class=\"ti ti-chevron-right\"><\/i><\/a><\/li>\n\n<li class=\" wp-block-navigation-item wp-block-navigation-link\"><a class=\"wp-block-navigation-item__content\" href=\"http:\/\/150.164.63.212:9000\/portal-novo-test\/comunicacao\/redes-sociais\/diretrizes-de-redes-sociais\/guia-pratico-para-redes-sociais\/\"><span class=\"wp-block-navigation-item__label\">Guia pr&aacute;tico para redes sociais<\/span><i class=\"ti ti-chevron-right\"><\/i><\/a><\/li><\/ul>\n\n\n\n<p><\/p>\n","protected":false},"excerpt":{"rendered":"<p>As redes sociais s\u00e3o um espa\u00e7o democr\u00e1tico de cria\u00e7\u00e3o e compartilhamento de conte\u00fados. O Centro de Comunica\u00e7\u00e3o da UFMG gerencia os perfis oficias da institui\u00e7\u00e3o nas redes, e n\u00e3o h\u00e1 impedimento para que unidades, cursos, grupos de pesquisa e outros atores ligados \u00e0 UFMG criem seus pr\u00f3prios perfis para divulga\u00e7\u00e3o dos seus trabalhos e temas [&hellip;]<\/p>\n","protected":false},"author":1,"featured_media":0,"parent":8586,"menu_order":0,"comment_status":"closed","ping_status":"closed","template":"","meta":{"_acf_changed":false,"footnotes":""},"class_list":["post-8499","page","type-page","status-publish","hentry"],"acf":[],"_links":{"self":[{"href":"http:\/\/150.164.63.212:9000\/portal-novo-test\/wp-json\/wp\/v2\/pages\/8499","targetHints":{"allow":["GET"]}}],"collection":[{"href":"http:\/\/150.164.63.212:9000\/portal-novo-test\/wp-json\/wp\/v2\/pages"}],"about":[{"href":"http:\/\/150.164.63.212:9000\/portal-novo-test\/wp-json\/wp\/v2\/types\/page"}],"author":[{"embeddable":true,"href":"http:\/\/150.164.63.212:9000\/portal-novo-test\/wp-json\/wp\/v2\/users\/1"}],"replies":[{"embeddable":true,"href":"http:\/\/150.164.63.212:9000\/portal-novo-test\/wp-json\/wp\/v2\/comments?post=8499"}],"version-history":[{"count":0,"href":"http:\/\/150.164.63.212:9000\/portal-novo-test\/wp-json\/wp\/v2\/pages\/8499\/revisions"}],"up":[{"embeddable":true,"href":"http:\/\/150.164.63.212:9000\/portal-novo-test\/wp-json\/wp\/v2\/pages\/8586"}],"wp:attachment":[{"href":"http:\/\/150.164.63.212:9000\/portal-novo-test\/wp-json\/wp\/v2\/media?parent=8499"}],"curies":[{"name":"wp","href":"https:\/\/api.w.org\/{rel}","templated":true}]}}