{"id":8500,"date":"2025-09-16T12:03:01","date_gmt":"2025-09-16T15:03:01","guid":{"rendered":"http:\/\/150.164.63.212:9000\/portal-novo-test\/?page_id=8500"},"modified":"2025-09-18T17:46:17","modified_gmt":"2025-09-18T20:46:17","slug":"guia-pratico-para-redes-sociais","status":"publish","type":"page","link":"http:\/\/150.164.63.212:9000\/portal-novo-test\/comunicacao\/redes-sociais\/diretrizes-de-redes-sociais\/guia-pratico-para-redes-sociais\/","title":{"rendered":"Guia pr\u00e1tico para redes sociais"},"content":{"rendered":"\n<p><\/p>\n\n\n\n<p>As m\u00eddias sociais t\u00eam assumido um protagonismo cada vez maior na vida das pessoas e nas estrat\u00e9gias de comunica\u00e7\u00e3o das organiza\u00e7\u00f5es. Atenta a essa tend\u00eancia da contemporaneidade, a UFMG est\u00e1 presente nas principais redes. <strong><\/strong><\/p>\n\n\n\n<p>Os canais digitais s\u00e3o uma excelente ferramenta para fazer com que informa\u00e7\u00f5es e servi\u00e7os cheguem de maneira r\u00e1pida, direta e diversa para a popula\u00e7\u00e3o. Considerando essa import\u00e2ncia no planejamento de comunica\u00e7\u00e3o de qualquer institui\u00e7\u00e3o atualmente, o N\u00facleo de Redes Sociais criou o presente <strong>Guia Pr\u00e1tico para as Redes Sociais<\/strong>, com o intuito de refletir sobre a presen\u00e7a da UFMG nas redes e criar par\u00e2metros para a padroniza\u00e7\u00e3o do estilo das produ\u00e7\u00f5es.<\/p>\n\n\n\n<p>Esse <strong>Guia Pr\u00e1tico <\/strong>tamb\u00e9m pode ajudar diferentes atores ligados \u00e0 UFMG a criar seus pr\u00f3prios perfis para divulga\u00e7\u00e3o dos seus trabalhos.<\/p>\n\n\n\n<p>Acesse aqui o <s><strong>Guia<\/strong> <strong>(LINK)<\/strong><\/s><\/p>\n\n\n\n<p><\/p>\n","protected":false},"excerpt":{"rendered":"<p>As m\u00eddias sociais t\u00eam assumido um protagonismo cada vez maior na vida das pessoas e nas estrat\u00e9gias de comunica\u00e7\u00e3o das organiza\u00e7\u00f5es. Atenta a essa tend\u00eancia da contemporaneidade, a UFMG est\u00e1 presente nas principais redes. Os canais digitais s\u00e3o uma excelente ferramenta para fazer com que informa\u00e7\u00f5es e servi\u00e7os cheguem de maneira r\u00e1pida, direta e diversa [&hellip;]<\/p>\n","protected":false},"author":1,"featured_media":0,"parent":8586,"menu_order":0,"comment_status":"closed","ping_status":"closed","template":"","meta":{"_acf_changed":false,"footnotes":""},"class_list":["post-8500","page","type-page","status-publish","hentry"],"acf":[],"_links":{"self":[{"href":"http:\/\/150.164.63.212:9000\/portal-novo-test\/wp-json\/wp\/v2\/pages\/8500","targetHints":{"allow":["GET"]}}],"collection":[{"href":"http:\/\/150.164.63.212:9000\/portal-novo-test\/wp-json\/wp\/v2\/pages"}],"about":[{"href":"http:\/\/150.164.63.212:9000\/portal-novo-test\/wp-json\/wp\/v2\/types\/page"}],"author":[{"embeddable":true,"href":"http:\/\/150.164.63.212:9000\/portal-novo-test\/wp-json\/wp\/v2\/users\/1"}],"replies":[{"embeddable":true,"href":"http:\/\/150.164.63.212:9000\/portal-novo-test\/wp-json\/wp\/v2\/comments?post=8500"}],"version-history":[{"count":0,"href":"http:\/\/150.164.63.212:9000\/portal-novo-test\/wp-json\/wp\/v2\/pages\/8500\/revisions"}],"up":[{"embeddable":true,"href":"http:\/\/150.164.63.212:9000\/portal-novo-test\/wp-json\/wp\/v2\/pages\/8586"}],"wp:attachment":[{"href":"http:\/\/150.164.63.212:9000\/portal-novo-test\/wp-json\/wp\/v2\/media?parent=8500"}],"curies":[{"name":"wp","href":"https:\/\/api.w.org\/{rel}","templated":true}]}}