{"id":8531,"date":"2025-09-18T10:48:32","date_gmt":"2025-09-18T13:48:32","guid":{"rendered":"http:\/\/150.164.63.212:9000\/portal-novo-test\/?page_id=8531"},"modified":"2025-09-19T10:29:05","modified_gmt":"2025-09-19T13:29:05","slug":"ingresso-em-cursos-de-extensao","status":"publish","type":"page","link":"http:\/\/150.164.63.212:9000\/portal-novo-test\/cursos\/formas-de-ingresso\/ingresso-em-cursos-de-extensao\/","title":{"rendered":"Ingresso em cursos de Extens\u00e3o"},"content":{"rendered":"\n<p>A <a href=\"http:\/\/150.164.63.212:9000\/portal-novo-test\/extensao\/\" target=\"_blank\" rel=\"noreferrer noopener\">extens\u00e3o<\/a> \u00e9 um segmento essencial da UFMG, que objetiva conectar a universidade \u00e0 sociedade. Por meio de a\u00e7\u00f5es que atendem \u00e0s demandas da comunidade, a UFMG compartilha os conhecimentos gerados no ensino e na pesquisa, promovendo o desenvolvimento e a integra\u00e7\u00e3o com o seu entorno.<br>As formas de ingresso nos <a href=\"http:\/\/150.164.63.212:9000\/portal-novo-test\/cursos\/estude-na-ufmg\/cursos-de-extensao\/\" target=\"_blank\" rel=\"noreferrer noopener\">cursos de extens\u00e3o<\/a> da UFMG podem variar de acordo com o \u00f3g\u00e3o ou Unidade respons\u00e1vel.<\/p>\n\n\n\n<div class=\"wp-block-ufmg-details-group\"><?xml encoding=\"utf-8\"?><details class=\"group\/accordion\"><summary class=\"flex gap-4 items-center bg-neutral-50 border-x border-t group-last-of-type\/accordion:border-b border-neutral-200 group-open\/accordion:border-primary-300 group-open\/accordion:bg-primary-300 p-3 group-[&amp;:first-of-type]\/accordion:rounded-t group-[&amp;:last-of-type]\/accordion:rounded-b group-open\/accordion:[&amp;:last-of-type]:rounded-b-none text-neutral-600 group-open\/accordion:text-neutral-50 text-lg font-semibold [&amp;&gt;i]:text-[1.5rem] group-open\/accordion:[&amp;&gt;i]:text-neutral-50 [&amp;&gt;i]:text-primary-300 group-open\/accordion:[&amp;&gt;i]:-rotate-180 [&amp;&gt;i]:transition-transform transition-colors cursor-pointer\"><span class=\"grow\">Ingresso nos cursos de extens&atilde;o ofertados pelo Cenex<\/span><i class=\"ti ti-chevron-down\"><\/i><\/summary><div class=\"space-y-4 p-3 border-x group-[&amp;:last-of-type]\/accordion:border-b border-neutral-200 text-base text-neutral-400 group-[&amp;:last-of-type]\/accordion:rounded-bl group-[&amp;:last-of-type]\/accordion:rounded-br [&amp;_.wp-block-heading+p]:!mt-0\">\n<p>A maioria dos cursos, atividades e eventos oferecidos pelo Cenex s&atilde;o abertos &agrave; comunidade em geral, mas podem ser destinados a diferentes faixas et&aacute;rias. Portanto, antes de realizar a inscri&ccedil;&atilde;o ou matr&iacute;cula, o interessado deve observar os pr&eacute;-requisitos necess&aacute;rios no site do Cenex. As matr&iacute;culas e inscri&ccedil;&otilde;es podem ser feitas no site do Cenex ou pessoalmente no Posto de Atendimento da Fundep, localizado na Pra&ccedil;a de Servi&ccedil;os no campus Pampulha.<\/p>\n\n\n\n<p>Mais informa&ccedil;&otilde;es podem ser acessadas no <a href=\"https:\/\/www.cursoseeventos.ufmg.br\/CAE\/ListarCae.aspx?TipoCae=Curso\" target=\"_blank\" rel=\"noreferrer noopener\">site do Cenex<\/a>. <\/p>\n<\/div><\/details>\n\n\n<?xml encoding=\"utf-8\"?><details class=\"group\/accordion\"><summary class=\"flex gap-4 items-center bg-neutral-50 border-x border-t group-last-of-type\/accordion:border-b border-neutral-200 group-open\/accordion:border-primary-300 group-open\/accordion:bg-primary-300 p-3 group-[&amp;:first-of-type]\/accordion:rounded-t group-[&amp;:last-of-type]\/accordion:rounded-b group-open\/accordion:[&amp;:last-of-type]:rounded-b-none text-neutral-600 group-open\/accordion:text-neutral-50 text-lg font-semibold [&amp;&gt;i]:text-[1.5rem] group-open\/accordion:[&amp;&gt;i]:text-neutral-50 [&amp;&gt;i]:text-primary-300 group-open\/accordion:[&amp;&gt;i]:-rotate-180 [&amp;&gt;i]:transition-transform transition-colors cursor-pointer\"><span class=\"grow\">Ingresso nos cursos de extens&atilde;o ofertados pela DEDD<\/span><i class=\"ti ti-chevron-down\"><\/i><\/summary><div class=\"space-y-4 p-3 border-x group-[&amp;:last-of-type]\/accordion:border-b border-neutral-200 text-base text-neutral-400 group-[&amp;:last-of-type]\/accordion:rounded-bl group-[&amp;:last-of-type]\/accordion:rounded-br [&amp;_.wp-block-heading+p]:!mt-0\">\n<p>As vagas dos cursos de extens&atilde;o ofertados pela Diretoria de Educa&ccedil;&atilde;o a Dist&acirc;ncia e Educa&ccedil;&atilde;o Digital (DEDD) s&atilde;o preenchidas atrav&eacute;s de editais espec&iacute;ficos. N&atilde;o h&aacute; exig&ecirc;ncias quanto ao n&iacute;vel de escolaridade para ingressar nessas forma&ccedil;&otilde;es e os pr&eacute;-requisitos podem variar de acordo com a oferta.  <\/p>\n\n\n\n<p>Mais informa&ccedil;&otilde;es podem ser acessadas no <a href=\"https:\/\/www.cursoseeventos.ufmg.br\/CAE\/ListarCae.aspx?TipoCae=Curso\" target=\"_blank\" rel=\"noreferrer noopener\">site da DEDD<\/a>. <\/p>\n<\/div><\/details>\n\n\n<?xml encoding=\"utf-8\"?><details class=\"group\/accordion\"><summary class=\"flex gap-4 items-center bg-neutral-50 border-x border-t group-last-of-type\/accordion:border-b border-neutral-200 group-open\/accordion:border-primary-300 group-open\/accordion:bg-primary-300 p-3 group-[&amp;:first-of-type]\/accordion:rounded-t group-[&amp;:last-of-type]\/accordion:rounded-b group-open\/accordion:[&amp;:last-of-type]:rounded-b-none text-neutral-600 group-open\/accordion:text-neutral-50 text-lg font-semibold [&amp;&gt;i]:text-[1.5rem] group-open\/accordion:[&amp;&gt;i]:text-neutral-50 [&amp;&gt;i]:text-primary-300 group-open\/accordion:[&amp;&gt;i]:-rotate-180 [&amp;&gt;i]:transition-transform transition-colors cursor-pointer\"><span class=\"grow\">Ingresso nos cursos de extens&atilde;o ofertados pela Rede de Museus<\/span><i class=\"ti ti-chevron-down\"><\/i><\/summary><div class=\"space-y-4 p-3 border-x group-[&amp;:last-of-type]\/accordion:border-b border-neutral-200 text-base text-neutral-400 group-[&amp;:last-of-type]\/accordion:rounded-bl group-[&amp;:last-of-type]\/accordion:rounded-br [&amp;_.wp-block-heading+p]:!mt-0\">\n<p>A Rede de Museus oferece cursos de extens&atilde;o cujo as formas de entrada podem variar de acordo com a oferta.<\/p>\n\n\n\n<p>Mais informa&ccedil;&otilde;es podem ser acessadas no <a href=\"https:\/\/www.ufmg.br\/rededemuseus\/index.php\/cursos\/\" target=\"_blank\" rel=\"noreferrer noopener\">site da Rede de Museus<\/a>. <\/p>\n<\/div><\/details>\n\n\n<?xml encoding=\"utf-8\"?><details class=\"group\/accordion\"><summary class=\"flex gap-4 items-center bg-neutral-50 border-x border-t group-last-of-type\/accordion:border-b border-neutral-200 group-open\/accordion:border-primary-300 group-open\/accordion:bg-primary-300 p-3 group-[&amp;:first-of-type]\/accordion:rounded-t group-[&amp;:last-of-type]\/accordion:rounded-b group-open\/accordion:[&amp;:last-of-type]:rounded-b-none text-neutral-600 group-open\/accordion:text-neutral-50 text-lg font-semibold [&amp;&gt;i]:text-[1.5rem] group-open\/accordion:[&amp;&gt;i]:text-neutral-50 [&amp;&gt;i]:text-primary-300 group-open\/accordion:[&amp;&gt;i]:-rotate-180 [&amp;&gt;i]:transition-transform transition-colors cursor-pointer\"><span class=\"grow\">Ingresso nos cursos de extens&atilde;o ofertados pela Fepe<\/span><i class=\"ti ti-chevron-down\"><\/i><\/summary><div class=\"space-y-4 p-3 border-x group-[&amp;:last-of-type]\/accordion:border-b border-neutral-200 text-base text-neutral-400 group-[&amp;:last-of-type]\/accordion:rounded-bl group-[&amp;:last-of-type]\/accordion:rounded-br [&amp;_.wp-block-heading+p]:!mt-0\">\n<p>Os cursos de extens&atilde;o fomentados pela Funda&ccedil;&atilde;o de Apoio ao Ensino, Pesquisa e Extens&atilde;o (Fepe) podem ser ofertados na modalidade presencial ou online. Os cursos s&atilde;o pagos e possuem vagas limitadas.<\/p>\n\n\n\n<p>Mais informa&ccedil;&otilde;es podem ser acessadas no <a href=\"https:\/\/fepe.conveniar.com.br\/Eventos\/\" target=\"_blank\" rel=\"noreferrer noopener\">site da Fepe<\/a>. <\/p>\n\n\n\n<p><\/p>\n<\/div><\/details>\n<\/div>\n\n\n\n<h3 class=\"wp-block-heading\">Saiba mais<\/h3>\n\n\n\n<p>Para mais informa\u00e7\u00f5es sobre os cursos de extens\u00e3o da UFMG, acesse o&nbsp;<a href=\"https:\/\/www.ufmg.br\/proex\/\" target=\"_blank\" rel=\"noreferrer noopener\">site da Pr\u00f3-reitoria de Extens\u00e3o<\/a>&nbsp;(Proex).<\/p>\n\n\n\n<div class=\"wp-block-ufmg-cards grid grid-cols-1 lg:grid-cols-cards gap-8\">\n\t<div class=\"flex flex-col gap-6 p-6 md:py-8 border border-neutral-200 rounded-lg\">\n\n\t\t\t\t\t<h2 class=\"pl-2 border-l-2 border-l-primary-400 text-neutral-600 text-xl md:text-2xl font-semibold\">\n\t\t\t\tCursos de extens\u00e3o\t\t\t<\/h2>\n\t\t\n\t\t\t\t\t<p class=\"flex-1 text-base md:text-lg text-neutral-500\">\n\t\t\t\tConhe\u00e7a os cursos de extens\u00e3o ofertados pela UFMG.\t\t\t<\/p>\n\t\t\n\t\t\t\t\t<a href=\"http:\/\/150.164.63.212:9000\/portal-novo-test\/cursos\/estude-na-ufmg\/cursos-de-extensao\/\" target=\"_blank\" rel=\"noopener noreferrer\"\t\t\t\tclass=\"w-fit ml-auto flex items-center gap-4 text-primary-300 font-lexend font-medium text-base md:text-lg\">\n\t\t\t\tAcesse aqui\t\t\t\t<i class=\"ti ti-chevron-right text-[1rem] md:text-[1.25rem]\"><\/i>\n\t\t\t<\/a>\n\t\t\t<\/div>\n\n\n\n\t<div class=\"flex flex-col gap-6 p-6 md:py-8 border border-neutral-200 rounded-lg\">\n\n\t\t\t\t\t<h2 class=\"pl-2 border-l-2 border-l-primary-400 text-neutral-600 text-xl md:text-2xl font-semibold\">\n\t\t\t\tExtens\u00e3o na UFMG\t\t\t<\/h2>\n\t\t\n\t\t\t\t\t<p class=\"flex-1 text-base md:text-lg text-neutral-500\">\n\t\t\t\tSaiba mais sobre a extens\u00e3o na UFMG.\t\t\t<\/p>\n\t\t\n\t\t\t\t\t<a href=\"http:\/\/150.164.63.212:9000\/portal-novo-test\/extensao\/\" target=\"_blank\" rel=\"noopener noreferrer\"\t\t\t\tclass=\"w-fit ml-auto flex items-center gap-4 text-primary-300 font-lexend font-medium text-base md:text-lg\">\n\t\t\t\tAcesse aqui\t\t\t\t<i class=\"ti ti-chevron-right text-[1rem] md:text-[1.25rem]\"><\/i>\n\t\t\t<\/a>\n\t\t\t<\/div>\n<\/div>\n\n\n<?xml encoding=\"utf-8\"?><ul class=\"wp-block-ufmg-hub-links [&amp;&gt;li_a]:flex [&amp;&gt;li_a]:items-center [&amp;&gt;li_a]:justify-between [&amp;&gt;li_a]:bg-neutral-50 [&amp;&gt;li_a]:px-4 [&amp;&gt;li_a]:py-3 md:[&amp;&gt;li_a]:py-5 [&amp;&gt;li_a]:border-b [&amp;&gt;li_a]:border-b-neutral-200 [&amp;&gt;li_a]:text-primary-300 [&amp;&gt;li_a]:text-base md:[&amp;&gt;li_a]:text-lg [&amp;&gt;li_a]:font-lexend [&amp;&gt;li_a]:font-medium [&amp;&gt;li_a]:transition-colors [&amp;&gt;li_a&gt;i]:text-[1rem] md:[&amp;&gt;li_a&gt;i]:text-[1.5rem] hover:[&amp;&gt;li_a]:bg-neutral-100 hover:[&amp;&gt;li_a]:border-b-primary-300\"><\/ul>\n\n\n<?xml encoding=\"utf-8\"?><ul class=\"wp-block-ufmg-hub-links [&amp;&gt;li_a]:flex [&amp;&gt;li_a]:items-center [&amp;&gt;li_a]:justify-between [&amp;&gt;li_a]:bg-neutral-50 [&amp;&gt;li_a]:px-4 [&amp;&gt;li_a]:py-3 md:[&amp;&gt;li_a]:py-5 [&amp;&gt;li_a]:border-b [&amp;&gt;li_a]:border-b-neutral-200 [&amp;&gt;li_a]:text-primary-300 [&amp;&gt;li_a]:text-base md:[&amp;&gt;li_a]:text-lg [&amp;&gt;li_a]:font-lexend [&amp;&gt;li_a]:font-medium [&amp;&gt;li_a]:transition-colors [&amp;&gt;li_a&gt;i]:text-[1rem] md:[&amp;&gt;li_a&gt;i]:text-[1.5rem] hover:[&amp;&gt;li_a]:bg-neutral-100 hover:[&amp;&gt;li_a]:border-b-primary-300\"><\/ul>\n","protected":false},"excerpt":{"rendered":"<p>A extens\u00e3o \u00e9 um segmento essencial da UFMG, que objetiva conectar a universidade \u00e0 sociedade. Por meio de a\u00e7\u00f5es que atendem \u00e0s demandas da comunidade, a UFMG compartilha os conhecimentos gerados no ensino e na pesquisa, promovendo o desenvolvimento e a integra\u00e7\u00e3o com o seu entorno.As formas de ingresso nos cursos de extens\u00e3o da UFMG [&hellip;]<\/p>\n","protected":false},"author":1,"featured_media":0,"parent":2901,"menu_order":0,"comment_status":"closed","ping_status":"closed","template":"","meta":{"_acf_changed":false,"footnotes":""},"class_list":["post-8531","page","type-page","status-publish","hentry"],"acf":[],"_links":{"self":[{"href":"http:\/\/150.164.63.212:9000\/portal-novo-test\/wp-json\/wp\/v2\/pages\/8531","targetHints":{"allow":["GET"]}}],"collection":[{"href":"http:\/\/150.164.63.212:9000\/portal-novo-test\/wp-json\/wp\/v2\/pages"}],"about":[{"href":"http:\/\/150.164.63.212:9000\/portal-novo-test\/wp-json\/wp\/v2\/types\/page"}],"author":[{"embeddable":true,"href":"http:\/\/150.164.63.212:9000\/portal-novo-test\/wp-json\/wp\/v2\/users\/1"}],"replies":[{"embeddable":true,"href":"http:\/\/150.164.63.212:9000\/portal-novo-test\/wp-json\/wp\/v2\/comments?post=8531"}],"version-history":[{"count":0,"href":"http:\/\/150.164.63.212:9000\/portal-novo-test\/wp-json\/wp\/v2\/pages\/8531\/revisions"}],"up":[{"embeddable":true,"href":"http:\/\/150.164.63.212:9000\/portal-novo-test\/wp-json\/wp\/v2\/pages\/2901"}],"wp:attachment":[{"href":"http:\/\/150.164.63.212:9000\/portal-novo-test\/wp-json\/wp\/v2\/media?parent=8531"}],"curies":[{"name":"wp","href":"https:\/\/api.w.org\/{rel}","templated":true}]}}