{"id":8578,"date":"2025-09-17T11:58:35","date_gmt":"2025-09-17T14:58:35","guid":{"rendered":"http:\/\/150.164.63.212:9000\/portal-novo-test\/?page_id=8578"},"modified":"2025-09-22T10:20:20","modified_gmt":"2025-09-22T13:20:20","slug":"como-te-apoiamos","status":"publish","type":"page","link":"http:\/\/150.164.63.212:9000\/portal-novo-test\/comunicacao\/como-te-apoiamos\/","title":{"rendered":"Como te apoiamos"},"content":{"rendered":"\n<details class=\"wp-block-ufmg-navigation-menu group py-4\"><summary class=\"bg-neutral-100 text-primary-400 flex items-center gap-2 p-2 rounded [&amp;&gt;i]:text-[1rem] md:[&amp;&gt;i]:text-[1.25rem] group-open:[&amp;&gt;i]:-rotate-180 [&amp;&gt;i]:transition-transform cursor-pointer\"><span class=\"basis-full text-base md:text-lg font-semibold\">Comunica\u00e7\u00e3o Institucional<\/span><i class=\"ti ti-chevrons-down\"><\/i><\/summary><ul class=\"[&amp;_li]:text-base md:[&amp;_li]:text-lg [&amp;_li]:border-b [&amp;_li]:border-b-neutral-200 [&amp;_li]:px-1 [&amp;_li]:py-2 [&amp;_li_a]:block [&amp;_li_a]:py-1 [&amp;_li_a]:pl-4 [&amp;_li_a]:text-neutral-600 [&amp;_li_a]:rounded aria-[current=page]:[&amp;_li_a]:bg-primary-300 aria-[current=page]:[&amp;_li_a]:text-neutral-50 hover:[&amp;_li_a]:bg-primary-300 hover:[&amp;_li_a]:text-neutral-50 [&amp;_li_a]:transition-colors\"><li class=\" wp-block-navigation-item wp-block-navigation-link\"><a class=\"wp-block-navigation-item__content\"  href=\"http:\/\/150.164.63.212:9000\/portal-novo-test\/comunicacao\/cedecom\/\"><span class=\"wp-block-navigation-item__label\">O Centro de Comunica\u00e7\u00e3o (Cedecom)<\/span><\/a><\/li>\n\n<li class=\" wp-block-navigation-item wp-block-navigation-link\"><a class=\"wp-block-navigation-item__content\"  href=\"http:\/\/150.164.63.212:9000\/portal-novo-test\/comunicacao\/como-te-apoiamos\/\"><span class=\"wp-block-navigation-item__label\">Como te apoiamos<\/span><\/a><\/li>\n\n<li class=\" wp-block-navigation-item wp-block-navigation-link\"><a class=\"wp-block-navigation-item__content\"  href=\"http:\/\/150.164.63.212:9000\/portal-novo-test\/comunicacao\/assessoria-de-imprensa\/\"><span class=\"wp-block-navigation-item__label\">Assessoria de Imprensa<\/span><\/a><\/li><\/ul><\/details>\n\n\n\n<p>Como \u00f3rg\u00e3o auxiliar da reitoria, o Cedecom atende a demandas da administra\u00e7\u00e3o central da UFMG. Caso sua demanda seja relacionada a uma unidade acad\u00eamica, unidade especial ou a algum \u00f3rg\u00e3o suplementar, acione a equipe de comunica\u00e7\u00e3o local ou a diretoria da unidade.<\/p>\n\n\n<?xml encoding=\"utf-8\"?><ul class=\"wp-block-ufmg-hub-links [&amp;&gt;li_a]:flex [&amp;&gt;li_a]:items-center [&amp;&gt;li_a]:justify-between [&amp;&gt;li_a]:bg-neutral-50 [&amp;&gt;li_a]:px-4 [&amp;&gt;li_a]:py-3 md:[&amp;&gt;li_a]:py-5 [&amp;&gt;li_a]:border-b [&amp;&gt;li_a]:border-b-neutral-200 [&amp;&gt;li_a]:text-primary-300 [&amp;&gt;li_a]:text-base md:[&amp;&gt;li_a]:text-lg [&amp;&gt;li_a]:font-lexend [&amp;&gt;li_a]:font-medium [&amp;&gt;li_a]:transition-colors [&amp;&gt;li_a&gt;i]:text-[1rem] md:[&amp;&gt;li_a&gt;i]:text-[1.5rem] hover:[&amp;&gt;li_a]:bg-neutral-100 hover:[&amp;&gt;li_a]:border-b-primary-300\"><li class=\" wp-block-navigation-item wp-block-navigation-link\"><a class=\"wp-block-navigation-item__content\" href=\"http:\/\/150.164.63.212:9000\/portal-novo-test\/comunicacao\/o-atendimento-e-as-solucoes\/\"><span class=\"wp-block-navigation-item__label\">O atendimento e as solu&ccedil;&otilde;es<\/span><i class=\"ti ti-chevron-right\"><\/i><\/a><\/li>\n\n<li class=\" wp-block-navigation-item wp-block-navigation-link\"><a class=\"wp-block-navigation-item__content\" href=\"http:\/\/150.164.63.212:9000\/portal-novo-test\/comunicacao\/canais-de-comunicacao\/\"><span class=\"wp-block-navigation-item__label\">Canais de comunica&ccedil;&atilde;o<\/span><i class=\"ti ti-chevron-right\"><\/i><\/a><\/li>\n\n<\/ul>\n\n\n\n<p><\/p>\n","protected":false},"excerpt":{"rendered":"<p>Como \u00f3rg\u00e3o auxiliar da reitoria, o Cedecom atende a demandas da administra\u00e7\u00e3o central da UFMG. Caso sua demanda seja relacionada a uma unidade acad\u00eamica, unidade especial ou a algum \u00f3rg\u00e3o suplementar, acione a equipe de comunica\u00e7\u00e3o local ou a diretoria da unidade.<\/p>\n","protected":false},"author":1,"featured_media":0,"parent":4419,"menu_order":0,"comment_status":"closed","ping_status":"closed","template":"","meta":{"_acf_changed":false,"footnotes":""},"class_list":["post-8578","page","type-page","status-publish","hentry"],"acf":[],"_links":{"self":[{"href":"http:\/\/150.164.63.212:9000\/portal-novo-test\/wp-json\/wp\/v2\/pages\/8578","targetHints":{"allow":["GET"]}}],"collection":[{"href":"http:\/\/150.164.63.212:9000\/portal-novo-test\/wp-json\/wp\/v2\/pages"}],"about":[{"href":"http:\/\/150.164.63.212:9000\/portal-novo-test\/wp-json\/wp\/v2\/types\/page"}],"author":[{"embeddable":true,"href":"http:\/\/150.164.63.212:9000\/portal-novo-test\/wp-json\/wp\/v2\/users\/1"}],"replies":[{"embeddable":true,"href":"http:\/\/150.164.63.212:9000\/portal-novo-test\/wp-json\/wp\/v2\/comments?post=8578"}],"version-history":[{"count":0,"href":"http:\/\/150.164.63.212:9000\/portal-novo-test\/wp-json\/wp\/v2\/pages\/8578\/revisions"}],"up":[{"embeddable":true,"href":"http:\/\/150.164.63.212:9000\/portal-novo-test\/wp-json\/wp\/v2\/pages\/4419"}],"wp:attachment":[{"href":"http:\/\/150.164.63.212:9000\/portal-novo-test\/wp-json\/wp\/v2\/media?parent=8578"}],"curies":[{"name":"wp","href":"https:\/\/api.w.org\/{rel}","templated":true}]}}