{"id":9127,"date":"2025-09-22T09:51:28","date_gmt":"2025-09-22T12:51:28","guid":{"rendered":"http:\/\/150.164.63.212:9000\/portal-novo-test\/?page_id=9127"},"modified":"2025-10-14T13:04:36","modified_gmt":"2025-10-14T16:04:36","slug":"projetos-de-pesquisa","status":"publish","type":"page","link":"http:\/\/150.164.63.212:9000\/portal-novo-test\/pesquisa-e-inovacao\/pesquisadores-e-producao-cientifica\/projetos-de-pesquisa\/","title":{"rendered":"Projetos de Pesquisa"},"content":{"rendered":"\n<p>O <a href=\"https:\/\/www2.ufmg.br\/sods\/Sods\/Sobre-a-UFMG\/Estatuto\" target=\"_blank\" rel=\"noreferrer noopener\">Estatuto<\/a> da UFMG prev\u00ea a indissociabilidade entre as atividades de Ensino, Pesquisa e Extens\u00e3o. Na Universidade, a n\u00edvel de gradua\u00e7\u00e3o, essa integra\u00e7\u00e3o inclui o envolvimento de estudantes em projetos de pesquisa, principalmente por meio dos programas de inicia\u00e7\u00e3o cient\u00edfica. Enquanto na p\u00f3s-gradua\u00e7\u00e3o <em>stricto sensu<\/em>, desde o seu estabelecimento na UFMG, o treinamento e a pr\u00e1tica em pesquisa foram estabelecidos como fundamentais.\u00a0<\/p>\n\n\n\n<p>O eixo da Extens\u00e3o tamb\u00e9m desempenha um papel importante ao fornecer quest\u00f5es significativas para projetos de pesquisa. Os laborat\u00f3rios e grupos de pesquisa da Universidade oferecem servi\u00e7os altamente qualificados \u00e0 comunidade externa, empresas, organiza\u00e7\u00f5es sociais e governamentais. A intera\u00e7\u00e3o entre pesquisa e extens\u00e3o tem se intensificado ao longo dos anos, com grupos atuando em diversas \u00e1reas do conhecimento.&nbsp;<\/p>\n","protected":false},"excerpt":{"rendered":"<p>O Estatuto da UFMG prev\u00ea a indissociabilidade entre as atividades de Ensino, Pesquisa e Extens\u00e3o. Na Universidade, a n\u00edvel de gradua\u00e7\u00e3o, essa integra\u00e7\u00e3o inclui o envolvimento de estudantes em projetos de pesquisa, principalmente por meio dos programas de inicia\u00e7\u00e3o cient\u00edfica. Enquanto na p\u00f3s-gradua\u00e7\u00e3o stricto sensu, desde o seu estabelecimento na UFMG, o treinamento e a [&hellip;]<\/p>\n","protected":false},"author":1,"featured_media":0,"parent":8827,"menu_order":0,"comment_status":"closed","ping_status":"closed","template":"","meta":{"_acf_changed":false,"footnotes":""},"class_list":["post-9127","page","type-page","status-publish","hentry"],"acf":[],"_links":{"self":[{"href":"http:\/\/150.164.63.212:9000\/portal-novo-test\/wp-json\/wp\/v2\/pages\/9127","targetHints":{"allow":["GET"]}}],"collection":[{"href":"http:\/\/150.164.63.212:9000\/portal-novo-test\/wp-json\/wp\/v2\/pages"}],"about":[{"href":"http:\/\/150.164.63.212:9000\/portal-novo-test\/wp-json\/wp\/v2\/types\/page"}],"author":[{"embeddable":true,"href":"http:\/\/150.164.63.212:9000\/portal-novo-test\/wp-json\/wp\/v2\/users\/1"}],"replies":[{"embeddable":true,"href":"http:\/\/150.164.63.212:9000\/portal-novo-test\/wp-json\/wp\/v2\/comments?post=9127"}],"version-history":[{"count":0,"href":"http:\/\/150.164.63.212:9000\/portal-novo-test\/wp-json\/wp\/v2\/pages\/9127\/revisions"}],"up":[{"embeddable":true,"href":"http:\/\/150.164.63.212:9000\/portal-novo-test\/wp-json\/wp\/v2\/pages\/8827"}],"wp:attachment":[{"href":"http:\/\/150.164.63.212:9000\/portal-novo-test\/wp-json\/wp\/v2\/media?parent=9127"}],"curies":[{"name":"wp","href":"https:\/\/api.w.org\/{rel}","templated":true}]}}