{"id":9207,"date":"2025-10-06T13:48:00","date_gmt":"2025-10-06T16:48:00","guid":{"rendered":"http:\/\/150.164.63.212:9000\/portal-novo-test\/?page_id=9207"},"modified":"2025-10-06T13:48:00","modified_gmt":"2025-10-06T16:48:00","slug":"matricula-e-trancamento","status":"publish","type":"page","link":"http:\/\/150.164.63.212:9000\/portal-novo-test\/vida-academica\/dicas-academicas\/matricula-e-trancamento\/","title":{"rendered":"Matr\u00edcula e Trancamento"},"content":{"rendered":"\n<p>Os t\u00f3picos relacionados \u00e0 matr\u00edcula, trancamento e desligamento s\u00e3o fundamentais na manuten\u00e7\u00e3o do v\u00ednculo dos estudantes com a Universidade. Conhe\u00e7a mais sobre esses procedimentos:<\/p>\n\n\n\n<div class=\"wp-block-ufmg-details-group\"><?xml encoding=\"utf-8\"?><details class=\"group\/accordion\"><summary class=\"flex gap-4 items-center bg-neutral-50 border-x border-t group-last-of-type\/accordion:border-b border-neutral-200 group-open\/accordion:border-primary-300 group-open\/accordion:bg-primary-300 p-3 group-[&amp;:first-of-type]\/accordion:rounded-t group-[&amp;:last-of-type]\/accordion:rounded-b group-open\/accordion:[&amp;:last-of-type]:rounded-b-none text-neutral-600 group-open\/accordion:text-neutral-50 text-lg font-semibold [&amp;&gt;i]:text-[1.5rem] group-open\/accordion:[&amp;&gt;i]:text-neutral-50 [&amp;&gt;i]:text-primary-300 group-open\/accordion:[&amp;&gt;i]:-rotate-180 [&amp;&gt;i]:transition-transform transition-colors cursor-pointer\"><span class=\"grow\">Registro e Matr&iacute;cula (Calouros)<\/span><i class=\"ti ti-chevron-down\"><\/i><\/summary><div class=\"space-y-4 p-3 border-x group-[&amp;:last-of-type]\/accordion:border-b border-neutral-200 text-base text-neutral-400 group-[&amp;:last-of-type]\/accordion:rounded-bl group-[&amp;:last-of-type]\/accordion:rounded-br [&amp;_.wp-block-heading+p]:!mt-0\">\n<p>O&nbsp;<strong>registro acad&ecirc;mico<\/strong>&nbsp;&eacute; um ato acad&ecirc;mico obrigat&oacute;rio que formaliza a entrada do candidato na UFMG. No registro, os candidatos selecionados fornecem &agrave; UFMG dados pessoais e acad&ecirc;micos para efetuar o cadastro na Universidade. Para mais informa&ccedil;&otilde;es, <a href=\"https:\/\/www.ufmg.br\/sisu\/registro-e-matricula\/\" target=\"_blank\" rel=\"noreferrer noopener\">acesse o SiSU UFMG<\/a>.<\/p>\n\n\n\n<p><\/p>\n\n\n\n<p>A&nbsp;<strong>matr&iacute;cula&nbsp;<\/strong>&eacute; o ato posterior ao registro. A primeira matr&iacute;cula &eacute; autom&aacute;tica para todas as atividades acad&ecirc;micas obrigat&oacute;rias do 1&ordm; per&iacute;odo letivo curricular do curso. As matr&iacute;culas subsequentes ser&atilde;o realizadas pelos pr&oacute;prios estudantes em datas determinadas no <a href=\"http:\/\/150.164.63.212:9000\/portal-novo-test\/a-universidade\/calendario-escolar\/\" target=\"_blank\" rel=\"noreferrer noopener\">Calend&aacute;rio Escolar<\/a>. <\/p>\n<\/div><\/details>\n\n\n<?xml encoding=\"utf-8\"?><details class=\"group\/accordion\"><summary class=\"flex gap-4 items-center bg-neutral-50 border-x border-t group-last-of-type\/accordion:border-b border-neutral-200 group-open\/accordion:border-primary-300 group-open\/accordion:bg-primary-300 p-3 group-[&amp;:first-of-type]\/accordion:rounded-t group-[&amp;:last-of-type]\/accordion:rounded-b group-open\/accordion:[&amp;:last-of-type]:rounded-b-none text-neutral-600 group-open\/accordion:text-neutral-50 text-lg font-semibold [&amp;&gt;i]:text-[1.5rem] group-open\/accordion:[&amp;&gt;i]:text-neutral-50 [&amp;&gt;i]:text-primary-300 group-open\/accordion:[&amp;&gt;i]:-rotate-180 [&amp;&gt;i]:transition-transform transition-colors cursor-pointer\"><span class=\"grow\">Matr&iacute;cula Semestral (Veteranos)<\/span><i class=\"ti ti-chevron-down\"><\/i><\/summary><div class=\"space-y-4 p-3 border-x group-[&amp;:last-of-type]\/accordion:border-b border-neutral-200 text-base text-neutral-400 group-[&amp;:last-of-type]\/accordion:rounded-bl group-[&amp;:last-of-type]\/accordion:rounded-br [&amp;_.wp-block-heading+p]:!mt-0\">\n<p>Ap&oacute;s o seu 1&ordm; per&iacute;odo letivo, os estudantes da gradua&ccedil;&atilde;o s&atilde;o respons&aacute;veis por efetuar a <strong>matr&iacute;cula<\/strong> em atividades acad&ecirc;micas curriculares que pretendem cursar. O requerimento de matr&iacute;cula deve ser preenchido, via Siga UFMG, durante o per&iacute;odo determinado no <a href=\"http:\/\/150.164.63.212:9000\/portal-novo-test\/a-universidade\/calendario-escolar\/\" target=\"_blank\" rel=\"noreferrer noopener\">Calend&aacute;rio Escolar<\/a>. Os estudantes que n&atilde;o efetivarem a matr&iacute;cula no prazo definido, caso n&atilde;o tenham obtido trancamento total da matr&iacute;cula, poder&atilde;o ser desligados da Universidade, de acordo com as <a href=\"https:\/\/www.ufmg.br\/prograd\/normas-gerais-de-graduacao-e-resolucoes\/\" target=\"_blank\" rel=\"noreferrer noopener\">Normas Gerais da Gradua&ccedil;&atilde;o<\/a>.<\/p>\n\n\n\n<p>A matr&iacute;cula nos cursos de gradua&ccedil;&atilde;o da UFMG &eacute; divida em quatro fases, consulte o <a href=\"https:\/\/www.ufmg.br\/prograd\/matriculas\/\" target=\"_blank\" rel=\"noreferrer noopener\">site da Pr&oacute;-reitoria de Gradua&ccedil;&atilde;o<\/a> (PROGRAD) para mais informa&ccedil;&otilde;es.<\/p>\n\n\n\n<p><\/p>\n\n\n\n<p>Para conhecer os procedimentos da matr&iacute;cula, <a href=\"https:\/\/www.ufmg.br\/online\/arquivos\/anexos\/Manua-aluno-matricula.pdf\" target=\"_blank\" rel=\"noreferrer noopener\">confira o manual<\/a> produzido pela Pr&oacute;-reitoria de Gradua&ccedil;&atilde;o (PROGRAD).<\/p>\n<\/div><\/details>\n\n\n<?xml encoding=\"utf-8\"?><details class=\"group\/accordion\"><summary class=\"flex gap-4 items-center bg-neutral-50 border-x border-t group-last-of-type\/accordion:border-b border-neutral-200 group-open\/accordion:border-primary-300 group-open\/accordion:bg-primary-300 p-3 group-[&amp;:first-of-type]\/accordion:rounded-t group-[&amp;:last-of-type]\/accordion:rounded-b group-open\/accordion:[&amp;:last-of-type]:rounded-b-none text-neutral-600 group-open\/accordion:text-neutral-50 text-lg font-semibold [&amp;&gt;i]:text-[1.5rem] group-open\/accordion:[&amp;&gt;i]:text-neutral-50 [&amp;&gt;i]:text-primary-300 group-open\/accordion:[&amp;&gt;i]:-rotate-180 [&amp;&gt;i]:transition-transform transition-colors cursor-pointer\"><span class=\"grow\">Matr&iacute;cula em Disciplina Isolada na Gradua&ccedil;&atilde;o<\/span><i class=\"ti ti-chevron-down\"><\/i><\/summary><div class=\"space-y-4 p-3 border-x group-[&amp;:last-of-type]\/accordion:border-b border-neutral-200 text-base text-neutral-400 group-[&amp;:last-of-type]\/accordion:rounded-bl group-[&amp;:last-of-type]\/accordion:rounded-br [&amp;_.wp-block-heading+p]:!mt-0\">\n<p>Pessoas n&atilde;o pertencentes ao corpo discente da UFMG podem fazer matr&iacute;cula em disciplinas dos curr&iacute;culos dos cursos de gradua&ccedil;&atilde;o. A modalidade possibilita complementa&ccedil;&atilde;o ou atualiza&ccedil;&atilde;o de conhecimento. <\/p>\n\n\n\n<p><\/p>\n\n\n\n<p>Mais informa&ccedil;&otilde;es no <a href=\"https:\/\/www2.ufmg.br\/drca\/drca\/Home\/Pos-Graduacao\/Disciplina-Isolada\" target=\"_blank\" rel=\"noreferrer noopener\">site da Diretoria de Registro e Controle Acad&ecirc;mico<\/a> (DRCA).<\/p>\n<\/div><\/details>\n\n\n<?xml encoding=\"utf-8\"?><details class=\"group\/accordion\"><summary class=\"flex gap-4 items-center bg-neutral-50 border-x border-t group-last-of-type\/accordion:border-b border-neutral-200 group-open\/accordion:border-primary-300 group-open\/accordion:bg-primary-300 p-3 group-[&amp;:first-of-type]\/accordion:rounded-t group-[&amp;:last-of-type]\/accordion:rounded-b group-open\/accordion:[&amp;:last-of-type]:rounded-b-none text-neutral-600 group-open\/accordion:text-neutral-50 text-lg font-semibold [&amp;&gt;i]:text-[1.5rem] group-open\/accordion:[&amp;&gt;i]:text-neutral-50 [&amp;&gt;i]:text-primary-300 group-open\/accordion:[&amp;&gt;i]:-rotate-180 [&amp;&gt;i]:transition-transform transition-colors cursor-pointer\"><span class=\"grow\">Trancamento Parcial<\/span><i class=\"ti ti-chevron-down\"><\/i><\/summary><div class=\"space-y-4 p-3 border-x group-[&amp;:last-of-type]\/accordion:border-b border-neutral-200 text-base text-neutral-400 group-[&amp;:last-of-type]\/accordion:rounded-bl group-[&amp;:last-of-type]\/accordion:rounded-br [&amp;_.wp-block-heading+p]:!mt-0\">\n<p>O <strong>trancamento parcial<\/strong> consiste no cancelamento da matr&iacute;cula em atividades curriculares espec&iacute;ficas, de acordo com a solicita&ccedil;&atilde;o do estudante. O pedido de trancamento deve ser enviado, via sistema SiGA, durante o per&iacute;odo estabelecido no <a href=\"http:\/\/150.164.63.212:9000\/portal-novo-test\/a-universidade\/calendario-escolar\/\" target=\"_blank\" rel=\"noreferrer noopener\">Calend&aacute;rio Escolar<\/a>.&nbsp;<\/p>\n\n\n\n<p><\/p>\n\n\n\n<p>A solicita&ccedil;&atilde;o pode ser enviada com ou sem justificativas. No primeiro caso, n&atilde;o h&aacute; n&uacute;mero m&aacute;ximo de pedidos e o Colegiado do curso avaliar&aacute; as circunst&acirc;ncias para aprovar ou recusar o requerimento. No segundo caso, h&aacute; um limite no n&uacute;mero de solicita&ccedil;&otilde;es, calculado a partir do per&iacute;odo de integraliza&ccedil;&atilde;o de cada curso.<\/p>\n<\/div><\/details>\n\n\n<?xml encoding=\"utf-8\"?><details class=\"group\/accordion\"><summary class=\"flex gap-4 items-center bg-neutral-50 border-x border-t group-last-of-type\/accordion:border-b border-neutral-200 group-open\/accordion:border-primary-300 group-open\/accordion:bg-primary-300 p-3 group-[&amp;:first-of-type]\/accordion:rounded-t group-[&amp;:last-of-type]\/accordion:rounded-b group-open\/accordion:[&amp;:last-of-type]:rounded-b-none text-neutral-600 group-open\/accordion:text-neutral-50 text-lg font-semibold [&amp;&gt;i]:text-[1.5rem] group-open\/accordion:[&amp;&gt;i]:text-neutral-50 [&amp;&gt;i]:text-primary-300 group-open\/accordion:[&amp;&gt;i]:-rotate-180 [&amp;&gt;i]:transition-transform transition-colors cursor-pointer\"><span class=\"grow\">Trancamento Total<\/span><i class=\"ti ti-chevron-down\"><\/i><\/summary><div class=\"space-y-4 p-3 border-x group-[&amp;:last-of-type]\/accordion:border-b border-neutral-200 text-base text-neutral-400 group-[&amp;:last-of-type]\/accordion:rounded-bl group-[&amp;:last-of-type]\/accordion:rounded-br [&amp;_.wp-block-heading+p]:!mt-0\">\n<p>O <strong>trancamento total<\/strong> consiste na aprova&ccedil;&atilde;o para que o estudante n&atilde;o desenvolva nenhuma atividade acad&ecirc;mica curricular durante o per&iacute;odo letivo. Os estudantes cursando o primeiro per&iacute;odo letivo n&atilde;o podem solicitar trancamento total sem justificativa. Al&eacute;m disso, os discentes devem estar cientes que os per&iacute;odos em trancamento total s&atilde;o contabilizados no tempo m&aacute;ximo de integraliza&ccedil;&atilde;o do curso.<\/p>\n\n\n\n<p><\/p>\n\n\n\n<p>O discente pode solicitar o trancamento sem justificativa uma &uacute;nica vez, podendo requisitar outros trancamentos com justificativas sob avalia&ccedil;&atilde;o do Colegiado do curso. O n&uacute;mero m&aacute;ximo de solicita&ccedil;&otilde;es &eacute; calculado a partir do tempo de integraliza&ccedil;&atilde;o do curso. <\/p>\n\n\n\n<p><\/p>\n\n\n\n<p>Os pedidos de trancamento total devem ser feitos via sistema SiGA. Informa&ccedil;&otilde;es sobre os prazos de solicita&ccedil;&atilde;o podem ser consultados na Se&ccedil;&atilde;o V das <a href=\"https:\/\/www.ufmg.br\/prograd\/normas-gerais-de-graduacao-e-resolucoes\/\" target=\"_blank\" rel=\"noreferrer noopener\">Normas Gerais de Gradua&ccedil;&atilde;o<\/a>.<\/p>\n<\/div><\/details>\n\n\n<?xml encoding=\"utf-8\"?><details class=\"group\/accordion\"><summary class=\"flex gap-4 items-center bg-neutral-50 border-x border-t group-last-of-type\/accordion:border-b border-neutral-200 group-open\/accordion:border-primary-300 group-open\/accordion:bg-primary-300 p-3 group-[&amp;:first-of-type]\/accordion:rounded-t group-[&amp;:last-of-type]\/accordion:rounded-b group-open\/accordion:[&amp;:last-of-type]:rounded-b-none text-neutral-600 group-open\/accordion:text-neutral-50 text-lg font-semibold [&amp;&gt;i]:text-[1.5rem] group-open\/accordion:[&amp;&gt;i]:text-neutral-50 [&amp;&gt;i]:text-primary-300 group-open\/accordion:[&amp;&gt;i]:-rotate-180 [&amp;&gt;i]:transition-transform transition-colors cursor-pointer\"><span class=\"grow\">Desligamento<\/span><i class=\"ti ti-chevron-down\"><\/i><\/summary><div class=\"space-y-4 p-3 border-x group-[&amp;:last-of-type]\/accordion:border-b border-neutral-200 text-base text-neutral-400 group-[&amp;:last-of-type]\/accordion:rounded-bl group-[&amp;:last-of-type]\/accordion:rounded-br [&amp;_.wp-block-heading+p]:!mt-0\">\n<p>O <strong>desligamento<\/strong> consiste na extin&ccedil;&atilde;o do v&iacute;nculo do estudante com a UFMG. Ser&aacute; desligado da Universidade o discente que efetuar alguma das ocorr&ecirc;ncias indicadas no Art 87 das <a href=\"https:\/\/www.ufmg.br\/prograd\/normas-gerais-de-graduacao-e-resolucoes\/\" target=\"_blank\" rel=\"noreferrer noopener\">Normas Gerais da Gradua&ccedil;&atilde;o<\/a>.<\/p>\n<\/div><\/details>\n\n\n<?xml encoding=\"utf-8\"?><details class=\"group\/accordion\"><summary class=\"flex gap-4 items-center bg-neutral-50 border-x border-t group-last-of-type\/accordion:border-b border-neutral-200 group-open\/accordion:border-primary-300 group-open\/accordion:bg-primary-300 p-3 group-[&amp;:first-of-type]\/accordion:rounded-t group-[&amp;:last-of-type]\/accordion:rounded-b group-open\/accordion:[&amp;:last-of-type]:rounded-b-none text-neutral-600 group-open\/accordion:text-neutral-50 text-lg font-semibold [&amp;&gt;i]:text-[1.5rem] group-open\/accordion:[&amp;&gt;i]:text-neutral-50 [&amp;&gt;i]:text-primary-300 group-open\/accordion:[&amp;&gt;i]:-rotate-180 [&amp;&gt;i]:transition-transform transition-colors cursor-pointer\"><span class=\"grow\">Revis&atilde;o do Desligamento<\/span><i class=\"ti ti-chevron-down\"><\/i><\/summary><div class=\"space-y-4 p-3 border-x group-[&amp;:last-of-type]\/accordion:border-b border-neutral-200 text-base text-neutral-400 group-[&amp;:last-of-type]\/accordion:rounded-bl group-[&amp;:last-of-type]\/accordion:rounded-br [&amp;_.wp-block-heading+p]:!mt-0\">\n<p>Ap&oacute;s o recebimento da comunica&ccedil;&atilde;o do seu desligamento, o estudante ter&aacute; 10 (dez) dias corridos para solicitar a revis&atilde;o dessa decis&atilde;o, pelo sistema SiGAUFMG, de acordo com o <a href=\"https:\/\/www2.ufmg.br\/drca\/drca\/Home\/ACONTECE\/Informativo-Requerimento-Online-de-Revisao-de-Desligamento-e-de-Transformacao-de-Matricula-Regular-em-Matricula-Isolada-para-Estudantes-de-Graduacao\" target=\"_blank\" rel=\"noreferrer noopener\">tutorial<\/a> organizado pelo Departamento de Registro e Controle Acad&ecirc;mico (DRCA).<\/p>\n\n\n\n<p><\/p>\n\n\n\n<p>O discente n&atilde;o ter&aacute; a revis&atilde;o do pedido atendida se, anteriormente, tiver sido contemplado com outra revis&atilde;o de desligamento ou com extens&atilde;o do tempo m&aacute;ximo de integraliza&ccedil;&atilde;o.<\/p>\n\n\n\n<p>Para mais informa&ccedil;&otilde;es, consulte a Se&ccedil;&atilde;o III das <a href=\"https:\/\/www.ufmg.br\/prograd\/normas-gerais-de-graduacao-e-resolucoes\/\" target=\"_blank\" rel=\"noreferrer noopener\">Normas Gerais da Gradua&ccedil;&atilde;o<\/a>.<\/p>\n<\/div><\/details>\n<\/div>\n\n\n\n<p>Confira tamb\u00e9m o v\u00eddeo institucional, com recursos de acessibilidade, divulgado pela UFMG sobre Matr\u00edcula e Trancamento:<\/p>\n\n\n\n<figure class=\"wp-block-embed is-type-video is-provider-youtube wp-block-embed-youtube wp-embed-aspect-16-9 wp-has-aspect-ratio\"><div class=\"wp-block-embed__wrapper\">\n<iframe loading=\"lazy\" title=\"Normas Gerais de Gradua\u00e7\u00e3o - Matr\u00edcula e trancamento\" width=\"640\" height=\"360\" src=\"https:\/\/www.youtube.com\/embed\/54IgT_Ztn0M?feature=oembed\" frameborder=\"0\" allow=\"accelerometer; autoplay; clipboard-write; encrypted-media; gyroscope; picture-in-picture; web-share\" referrerpolicy=\"strict-origin-when-cross-origin\" allowfullscreen><\/iframe>\n<\/div><\/figure>\n\n\n\n<p><\/p>\n\n\n\n<p><\/p>\n\n\n\n<p><\/p>\n","protected":false},"excerpt":{"rendered":"<p>Os t\u00f3picos relacionados \u00e0 matr\u00edcula, trancamento e desligamento s\u00e3o fundamentais na manuten\u00e7\u00e3o do v\u00ednculo dos estudantes com a Universidade. Conhe\u00e7a mais sobre esses procedimentos: Confira tamb\u00e9m o v\u00eddeo institucional, com recursos de acessibilidade, divulgado pela UFMG sobre Matr\u00edcula e Trancamento:<\/p>\n","protected":false},"author":1,"featured_media":0,"parent":9253,"menu_order":0,"comment_status":"closed","ping_status":"closed","template":"","meta":{"_acf_changed":false,"footnotes":""},"class_list":["post-9207","page","type-page","status-publish","hentry"],"acf":[],"_links":{"self":[{"href":"http:\/\/150.164.63.212:9000\/portal-novo-test\/wp-json\/wp\/v2\/pages\/9207","targetHints":{"allow":["GET"]}}],"collection":[{"href":"http:\/\/150.164.63.212:9000\/portal-novo-test\/wp-json\/wp\/v2\/pages"}],"about":[{"href":"http:\/\/150.164.63.212:9000\/portal-novo-test\/wp-json\/wp\/v2\/types\/page"}],"author":[{"embeddable":true,"href":"http:\/\/150.164.63.212:9000\/portal-novo-test\/wp-json\/wp\/v2\/users\/1"}],"replies":[{"embeddable":true,"href":"http:\/\/150.164.63.212:9000\/portal-novo-test\/wp-json\/wp\/v2\/comments?post=9207"}],"version-history":[{"count":0,"href":"http:\/\/150.164.63.212:9000\/portal-novo-test\/wp-json\/wp\/v2\/pages\/9207\/revisions"}],"up":[{"embeddable":true,"href":"http:\/\/150.164.63.212:9000\/portal-novo-test\/wp-json\/wp\/v2\/pages\/9253"}],"wp:attachment":[{"href":"http:\/\/150.164.63.212:9000\/portal-novo-test\/wp-json\/wp\/v2\/media?parent=9207"}],"curies":[{"name":"wp","href":"https:\/\/api.w.org\/{rel}","templated":true}]}}