{"id":9253,"date":"2025-10-06T13:45:40","date_gmt":"2025-10-06T16:45:40","guid":{"rendered":"http:\/\/150.164.63.212:9000\/portal-novo-test\/?page_id=9253"},"modified":"2025-10-08T15:14:51","modified_gmt":"2025-10-08T18:14:51","slug":"dicas-academicas","status":"publish","type":"page","link":"http:\/\/150.164.63.212:9000\/portal-novo-test\/vida-academica\/dicas-academicas\/","title":{"rendered":"Dicas Acad\u00eamicas"},"content":{"rendered":"\n<p>A gradua\u00e7\u00e3o da UFMG oferece uma forma\u00e7\u00e3o s\u00f3lida, inclusiva e diversificada aos estudantes. Al\u00e9m de oferecer capacita\u00e7\u00e3o cient\u00edfica, acad\u00eamica e profissional de excel\u00eancia, a Universidade tamb\u00e9m disponibiliza oportunidades de expans\u00e3o e diversifica\u00e7\u00e3o do conhecimento por meio de experi\u00eancias internacionais, extensionistas e transversais.<\/p>\n\n\n\n<p>Essa p\u00e1gina pretende reunir informa\u00e7\u00f5es fundamentais para compreender o funcionamento da gradua\u00e7\u00e3o da UFMG, al\u00e9m de apresentar possibilidades m\u00faltiplas que os graduandos da Universidade podem escolher durante sua trajet\u00f3ria acad\u00eamica. <\/p>\n\n\n\n<p>Conhe\u00e7a as normas, procedimentos, informa\u00e7\u00f5es e possibilidades que estruturam a gradua\u00e7\u00e3o da UFMG:<\/p>\n\n\n\n<div class=\"wp-block-ufmg-details-group\"><?xml encoding=\"utf-8\"?><details class=\"group\/accordion\"><summary class=\"flex gap-4 items-center bg-neutral-50 border-x border-t group-last-of-type\/accordion:border-b border-neutral-200 group-open\/accordion:border-primary-300 group-open\/accordion:bg-primary-300 p-3 group-[&amp;:first-of-type]\/accordion:rounded-t group-[&amp;:last-of-type]\/accordion:rounded-b group-open\/accordion:[&amp;:last-of-type]:rounded-b-none text-neutral-600 group-open\/accordion:text-neutral-50 text-lg font-semibold [&amp;&gt;i]:text-[1.5rem] group-open\/accordion:[&amp;&gt;i]:text-neutral-50 [&amp;&gt;i]:text-primary-300 group-open\/accordion:[&amp;&gt;i]:-rotate-180 [&amp;&gt;i]:transition-transform transition-colors cursor-pointer\"><span class=\"grow\">Normas Gerais da Gradua&ccedil;&atilde;o<\/span><i class=\"ti ti-chevron-down\"><\/i><\/summary><div class=\"space-y-4 p-3 border-x group-[&amp;:last-of-type]\/accordion:border-b border-neutral-200 text-base text-neutral-400 group-[&amp;:last-of-type]\/accordion:rounded-bl group-[&amp;:last-of-type]\/accordion:rounded-br [&amp;_.wp-block-heading+p]:!mt-0\">\n<p>As Normas Gerais da Gradua&ccedil;&atilde;o (NGG) regulamentam e estruturam os cursos de gradua&ccedil;&atilde;o da UFMG. <a href=\"http:\/\/150.164.63.212:9000\/portal-novo-test\/?page_id=9254&amp;preview=true\" target=\"_blank\" rel=\"noreferrer noopener\">Saiba mais<\/a>. <\/p>\n<\/div><\/details>\n\n\n<?xml encoding=\"utf-8\"?><details class=\"group\/accordion\"><summary class=\"flex gap-4 items-center bg-neutral-50 border-x border-t group-last-of-type\/accordion:border-b border-neutral-200 group-open\/accordion:border-primary-300 group-open\/accordion:bg-primary-300 p-3 group-[&amp;:first-of-type]\/accordion:rounded-t group-[&amp;:last-of-type]\/accordion:rounded-b group-open\/accordion:[&amp;:last-of-type]:rounded-b-none text-neutral-600 group-open\/accordion:text-neutral-50 text-lg font-semibold [&amp;&gt;i]:text-[1.5rem] group-open\/accordion:[&amp;&gt;i]:text-neutral-50 [&amp;&gt;i]:text-primary-300 group-open\/accordion:[&amp;&gt;i]:-rotate-180 [&amp;&gt;i]:transition-transform transition-colors cursor-pointer\"><span class=\"grow\">Matr&iacute;cula e Trancamento <\/span><i class=\"ti ti-chevron-down\"><\/i><\/summary><div class=\"space-y-4 p-3 border-x group-[&amp;:last-of-type]\/accordion:border-b border-neutral-200 text-base text-neutral-400 group-[&amp;:last-of-type]\/accordion:rounded-bl group-[&amp;:last-of-type]\/accordion:rounded-br [&amp;_.wp-block-heading+p]:!mt-0\">\n<p>A matr&iacute;cula e o trancamento s&atilde;o t&oacute;picos fundamentais para a manuten&ccedil;&atilde;o do v&iacute;nculo do discente com a UFMG. <a href=\"http:\/\/150.164.63.212:9000\/portal-novo-test\/?page_id=9207&amp;preview=true\" target=\"_blank\" rel=\"noreferrer noopener\">Saiba mais<\/a>. <\/p>\n<\/div><\/details>\n\n\n<?xml encoding=\"utf-8\"?><details class=\"group\/accordion\"><summary class=\"flex gap-4 items-center bg-neutral-50 border-x border-t group-last-of-type\/accordion:border-b border-neutral-200 group-open\/accordion:border-primary-300 group-open\/accordion:bg-primary-300 p-3 group-[&amp;:first-of-type]\/accordion:rounded-t group-[&amp;:last-of-type]\/accordion:rounded-b group-open\/accordion:[&amp;:last-of-type]:rounded-b-none text-neutral-600 group-open\/accordion:text-neutral-50 text-lg font-semibold [&amp;&gt;i]:text-[1.5rem] group-open\/accordion:[&amp;&gt;i]:text-neutral-50 [&amp;&gt;i]:text-primary-300 group-open\/accordion:[&amp;&gt;i]:-rotate-180 [&amp;&gt;i]:transition-transform transition-colors cursor-pointer\"><span class=\"grow\">Entenda seu Percurso Universit&aacute;rio<\/span><i class=\"ti ti-chevron-down\"><\/i><\/summary><div class=\"space-y-4 p-3 border-x group-[&amp;:last-of-type]\/accordion:border-b border-neutral-200 text-base text-neutral-400 group-[&amp;:last-of-type]\/accordion:rounded-bl group-[&amp;:last-of-type]\/accordion:rounded-br [&amp;_.wp-block-heading+p]:!mt-0\">\n<p>Com uma forma&ccedil;&atilde;o estruturada no ensino, pesquisa e extens&atilde;o, a UFMG re&uacute;ne conceitos, regras e termos que regem o funcionamento da gradua&ccedil;&atilde;o. <a href=\"http:\/\/150.164.63.212:9000\/portal-novo-test\/wp\/wp-admin\/post.php?post=9339&amp;action=edit\" target=\"_blank\" rel=\"noreferrer noopener\">Saiba mais<\/a>. <\/p>\n<\/div><\/details>\n\n\n<?xml encoding=\"utf-8\"?><details class=\"group\/accordion\"><summary class=\"flex gap-4 items-center bg-neutral-50 border-x border-t group-last-of-type\/accordion:border-b border-neutral-200 group-open\/accordion:border-primary-300 group-open\/accordion:bg-primary-300 p-3 group-[&amp;:first-of-type]\/accordion:rounded-t group-[&amp;:last-of-type]\/accordion:rounded-b group-open\/accordion:[&amp;:last-of-type]:rounded-b-none text-neutral-600 group-open\/accordion:text-neutral-50 text-lg font-semibold [&amp;&gt;i]:text-[1.5rem] group-open\/accordion:[&amp;&gt;i]:text-neutral-50 [&amp;&gt;i]:text-primary-300 group-open\/accordion:[&amp;&gt;i]:-rotate-180 [&amp;&gt;i]:transition-transform transition-colors cursor-pointer\"><span class=\"grow\">Personalize sua Forma&ccedil;&atilde;o<\/span><i class=\"ti ti-chevron-down\"><\/i><\/summary><div class=\"space-y-4 p-3 border-x group-[&amp;:last-of-type]\/accordion:border-b border-neutral-200 text-base text-neutral-400 group-[&amp;:last-of-type]\/accordion:rounded-bl group-[&amp;:last-of-type]\/accordion:rounded-br [&amp;_.wp-block-heading+p]:!mt-0\">\n<p>Al&eacute;m dos percursos tradicionais da gradua&ccedil;&atilde;o, a UFMG oferece aos estudantes diversas possibilidades para personalizar a pr&oacute;pria trajet&oacute;ria acad&ecirc;mica. <a href=\"http:\/\/150.164.63.212:9000\/portal-novo-test\/?page_id=9340&amp;preview=true\" target=\"_blank\" rel=\"noreferrer noopener\">Saiba mais<\/a>.<\/p>\n<\/div><\/details>\n<\/div>\n\n\n\n<p><\/p>\n","protected":false},"excerpt":{"rendered":"<p>A gradua\u00e7\u00e3o da UFMG oferece uma forma\u00e7\u00e3o s\u00f3lida, inclusiva e diversificada aos estudantes. Al\u00e9m de oferecer capacita\u00e7\u00e3o cient\u00edfica, acad\u00eamica e profissional de excel\u00eancia, a Universidade tamb\u00e9m disponibiliza oportunidades de expans\u00e3o e diversifica\u00e7\u00e3o do conhecimento por meio de experi\u00eancias internacionais, extensionistas e transversais. Essa p\u00e1gina pretende reunir informa\u00e7\u00f5es fundamentais para compreender o funcionamento da gradua\u00e7\u00e3o da [&hellip;]<\/p>\n","protected":false},"author":1,"featured_media":0,"parent":3641,"menu_order":0,"comment_status":"closed","ping_status":"closed","template":"","meta":{"_acf_changed":false,"footnotes":""},"class_list":["post-9253","page","type-page","status-publish","hentry"],"acf":[],"_links":{"self":[{"href":"http:\/\/150.164.63.212:9000\/portal-novo-test\/wp-json\/wp\/v2\/pages\/9253","targetHints":{"allow":["GET"]}}],"collection":[{"href":"http:\/\/150.164.63.212:9000\/portal-novo-test\/wp-json\/wp\/v2\/pages"}],"about":[{"href":"http:\/\/150.164.63.212:9000\/portal-novo-test\/wp-json\/wp\/v2\/types\/page"}],"author":[{"embeddable":true,"href":"http:\/\/150.164.63.212:9000\/portal-novo-test\/wp-json\/wp\/v2\/users\/1"}],"replies":[{"embeddable":true,"href":"http:\/\/150.164.63.212:9000\/portal-novo-test\/wp-json\/wp\/v2\/comments?post=9253"}],"version-history":[{"count":0,"href":"http:\/\/150.164.63.212:9000\/portal-novo-test\/wp-json\/wp\/v2\/pages\/9253\/revisions"}],"up":[{"embeddable":true,"href":"http:\/\/150.164.63.212:9000\/portal-novo-test\/wp-json\/wp\/v2\/pages\/3641"}],"wp:attachment":[{"href":"http:\/\/150.164.63.212:9000\/portal-novo-test\/wp-json\/wp\/v2\/media?parent=9253"}],"curies":[{"name":"wp","href":"https:\/\/api.w.org\/{rel}","templated":true}]}}