{"id":9254,"date":"2025-10-06T13:46:50","date_gmt":"2025-10-06T16:46:50","guid":{"rendered":"http:\/\/150.164.63.212:9000\/portal-novo-test\/?page_id=9254"},"modified":"2025-10-06T13:46:50","modified_gmt":"2025-10-06T16:46:50","slug":"normas-gerais-da-graduacao","status":"publish","type":"page","link":"http:\/\/150.164.63.212:9000\/portal-novo-test\/vida-academica\/dicas-academicas\/normas-gerais-da-graduacao\/","title":{"rendered":"Normas Gerais da Gradua\u00e7\u00e3o"},"content":{"rendered":"\n<p>As Normas Gerais da Gradua\u00e7\u00e3o (NGG) da UFMG regulamentam e fornecem diretrizes para quest\u00f5es relacionadas ao regime did\u00e1tico-cient\u00edfico dos cursos de gradua\u00e7\u00e3o da Universidade. <\/p>\n\n\n\n<p>Em 2018, o Boletim Informativo da UFMG publicou as Normas Gerais da Gradua\u00e7\u00e3o atualizadas, aprovadas pelo Conselho de Ensino, Pesquisa e Extens\u00e3o (Cepe) e regulamentadas pela Resolu\u00e7\u00e3o Complementar 01\/2018, de 20 de fevereiro de 2018. A atualiza\u00e7\u00e3o das NGG consolidou novos conceitos de forma\u00e7\u00e3o e apresentou diferentes percursos universit\u00e1rios aos estudantes de gradua\u00e7\u00e3o da UFMG. <\/p>\n\n\n\n<div class=\"wp-block-ufmg-cards grid grid-cols-1 lg:grid-cols-cards gap-8\">\n\t<div class=\"flex flex-col gap-6 p-6 md:py-8 border border-neutral-200 rounded-lg\">\n\n\t\t\t\t\t<h2 class=\"pl-2 border-l-2 border-l-primary-400 text-neutral-600 text-xl md:text-2xl font-semibold\">\n\t\t\t\tNormas Gerais da Gradua\u00e7\u00e3o\t\t\t<\/h2>\n\t\t\n\t\t\t\t\t<p class=\"flex-1 text-base md:text-lg text-neutral-500\">\n\t\t\t\tConfira o documento principal e as resolu\u00e7\u00f5es publicadas posteriormente. \t\t\t<\/p>\n\t\t\n\t\t\t\t\t<a href=\"https:\/\/www.ufmg.br\/prograd\/normas-gerais-de-graduacao-e-resolucoes\/\" target=\"_blank\" rel=\"noopener noreferrer\"\t\t\t\tclass=\"w-fit ml-auto flex items-center gap-4 text-primary-300 font-lexend font-medium text-base md:text-lg\">\n\t\t\t\tAcesse aqui\t\t\t\t<i class=\"ti ti-chevron-right text-[1rem] md:text-[1.25rem]\"><\/i>\n\t\t\t<\/a>\n\t\t\t<\/div>\n<\/div>\n\n\n\n<p>A UFMG divulgou uma s\u00e9rie de v\u00eddeos relacionados a quest\u00f5es importantes das Normas Gerais da Gradua\u00e7\u00e3o, confira:<\/p>\n\n\n<?xml encoding=\"utf-8\"?><ul class=\"wp-block-ufmg-hub-links [&amp;&gt;li_a]:flex [&amp;&gt;li_a]:items-center [&amp;&gt;li_a]:justify-between [&amp;&gt;li_a]:bg-neutral-50 [&amp;&gt;li_a]:px-4 [&amp;&gt;li_a]:py-3 md:[&amp;&gt;li_a]:py-5 [&amp;&gt;li_a]:border-b [&amp;&gt;li_a]:border-b-neutral-200 [&amp;&gt;li_a]:text-primary-300 [&amp;&gt;li_a]:text-base md:[&amp;&gt;li_a]:text-lg [&amp;&gt;li_a]:font-lexend [&amp;&gt;li_a]:font-medium [&amp;&gt;li_a]:transition-colors [&amp;&gt;li_a&gt;i]:text-[1rem] md:[&amp;&gt;li_a&gt;i]:text-[1.5rem] hover:[&amp;&gt;li_a]:bg-neutral-100 hover:[&amp;&gt;li_a]:border-b-primary-300\"><li class=\" wp-block-navigation-item wp-block-navigation-link\"><a class=\"wp-block-navigation-item__content\" href=\"https:\/\/www.youtube.com\/watch?v=54IgT_Ztn0M&amp;pp=ygUddHYgdWZtZyBub3JtYSBnZXJhbCBncmFkdWFjYW8%3D\" target=\"_blank\"><span class=\"wp-block-navigation-item__label\">Normas Gerais da Gradua&ccedil;&atilde;o: Matr&iacute;cula e Trancamento<\/span><i class=\"ti ti-chevron-right\"><\/i><\/a><\/li>\n\n<li class=\" wp-block-navigation-item wp-block-navigation-link\"><a class=\"wp-block-navigation-item__content\" href=\"https:\/\/www.youtube.com\/watch?v=uRtAonU6Q-g&amp;pp=ygUddHYgdWZtZyBub3JtYSBnZXJhbCBncmFkdWFjYW8%3D\" target=\"_blank\"><span class=\"wp-block-navigation-item__label\">Normas Gerais da Gradua&ccedil;&atilde;o: Tempos M&aacute;ximos de Integraliza&ccedil;&atilde;o (TMI e TMIR)<\/span><i class=\"ti ti-chevron-right\"><\/i><\/a><\/li>\n\n<li class=\" wp-block-navigation-item wp-block-navigation-link\"><a class=\"wp-block-navigation-item__content\" href=\"https:\/\/www.youtube.com\/watch?v=91xQGUsjkro&amp;pp=ygUddHYgdWZtZyBub3JtYSBnZXJhbCBncmFkdWFjYW8%3D\" target=\"_blank\"><span class=\"wp-block-navigation-item__label\">Normas Gerais da Gradua&ccedil;&atilde;o: Nota Semestral Global (NSG)<\/span><i class=\"ti ti-chevron-right\"><\/i><\/a><\/li>\n\n<li class=\" wp-block-navigation-item wp-block-navigation-link\"><a class=\"wp-block-navigation-item__content\" href=\"https:\/\/www.youtube.com\/watch?v=gJilNUJRmls&amp;pp=ygUddHYgdWZtZyBub3JtYSBnZXJhbCBncmFkdWFjYW8%3D\" target=\"_blank\"><span class=\"wp-block-navigation-item__label\">Normas Gerais da Gradua&ccedil;&atilde;o: Desligamento e Reinclus&atilde;o<\/span><i class=\"ti ti-chevron-right\"><\/i><\/a><\/li>\n\n<li class=\" wp-block-navigation-item wp-block-navigation-link\"><a class=\"wp-block-navigation-item__content\" href=\"https:\/\/www.youtube.com\/watch?v=CvGCeD4dKtg&amp;pp=ygUddHYgdWZtZyBub3JtYSBnZXJhbCBncmFkdWFjYW8%3D\" target=\"_blank\"><span class=\"wp-block-navigation-item__label\">Normas Gerais da Gradua&ccedil;&atilde;o: Mudan&ccedil;as<\/span><i class=\"ti ti-chevron-right\"><\/i><\/a><\/li><\/ul>\n\n\n<?xml encoding=\"utf-8\"?><ul class=\"wp-block-ufmg-hub-links [&amp;&gt;li_a]:flex [&amp;&gt;li_a]:items-center [&amp;&gt;li_a]:justify-between [&amp;&gt;li_a]:bg-neutral-50 [&amp;&gt;li_a]:px-4 [&amp;&gt;li_a]:py-3 md:[&amp;&gt;li_a]:py-5 [&amp;&gt;li_a]:border-b [&amp;&gt;li_a]:border-b-neutral-200 [&amp;&gt;li_a]:text-primary-300 [&amp;&gt;li_a]:text-base md:[&amp;&gt;li_a]:text-lg [&amp;&gt;li_a]:font-lexend [&amp;&gt;li_a]:font-medium [&amp;&gt;li_a]:transition-colors [&amp;&gt;li_a&gt;i]:text-[1rem] md:[&amp;&gt;li_a&gt;i]:text-[1.5rem] hover:[&amp;&gt;li_a]:bg-neutral-100 hover:[&amp;&gt;li_a]:border-b-primary-300\"><\/ul>\n\n\n\n<h2 class=\"wp-block-heading\">Direitos Humanos <\/h2>\n\n\n\n<p>Em busca do fortalecimento da pol\u00edtica institucional de direitos humanos, a UFMG estabelece diversas medidas que oferecem \u00e0 sua comunidade a perspectiva de diversidade, igualdade, inclus\u00e3o e cidadania. Confira instrumentos legais estabelecidos pela Universidade em cumprimento \u00e0 agenda de direitos humanos:<\/p>\n\n\n\n<div class=\"wp-block-ufmg-details-group\"><?xml encoding=\"utf-8\"?><details class=\"group\/accordion\"><summary class=\"flex gap-4 items-center bg-neutral-50 border-x border-t group-last-of-type\/accordion:border-b border-neutral-200 group-open\/accordion:border-primary-300 group-open\/accordion:bg-primary-300 p-3 group-[&amp;:first-of-type]\/accordion:rounded-t group-[&amp;:last-of-type]\/accordion:rounded-b group-open\/accordion:[&amp;:last-of-type]:rounded-b-none text-neutral-600 group-open\/accordion:text-neutral-50 text-lg font-semibold [&amp;&gt;i]:text-[1.5rem] group-open\/accordion:[&amp;&gt;i]:text-neutral-50 [&amp;&gt;i]:text-primary-300 group-open\/accordion:[&amp;&gt;i]:-rotate-180 [&amp;&gt;i]:transition-transform transition-colors cursor-pointer\"><span class=\"grow\">Erradica&ccedil;&atilde;o de Atos Discriminat&oacute;rios<\/span><i class=\"ti ti-chevron-down\"><\/i><\/summary><div class=\"space-y-4 p-3 border-x group-[&amp;:last-of-type]\/accordion:border-b border-neutral-200 text-base text-neutral-400 group-[&amp;:last-of-type]\/accordion:rounded-bl group-[&amp;:last-of-type]\/accordion:rounded-br [&amp;_.wp-block-heading+p]:!mt-0\">\n<p>Estabelecida pelo Conselho Universit&aacute;rio, a Resolu&ccedil;&atilde;o 09\/2016, de 31 de maio de 2016 &eacute; baseada no compromisso da Universidade com a forma&ccedil;&atilde;o acad&ecirc;mica e cidad&atilde;, e com a erradica&ccedil;&atilde;o de todas as formas de intoler&acirc;ncia, discrimina&ccedil;&atilde;o e viola&ccedil;&atilde;o dos direitos humanos.<\/p>\n\n\n\n<p><\/p>\n\n\n\n<p>Para conferir a Resolu&ccedil;&atilde;o na &iacute;ntegra, <a href=\"https:\/\/www2.ufmg.br\/sods\/content\/search?SearchText=Resolu%C3%A7%C3%A3o+09%2F2016%2C+de+31+de+maio+de+2016&amp;SearchButton=Pesquisar\" target=\"_blank\" rel=\"noreferrer noopener\">clique aqui<\/a>.<\/p>\n<\/div><\/details>\n\n\n<?xml encoding=\"utf-8\"?><details class=\"group\/accordion\"><summary class=\"flex gap-4 items-center bg-neutral-50 border-x border-t group-last-of-type\/accordion:border-b border-neutral-200 group-open\/accordion:border-primary-300 group-open\/accordion:bg-primary-300 p-3 group-[&amp;:first-of-type]\/accordion:rounded-t group-[&amp;:last-of-type]\/accordion:rounded-b group-open\/accordion:[&amp;:last-of-type]:rounded-b-none text-neutral-600 group-open\/accordion:text-neutral-50 text-lg font-semibold [&amp;&gt;i]:text-[1.5rem] group-open\/accordion:[&amp;&gt;i]:text-neutral-50 [&amp;&gt;i]:text-primary-300 group-open\/accordion:[&amp;&gt;i]:-rotate-180 [&amp;&gt;i]:transition-transform transition-colors cursor-pointer\"><span class=\"grow\">Proibi&ccedil;&atilde;o de Trote<\/span><i class=\"ti ti-chevron-down\"><\/i><\/summary><div class=\"space-y-4 p-3 border-x group-[&amp;:last-of-type]\/accordion:border-b border-neutral-200 text-base text-neutral-400 group-[&amp;:last-of-type]\/accordion:rounded-bl group-[&amp;:last-of-type]\/accordion:rounded-br [&amp;_.wp-block-heading+p]:!mt-0\">\n<p>A Resolu&ccedil;&atilde;o 06\/2014, de 27 de maio 2014 disp&otilde;e sobre a proibi&ccedil;&atilde;o de trotes estudantis no &acirc;mbito da Universidade. Dessa forma, atividades que envolvem o incentivo ou a pr&aacute;tica a agress&otilde;es f&iacute;sicas e\/ou morais entre os membros da comunidade universit&aacute;ria n&atilde;o s&atilde;o permitidos na UFMG.<\/p>\n\n\n\n<p><\/p>\n\n\n\n<p>Para conferir a Resolu&ccedil;&atilde;o na &iacute;ntegra, <a href=\"https:\/\/www2.ufmg.br\/sods\/content\/search?SearchText=Resolu%C3%A7%C3%A3o+06%2F2014%2C+de+27+de+maio+de+2014&amp;SearchButton=Pesquisar\" target=\"_blank\" rel=\"noreferrer noopener\">clique aqui<\/a>.<\/p>\n\n\n\n<p><\/p>\n\n\n\n<p>Para conferir um manual sobre o tema produzido pela UFMG, <a href=\"https:\/\/www.ufmg.br\/trote\/\" target=\"_blank\" rel=\"noreferrer noopener\">confira aqui<\/a>.<\/p>\n<\/div><\/details>\n\n\n<?xml encoding=\"utf-8\"?><details class=\"group\/accordion\"><summary class=\"flex gap-4 items-center bg-neutral-50 border-x border-t group-last-of-type\/accordion:border-b border-neutral-200 group-open\/accordion:border-primary-300 group-open\/accordion:bg-primary-300 p-3 group-[&amp;:first-of-type]\/accordion:rounded-t group-[&amp;:last-of-type]\/accordion:rounded-b group-open\/accordion:[&amp;:last-of-type]:rounded-b-none text-neutral-600 group-open\/accordion:text-neutral-50 text-lg font-semibold [&amp;&gt;i]:text-[1.5rem] group-open\/accordion:[&amp;&gt;i]:text-neutral-50 [&amp;&gt;i]:text-primary-300 group-open\/accordion:[&amp;&gt;i]:-rotate-180 [&amp;&gt;i]:transition-transform transition-colors cursor-pointer\"><span class=\"grow\">Nome Social<\/span><i class=\"ti ti-chevron-down\"><\/i><\/summary><div class=\"space-y-4 p-3 border-x group-[&amp;:last-of-type]\/accordion:border-b border-neutral-200 text-base text-neutral-400 group-[&amp;:last-of-type]\/accordion:rounded-bl group-[&amp;:last-of-type]\/accordion:rounded-br [&amp;_.wp-block-heading+p]:!mt-0\">\n<p>Nome social &eacute; o prenome que pessoas travestis e transexuais se identificam e s&atilde;o reconhecidas em suas rela&ccedil;&otilde;es sociais.<\/p>\n\n\n\n<p><\/p>\n\n\n\n<p>A Resolu&ccedil;&atilde;o 09\/2015, de 07 de julho de 2015 assegura a servidores, estudantes e aos demais membros da institui&ccedil;&atilde;o, em casos que o nome de registro civil n&atilde;o reflita a sua identidade de g&ecirc;nero, o direito de uso e de inclus&atilde;o do seu nome social nos registros, documentos e atos da vida funcional e acad&ecirc;mica.<\/p>\n\n\n\n<p><\/p>\n\n\n\n<p>Para conferir a Resolu&ccedil;&atilde;o na &iacute;ntegra, <a href=\"https:\/\/www2.ufmg.br\/sods\/content\/search?SearchText=Resolu%C3%A7%C3%A3o+09%2F2015%2C+de+07+de+julho+de+2015&amp;SearchButton=Pesquisar\" target=\"_blank\" rel=\"noreferrer noopener\">clique aqui<\/a>.<\/p>\n\n\n\n<p><\/p>\n\n\n\n<p>Para conferir um manual sobre o tema produzido pela UFMG, <a href=\"https:\/\/www.ufmg.br\/nomesocial\/\">clique aqui<\/a>. <\/p>\n<\/div><\/details>\n<\/div>\n\n\n\n<p><\/p>\n","protected":false},"excerpt":{"rendered":"<p>As Normas Gerais da Gradua\u00e7\u00e3o (NGG) da UFMG regulamentam e fornecem diretrizes para quest\u00f5es relacionadas ao regime did\u00e1tico-cient\u00edfico dos cursos de gradua\u00e7\u00e3o da Universidade. Em 2018, o Boletim Informativo da UFMG publicou as Normas Gerais da Gradua\u00e7\u00e3o atualizadas, aprovadas pelo Conselho de Ensino, Pesquisa e Extens\u00e3o (Cepe) e regulamentadas pela Resolu\u00e7\u00e3o Complementar 01\/2018, de 20 [&hellip;]<\/p>\n","protected":false},"author":1,"featured_media":0,"parent":9253,"menu_order":0,"comment_status":"closed","ping_status":"closed","template":"","meta":{"_acf_changed":false,"footnotes":""},"class_list":["post-9254","page","type-page","status-publish","hentry"],"acf":[],"_links":{"self":[{"href":"http:\/\/150.164.63.212:9000\/portal-novo-test\/wp-json\/wp\/v2\/pages\/9254","targetHints":{"allow":["GET"]}}],"collection":[{"href":"http:\/\/150.164.63.212:9000\/portal-novo-test\/wp-json\/wp\/v2\/pages"}],"about":[{"href":"http:\/\/150.164.63.212:9000\/portal-novo-test\/wp-json\/wp\/v2\/types\/page"}],"author":[{"embeddable":true,"href":"http:\/\/150.164.63.212:9000\/portal-novo-test\/wp-json\/wp\/v2\/users\/1"}],"replies":[{"embeddable":true,"href":"http:\/\/150.164.63.212:9000\/portal-novo-test\/wp-json\/wp\/v2\/comments?post=9254"}],"version-history":[{"count":0,"href":"http:\/\/150.164.63.212:9000\/portal-novo-test\/wp-json\/wp\/v2\/pages\/9254\/revisions"}],"up":[{"embeddable":true,"href":"http:\/\/150.164.63.212:9000\/portal-novo-test\/wp-json\/wp\/v2\/pages\/9253"}],"wp:attachment":[{"href":"http:\/\/150.164.63.212:9000\/portal-novo-test\/wp-json\/wp\/v2\/media?parent=9254"}],"curies":[{"name":"wp","href":"https:\/\/api.w.org\/{rel}","templated":true}]}}