{"id":9340,"date":"2025-10-06T13:50:50","date_gmt":"2025-10-06T16:50:50","guid":{"rendered":"http:\/\/150.164.63.212:9000\/portal-novo-test\/?page_id=9340"},"modified":"2025-10-08T15:14:25","modified_gmt":"2025-10-08T18:14:25","slug":"personalize-sua-formacao","status":"publish","type":"page","link":"http:\/\/150.164.63.212:9000\/portal-novo-test\/vida-academica\/dicas-academicas\/personalize-sua-formacao\/","title":{"rendered":"Personalize sua Forma\u00e7\u00e3o"},"content":{"rendered":"\n<p>As estruturas dos cursos de gradua\u00e7\u00e3o da UFMG, fortalecidas pelas <a href=\"http:\/\/150.164.63.212:9000\/portal-novo-test\/?page_id=9254&amp;preview=true\" target=\"_blank\" rel=\"noreferrer noopener\">Normas Gerais de Gradua\u00e7\u00e3o<\/a>, permitem que os estudantes personalizem a pr\u00f3pria trajet\u00f3ria acad\u00eamica.<\/p>\n\n\n\n<div class=\"wp-block-ufmg-details-group\"><?xml encoding=\"utf-8\"?><details class=\"group\/accordion\"><summary class=\"flex gap-4 items-center bg-neutral-50 border-x border-t group-last-of-type\/accordion:border-b border-neutral-200 group-open\/accordion:border-primary-300 group-open\/accordion:bg-primary-300 p-3 group-[&amp;:first-of-type]\/accordion:rounded-t group-[&amp;:last-of-type]\/accordion:rounded-b group-open\/accordion:[&amp;:last-of-type]:rounded-b-none text-neutral-600 group-open\/accordion:text-neutral-50 text-lg font-semibold [&amp;&gt;i]:text-[1.5rem] group-open\/accordion:[&amp;&gt;i]:text-neutral-50 [&amp;&gt;i]:text-primary-300 group-open\/accordion:[&amp;&gt;i]:-rotate-180 [&amp;&gt;i]:transition-transform transition-colors cursor-pointer\"><span class=\"grow\">Aproveitamento de Estudos<\/span><i class=\"ti ti-chevron-down\"><\/i><\/summary><div class=\"space-y-4 p-3 border-x group-[&amp;:last-of-type]\/accordion:border-b border-neutral-200 text-base text-neutral-400 group-[&amp;:last-of-type]\/accordion:rounded-bl group-[&amp;:last-of-type]\/accordion:rounded-br [&amp;_.wp-block-heading+p]:!mt-0\">\n<p>O <strong>Aproveitamento de Estudos<\/strong>, uma das alternativas para solicitar a dispensa de disciplinas, &eacute; a situa&ccedil;&atilde;o em que o estudante cumpre, em outra institui&ccedil;&atilde;o de ensino superior, programa&ccedil;&atilde;o de atividades compat&iacute;veis com a descri&ccedil;&atilde;o da atividade acad&ecirc;mica curricular.<\/p>\n\n\n\n<p>O prazo para solicitar dispensa por aproveitamento de estudos &eacute; definido no <a href=\"http:\/\/150.164.63.212:9000\/portal-novo-test\/a-universidade\/calendario-escolar\/\" target=\"_blank\" rel=\"noreferrer noopener\">Calend&aacute;rio Escolar<\/a> e mais informa&ccedil;&otilde;es podem ser consultadas no Colegiado do curso.<\/p>\n<\/div><\/details>\n\n\n<?xml encoding=\"utf-8\"?><details class=\"group\/accordion\"><summary class=\"flex gap-4 items-center bg-neutral-50 border-x border-t group-last-of-type\/accordion:border-b border-neutral-200 group-open\/accordion:border-primary-300 group-open\/accordion:bg-primary-300 p-3 group-[&amp;:first-of-type]\/accordion:rounded-t group-[&amp;:last-of-type]\/accordion:rounded-b group-open\/accordion:[&amp;:last-of-type]:rounded-b-none text-neutral-600 group-open\/accordion:text-neutral-50 text-lg font-semibold [&amp;&gt;i]:text-[1.5rem] group-open\/accordion:[&amp;&gt;i]:text-neutral-50 [&amp;&gt;i]:text-primary-300 group-open\/accordion:[&amp;&gt;i]:-rotate-180 [&amp;&gt;i]:transition-transform transition-colors cursor-pointer\"><span class=\"grow\">Comprova&ccedil;&atilde;o de Conhecimentos<\/span><i class=\"ti ti-chevron-down\"><\/i><\/summary><div class=\"space-y-4 p-3 border-x group-[&amp;:last-of-type]\/accordion:border-b border-neutral-200 text-base text-neutral-400 group-[&amp;:last-of-type]\/accordion:rounded-bl group-[&amp;:last-of-type]\/accordion:rounded-br [&amp;_.wp-block-heading+p]:!mt-0\">\n<p>A <strong>Comprova&ccedil;&atilde;o de Conhecimentos<\/strong> &eacute; a condi&ccedil;&atilde;o em que o estudante demonstra dom&iacute;nio dos conhecimentos, das habilidades e das atitudes que a atividade acad&ecirc;mica curricular visa formar.<\/p>\n\n\n\n<p>O exame de comprova&ccedil;&atilde;o de conhecimentos permite que o estudante pe&ccedil;a dispensa de alguma atividade acad&ecirc;mica curricular. A nota obtida no exame fica registrada no hist&oacute;rico escolar, a atividade &eacute; dispensada caso a nota seja superior ou igual a 60 (sessenta), caso seja inferior, indica reprova&ccedil;&atilde;o na atividade. <\/p>\n\n\n\n<p>O prazo para solicitar a realiza&ccedil;&atilde;o do exame de comprova&ccedil;&atilde;o de conhecimentos &eacute; definido no <a href=\"http:\/\/150.164.63.212:9000\/portal-novo-test\/a-universidade\/calendario-escolar\/\" target=\"_blank\" rel=\"noreferrer noopener\">Calend&aacute;rio Escolar<\/a> e mais informa&ccedil;&otilde;es podem ser consultadas no Colegiado do curso.<\/p>\n<\/div><\/details>\n\n\n<?xml encoding=\"utf-8\"?><details class=\"group\/accordion\"><summary class=\"flex gap-4 items-center bg-neutral-50 border-x border-t group-last-of-type\/accordion:border-b border-neutral-200 group-open\/accordion:border-primary-300 group-open\/accordion:bg-primary-300 p-3 group-[&amp;:first-of-type]\/accordion:rounded-t group-[&amp;:last-of-type]\/accordion:rounded-b group-open\/accordion:[&amp;:last-of-type]:rounded-b-none text-neutral-600 group-open\/accordion:text-neutral-50 text-lg font-semibold [&amp;&gt;i]:text-[1.5rem] group-open\/accordion:[&amp;&gt;i]:text-neutral-50 [&amp;&gt;i]:text-primary-300 group-open\/accordion:[&amp;&gt;i]:-rotate-180 [&amp;&gt;i]:transition-transform transition-colors cursor-pointer\"><span class=\"grow\">Continuidade de Estudos<\/span><i class=\"ti ti-chevron-down\"><\/i><\/summary><div class=\"space-y-4 p-3 border-x group-[&amp;:last-of-type]\/accordion:border-b border-neutral-200 text-base text-neutral-400 group-[&amp;:last-of-type]\/accordion:rounded-bl group-[&amp;:last-of-type]\/accordion:rounded-br [&amp;_.wp-block-heading+p]:!mt-0\">\n<p>A&nbsp;<strong>Continuidade de Estudos<\/strong>&nbsp;&eacute; uma modalidade de preenchimento de&nbsp;<a href=\"https:\/\/www.ufmg.br\/prograd\/vagas-remanescentes\/\" target=\"_blank\" rel=\"noreferrer noopener\">vagas remanescentes<\/a>&nbsp;que permite a readmiss&atilde;o, na UFMG, de estudante que tenha integralizado um curso de gradua&ccedil;&atilde;o na Universidade para obten&ccedil;&atilde;o de outro grau acad&ecirc;mico (Bacharelado ou Licenciatura), outra habilita&ccedil;&atilde;o no curso integralizado ou grau em curso de diferente denomina&ccedil;&atilde;o. Os interessados devem observar os requisitos estabelecidos e os prazos fixados, a cada semestre, no&nbsp;<a href=\"https:\/\/ufmg.br\/a-universidade\/calendario-academico\" target=\"_blank\" rel=\"noreferrer noopener\">Calend&aacute;rio Acad&ecirc;mico da UFMG<\/a>.<\/p>\n\n\n\n<p>As condi&ccedil;&otilde;es necess&aacute;rias e demais informa&ccedil;&otilde;es podem ser obtidas no&nbsp;<a href=\"https:\/\/www2.ufmg.br\/drca\/drca\/Home\/Graduacao\/Reingressos\/Continuidade-de-Estudos\" target=\"_blank\" rel=\"noreferrer noopener\">site do DRCA<\/a>&nbsp;ou nos colegiados de cada curso.<\/p>\n<\/div><\/details>\n\n\n<?xml encoding=\"utf-8\"?><details class=\"group\/accordion\"><summary class=\"flex gap-4 items-center bg-neutral-50 border-x border-t group-last-of-type\/accordion:border-b border-neutral-200 group-open\/accordion:border-primary-300 group-open\/accordion:bg-primary-300 p-3 group-[&amp;:first-of-type]\/accordion:rounded-t group-[&amp;:last-of-type]\/accordion:rounded-b group-open\/accordion:[&amp;:last-of-type]:rounded-b-none text-neutral-600 group-open\/accordion:text-neutral-50 text-lg font-semibold [&amp;&gt;i]:text-[1.5rem] group-open\/accordion:[&amp;&gt;i]:text-neutral-50 [&amp;&gt;i]:text-primary-300 group-open\/accordion:[&amp;&gt;i]:-rotate-180 [&amp;&gt;i]:transition-transform transition-colors cursor-pointer\"><span class=\"grow\">Disciplina na P&oacute;s-gradua&ccedil;&atilde;o<\/span><i class=\"ti ti-chevron-down\"><\/i><\/summary><div class=\"space-y-4 p-3 border-x group-[&amp;:last-of-type]\/accordion:border-b border-neutral-200 text-base text-neutral-400 group-[&amp;:last-of-type]\/accordion:rounded-bl group-[&amp;:last-of-type]\/accordion:rounded-br [&amp;_.wp-block-heading+p]:!mt-0\">\n<p>Estudantes de gradua&ccedil;&atilde;o da UFMG, por defini&ccedil;&atilde;o do n&uacute;cleo avan&ccedil;ado, podem ocupar vagas em atividades acad&ecirc;micas integrantes dos cursos da p&oacute;s-gradua&ccedil;&atilde;o.<\/p>\n\n\n\n<p><\/p>\n\n\n\n<p>A matr&iacute;cula nas atividades da p&oacute;s-gradua&ccedil;&atilde;o acontece na quarta fase. Para mais informa&ccedil;&otilde;es, consulte o site da <a href=\"https:\/\/www.ufmg.br\/prograd\/matriculas\/\" target=\"_blank\" rel=\"noreferrer noopener\">Pr&oacute;-reitoria da Gradua&ccedil;&atilde;o<\/a> (PROGRAD).<\/p>\n<\/div><\/details>\n\n\n<?xml encoding=\"utf-8\"?><details class=\"group\/accordion\"><summary class=\"flex gap-4 items-center bg-neutral-50 border-x border-t group-last-of-type\/accordion:border-b border-neutral-200 group-open\/accordion:border-primary-300 group-open\/accordion:bg-primary-300 p-3 group-[&amp;:first-of-type]\/accordion:rounded-t group-[&amp;:last-of-type]\/accordion:rounded-b group-open\/accordion:[&amp;:last-of-type]:rounded-b-none text-neutral-600 group-open\/accordion:text-neutral-50 text-lg font-semibold [&amp;&gt;i]:text-[1.5rem] group-open\/accordion:[&amp;&gt;i]:text-neutral-50 [&amp;&gt;i]:text-primary-300 group-open\/accordion:[&amp;&gt;i]:-rotate-180 [&amp;&gt;i]:transition-transform transition-colors cursor-pointer\"><span class=\"grow\">Forma&ccedil;&otilde;es Transversais<\/span><i class=\"ti ti-chevron-down\"><\/i><\/summary><div class=\"space-y-4 p-3 border-x group-[&amp;:last-of-type]\/accordion:border-b border-neutral-200 text-base text-neutral-400 group-[&amp;:last-of-type]\/accordion:rounded-bl group-[&amp;:last-of-type]\/accordion:rounded-br [&amp;_.wp-block-heading+p]:!mt-0\">\n<p>As <strong>Forma&ccedil;&otilde;es Transversais<\/strong> s&atilde;o estruturas formativas organizadas em torno de grandes tem&aacute;ticos, que possibilitam aos estudantes o aprofundamento do conhecimento em uma perspectiva cr&iacute;tica e multifacetada, envolvendo diversos campos do saber. <\/p>\n\n\n\n<p><\/p>\n\n\n\n<p>A matr&iacute;cula nas atividades de forma&ccedil;&atilde;o transversal acontece na terceira fase. Para mais informa&ccedil;&otilde;es, acesse o <a href=\"https:\/\/www.ufmg.br\/prograd\/formacao-transversal\/\" target=\"_blank\" rel=\"noreferrer noopener\">site da Pr&oacute;-reitoria de Gradua&ccedil;&atilde;o<\/a> (PROGRAD).<\/p>\n<\/div><\/details>\n\n\n<?xml encoding=\"utf-8\"?><details class=\"group\/accordion\"><summary class=\"flex gap-4 items-center bg-neutral-50 border-x border-t group-last-of-type\/accordion:border-b border-neutral-200 group-open\/accordion:border-primary-300 group-open\/accordion:bg-primary-300 p-3 group-[&amp;:first-of-type]\/accordion:rounded-t group-[&amp;:last-of-type]\/accordion:rounded-b group-open\/accordion:[&amp;:last-of-type]:rounded-b-none text-neutral-600 group-open\/accordion:text-neutral-50 text-lg font-semibold [&amp;&gt;i]:text-[1.5rem] group-open\/accordion:[&amp;&gt;i]:text-neutral-50 [&amp;&gt;i]:text-primary-300 group-open\/accordion:[&amp;&gt;i]:-rotate-180 [&amp;&gt;i]:transition-transform transition-colors cursor-pointer\"><span class=\"grow\">Mudan&ccedil;a de Habilita&ccedil;&atilde;o<\/span><i class=\"ti ti-chevron-down\"><\/i><\/summary><div class=\"space-y-4 p-3 border-x group-[&amp;:last-of-type]\/accordion:border-b border-neutral-200 text-base text-neutral-400 group-[&amp;:last-of-type]\/accordion:rounded-bl group-[&amp;:last-of-type]\/accordion:rounded-br [&amp;_.wp-block-heading+p]:!mt-0\">\n<p>A <strong>Mudan&ccedil;a de Habilita&ccedil;&atilde;o<\/strong> permite que o estudante matriculado em um curso de gradua&ccedil;&atilde;o, que ofere&ccedil;a diferentes habilita&ccedil;&otilde;es, possa realizar a mudan&ccedil;a de habilita&ccedil;&atilde;o;<\/p>\n\n\n\n<p><\/p>\n\n\n\n<p>O per&iacute;odo para solicita&ccedil;&atilde;o de mudan&ccedil;a de habilita&ccedil;&atilde;o &eacute; definido no <a href=\"http:\/\/150.164.63.212:9000\/portal-novo-test\/a-universidade\/calendario-escolar\/\" target=\"_blank\" rel=\"noreferrer noopener\">Calend&aacute;rio Escolar<\/a>. Para mais informa&ccedil;&otilde;es, consulte o Colegiado do curso. <\/p>\n<\/div><\/details>\n\n\n<?xml encoding=\"utf-8\"?><details class=\"group\/accordion\"><summary class=\"flex gap-4 items-center bg-neutral-50 border-x border-t group-last-of-type\/accordion:border-b border-neutral-200 group-open\/accordion:border-primary-300 group-open\/accordion:bg-primary-300 p-3 group-[&amp;:first-of-type]\/accordion:rounded-t group-[&amp;:last-of-type]\/accordion:rounded-b group-open\/accordion:[&amp;:last-of-type]:rounded-b-none text-neutral-600 group-open\/accordion:text-neutral-50 text-lg font-semibold [&amp;&gt;i]:text-[1.5rem] group-open\/accordion:[&amp;&gt;i]:text-neutral-50 [&amp;&gt;i]:text-primary-300 group-open\/accordion:[&amp;&gt;i]:-rotate-180 [&amp;&gt;i]:transition-transform transition-colors cursor-pointer\"><span class=\"grow\">Mudan&ccedil;a de Modalidade<\/span><i class=\"ti ti-chevron-down\"><\/i><\/summary><div class=\"space-y-4 p-3 border-x group-[&amp;:last-of-type]\/accordion:border-b border-neutral-200 text-base text-neutral-400 group-[&amp;:last-of-type]\/accordion:rounded-bl group-[&amp;:last-of-type]\/accordion:rounded-br [&amp;_.wp-block-heading+p]:!mt-0\">\n<p>A <strong>Mudan&ccedil;a de Modalidade<\/strong> permite que o estudante matriculado em um curso de gradua&ccedil;&atilde;o, que ofere&ccedil;a as modalidades de bacharelado e licenciatura, possa solicitar a modalidade de interesse. <\/p>\n\n\n\n<p>O per&iacute;odo para solicita&ccedil;&atilde;o de mudan&ccedil;a de modalidade &eacute; definido no <a href=\"http:\/\/150.164.63.212:9000\/portal-novo-test\/a-universidade\/calendario-escolar\/\" target=\"_blank\" rel=\"noreferrer noopener\">Calend&aacute;rio Escolar<\/a>. Para mais informa&ccedil;&otilde;es, consulte o Colegiado do curso. <\/p>\n<\/div><\/details>\n\n\n<?xml encoding=\"utf-8\"?><details class=\"group\/accordion\"><summary class=\"flex gap-4 items-center bg-neutral-50 border-x border-t group-last-of-type\/accordion:border-b border-neutral-200 group-open\/accordion:border-primary-300 group-open\/accordion:bg-primary-300 p-3 group-[&amp;:first-of-type]\/accordion:rounded-t group-[&amp;:last-of-type]\/accordion:rounded-b group-open\/accordion:[&amp;:last-of-type]:rounded-b-none text-neutral-600 group-open\/accordion:text-neutral-50 text-lg font-semibold [&amp;&gt;i]:text-[1.5rem] group-open\/accordion:[&amp;&gt;i]:text-neutral-50 [&amp;&gt;i]:text-primary-300 group-open\/accordion:[&amp;&gt;i]:-rotate-180 [&amp;&gt;i]:transition-transform transition-colors cursor-pointer\"><span class=\"grow\">Mudan&ccedil;a de Turno<\/span><i class=\"ti ti-chevron-down\"><\/i><\/summary><div class=\"space-y-4 p-3 border-x group-[&amp;:last-of-type]\/accordion:border-b border-neutral-200 text-base text-neutral-400 group-[&amp;:last-of-type]\/accordion:rounded-bl group-[&amp;:last-of-type]\/accordion:rounded-br [&amp;_.wp-block-heading+p]:!mt-0\">\n<p>A <strong>Mudan&ccedil;a de Turno<\/strong> permite que o estudante matriculado em um curso de gradua&ccedil;&atilde;o, que tenha oferta de vagas em turnos distintos, possa realizar a mudan&ccedil;a de turno, no limite das vagas remanescentes destinadas a essa finalidade.<\/p>\n\n\n\n<p><\/p>\n\n\n\n<p>O Regulamento do curso estabelecer&aacute; crit&eacute;rios adicionais para a classifica&ccedil;&atilde;o dos candidatos &agrave;s vagas de mudan&ccedil;a de turno. O per&iacute;odo para solicita&ccedil;&atilde;o de mudan&ccedil;a de turno &eacute; definido no <a href=\"http:\/\/150.164.63.212:9000\/portal-novo-test\/a-universidade\/calendario-escolar\/\" target=\"_blank\" rel=\"noreferrer noopener\">Calend&aacute;rio Escolar<\/a>. <\/p>\n\n\n\n<p><\/p>\n<\/div><\/details>\n\n\n<?xml encoding=\"utf-8\"?><details class=\"group\/accordion\"><summary class=\"flex gap-4 items-center bg-neutral-50 border-x border-t group-last-of-type\/accordion:border-b border-neutral-200 group-open\/accordion:border-primary-300 group-open\/accordion:bg-primary-300 p-3 group-[&amp;:first-of-type]\/accordion:rounded-t group-[&amp;:last-of-type]\/accordion:rounded-b group-open\/accordion:[&amp;:last-of-type]:rounded-b-none text-neutral-600 group-open\/accordion:text-neutral-50 text-lg font-semibold [&amp;&gt;i]:text-[1.5rem] group-open\/accordion:[&amp;&gt;i]:text-neutral-50 [&amp;&gt;i]:text-primary-300 group-open\/accordion:[&amp;&gt;i]:-rotate-180 [&amp;&gt;i]:transition-transform transition-colors cursor-pointer\"><span class=\"grow\">Obten&ccedil;&atilde;o de Novo T&iacute;tulo<\/span><i class=\"ti ti-chevron-down\"><\/i><\/summary><div class=\"space-y-4 p-3 border-x group-[&amp;:last-of-type]\/accordion:border-b border-neutral-200 text-base text-neutral-400 group-[&amp;:last-of-type]\/accordion:rounded-bl group-[&amp;:last-of-type]\/accordion:rounded-br [&amp;_.wp-block-heading+p]:!mt-0\">\n<p>A <strong>Obten&ccedil;&atilde;o de Novo T&iacute;tulo<\/strong> &eacute; um processo que permite &agrave;s pessoas que j&aacute; disp&otilde;em de diploma de curso superior ingressar em um curso na UFMG. Esse procedimento est&aacute; condicionado &agrave; exist&ecirc;ncia de&nbsp;<a href=\"https:\/\/www.ufmg.br\/prograd\/vagas-remanescentes\/\" target=\"_blank\" rel=\"noreferrer noopener\">vagas remanescentes<\/a>&nbsp;e utiliza nota&nbsp;do Exame Nacional de Ensino M&eacute;dio (Enem).<br><br>Os editais e demais informa&ccedil;&otilde;es podem ser obtidos nos sites da&nbsp;<a href=\"https:\/\/www.ufmg.br\/copeve\/site_novo\/\" target=\"_blank\" rel=\"noreferrer noopener\">Comiss&atilde;o Permanente do Vestibular (Copeve) da UFMG<\/a>&nbsp;e do&nbsp;<a href=\"https:\/\/www2.ufmg.br\/drca\/drca\/Home\/Graduacao\/Processos-Seletivos\/Obtencao-de-Novo-Titulo\" target=\"_blank\" rel=\"noreferrer noopener\">Departamento de Registro e Controle Acad&ecirc;mico (DRCA)<\/a>.<\/p>\n<\/div><\/details>\n\n\n<?xml encoding=\"utf-8\"?><details class=\"group\/accordion\"><summary class=\"flex gap-4 items-center bg-neutral-50 border-x border-t group-last-of-type\/accordion:border-b border-neutral-200 group-open\/accordion:border-primary-300 group-open\/accordion:bg-primary-300 p-3 group-[&amp;:first-of-type]\/accordion:rounded-t group-[&amp;:last-of-type]\/accordion:rounded-b group-open\/accordion:[&amp;:last-of-type]:rounded-b-none text-neutral-600 group-open\/accordion:text-neutral-50 text-lg font-semibold [&amp;&gt;i]:text-[1.5rem] group-open\/accordion:[&amp;&gt;i]:text-neutral-50 [&amp;&gt;i]:text-primary-300 group-open\/accordion:[&amp;&gt;i]:-rotate-180 [&amp;&gt;i]:transition-transform transition-colors cursor-pointer\"><span class=\"grow\">Reop&ccedil;&atilde;o de Curso<\/span><i class=\"ti ti-chevron-down\"><\/i><\/summary><div class=\"space-y-4 p-3 border-x group-[&amp;:last-of-type]\/accordion:border-b border-neutral-200 text-base text-neutral-400 group-[&amp;:last-of-type]\/accordion:rounded-bl group-[&amp;:last-of-type]\/accordion:rounded-br [&amp;_.wp-block-heading+p]:!mt-0\">\n<p>A&nbsp;<strong>Reop&ccedil;&atilde;o de Curso&nbsp;<\/strong>&eacute; uma modalidade de preenchimento de&nbsp;<a href=\"https:\/\/www.ufmg.br\/prograd\/vagas-remanescentes\/\" target=\"_blank\" rel=\"noreferrer noopener\">vagas remanescentes<\/a>&nbsp;destinada ao estudante da UFMG que estiver matriculado em curso de gradua&ccedil;&atilde;o e deseja mudar para outro curso de gradua&ccedil;&atilde;o da UFMG, observando- se a disponibilidade de vagas para essa modalidade e as condi&ccedil;&otilde;es exigidas para seu preenchimento. Durante toda a perman&ecirc;ncia do discente na UFMG, a reop&ccedil;&atilde;o s&oacute; pode ser concedida uma &uacute;nica vez.<\/p>\n\n\n\n<p><\/p>\n\n\n\n<p>O regulamento e demais informa&ccedil;&otilde;es podem ser obtidas no&nbsp;<a href=\"https:\/\/www2.ufmg.br\/drca\/drca\/Home\/Graduacao\/Reopcao-de-Curso\" target=\"_blank\" rel=\"noreferrer noopener\">site do&nbsp;DRCA<\/a>.<\/p>\n<\/div><\/details>\n\n\n<?xml encoding=\"utf-8\"?><details class=\"group\/accordion\"><summary class=\"flex gap-4 items-center bg-neutral-50 border-x border-t group-last-of-type\/accordion:border-b border-neutral-200 group-open\/accordion:border-primary-300 group-open\/accordion:bg-primary-300 p-3 group-[&amp;:first-of-type]\/accordion:rounded-t group-[&amp;:last-of-type]\/accordion:rounded-b group-open\/accordion:[&amp;:last-of-type]:rounded-b-none text-neutral-600 group-open\/accordion:text-neutral-50 text-lg font-semibold [&amp;&gt;i]:text-[1.5rem] group-open\/accordion:[&amp;&gt;i]:text-neutral-50 [&amp;&gt;i]:text-primary-300 group-open\/accordion:[&amp;&gt;i]:-rotate-180 [&amp;&gt;i]:transition-transform transition-colors cursor-pointer\"><span class=\"grow\">Transfer&ecirc;ncia Comum<\/span><i class=\"ti ti-chevron-down\"><\/i><\/summary><div class=\"space-y-4 p-3 border-x group-[&amp;:last-of-type]\/accordion:border-b border-neutral-200 text-base text-neutral-400 group-[&amp;:last-of-type]\/accordion:rounded-bl group-[&amp;:last-of-type]\/accordion:rounded-br [&amp;_.wp-block-heading+p]:!mt-0\">\n<p>A <strong>Transfer&ecirc;ncia Comum<\/strong> &eacute; a mudan&ccedil;a de um estudante de outra Institui&ccedil;&atilde;o de Ensino Superior para a UFMG, mediante processo seletivo que utiliza nota do Exame Nacional de Ensino M&eacute;dio&nbsp;(Enem) para provimento de vagas no primeiro per&iacute;odo letivo, de acordo com a Resolu&ccedil;&atilde;o do Cepe e&nbsp;edital espec&iacute;fico.&nbsp;<\/p>\n\n\n\n<p>Demais informa&ccedil;&otilde;es s&atilde;o divulgadas no site do&nbsp;<a href=\"https:\/\/www2.ufmg.br\/drca\/drca\/Home\/Graduacao\/Processos-Seletivos\/Transferencia-Comum\" target=\"_blank\" rel=\"noreferrer noopener\">Departamento de Registro e Controle Acad&ecirc;mico (DRCA)<\/a>&nbsp;e da&nbsp;<a href=\"https:\/\/www.ufmg.br\/copeve\/site_novo\/?pagina=1\" target=\"_blank\" rel=\"noreferrer noopener\">Comiss&atilde;o Permanente do Vestibular (Copeve) da UFMG<\/a>.<\/p>\n<\/div><\/details>\n\n\n<?xml encoding=\"utf-8\"?><details class=\"group\/accordion\"><summary class=\"flex gap-4 items-center bg-neutral-50 border-x border-t group-last-of-type\/accordion:border-b border-neutral-200 group-open\/accordion:border-primary-300 group-open\/accordion:bg-primary-300 p-3 group-[&amp;:first-of-type]\/accordion:rounded-t group-[&amp;:last-of-type]\/accordion:rounded-b group-open\/accordion:[&amp;:last-of-type]:rounded-b-none text-neutral-600 group-open\/accordion:text-neutral-50 text-lg font-semibold [&amp;&gt;i]:text-[1.5rem] group-open\/accordion:[&amp;&gt;i]:text-neutral-50 [&amp;&gt;i]:text-primary-300 group-open\/accordion:[&amp;&gt;i]:-rotate-180 [&amp;&gt;i]:transition-transform transition-colors cursor-pointer\"><span class=\"grow\">Transfer&ecirc;ncia Especial<\/span><i class=\"ti ti-chevron-down\"><\/i><\/summary><div class=\"space-y-4 p-3 border-x group-[&amp;:last-of-type]\/accordion:border-b border-neutral-200 text-base text-neutral-400 group-[&amp;:last-of-type]\/accordion:rounded-bl group-[&amp;:last-of-type]\/accordion:rounded-br [&amp;_.wp-block-heading+p]:!mt-0\">\n<p>A <strong>Transfer&ecirc;ncia Especial<\/strong> &eacute; destinada ao servidor p&uacute;blico federal e seus dependentes, quando s&atilde;o obrigados a transferir de cidade, a bem do servi&ccedil;o p&uacute;blico, nos termos da&nbsp;<a href=\"https:\/\/www2.ufmg.br\/drca\/drca\/Home\/Graduacao\/Transferencia-Especial\" target=\"_blank\" rel=\"noreferrer noopener\">Lei 9.536\/97<\/a>.&nbsp;Essa modalidade tamb&eacute;m beneficia quem estuda em escola p&uacute;blica e esteja matriculado &agrave; &eacute;poca da remo&ccedil;&atilde;o.&nbsp;<\/p>\n\n\n\n<p>Demais informa&ccedil;&otilde;es s&atilde;o divulgadas no site do&nbsp;<a href=\"https:\/\/www2.ufmg.br\/drca\/drca\/Home\/Graduacao\/Transferencia-Especial\" target=\"_blank\" rel=\"noreferrer noopener\">Departamento de Registro e Controle Acad&ecirc;mico (DRCA)<\/a>&nbsp;e da&nbsp;<a href=\"https:\/\/www.ufmg.br\/copeve\/site_novo\/?pagina=1\" target=\"_blank\" rel=\"noreferrer noopener\">Comiss&atilde;o Permanente do Vestibular (Copeve) da UFMG<\/a>.<\/p>\n<\/div><\/details>\n<\/div>\n\n\n\n<p><\/p>\n\n\n\n<p><\/p>\n\n\n\n<p><\/p>\n","protected":false},"excerpt":{"rendered":"<p>As estruturas dos cursos de gradua\u00e7\u00e3o da UFMG, fortalecidas pelas Normas Gerais de Gradua\u00e7\u00e3o, permitem que os estudantes personalizem a pr\u00f3pria trajet\u00f3ria acad\u00eamica.<\/p>\n","protected":false},"author":1,"featured_media":0,"parent":9253,"menu_order":0,"comment_status":"closed","ping_status":"closed","template":"","meta":{"_acf_changed":false,"footnotes":""},"class_list":["post-9340","page","type-page","status-publish","hentry"],"acf":[],"_links":{"self":[{"href":"http:\/\/150.164.63.212:9000\/portal-novo-test\/wp-json\/wp\/v2\/pages\/9340","targetHints":{"allow":["GET"]}}],"collection":[{"href":"http:\/\/150.164.63.212:9000\/portal-novo-test\/wp-json\/wp\/v2\/pages"}],"about":[{"href":"http:\/\/150.164.63.212:9000\/portal-novo-test\/wp-json\/wp\/v2\/types\/page"}],"author":[{"embeddable":true,"href":"http:\/\/150.164.63.212:9000\/portal-novo-test\/wp-json\/wp\/v2\/users\/1"}],"replies":[{"embeddable":true,"href":"http:\/\/150.164.63.212:9000\/portal-novo-test\/wp-json\/wp\/v2\/comments?post=9340"}],"version-history":[{"count":0,"href":"http:\/\/150.164.63.212:9000\/portal-novo-test\/wp-json\/wp\/v2\/pages\/9340\/revisions"}],"up":[{"embeddable":true,"href":"http:\/\/150.164.63.212:9000\/portal-novo-test\/wp-json\/wp\/v2\/pages\/9253"}],"wp:attachment":[{"href":"http:\/\/150.164.63.212:9000\/portal-novo-test\/wp-json\/wp\/v2\/media?parent=9340"}],"curies":[{"name":"wp","href":"https:\/\/api.w.org\/{rel}","templated":true}]}}