{"id":9449,"date":"2025-09-24T14:59:11","date_gmt":"2025-09-24T17:59:11","guid":{"rendered":"http:\/\/150.164.63.212:9000\/portal-novo-test\/?page_id=9449"},"modified":"2025-09-24T14:59:11","modified_gmt":"2025-09-24T17:59:11","slug":"a-propos-de-lufmg","status":"publish","type":"page","link":"http:\/\/150.164.63.212:9000\/portal-novo-test\/international\/a-propos-de-lufmg\/","title":{"rendered":"\u00c0 propos de l\u2019UFMG"},"content":{"rendered":"\n<p><\/p>\n\n\n\n<p>Situ\u00e9e dans la r\u00e9gion sud-est du Br\u00e9sil, l\u2019Universit\u00e9 F\u00e9d\u00e9rale de Minas Gerais (UFMG) est une institution \u00e9ducative publique et la plus ancienne universit\u00e9 de l\u2019\u00c9tat de Minas Gerais. Depuis sa fondation en 1927, ses \u00e9tudiants exercent une grande influence sur les domaines culturel, politique et \u00e9conomique de la soci\u00e9t\u00e9.<\/p>\n\n\n\n<p>L\u2019UFMG est une institution de r\u00e9f\u00e9rence r\u00e9gionale et nationale en mati\u00e8re d\u2019\u00e9ducation, de <a href=\"https:\/\/ufmg.br\/extensao\">formation continue<\/a>, de culture, de recherche scientifique et de cr\u00e9ation de brevets dans divers champs de connaissance. L\u2019universit\u00e9 figure en t\u00eate des principaux classements \u00e9valuant l\u2019enseignement sup\u00e9rieur au Br\u00e9sil.<\/p>\n\n\n\n\n\t<figure data-size=\"medium\"\n\t\tclass=\"group space-y-2 data-[size=small]:w-[21rem] sm:data-[size=medium]:w-[40rem] lg:data-[size=small]:float-left lg:data-[size=small]:mr-8 mx-auto\">\n\t\t\t\t\t<img loading=\"lazy\" decoding=\"async\" width=\"640\" height=\"445\" src=\"http:\/\/150.164.63.212:9000\/portal-novo-test\/app\/uploads\/2025\/08\/7136205665_c803e03913_o-640x445.jpg\" class=\"group-data-[size=small]:w-[21rem] group-data-[size=small]:h-[29.75rem] sm:group-data-[size=medium]:w-[40rem] sm:group-data-[size=small]:h-[27.8125rem] lg:group-data-[size=medium]:h-[27.8125rem] group-data-[size=large]:w-full group-data-[size=large]:h-[9.875rem] md:group-data-[size=large]:h-[27.8125rem] rounded object-fill\" alt=\"L&#039;image montre une vue grand angle en hauteur d&#039;un vaste campus universitaire par une journ\u00e9e ensoleill\u00e9e. Au premier plan, un grand b\u00e2timent moderne \u00e0 la fa\u00e7ade rouge et blanche domine la vue, avec un immense parking bond\u00e9 juste devant. Le campus est tr\u00e8s verdoyant, avec de nombreux arbres et des parcelles de for\u00eat entrecoup\u00e9es entre les diff\u00e9rents b\u00e2timents universitaires. Au-del\u00e0 du b\u00e2timent central, on distingue d&#039;autres installations du campus, dont un terrain de sport et plusieurs autres b\u00e2timents \u00e0 plusieurs \u00e9tages aux styles architecturaux vari\u00e9s. La silhouette de la ville est visible au loin sur la gauche du cadre, sugg\u00e9rant que l&#039;universit\u00e9 est situ\u00e9e dans ou en p\u00e9riph\u00e9rie d&#039;une grande agglom\u00e9ration. Le ciel est d&#039;un bleu \u00e9clatant parsem\u00e9 de nuages \u200b\u200bblancs. L&#039;impression g\u00e9n\u00e9rale est celle d&#039;une grande institution bien \u00e9tablie, nich\u00e9e dans un paysage vallonn\u00e9 et luxuriant.\" \/>\t\t\t\t<div\n\t\t\tclass=\"group-data-[size=small]:w-[21rem] px-3 pt-3 pb-6 md:px-6 group-data-[size=small]:px-3 text-neutral-300 text-xs md:text-sm\">\n\t\t\t<figcaption title=\"Campus de Pampulha\" class=\"block line-clamp-4 md:line-clamp-3\">\n\t\t\t\tCampus de Pampulha\t\t\t<\/figcaption>\n\t\t\t<cite\n\t\t\t\tclass=\"relative block not-italic after:absolute after:left-0 after:right-0 after:-bottom-3 after:h-px after:bg-neutral-100\">\n\t\t\t\tFoca Lisboa | UFMG\t\t\t<\/cite>\n\t\t<\/div>\n\t<\/figure>\n\n\n\n<p>La communaut\u00e9 \u00e9tudiante de l\u2019UFMG rassemble environ 50 000 personnes dans les villes de Belo Horizonte et Montes Claros, r\u00e9parties dans 97 programmes de premier cycle, ainsi que 90 programmes d\u2019\u00e9tudes sup\u00e9rieures et plus de 700 groupes de recherche. Belo Horizonte, la capitale de l\u2019\u00c9tat de Minas Gerais, accueille la majorit\u00e9 des infrastructures de l\u2019UFMG sur le campus de Pampulha, o\u00f9 se trouvent les bureaux administratifs centraux et le plus grand nombre de b\u00e2timents.<\/p>\n\n\n\n<figure class=\"wp-block-embed is-type-video is-provider-youtube wp-block-embed-youtube wp-embed-aspect-16-9 wp-has-aspect-ratio\"><div class=\"wp-block-embed__wrapper\">\n<iframe loading=\"lazy\" title=\"Institutional UFMG - English\" width=\"640\" height=\"360\" src=\"https:\/\/www.youtube.com\/embed\/H7tGE6SOe48?feature=oembed\" frameborder=\"0\" allow=\"accelerometer; autoplay; clipboard-write; encrypted-media; gyroscope; picture-in-picture; web-share\" referrerpolicy=\"strict-origin-when-cross-origin\" allowfullscreen><\/iframe>\n<\/div><\/figure>\n\n\n\n<h2 class=\"wp-block-heading\">Cours<\/h2>\n\n\n\n<p>Selon le syst\u00e8me br\u00e9silien, l\u2019enseignement sup\u00e9rieur est divis\u00e9 en :<\/p>\n\n\n\n<div class=\"wp-block-ufmg-details-group\"><?xml encoding=\"utf-8\"?><details class=\"group\/accordion\"><summary class=\"flex gap-4 items-center bg-neutral-50 border-x border-t group-last-of-type\/accordion:border-b border-neutral-200 group-open\/accordion:border-primary-300 group-open\/accordion:bg-primary-300 p-3 group-[&amp;:first-of-type]\/accordion:rounded-t group-[&amp;:last-of-type]\/accordion:rounded-b group-open\/accordion:[&amp;:last-of-type]:rounded-b-none text-neutral-600 group-open\/accordion:text-neutral-50 text-lg font-semibold [&amp;&gt;i]:text-[1.5rem] group-open\/accordion:[&amp;&gt;i]:text-neutral-50 [&amp;&gt;i]:text-primary-300 group-open\/accordion:[&amp;&gt;i]:-rotate-180 [&amp;&gt;i]:transition-transform transition-colors cursor-pointer\"><span class=\"grow\">Gradua&ccedil;&atilde;o (Dipl&ocirc;mes)<\/span><i class=\"ti ti-chevron-down\"><\/i><\/summary><div class=\"space-y-4 p-3 border-x group-[&amp;:last-of-type]\/accordion:border-b border-neutral-200 text-base text-neutral-400 group-[&amp;:last-of-type]\/accordion:rounded-bl group-[&amp;:last-of-type]\/accordion:rounded-br [&amp;_.wp-block-heading+p]:!mt-0\">\n<p>L&rsquo;enseignement de premier cycle constitue la premi&egrave;re &eacute;tape de l&rsquo;&eacute;ducation sup&eacute;rieure, offrant une formation professionnelle et des connaissances aux &eacute;tudiants dans divers domaines. Ces formations durent g&eacute;n&eacute;ralement de 8 &agrave; 12 semestres.<\/p>\n\n\n\n<p><\/p>\n\n\n\n<p>Pour consulter les programmes de premier cycle disponibles &agrave; l&rsquo;UFMG, veuillez <a href=\"http:\/\/150.164.63.212:9000\/portal-novo-test\/cursos\/estude-na-ufmg\/graduacao\/\">cliquer ici<\/a>.<\/p>\n\n\n\n<p><\/p>\n\n\n\n<p>Pour obtenir davantage d&rsquo;informations sur les programmes d&rsquo;&eacute;change &agrave; l&#8217;&eacute;chelle de premier cycle &agrave; l&rsquo;UFMG, veuillez <a href=\"https:\/\/www.ufmg.br\/dri\/en\/study-at-ufmg-undergraduate-level\/\">cliquer ici<\/a>.<\/p>\n\n\n\n<p><\/p>\n<\/div><\/details>\n\n\n<?xml encoding=\"utf-8\"?><details class=\"group\/accordion\"><summary class=\"flex gap-4 items-center bg-neutral-50 border-x border-t group-last-of-type\/accordion:border-b border-neutral-200 group-open\/accordion:border-primary-300 group-open\/accordion:bg-primary-300 p-3 group-[&amp;:first-of-type]\/accordion:rounded-t group-[&amp;:last-of-type]\/accordion:rounded-b group-open\/accordion:[&amp;:last-of-type]:rounded-b-none text-neutral-600 group-open\/accordion:text-neutral-50 text-lg font-semibold [&amp;&gt;i]:text-[1.5rem] group-open\/accordion:[&amp;&gt;i]:text-neutral-50 [&amp;&gt;i]:text-primary-300 group-open\/accordion:[&amp;&gt;i]:-rotate-180 [&amp;&gt;i]:transition-transform transition-colors cursor-pointer\"><span class=\"grow\">P&oacute;s-gradua&ccedil;&atilde;o (&Eacute;tudes sup&eacute;rieures)<\/span><i class=\"ti ti-chevron-down\"><\/i><\/summary><div class=\"space-y-4 p-3 border-x group-[&amp;:last-of-type]\/accordion:border-b border-neutral-200 text-base text-neutral-400 group-[&amp;:last-of-type]\/accordion:rounded-bl group-[&amp;:last-of-type]\/accordion:rounded-br [&amp;_.wp-block-heading+p]:!mt-0\">\n<p>La formation de deuxi&egrave;me et troisi&egrave;me cycle d&eacute;signe des programmes d&rsquo;&eacute;tudes visant &agrave; approfondir des connaissances sp&eacute;cialis&eacute;es et en privil&eacute;giant la recherche. Ces formations diff&egrave;rent par leur dur&eacute;e et leur niveau de sp&eacute;cialisation. &Agrave; l&rsquo;UFMG, trois modalit&eacute;s sont disponibles : <a href=\"https:\/\/www.ufmg.br\/prpg\/especializacao\/\" target=\"_blank\" rel=\"noreferrer noopener\">Especializa&ccedil;&atilde;o<\/a> (Sp&eacute;cialisation), <a href=\"https:\/\/www.ufmg.br\/prpg\/mestrado-doutorado\/\" target=\"_blank\" rel=\"noreferrer noopener\">Mestrado<\/a> (Master) et <a href=\"https:\/\/www.ufmg.br\/prpg\/mestrado-doutorado\/\" target=\"_blank\" rel=\"noreferrer noopener\">Doutorado<\/a> (Doctorat).<\/p>\n<\/div><\/details>\n<\/div>\n\n\n\n<h2 class=\"wp-block-heading\">Direction des Relations Internationales de l\u2019UFMG<\/h2>\n\n\n\n<p>La Direction des Relations Internationales (DRI) de l\u2019UFMG est une entit\u00e9 consultative rattach\u00e9e \u00e0 l\u2019administration centrale de l\u2019universit\u00e9. Sa comp\u00e9tence consiste \u00e0 coordonner les actions institutionnelles dans le but de favoriser la coop\u00e9ration et l\u2019\u00e9change entre l\u2019UFMG et d\u2019autres institutions d\u2019enseignement sup\u00e9rieur, de recherche et de d\u00e9veloppement, situ\u00e9es dans diff\u00e9rents pays ou disposant d\u2019op\u00e9rations \u00e0 l&#8217;\u00e9tranger.<\/p>\n\n\n\n\n\t<figure data-size=\"medium\"\n\t\tclass=\"group space-y-2 data-[size=small]:w-[21rem] sm:data-[size=medium]:w-[40rem] lg:data-[size=small]:float-left lg:data-[size=small]:mr-8 mx-auto\">\n\t\t\t\t\t<img loading=\"lazy\" decoding=\"async\" width=\"640\" height=\"445\" src=\"http:\/\/150.164.63.212:9000\/portal-novo-test\/app\/uploads\/2025\/08\/26071955486_8a8ac34c93_o-640x445.jpg\" class=\"group-data-[size=small]:w-[21rem] group-data-[size=small]:h-[29.75rem] sm:group-data-[size=medium]:w-[40rem] sm:group-data-[size=small]:h-[27.8125rem] lg:group-data-[size=medium]:h-[27.8125rem] group-data-[size=large]:w-full group-data-[size=large]:h-[9.875rem] md:group-data-[size=large]:h-[27.8125rem] rounded object-fill\" alt=\"La photo montre un plan en contre-plong\u00e9e d&#039;un b\u00e2timent et de trois drapeaux sur fond de ciel bleu nuageux. Le drapeau national br\u00e9silien, vert, jaune et bleu, flotte au centre. \u00c0 sa gauche, un autre drapeau blanc avec un triangle rouge et l&#039;inscription \u00ab\u00a0LIBERTAS QUAE SERA TAMEN\u00a0\u00bb est visible. \u00c0 droite du drapeau br\u00e9silien, un troisi\u00e8me drapeau blanc, partiellement masqu\u00e9, arbore le sceau circulaire de l&#039;Universit\u00e9 f\u00e9d\u00e9rale du Minas Gerais (UFMG). Les drapeaux flottent sur des m\u00e2ts devant un b\u00e2timent moderne \u00e0 la fa\u00e7ade compos\u00e9e de panneaux rectangulaires bleus et gris, dont de nombreuses fen\u00eatres. Le b\u00e2timent semble \u00eatre un immeuble de bureaux ou un b\u00e2timent institutionnel de plusieurs \u00e9tages. Des branches d&#039;arbres sont visibles en bas de l&#039;image, sugg\u00e9rant un environnement de parc ou de campus. L&#039;\u00e9clairage est intense, signe d&#039;une journ\u00e9e ensoleill\u00e9e.\" \/>\t\t\t\t<div\n\t\t\tclass=\"group-data-[size=small]:w-[21rem] px-3 pt-3 pb-6 md:px-6 group-data-[size=small]:px-3 text-neutral-300 text-xs md:text-sm\">\n\t\t\t<figcaption title=\"Drapeaux ondul\u00e9s devant le b\u00e2timent administratif principal.\" class=\"block line-clamp-4 md:line-clamp-3\">\n\t\t\t\tDrapeaux ondul\u00e9s devant le b\u00e2timent administratif principal.\t\t\t<\/figcaption>\n\t\t\t<cite\n\t\t\t\tclass=\"relative block not-italic after:absolute after:left-0 after:right-0 after:-bottom-3 after:h-px after:bg-neutral-100\">\n\t\t\t\tCollection\t\t\t<\/cite>\n\t\t<\/div>\n\t<\/figure>\n\n\n\n<p>La DRI a \u00e9labor\u00e9 des guides pour aider les \u00e9tudiants et les visiteurs internationaux qui arrivent \u00e0 l\u2019UFMG. Veuillez les consulter ci-dessous :<\/p>\n\n\n<?xml encoding=\"utf-8\"?><ul class=\"wp-block-ufmg-hub-links [&amp;&gt;li_a]:flex [&amp;&gt;li_a]:items-center [&amp;&gt;li_a]:justify-between [&amp;&gt;li_a]:bg-neutral-50 [&amp;&gt;li_a]:px-4 [&amp;&gt;li_a]:py-3 md:[&amp;&gt;li_a]:py-5 [&amp;&gt;li_a]:border-b [&amp;&gt;li_a]:border-b-neutral-200 [&amp;&gt;li_a]:text-primary-300 [&amp;&gt;li_a]:text-base md:[&amp;&gt;li_a]:text-lg [&amp;&gt;li_a]:font-lexend [&amp;&gt;li_a]:font-medium [&amp;&gt;li_a]:transition-colors [&amp;&gt;li_a&gt;i]:text-[1rem] md:[&amp;&gt;li_a&gt;i]:text-[1.5rem] hover:[&amp;&gt;li_a]:bg-neutral-100 hover:[&amp;&gt;li_a]:border-b-primary-300\"><li class=\" wp-block-navigation-item wp-block-navigation-link\"><a class=\"wp-block-navigation-item__content\" href=\"https:\/\/www.ufmg.br\/dri\/wp-content\/uploads\/2025\/06\/ufmg_en_pt_es.pdf\" target=\"_blank\"><span class=\"wp-block-navigation-item__label\">Prospectus de Pr&eacute;sentation Trilingue<\/span><i class=\"ti ti-chevron-right\"><\/i><\/a><\/li>\n\n<li class=\" wp-block-navigation-item wp-block-navigation-link\"><a class=\"wp-block-navigation-item__content\" href=\"http:\/\/www.ufmg.br\/dri\/wp-content\/uploads\/2025\/02\/student_guide_en.pdf\" target=\"_blank\"><span class=\"wp-block-navigation-item__label\">Guide de l&rsquo;&eacute;tudiant international (version en anglais)<\/span><i class=\"ti ti-chevron-right\"><\/i><\/a><\/li>\n\n<li class=\" wp-block-navigation-item wp-block-navigation-link\"><a class=\"wp-block-navigation-item__content\" href=\"http:\/\/www.ufmg.br\/dri\/wp-content\/uploads\/2024\/01\/Guia-do-Estudante.pdf\" target=\"_blank\"><span class=\"wp-block-navigation-item__label\">Guide de l&rsquo;&eacute;tudiant international (version en portugais)<\/span><i class=\"ti ti-chevron-right\"><\/i><\/a><\/li>\n\n<li class=\" wp-block-navigation-item wp-block-navigation-link\"><a class=\"wp-block-navigation-item__content\" href=\"https:\/\/www.ufmg.br\/dri\/en\/international-academic-mobility\/\" target=\"_blank\"><span class=\"wp-block-navigation-item__label\">Candidature et Demande<\/span><i class=\"ti ti-chevron-right\"><\/i><\/a><\/li>\n\n<li class=\" wp-block-navigation-item wp-block-navigation-link\"><a class=\"wp-block-navigation-item__content\" href=\"https:\/\/www.ufmg.br\/dri\/en\/registration-and-enrollment\/\" target=\"_blank\"><span class=\"wp-block-navigation-item__label\">Inscription et Enregistrement<\/span><i class=\"ti ti-chevron-right\"><\/i><\/a><\/li>\n\n<li class=\" wp-block-navigation-item wp-block-navigation-link\"><a class=\"wp-block-navigation-item__content\" href=\"https:\/\/www.ufmg.br\/dri\/atividades-de-acolhimento\/\" target=\"_blank\"><span class=\"wp-block-navigation-item__label\">Documents li&eacute;s &agrave; la mobilit&eacute; acad&eacute;mique, services de l&rsquo;UFMG et guides de Belo Horizonte<\/span><i class=\"ti ti-chevron-right\"><\/i><\/a><\/li>\n\n<li class=\" wp-block-navigation-item wp-block-navigation-link\"><a class=\"wp-block-navigation-item__content\" href=\"https:\/\/www.ufmg.br\/dri\/en\/\" target=\"_blank\"><span class=\"wp-block-navigation-item__label\">Plus d&rsquo;informations et contacts<\/span><i class=\"ti ti-chevron-right\"><\/i><\/a><\/li><\/ul>\n\n\n\n<p><br><\/p>\n","protected":false},"excerpt":{"rendered":"<p>Situ\u00e9e dans la r\u00e9gion sud-est du Br\u00e9sil, l\u2019Universit\u00e9 F\u00e9d\u00e9rale de Minas Gerais (UFMG) est une institution \u00e9ducative publique et la plus ancienne universit\u00e9 de l\u2019\u00c9tat de Minas Gerais. Depuis sa fondation en 1927, ses \u00e9tudiants exercent une grande influence sur les domaines culturel, politique et \u00e9conomique de la soci\u00e9t\u00e9. L\u2019UFMG est une institution de r\u00e9f\u00e9rence [&hellip;]<\/p>\n","protected":false},"author":1,"featured_media":0,"parent":7225,"menu_order":0,"comment_status":"closed","ping_status":"closed","template":"","meta":{"_acf_changed":false,"footnotes":""},"class_list":["post-9449","page","type-page","status-publish","hentry"],"acf":[],"_links":{"self":[{"href":"http:\/\/150.164.63.212:9000\/portal-novo-test\/wp-json\/wp\/v2\/pages\/9449","targetHints":{"allow":["GET"]}}],"collection":[{"href":"http:\/\/150.164.63.212:9000\/portal-novo-test\/wp-json\/wp\/v2\/pages"}],"about":[{"href":"http:\/\/150.164.63.212:9000\/portal-novo-test\/wp-json\/wp\/v2\/types\/page"}],"author":[{"embeddable":true,"href":"http:\/\/150.164.63.212:9000\/portal-novo-test\/wp-json\/wp\/v2\/users\/1"}],"replies":[{"embeddable":true,"href":"http:\/\/150.164.63.212:9000\/portal-novo-test\/wp-json\/wp\/v2\/comments?post=9449"}],"version-history":[{"count":0,"href":"http:\/\/150.164.63.212:9000\/portal-novo-test\/wp-json\/wp\/v2\/pages\/9449\/revisions"}],"up":[{"embeddable":true,"href":"http:\/\/150.164.63.212:9000\/portal-novo-test\/wp-json\/wp\/v2\/pages\/7225"}],"wp:attachment":[{"href":"http:\/\/150.164.63.212:9000\/portal-novo-test\/wp-json\/wp\/v2\/media?parent=9449"}],"curies":[{"name":"wp","href":"https:\/\/api.w.org\/{rel}","templated":true}]}}